{"id":36159,"date":"2024-05-28T10:37:50","date_gmt":"2024-05-28T10:37:50","guid":{"rendered":"https:\/\/nevenacolor.co.rs\/proizvod\/cool-nitro-alapozo-alapfestek-fara\/"},"modified":"2025-05-02T14:12:56","modified_gmt":"2025-05-02T14:12:56","slug":"cool-nitro-alapozo-alapfestek-fara","status":"publish","type":"product","link":"https:\/\/nevenacolor.co.rs\/hu\/term\u00e9k\/cool-nitro-alapozo-alapfestek-fara\/","title":{"rendered":"Cool nitro alapoz\u00f3 alapfest\u00e9k f\u00e1ra"},"content":{"rendered":"<h3><strong>\u00c1LTAL\u00c1NOS ADATOK \u00c9S RENDELTET\u00c9S<\/strong><\/h3>\n<p class=\"p1\">A Cool nitro alapoz\u00f3 fest\u00e9k fa sz\u00e1m\u00e1ra (GRUND) egykomponens\u0171 alapoz\u00f3 bevonat, amely nitrocellul\u00f3z, szintetikus gyant\u00e1k, t\u00f6lt\u0151anyagok \u00e9s pigmentek megfelel\u0151 kombin\u00e1ci\u00f3j\u00e1n alapul. Jellemz\u0151i a gyors sz\u00e1rad\u00e1s, j\u00f3 tapad\u00e1s, kem\u00e9nys\u00e9g, rugalmass\u00e1g \u00e9s k\u00f6nnyen csiszolhat\u00f3. Fa \u00e9s fa elemek alapoz\u00e1s\u00e1ra haszn\u00e1lhat\u00f3.<\/p>\n<h3><strong>ALKALMAZ\u00c1SI \u00daTMUTAT\u00d3<\/strong><\/h3>\n<p class=\"p1\">Fa fel\u00fcletek alapoz\u00e1s\u00e1ra szolg\u00e1l, mint alapr\u00e9teg nitro zom\u00e1nc, poliuret\u00e1n \u00e9s egy\u00e9b bevonatok felvitel\u00e9re. A fel\u00fcletnek sz\u00e1raznak, tiszt\u00e1nak, zs\u00edrmentesnek \u00e9s csiszoltnak kell lennie, amikor alkalmazz\u00e1k. Haszn\u00e1lat el\u0151tt alaposan fel kell keverni. A fest\u00e9k h\u00edg\u00edt\u00e1s\u00e1hoz \u00e9s az eszk\u00f6z\u00f6k tiszt\u00edt\u00e1s\u00e1hoz nitro h\u00edg\u00edt\u00f3t kell haszn\u00e1lni.<\/p>\n<h3><strong>FELHASZN\u00c1L\u00c1S<\/strong><\/h3>\n<p class=\"p1\">6-8 m\u00b2\/kg<\/p>\n<h3><strong>CSOMAGOL\u00c1S<\/strong><\/h3>\n<p class=\"p1\">0.9 kg, 3.5 kg, 25 kg<\/p>\n<h3><strong>FELHASZN\u00c1LHAT\u00d3S\u00c1GI ID\u0150 \u00c9S T\u00c1ROL\u00c1S<\/strong><\/h3>\n<p class=\"p1\">36 h\u00f3nap a csomagol\u00e1son felt\u00fcntetett d\u00e1tumt\u00f3l. T\u00e1rolja az eredeti, j\u00f3l lez\u00e1rt \u00e9s s\u00e9rtetlen gy\u00e1ri csomagol\u00e1sban, +5\u00baC \u00e9s +25\u00baC k\u00f6z\u00f6tti h\u0151m\u00e9rs\u00e9kleten.<\/p>\n<h3><strong>DOKUMENT\u00c1CI\u00d3<\/strong><\/h3>\n<div class=\"dokumentacija\">\n<p><a class=\"dugmeproizvod\" href=\"https:\/\/nevenacolor.co.rs\/wp-content\/uploads\/2024\/11\/Tehnicka-dokumentacija-nitro-grund.pdf\" target=\"_blank\" rel=\"noopener\">M\u0170SZAKI ADATLAP<\/a><\/p>\n<p><a class=\"dugmeproizvod\" href=\"https:\/\/nevenacolor.co.rs\/wp-content\/uploads\/2024\/11\/Bezbedonosni-list-nitro-grund.pdf\" target=\"_blank\" rel=\"noopener\">BIZTONS\u00c1GI ADATLAP<\/a><\/p>\n<\/div>\n<p>&nbsp;<\/p>\n<p><iframe loading=\"lazy\" title=\"YouTube video player\" src=\"https:\/\/www.youtube.com\/embed\/pMJUKnWVNP8?si=Q19AkbVxtclNKJZs\" width=\"560\" height=\"415\" frameborder=\"0\" allowfullscreen=\"allowfullscreen\"><\/iframe><\/p>\n","protected":false},"excerpt":{"rendered":"<p>\u00c1LTAL\u00c1NOS ADATOK \u00c9S RENDELTET\u00c9S A Cool nitro alapoz\u00f3 fest\u00e9k fa sz\u00e1m\u00e1ra (GRUND) egykomponens\u0171 alapoz\u00f3 bevonat, amely nitrocellul\u00f3z, szintetikus gyant\u00e1k, t\u00f6lt\u0151anyagok<\/p>\n","protected":false},"featured_media":35606,"template":"","meta":{"_monsterinsights_skip_tracking":false,"_monsterinsights_sitenote_active":false,"_monsterinsights_sitenote_note":"","_monsterinsights_sitenote_category":0},"product_brand":[],"product_cat":[379,346,380],"product_tag":[],"class_list":{"0":"post-36159","1":"product","2":"type-product","3":"status-publish","4":"has-post-thumbnail","6":"product_cat-alapveto-favedelem","7":"product_cat-fa-bevonatok","8":"product_cat-nitro-bevonat-hu-5","10":"first","11":"instock","12":"shipping-taxable","13":"product-type-simple"},"_links":{"self":[{"href":"https:\/\/nevenacolor.co.rs\/hu\/wp-json\/wp\/v2\/product\/36159","targetHints":{"allow":["GET"]}}],"collection":[{"href":"https:\/\/nevenacolor.co.rs\/hu\/wp-json\/wp\/v2\/product"}],"about":[{"href":"https:\/\/nevenacolor.co.rs\/hu\/wp-json\/wp\/v2\/types\/product"}],"version-history":[{"count":1,"href":"https:\/\/nevenacolor.co.rs\/hu\/wp-json\/wp\/v2\/product\/36159\/revisions"}],"predecessor-version":[{"id":36336,"href":"https:\/\/nevenacolor.co.rs\/hu\/wp-json\/wp\/v2\/product\/36159\/revisions\/36336"}],"wp:featuredmedia":[{"embeddable":true,"href":"https:\/\/nevenacolor.co.rs\/hu\/wp-json\/wp\/v2\/media\/35606"}],"wp:attachment":[{"href":"https:\/\/nevenacolor.co.rs\/hu\/wp-json\/wp\/v2\/media?parent=36159"}],"wp:term":[{"taxonomy":"product_brand","embeddable":true,"href":"https:\/\/nevenacolor.co.rs\/hu\/wp-json\/wp\/v2\/product_brand?post=36159"},{"taxonomy":"product_cat","embeddable":true,"href":"https:\/\/nevenacolor.co.rs\/hu\/wp-json\/wp\/v2\/product_cat?post=36159"},{"taxonomy":"product_tag","embeddable":true,"href":"https:\/\/nevenacolor.co.rs\/hu\/wp-json\/wp\/v2\/product_tag?post=36159"}],"curies":[{"name":"wp","href":"https:\/\/api.w.org\/{rel}","templated":true}]}}