{"id":36160,"date":"2024-05-28T10:36:38","date_gmt":"2024-05-28T10:36:38","guid":{"rendered":"https:\/\/nevenacolor.co.rs\/proizvod\/cool-professzionalis-olajfestek-fara\/"},"modified":"2025-05-02T13:08:18","modified_gmt":"2025-05-02T13:08:18","slug":"cool-professzionalis-olajfestek-fara","status":"publish","type":"product","link":"https:\/\/nevenacolor.co.rs\/hu\/term\u00e9k\/cool-professzionalis-olajfestek-fara\/","title":{"rendered":"Cool professzion\u00e1lis olajfest\u00e9k f\u00e1ra"},"content":{"rendered":"<h3><strong>\u00c1LTAL\u00c1NOS ADATOK \u00c9S RENDELTET\u00c9S<\/strong><\/h3>\n<p class=\"p1\">Cool Professional olajfest\u00e9k fa sz\u00e1m\u00e1ra egykomponens\u0171 bevon\u00f3 anyag, amely magas min\u0151s\u00e9g\u0171 alkid k\u00f6t\u0151anyagra, pigmentekre, t\u00f6lt\u0151anyagokra, adal\u00e9kanyagokra \u00e9s old\u00f3szerekre \u00e9p\u00fcl. A Cool Professional olajfest\u00e9k fa sz\u00e1m\u00e1ra alapoz\u00f3k\u00e9nt haszn\u00e1lhat\u00f3 fa fel\u00fcleteken a v\u00e9gs\u0151 r\u00e9teg Cool email lakk felhord\u00e1sa el\u0151tt. Kiv\u00e1l\u00f3 fedetts\u00e9ggel, tapad\u00e1ssal \u00e9s kem\u00e9nys\u00e9ggel rendelkezik. J\u00f3l csiszolhat\u00f3.<\/p>\n<h3><strong>ALKALMAZ\u00c1SI \u00daTMUTAT\u00d3<\/strong><\/h3>\n<p class=\"p1\">Haszn\u00e1lat el\u0151tt j\u00f3l keverj\u00fck \u00f6ssze. A felhordand\u00f3 fel\u00fcletnek sz\u00e1raznak, zs\u00edr- \u00e9s egy\u00e9b szennyez\u0151d\u00e9sekt\u0151l mentesnek kell lennie. Felhord\u00e1sa ecsettel, hengerrel, sz\u00f3r\u00e1ssal vagy m\u00e1rt\u00e1ssal egy vagy k\u00e9t r\u00e9tegben t\u00f6rt\u00e9nik. A v\u00e9gs\u0151 bevonat felhord\u00e1sa el\u0151tt csiszolni kell. A m\u00e1sodik r\u00e9teget 12 \u00f3ra eltelt\u00e9vel alkalmazzuk. A hideg olajh\u00edg\u00edt\u00f3t szersz\u00e1mok h\u00edg\u00edt\u00e1s\u00e1hoz \u00e9s mos\u00e1s\u00e1hoz haszn\u00e1lj\u00e1k.<\/p>\n<h3><strong>FELHASZN\u00c1L\u00c1S<\/strong><\/h3>\n<p class=\"p1\">K\u00f6r\u00fclbel\u00fcl 6-8 m\u00b2 ter\u00fcletet lehet egy r\u00e9tegben 1 kg fest\u00e9kkel bevonni.<\/p>\n<h3><strong>CSOMAGOL\u00c1S<\/strong><\/h3>\n<p class=\"p1\">0,9 l, 3,5 l \u00e9s 25 l<\/p>\n<h3><strong>FELHASZN\u00c1LHAT\u00d3S\u00c1GI ID\u0150 \u00c9S T\u00c1ROL\u00c1S<\/strong><\/h3>\n<p class=\"p1\">36 h\u00f3nap a csomagol\u00e1son felt\u00fcntetett d\u00e1tumt\u00f3l. T\u00e1rolja az eredeti, j\u00f3l lez\u00e1rt \u00e9s s\u00e9rtetlen gy\u00e1ri csomagol\u00e1sban, +5\u00baC \u00e9s +25\u00baC k\u00f6z\u00f6tti h\u0151m\u00e9rs\u00e9kleten.<\/p>\n<h3><strong>DOKUMENT\u00c1CI\u00d3<\/strong><\/h3>\n<div class=\"dokumentacija\">\n<p><a class=\"dugmeproizvod\" href=\"https:\/\/nevenacolor.co.rs\/wp-content\/uploads\/2024\/11\/Tehnicka-dokumentacija-akrilna-uljana-1.pdf\" target=\"_blank\" rel=\"noopener\">M\u0170SZAKI ADATLAP<\/a><\/p>\n<p><a class=\"dugmeproizvod\" href=\"https:\/\/nevenacolor.co.rs\/wp-content\/uploads\/2024\/11\/Bezbedonosni-list-akrilna-uljana-1.pdf\" target=\"_blank\" rel=\"noopener\">BIZTONS\u00c1GI ADATLAP<\/a><\/p>\n<\/div>\n<p>&nbsp;<\/p>\n<p><iframe loading=\"lazy\" title=\"YouTube video player\" src=\"https:\/\/www.youtube.com\/embed\/pX25fwFHLn4?si=kA587etjAnX18Ipb\" width=\"560\" height=\"415\" frameborder=\"0\" allowfullscreen=\"allowfullscreen\"><span data-mce-type=\"bookmark\" style=\"display: inline-block; width: 0px; overflow: hidden; line-height: 0;\" class=\"mce_SELRES_start\"><\/span><\/iframe><\/p>\n","protected":false},"excerpt":{"rendered":"<p>\u00c1LTAL\u00c1NOS ADATOK \u00c9S RENDELTET\u00c9S Cool Professional olajfest\u00e9k fa sz\u00e1m\u00e1ra egykomponens\u0171 bevon\u00f3 anyag, amely magas min\u0151s\u00e9g\u0171 alkid k\u00f6t\u0151anyagra, pigmentekre, t\u00f6lt\u0151anyagokra, adal\u00e9kanyagokra<\/p>\n","protected":false},"featured_media":35616,"template":"","meta":{"_monsterinsights_skip_tracking":false,"_monsterinsights_sitenote_active":false,"_monsterinsights_sitenote_note":"","_monsterinsights_sitenote_category":0},"product_brand":[],"product_cat":[379,346,372],"product_tag":[],"class_list":{"0":"post-36160","1":"product","2":"type-product","3":"status-publish","4":"has-post-thumbnail","6":"product_cat-alapveto-favedelem","7":"product_cat-fa-bevonatok","8":"product_cat-olajalapu-alkid-bevonat-hu-3","10":"first","11":"instock","12":"shipping-taxable","13":"product-type-simple"},"_links":{"self":[{"href":"https:\/\/nevenacolor.co.rs\/hu\/wp-json\/wp\/v2\/product\/36160","targetHints":{"allow":["GET"]}}],"collection":[{"href":"https:\/\/nevenacolor.co.rs\/hu\/wp-json\/wp\/v2\/product"}],"about":[{"href":"https:\/\/nevenacolor.co.rs\/hu\/wp-json\/wp\/v2\/types\/product"}],"version-history":[{"count":1,"href":"https:\/\/nevenacolor.co.rs\/hu\/wp-json\/wp\/v2\/product\/36160\/revisions"}],"predecessor-version":[{"id":36268,"href":"https:\/\/nevenacolor.co.rs\/hu\/wp-json\/wp\/v2\/product\/36160\/revisions\/36268"}],"wp:featuredmedia":[{"embeddable":true,"href":"https:\/\/nevenacolor.co.rs\/hu\/wp-json\/wp\/v2\/media\/35616"}],"wp:attachment":[{"href":"https:\/\/nevenacolor.co.rs\/hu\/wp-json\/wp\/v2\/media?parent=36160"}],"wp:term":[{"taxonomy":"product_brand","embeddable":true,"href":"https:\/\/nevenacolor.co.rs\/hu\/wp-json\/wp\/v2\/product_brand?post=36160"},{"taxonomy":"product_cat","embeddable":true,"href":"https:\/\/nevenacolor.co.rs\/hu\/wp-json\/wp\/v2\/product_cat?post=36160"},{"taxonomy":"product_tag","embeddable":true,"href":"https:\/\/nevenacolor.co.rs\/hu\/wp-json\/wp\/v2\/product_tag?post=36160"}],"curies":[{"name":"wp","href":"https:\/\/api.w.org\/{rel}","templated":true}]}}