{"id":36162,"date":"2024-05-28T10:09:11","date_gmt":"2024-05-28T10:09:11","guid":{"rendered":"https:\/\/nevenacolor.co.rs\/proizvod\/cool-akril-kolak\/"},"modified":"2025-05-02T13:01:57","modified_gmt":"2025-05-02T13:01:57","slug":"cool-akril-kolak","status":"publish","type":"product","link":"https:\/\/nevenacolor.co.rs\/hu\/term\u00e9k\/cool-akril-kolak\/","title":{"rendered":"COOL AKRIL K\u0150LAK"},"content":{"rendered":"<h3><strong>\u00c1LTAL\u00c1NOS ADATOK \u00c9S RENDELTET\u00c9S<\/strong><\/h3>\n<p>Akril bevonat term\u00e9szetes \u00e9s m\u0171k\u00f6vek, homlokzati t\u00e9gl\u00e1k, csemp\u00e9k stb. v\u00e9delm\u00e9re. Bel- \u00e9s k\u00fclt\u00e9ri haszn\u00e1latra haszn\u00e1lj\u00e1k.<\/p>\n<h3><strong>ALKALMAZ\u00c1SI \u00daTMUTAT\u00d3<\/strong><\/h3>\n<p>Ecsettel, hengerrel vagy pisztollyal hordjuk fel k\u00e9t r\u00e9tegben. Sz\u00e1r\u00edt\u00e1s 30 percig \u00e9s a k\u00f6vetkez\u0151 r\u00e9teg felhord\u00e1sa 2 \u00f3ra m\u00falva.<\/p>\n<h3><strong>FELHASZN\u00c1L\u00c1S<\/strong><\/h3>\n<p>4-6 m\u00b2 egy r\u00e9tegben.<\/p>\n<h3><strong>CSOMAGOL\u00c1S<\/strong><\/h3>\n<p>0,75 l, 10 l \u00e9s 20 l<\/p>\n<h3><strong>FELHASZN\u00c1LHAT\u00d3S\u00c1GI ID\u0150 \u00c9S T\u00c1ROL\u00c1S<\/strong><\/h3>\n<p>Eredeti csomagol\u00e1sban 36 h\u00f3nap. 5\u00b0C \u00e9s 25\u00b0C k\u00f6z\u00f6tti h\u0151m\u00e9rs\u00e9kleten t\u00e1roland\u00f3.<\/p>\n<h3><strong>DOKUMENT\u00c1CI\u00d3<\/strong><\/h3>\n<div class=\"dokumentacija\">\n<p><a class=\"dugmeproizvod\" href=\"https:\/\/nevenacolor.co.rs\/wp-content\/uploads\/2024\/12\/Tehnicka-dokumentacija-COOL-AKRILNI-LAK-ZA-KAMEN.pdf\" target=\"_blank\" rel=\"noopener\">M\u0170SZAKI ADATLAP<\/a><\/p>\n<p><a class=\"dugmeproizvod\" href=\"https:\/\/nevenacolor.co.rs\/wp-content\/uploads\/2024\/12\/Bezbedonosni-list-COOL-AKRILNI-LAK-ZA-KAMEN.pdf\" target=\"_blank\" rel=\"noopener\">BIZTONS\u00c1GI ADATLAP<\/a><\/p>\n<\/div>\n<p>&nbsp;<\/p>\n<p><iframe loading=\"lazy\" title=\"YouTube video player\" src=\"https:\/\/www.youtube.com\/embed\/Mxonqd58YQ0?si=66Aq2L_npMcFoqM0\" width=\"560\" height=\"315\" frameborder=\"0\" allowfullscreen=\"allowfullscreen\"><\/iframe><\/p>\n","protected":false},"excerpt":{"rendered":"<p>\u00c1LTAL\u00c1NOS ADATOK \u00c9S RENDELTET\u00c9S Akril bevonat term\u00e9szetes \u00e9s m\u0171k\u00f6vek, homlokzati t\u00e9gl\u00e1k, csemp\u00e9k stb. v\u00e9delm\u00e9re. Bel- \u00e9s k\u00fclt\u00e9ri haszn\u00e1latra haszn\u00e1lj\u00e1k. ALKALMAZ\u00c1SI<\/p>\n","protected":false},"featured_media":35874,"template":"","meta":{"_monsterinsights_skip_tracking":false,"_monsterinsights_sitenote_active":false,"_monsterinsights_sitenote_note":"","_monsterinsights_sitenote_category":0},"product_brand":[],"product_cat":[334,331,335],"product_tag":[],"class_list":{"0":"post-36162","1":"product","2":"type-product","3":"status-publish","4":"has-post-thumbnail","6":"product_cat-betonfestek","7":"product_cat-epitoipari-bevonatok","8":"product_cat-oldoszer-alapu-akrilfestek","10":"first","11":"instock","12":"shipping-taxable","13":"product-type-simple"},"_links":{"self":[{"href":"https:\/\/nevenacolor.co.rs\/hu\/wp-json\/wp\/v2\/product\/36162","targetHints":{"allow":["GET"]}}],"collection":[{"href":"https:\/\/nevenacolor.co.rs\/hu\/wp-json\/wp\/v2\/product"}],"about":[{"href":"https:\/\/nevenacolor.co.rs\/hu\/wp-json\/wp\/v2\/types\/product"}],"version-history":[{"count":1,"href":"https:\/\/nevenacolor.co.rs\/hu\/wp-json\/wp\/v2\/product\/36162\/revisions"}],"predecessor-version":[{"id":36257,"href":"https:\/\/nevenacolor.co.rs\/hu\/wp-json\/wp\/v2\/product\/36162\/revisions\/36257"}],"wp:featuredmedia":[{"embeddable":true,"href":"https:\/\/nevenacolor.co.rs\/hu\/wp-json\/wp\/v2\/media\/35874"}],"wp:attachment":[{"href":"https:\/\/nevenacolor.co.rs\/hu\/wp-json\/wp\/v2\/media?parent=36162"}],"wp:term":[{"taxonomy":"product_brand","embeddable":true,"href":"https:\/\/nevenacolor.co.rs\/hu\/wp-json\/wp\/v2\/product_brand?post=36162"},{"taxonomy":"product_cat","embeddable":true,"href":"https:\/\/nevenacolor.co.rs\/hu\/wp-json\/wp\/v2\/product_cat?post=36162"},{"taxonomy":"product_tag","embeddable":true,"href":"https:\/\/nevenacolor.co.rs\/hu\/wp-json\/wp\/v2\/product_tag?post=36162"}],"curies":[{"name":"wp","href":"https:\/\/api.w.org\/{rel}","templated":true}]}}