{"id":36163,"date":"2024-05-21T14:46:45","date_gmt":"2024-05-21T14:46:45","guid":{"rendered":"https:\/\/nevenacolor.co.rs\/proizvod\/cool-pol-2\/"},"modified":"2025-05-02T12:57:48","modified_gmt":"2025-05-02T12:57:48","slug":"cool-pol-2","status":"publish","type":"product","link":"https:\/\/nevenacolor.co.rs\/hu\/term\u00e9k\/cool-pol-2\/","title":{"rendered":"COOL POL"},"content":{"rendered":"<h3><strong>\u00c1LTAL\u00c1NOS ADATOK \u00c9S RENDELTET\u00c9S<\/strong><\/h3>\n<p>A COOL POL egy k\u00f6rnyezetbar\u00e1t fest\u00e9k bels\u0151 falfel\u00fcletekre. Bels\u0151 falfel\u00fcletek \u00e9s mennyezetek dekorat\u00edv v\u00e9delm\u00e9re szolg\u00e1l. Kiv\u00e9teles feh\u00e9rs\u00e9g, magas fed\u00e9s \u00e9s p\u00e1ra\u00e1tereszt\u0151 k\u00e9pess\u00e9g jellemzi. Ellen\u00e1ll a sz\u00e1raz t\u00f6rl\u00e9snek. Alkalmas mindenf\u00e9le \u00e1sv\u00e1nyi, sz\u00e1raz \u00e9s kem\u00e9ny aljzatra, m\u00f3dos\u00edtott cementfel\u00fcletekre \u00e9s gipszkartonokra, diszperzi\u00f3s fest\u00e9kkel m\u00e1r festett falakra. A COOL POL sz\u00ednezhet\u0151 COOL koncentr\u00e1tum\u00fa tonerekkel a pasztell \u00e1rnyalatok el\u00e9r\u00e9se \u00e9rdek\u00e9ben.<\/p>\n<h3><strong>ALKALMAZ\u00c1SI \u00daTMUTAT\u00d3<\/strong><\/h3>\n<p>A COOL POL felhord\u00e1sa el\u0151tt t\u00e1vol\u00edtsa el a port, zs\u00edrt, v\u00edzben old\u00f3d\u00f3 s\u00f3kat, gyeng\u00e9n k\u00f6t\u00f6tt r\u00e9szeket \u00e9s egy\u00e9b elemeket, amelyek megkoron\u00e1zz\u00e1k \u00e9s leesnek a r\u00e9gi, s\u00e9r\u00fclt fel\u00fcletekr\u0151l (mechanikusan sz\u00e1razon vagy mos\u00e1ssal). Jav\u00edtson ki minden egyenetlens\u00e9get \u00e9s reped\u00e9st megfelel\u0151 anyaggal. Fest\u00e9s el\u0151tt a falakat a fel\u00fclet \u00e1llapot\u00e1t\u00f3l f\u00fcgg\u0151en impregn\u00e1lja COOL alappal. Ha sz\u00fcks\u00e9ges, k\u00e9t r\u00e9tegben hordjon fel COOL por\u00edtott fug\u00e1t, ha szebb megjelen\u00e9st szeretne a v\u00e9gleges sz\u00e1raz fest\u00e9kr\u00e9tegen. Az \u00faj falaknak teljesen sz\u00e1raznak \u00e9s pormentesnek kell lenni\u00fck. A COOL POL-t ecsettel, hengerrel vagy sz\u00f3r\u00e1ssal hordjuk fel, \u00e1ltal\u00e1ban k\u00e9t r\u00e9tegben. Ha sz\u00fcks\u00e9ges, h\u00edg\u00edtsuk 15-20%-os v\u00edzzel. H\u00edg\u00edt\u00e1s el\u0151tt alaposan keverje \u00f6ssze a v\u00f6d\u00f6r tartalm\u00e1t. 6 \u00f3ra eltelt\u00e9vel vigye fel a m\u00e1sodik r\u00e9teget a megsz\u00e1radt els\u0151 r\u00e9tegre. A k\u00edv\u00e1nt \u00e1rnyalatot a COOL POL \u00e9s a COOL koncentr\u00e1tum toner (pasztell t\u00f3nusok) \u00f6sszekever\u00e9s\u00e9vel \u00e9rj\u00fck el. Haszn\u00e1lat ut\u00e1n azonnal mossa le a szersz\u00e1mot v\u00edzzel.<\/p>\n<h3><strong>FELHASZN\u00c1L\u00c1S<\/strong><\/h3>\n<p>5-6 m <span class=\"s1\"><sup>2<\/sup><\/span>\/kg egy r\u00e9tegben<\/p>\n<h3><strong>CSOMAGOL\u00c1S<\/strong><\/h3>\n<p>1 kg \u00e9s 5 kg<\/p>\n<h3><strong>FELHASZN\u00c1LHAT\u00d3S\u00c1GI ID\u0150 \u00c9S T\u00c1ROL\u00c1S<\/strong><\/h3>\n<p>Eredeti, j\u00f3l lez\u00e1rt \u00e9s s\u00e9r\u00fcl\u00e9smentes csomagol\u00e1sban 18 h\u00f3napig, +5\u00baC \u00e9s +25\u00baC k\u00f6z\u00f6tti h\u0151m\u00e9rs\u00e9kleten, k\u00f6zvetlen napf\u00e9nyt\u0151l \u00e9s fagy\u00e1st\u00f3l v\u00e9dve t\u00e1roland\u00f3.<\/p>\n<h3><strong>DOKUMENT\u00c1CI\u00d3<\/strong><\/h3>\n<div class=\"dokumentacija\">\n<p><a class=\"dugmeproizvod\" href=\"https:\/\/nevenacolor.co.rs\/wp-content\/uploads\/2024\/10\/Tehnicka-dokumentacija-pol.pdf\" target=\"_blank\" rel=\"noopener\">M\u0170SZAKI ADATLAP<\/a><\/p>\n<p><a class=\"dugmeproizvod\" href=\"https:\/\/nevenacolor.co.rs\/wp-content\/uploads\/2024\/10\/Bezbedonosni-list-pol.pdf\" target=\"_blank\" rel=\"noopener\">BIZTONS\u00c1GI ADATLAP<\/a><\/p>\n<p>&nbsp;<\/p>\n<\/div>\n<p><iframe loading=\"lazy\" title=\"YouTube video player\" src=\"https:\/\/www.youtube.com\/embed\/aLGHvxoN0UA?si=csgSzVOysUjow3Bb\" width=\"560\" height=\"415\" frameborder=\"0\" allowfullscreen=\"allowfullscreen\"><\/iframe><\/p>\n","protected":false},"excerpt":{"rendered":"<p>\u00c1LTAL\u00c1NOS ADATOK \u00c9S RENDELTET\u00c9S A COOL POL egy k\u00f6rnyezetbar\u00e1t fest\u00e9k bels\u0151 falfel\u00fcletekre. Bels\u0151 falfel\u00fcletek \u00e9s mennyezetek dekorat\u00edv v\u00e9delm\u00e9re szolg\u00e1l. Kiv\u00e9teles<\/p>\n","protected":false},"featured_media":35822,"template":"","meta":{"_monsterinsights_skip_tracking":false,"_monsterinsights_sitenote_active":false,"_monsterinsights_sitenote_note":"","_monsterinsights_sitenote_category":0},"product_brand":[],"product_cat":[337,331],"product_tag":[],"class_list":{"0":"post-36163","1":"product","2":"type-product","3":"status-publish","4":"has-post-thumbnail","6":"product_cat-belteri-falfestek","7":"product_cat-epitoipari-bevonatok","9":"first","10":"instock","11":"shipping-taxable","12":"product-type-simple"},"_links":{"self":[{"href":"https:\/\/nevenacolor.co.rs\/hu\/wp-json\/wp\/v2\/product\/36163","targetHints":{"allow":["GET"]}}],"collection":[{"href":"https:\/\/nevenacolor.co.rs\/hu\/wp-json\/wp\/v2\/product"}],"about":[{"href":"https:\/\/nevenacolor.co.rs\/hu\/wp-json\/wp\/v2\/types\/product"}],"version-history":[{"count":1,"href":"https:\/\/nevenacolor.co.rs\/hu\/wp-json\/wp\/v2\/product\/36163\/revisions"}],"predecessor-version":[{"id":36248,"href":"https:\/\/nevenacolor.co.rs\/hu\/wp-json\/wp\/v2\/product\/36163\/revisions\/36248"}],"wp:featuredmedia":[{"embeddable":true,"href":"https:\/\/nevenacolor.co.rs\/hu\/wp-json\/wp\/v2\/media\/35822"}],"wp:attachment":[{"href":"https:\/\/nevenacolor.co.rs\/hu\/wp-json\/wp\/v2\/media?parent=36163"}],"wp:term":[{"taxonomy":"product_brand","embeddable":true,"href":"https:\/\/nevenacolor.co.rs\/hu\/wp-json\/wp\/v2\/product_brand?post=36163"},{"taxonomy":"product_cat","embeddable":true,"href":"https:\/\/nevenacolor.co.rs\/hu\/wp-json\/wp\/v2\/product_cat?post=36163"},{"taxonomy":"product_tag","embeddable":true,"href":"https:\/\/nevenacolor.co.rs\/hu\/wp-json\/wp\/v2\/product_tag?post=36163"}],"curies":[{"name":"wp","href":"https:\/\/api.w.org\/{rel}","templated":true}]}}