{"id":36165,"date":"2024-05-21T14:44:31","date_gmt":"2024-05-21T14:44:31","guid":{"rendered":"https:\/\/nevenacolor.co.rs\/proizvod\/cool-gold-2\/"},"modified":"2025-05-02T12:50:48","modified_gmt":"2025-05-02T12:50:48","slug":"cool-gold-2","status":"publish","type":"product","link":"https:\/\/nevenacolor.co.rs\/hu\/term\u00e9k\/cool-gold-2\/","title":{"rendered":"COOL GOLD"},"content":{"rendered":"<h3><strong>\u00c1LTAL\u00c1NOS ADATOK \u00c9S RENDELTET\u00c9S<\/strong><\/h3>\n<p>A COOL GOLD egy k\u00f6rnyezetbar\u00e1t, p\u00e1ra\u00e1tereszt\u0151, v\u00edzleperget\u0151 fest\u00e9k, melyre jellemz\u0151 a magas fed\u0151k\u00e9pess\u00e9g. Ellen\u00e1ll a nedves d\u00f6rzs\u00f6l\u00e9snek (SRPS EN 13300 : 2009). Lak\u00f3- \u00e9s kereskedelmi helyis\u00e9gek bels\u0151 falainak \u00e9s mennyezeteinek dekorat\u00edv v\u00e9delm\u00e9re haszn\u00e1lj\u00e1k.<\/p>\n<h3><strong>ALKALMAZ\u00c1SI \u00daTMUTAT\u00d3<\/strong><\/h3>\n<p>A COOL GOLD fest\u00e9k felhord\u00e1sa el\u0151tt a fel\u00fcleteknek szil\u00e1rdnak, sz\u00e1raznak \u00e9s port\u00f3l, olajt\u00f3l, zs\u00edrt\u00f3l \u00e9s egy\u00e9b szennyez\u0151d\u00e9sekt\u0151l mentesnek kell lenni\u00fck. A gy\u00e1rt\u00f3 aj\u00e1nl\u00e1sa szerint a COOL GOLD fest\u00e9k felhord\u00e1sa el\u0151tt impregn\u00e1lja a falakat COOL akril alappal. Felhord\u00e1sa hengerrel, ecsettel vagy sz\u00f3r\u00e1ssal t\u00f6rt\u00e9nik k\u00e9t r\u00e9tegben. Haszn\u00e1lat el\u0151tt a fest\u00e9ket legfeljebb 10%-os v\u00edzzel h\u00edg\u00edtsa fel. Vigye fel a m\u00e1sodik r\u00e9teget a megsz\u00e1radt els\u0151 r\u00e9tegre 4-6 \u00f3ra m\u00falva. A k\u00edv\u00e1nt \u00e1rnyalatot a COOL GOLD \u00e9s a COOL koncentr\u00e1tum vagy COOL toner (pasztell t\u00f3nusok) \u00f6sszekever\u00e9s\u00e9vel \u00e9rj\u00fck el. Haszn\u00e1lat ut\u00e1n azonnal mossa le a szersz\u00e1mot v\u00edzzel.<\/p>\n<h3><strong>FELHASZN\u00c1L\u00c1S<\/strong><\/h3>\n<p>170-200 ml\/m<span class=\"s1\"><sup>2<\/sup><\/span> k\u00e9t r\u00e9tegben, az aljzat porozit\u00e1s\u00e1t\u00f3l \u00e9s nedvsz\u00edv\u00f3 k\u00e9pess\u00e9g\u00e9t\u0151l f\u00fcgg\u0151en.<\/p>\n<h3><strong>CSOMAGOL\u00c1S<\/strong><\/h3>\n<p>3 kg, 8 kg, 15 kg \u00e9s 25 kg.<\/p>\n<h3><strong>FELHASZN\u00c1LHAT\u00d3S\u00c1GI ID\u0150 \u00c9S T\u00c1ROL\u00c1S<\/strong><\/h3>\n<p>A csomagol\u00e1son felt\u00fcntetett d\u00e1tumt\u00f3l sz\u00e1m\u00edtott 18 h\u00f3nap. Eredeti \u00e1llapotban tartand\u00f3, j\u00f3l lez\u00e1rt \u00e9s s\u00e9r\u00fcl\u00e9smentes gy\u00e1ri csomagol\u00e1sban, +5\u00baC \u00e9s +25\u00baC k\u00f6z\u00f6tti h\u0151m\u00e9rs\u00e9kleten t\u00e1roland\u00f3.<\/p>\n<h3><strong>DOKUMENT\u00c1CI\u00d3<\/strong><\/h3>\n<div class=\"dokumentacija\">\n<p><a class=\"dugmeproizvod\" href=\"https:\/\/nevenacolor.co.rs\/wp-content\/uploads\/2024\/10\/Tehnicka-dokumentacija-gold.pdf\" target=\"_blank\" rel=\"noopener\">M\u0170SZAKI ADATLAP<\/a><\/p>\n<p><a class=\"dugmeproizvod\" href=\"https:\/\/nevenacolor.co.rs\/wp-content\/uploads\/2024\/10\/Bezbedonosni-list-gold.pdf\" target=\"_blank\" rel=\"noopener\">BIZTONS\u00c1GI ADATLAP<\/a><\/p>\n<p>&nbsp;<\/p>\n<\/div>\n<p><iframe loading=\"lazy\" title=\"YouTube video player\" src=\"https:\/\/www.youtube.com\/embed\/SoGLH8t4jFs?si=tgi9OIVuoGK_ay2i\" width=\"560\" height=\"415\" frameborder=\"0\" allowfullscreen=\"allowfullscreen\"><\/iframe><\/p>\n","protected":false},"excerpt":{"rendered":"<p>\u00c1LTAL\u00c1NOS ADATOK \u00c9S RENDELTET\u00c9S A COOL GOLD egy k\u00f6rnyezetbar\u00e1t, p\u00e1ra\u00e1tereszt\u0151, v\u00edzleperget\u0151 fest\u00e9k, melyre jellemz\u0151 a magas fed\u0151k\u00e9pess\u00e9g. Ellen\u00e1ll a nedves<\/p>\n","protected":false},"featured_media":35821,"template":"","meta":{"_monsterinsights_skip_tracking":false,"_monsterinsights_sitenote_active":false,"_monsterinsights_sitenote_note":"","_monsterinsights_sitenote_category":0},"product_brand":[],"product_cat":[337,331],"product_tag":[],"class_list":{"0":"post-36165","1":"product","2":"type-product","3":"status-publish","4":"has-post-thumbnail","6":"product_cat-belteri-falfestek","7":"product_cat-epitoipari-bevonatok","9":"first","10":"instock","11":"shipping-taxable","12":"product-type-simple"},"_links":{"self":[{"href":"https:\/\/nevenacolor.co.rs\/hu\/wp-json\/wp\/v2\/product\/36165","targetHints":{"allow":["GET"]}}],"collection":[{"href":"https:\/\/nevenacolor.co.rs\/hu\/wp-json\/wp\/v2\/product"}],"about":[{"href":"https:\/\/nevenacolor.co.rs\/hu\/wp-json\/wp\/v2\/types\/product"}],"version-history":[{"count":1,"href":"https:\/\/nevenacolor.co.rs\/hu\/wp-json\/wp\/v2\/product\/36165\/revisions"}],"predecessor-version":[{"id":36227,"href":"https:\/\/nevenacolor.co.rs\/hu\/wp-json\/wp\/v2\/product\/36165\/revisions\/36227"}],"wp:featuredmedia":[{"embeddable":true,"href":"https:\/\/nevenacolor.co.rs\/hu\/wp-json\/wp\/v2\/media\/35821"}],"wp:attachment":[{"href":"https:\/\/nevenacolor.co.rs\/hu\/wp-json\/wp\/v2\/media?parent=36165"}],"wp:term":[{"taxonomy":"product_brand","embeddable":true,"href":"https:\/\/nevenacolor.co.rs\/hu\/wp-json\/wp\/v2\/product_brand?post=36165"},{"taxonomy":"product_cat","embeddable":true,"href":"https:\/\/nevenacolor.co.rs\/hu\/wp-json\/wp\/v2\/product_cat?post=36165"},{"taxonomy":"product_tag","embeddable":true,"href":"https:\/\/nevenacolor.co.rs\/hu\/wp-json\/wp\/v2\/product_tag?post=36165"}],"curies":[{"name":"wp","href":"https:\/\/api.w.org\/{rel}","templated":true}]}}