{"id":36166,"date":"2024-05-21T14:43:14","date_gmt":"2024-05-21T14:43:14","guid":{"rendered":"https:\/\/nevenacolor.co.rs\/proizvod\/cool-eco-2\/"},"modified":"2025-05-02T12:57:22","modified_gmt":"2025-05-02T12:57:22","slug":"cool-eco-2","status":"publish","type":"product","link":"https:\/\/nevenacolor.co.rs\/hu\/term\u00e9k\/cool-eco-2\/","title":{"rendered":"COOL ECO"},"content":{"rendered":"<h3><strong>\u00c1LTAL\u00c1NOS ADATOK \u00c9S RENDELTET\u00c9S<\/strong><\/h3>\n<p>COOL ECO &#8211; \u00f6kol\u00f3giai fest\u00e9k bels\u0151 falfel\u00fcletekre. Bels\u0151 falfel\u00fcletek \u00e9s mennyezetek dekorat\u00edv v\u00e9delm\u00e9re szolg\u00e1l. Sz\u00e1raz t\u00f6rl\u00e9ssel szemben ellen\u00e1ll\u00f3, nagy fed\u00e9s \u00e9s feh\u00e9rs\u00e9g, p\u00e1ra\u00e1tereszt\u0151, nagylelk\u0171 \u00e9s nem z\u00e1rja le a fel\u00fcletet. Alkalmas mindenf\u00e9le \u00e1sv\u00e1nyi, sz\u00e1raz \u00e9s kem\u00e9ny aljzatra, m\u00f3dos\u00edtott cementfel\u00fcletekre \u00e9s gipszkartonokra, diszperzi\u00f3s fest\u00e9kkel m\u00e1r festett falakra. A COOL ECO sz\u00ednezhet\u0151 COOL koncentr\u00e1tum\u00fa fest\u00e9kekkel a pasztell \u00e1rnyalatok el\u00e9r\u00e9se \u00e9rdek\u00e9ben.<\/p>\n<h3><strong>ALKALMAZ\u00c1SI \u00daTMUTAT\u00d3<\/strong><\/h3>\n<p>A COOL ECO felhord\u00e1sa el\u0151tt t\u00e1vol\u00edtsa el a port, zs\u00edrt, v\u00edzben old\u00f3d\u00f3 s\u00f3kat, gyeng\u00e9n k\u00f6t\u00f6tt r\u00e9szeket \u00e9s egy\u00e9b olyan elemeket, amelyek megkoron\u00e1zz\u00e1k \u00e9s leesnek a r\u00e9gi, s\u00e9r\u00fclt fel\u00fcletekr\u0151l (mechanikusan sz\u00e1razon vagy mos\u00e1ssal). Jav\u00edtson ki minden egyenetlens\u00e9get \u00e9s reped\u00e9st megfelel\u0151 anyaggal. Fest\u00e9s el\u0151tt a falakat a fel\u00fclet \u00e1llapot\u00e1t\u00f3l f\u00fcgg\u0151en impregn\u00e1lja COOL alappal. Ha sz\u00fcks\u00e9ges, k\u00e9t r\u00e9tegben hordjon fel COOL por\u00edtott fug\u00e1t, ha szebb megjelen\u00e9st szeretne a v\u00e9gleges sz\u00e1raz fest\u00e9kr\u00e9tegen. Az \u00faj falaknak teljesen sz\u00e1raznak \u00e9s pormentesnek kell lenni\u00fck. A COOL ECO-t ecsettel, hengerrel vagy sz\u00f3r\u00e1ssal hordjuk fel, \u00e1ltal\u00e1ban k\u00e9t r\u00e9tegben. Ha sz\u00fcks\u00e9ges, h\u00edg\u00edtsuk 15-20%-os v\u00edzzel. H\u00edg\u00edt\u00e1s el\u0151tt alaposan keverje \u00f6ssze a v\u00f6d\u00f6r tartalm\u00e1t. 6 \u00f3ra eltelt\u00e9vel vigye fel a m\u00e1sodik r\u00e9teget a megsz\u00e1radt els\u0151 r\u00e9tegre. A k\u00edv\u00e1nt \u00e1rnyalatot a COOL ECO \u00e9s a COOL koncentr\u00e1tum toner (pasztell t\u00f3nusok) \u00f6sszekever\u00e9s\u00e9vel \u00e9rj\u00fck el. Haszn\u00e1lat ut\u00e1n azonnal mossa le a szersz\u00e1mot v\u00edzzel.<\/p>\n<h3><strong>FELHASZN\u00c1L\u00c1S<\/strong><\/h3>\n<p>125-180 ml\/m\u00b2 k\u00e9t r\u00e9tegben, az aljzat porozit\u00e1s\u00e1t\u00f3l \u00e9s nedvsz\u00edv\u00f3 k\u00e9pess\u00e9g\u00e9t\u0151l f\u00fcgg\u0151en.<\/p>\n<h3><strong>CSOMAGOL\u00c1S<\/strong><\/h3>\n<p><span class=\"s1\">5<\/span>kg, 8kg \u00e9s 25kg.<\/p>\n<h3><strong>FELHASZN\u00c1LHAT\u00d3S\u00c1GI ID\u0150 \u00c9S T\u00c1ROL\u00c1S<\/strong><\/h3>\n<p>Eredeti, j\u00f3l lez\u00e1rt \u00e9s s\u00e9r\u00fcl\u00e9smentes csomagol\u00e1sban 18 h\u00f3napig t\u00e1roland\u00f3 +5\u00baC \u00e9s +25\u00baC k\u00f6z\u00f6tti h\u0151m\u00e9rs\u00e9kleten.<\/p>\n<h3><strong>M\u0170K\u00d6D\u00c9SI H\u0150M\u00c9RS\u00c9KLET<\/strong><\/h3>\n<p>Az optim\u00e1lis munkah\u0151m\u00e9rs\u00e9klet +10\u00baC \u00e9s +30\u00baC k\u00f6z\u00f6tt van. +5\u00b0C alatt nem haszn\u00e1lhat\u00f3.<\/p>\n<h3><strong>DOKUMENT\u00c1CI\u00d3<\/strong><\/h3>\n<div class=\"dokumentacija\">\n<p><a class=\"dugmeproizvod\" href=\"https:\/\/nevenacolor.co.rs\/wp-content\/uploads\/2024\/10\/Tehnicka-dokumentacija-cool-eco.pdf\" target=\"_blank\" rel=\"noopener\">M\u0170SZAKI ADATLAP<\/a><\/p>\n<p><a class=\"dugmeproizvod\" href=\"https:\/\/nevenacolor.co.rs\/wp-content\/uploads\/2024\/10\/Bezbedonosi-list-cool-eco.pdf\" target=\"_blank\" rel=\"noopener\">BIZTONS\u00c1GI ADATLAP<\/a><\/p>\n<\/div>\n","protected":false},"excerpt":{"rendered":"<p>\u00c1LTAL\u00c1NOS ADATOK \u00c9S RENDELTET\u00c9S COOL ECO &#8211; \u00f6kol\u00f3giai fest\u00e9k bels\u0151 falfel\u00fcletekre. Bels\u0151 falfel\u00fcletek \u00e9s mennyezetek dekorat\u00edv v\u00e9delm\u00e9re szolg\u00e1l. Sz\u00e1raz t\u00f6rl\u00e9ssel<\/p>\n","protected":false},"featured_media":35820,"template":"","meta":{"_monsterinsights_skip_tracking":false,"_monsterinsights_sitenote_active":false,"_monsterinsights_sitenote_note":"","_monsterinsights_sitenote_category":0},"product_brand":[],"product_cat":[337,331],"product_tag":[],"class_list":{"0":"post-36166","1":"product","2":"type-product","3":"status-publish","4":"has-post-thumbnail","6":"product_cat-belteri-falfestek","7":"product_cat-epitoipari-bevonatok","9":"first","10":"instock","11":"featured","12":"shipping-taxable","13":"product-type-simple"},"_links":{"self":[{"href":"https:\/\/nevenacolor.co.rs\/hu\/wp-json\/wp\/v2\/product\/36166","targetHints":{"allow":["GET"]}}],"collection":[{"href":"https:\/\/nevenacolor.co.rs\/hu\/wp-json\/wp\/v2\/product"}],"about":[{"href":"https:\/\/nevenacolor.co.rs\/hu\/wp-json\/wp\/v2\/types\/product"}],"version-history":[{"count":1,"href":"https:\/\/nevenacolor.co.rs\/hu\/wp-json\/wp\/v2\/product\/36166\/revisions"}],"predecessor-version":[{"id":36247,"href":"https:\/\/nevenacolor.co.rs\/hu\/wp-json\/wp\/v2\/product\/36166\/revisions\/36247"}],"wp:featuredmedia":[{"embeddable":true,"href":"https:\/\/nevenacolor.co.rs\/hu\/wp-json\/wp\/v2\/media\/35820"}],"wp:attachment":[{"href":"https:\/\/nevenacolor.co.rs\/hu\/wp-json\/wp\/v2\/media?parent=36166"}],"wp:term":[{"taxonomy":"product_brand","embeddable":true,"href":"https:\/\/nevenacolor.co.rs\/hu\/wp-json\/wp\/v2\/product_brand?post=36166"},{"taxonomy":"product_cat","embeddable":true,"href":"https:\/\/nevenacolor.co.rs\/hu\/wp-json\/wp\/v2\/product_cat?post=36166"},{"taxonomy":"product_tag","embeddable":true,"href":"https:\/\/nevenacolor.co.rs\/hu\/wp-json\/wp\/v2\/product_tag?post=36166"}],"curies":[{"name":"wp","href":"https:\/\/api.w.org\/{rel}","templated":true}]}}