{"id":36168,"date":"2024-05-21T14:40:50","date_gmt":"2024-05-21T14:40:50","guid":{"rendered":"https:\/\/nevenacolor.co.rs\/proizvod\/cool-aqua-paint-acrylic-2\/"},"modified":"2025-05-02T12:55:10","modified_gmt":"2025-05-02T12:55:10","slug":"cool-aqua-paint-acrylic-2","status":"publish","type":"product","link":"https:\/\/nevenacolor.co.rs\/hu\/term\u00e9k\/cool-aqua-paint-acrylic-2\/","title":{"rendered":"COOL AQUA PAINT ACRYLIC"},"content":{"rendered":"<h3><strong>\u00c1LTAL\u00c1NOS ADATOK \u00c9S RENDELTET\u00c9S<\/strong><\/h3>\n<p>A COOL AKRYLIC 100% egy akril\u00e1t, pigment \u00e9s t\u00f6lt\u0151anyag alap\u00fa, k\u00f6rnyezetbar\u00e1t bels\u0151 fest\u00e9k. Lak\u00f3-, kereskedelmi \u00e9s k\u00f6z\u00e9p\u00fcletek bels\u0151 falfel\u00fcleteinek dekorat\u00edv v\u00e9delm\u00e9re szolg\u00e1l. Kiv\u00e1l\u00f3 fed\u0151k\u00e9pess\u00e9ggel, j\u00f3 p\u00e1ra\u00e1tereszt\u0151 k\u00e9pess\u00e9ggel rendelkezik, \u00e9s ellen\u00e1ll a nedves t\u00f6rl\u00e9snek.<\/p>\n<h3><strong>ALKALMAZ\u00c1SI \u00daTMUTAT\u00d3<\/strong><\/h3>\n<p class=\"p1\">Sz\u00e1raz, tiszta, szil\u00e1rd, por-, olaj-, zs\u00edrfoltokt\u00f3l, v\u00edzben old\u00f3d\u00f3 s\u00f3kt\u00f3l \u00e9s egy\u00e9b szennyez\u0151d\u00e9sekt\u0151l mentes, sz\u00e1raz, tiszta, szil\u00e1rd fel\u00fcletekre hordja fel a COOL ACRYLIC 100%-os fel\u00fcletet, amelyek h\u00e1tr\u00e1nyosan befoly\u00e1solhatj\u00e1k az aljzat tapad\u00e1s\u00e1t.<\/p>\n<p class=\"p1\">Fest\u00e9s el\u0151tt impregn\u00e1lja a fel\u00fcletet COOL akril alappal. Az aljzat sz\u00e1rad\u00e1si ideje minimum 4-6 \u00f3ra. Haszn\u00e1lat el\u0151tt a fest\u00e9ket \u00f6ssze kell keverni \u00e9s homogeniz\u00e1lni kell. A fest\u00e9ket hengerrel, ecsettel vagy sz\u00f3r\u00e1ssal hordjuk fel k\u00e9t r\u00e9tegben. Vigye fel a m\u00e1sodik r\u00e9teget a megsz\u00e1radt els\u0151 r\u00e9tegre 4-6 \u00f3ra m\u00falva. Az optim\u00e1lis munkah\u0151m\u00e9rs\u00e9klet +10\u00b0C \u00e9s +30\u00b0C k\u00f6z\u00f6tt van. Haszn\u00e1lat ut\u00e1n azonnal mossa le a szersz\u00e1mot v\u00edzzel.<\/p>\n<h3><strong>FELHASZN\u00c1L\u00c1S<\/strong><\/h3>\n<p>7-8 m<span class=\"s1\"><sup>2<\/sup><\/span>\/l k\u00e9t r\u00e9tegben, az aljzat porozit\u00e1s\u00e1t\u00f3l \u00e9s nedvsz\u00edv\u00f3 k\u00e9pess\u00e9g\u00e9t\u0151l f\u00fcgg\u0151en.<\/p>\n<h3><strong>CSOMAGOL\u00c1S<\/strong><\/h3>\n<p>1 l \u00e9s 2,5 l<\/p>\n<h3><strong>FELHASZN\u00c1LHAT\u00d3S\u00c1GI ID\u0150 \u00c9S T\u00c1ROL\u00c1S<\/strong><\/h3>\n<p>Eredeti, j\u00f3l lez\u00e1rt \u00e9s s\u00e9r\u00fcl\u00e9smentes csomagol\u00e1sban 18 h\u00f3napig, +5\u00baC \u00e9s +25\u00baC k\u00f6z\u00f6tti h\u0151m\u00e9rs\u00e9kleten, k\u00f6zvetlen napf\u00e9nyt\u0151l \u00e9s fagy\u00e1st\u00f3l v\u00e9dve t\u00e1roland\u00f3.<\/p>\n<h3><strong>DOKUMENT\u00c1CI\u00d3<\/strong><\/h3>\n<div class=\"dokumentacija\">\n<p><a class=\"dugmeproizvod\" href=\"https:\/\/nevenacolor.co.rs\/wp-content\/uploads\/2024\/12\/Tehnicka-dokumentacija-COOL-AQUA-PAINT-ACRYLIC.pdf\" target=\"_blank\" rel=\"noopener\">M\u0170SZAKI ADATLAP<\/a><\/p>\n<p><a class=\"dugmeproizvod\" href=\"https:\/\/nevenacolor.co.rs\/wp-content\/uploads\/2024\/12\/Bezbedonosni-list-COOL-AQUA-PAINT-ACRYLIC.pdf\" target=\"_blank\" rel=\"noopener\">BIZTONS\u00c1GI ADATLAP<\/a><\/p>\n<\/div>\n<p>&nbsp;<\/p>\n<p><iframe loading=\"lazy\" title=\"YouTube video player\" src=\"https:\/\/www.youtube.com\/embed\/uQdmtbgXGH8?si=uOxlOoLdoK_31KTf\" width=\"560\" height=\"415\" frameborder=\"0\" allowfullscreen=\"allowfullscreen\"><span data-mce-type=\"bookmark\" style=\"display: inline-block; width: 0px; overflow: hidden; line-height: 0;\" class=\"mce_SELRES_start\"><\/span><\/iframe><\/p>\n","protected":false},"excerpt":{"rendered":"<h3><strong>TONE K\u00c1RTYA<\/strong><\/h3>\n[elementor-template id=\"31611\"]\n<div><a class=\"tonkarta\" href=\"#acrylic-tonkarta\" rel=\"noopener\"><img decoding=\"async\" src=\"https:\/\/nevenacolor.co.rs\/wp-content\/uploads\/2024\/06\/pantone-color-scheme.png\" width=\"40px\" \/> TONE K\u00c1RTYA<\/a><\/div>\n","protected":false},"featured_media":35819,"template":"","meta":{"_monsterinsights_skip_tracking":false,"_monsterinsights_sitenote_active":false,"_monsterinsights_sitenote_note":"","_monsterinsights_sitenote_category":0},"product_brand":[],"product_cat":[337,331],"product_tag":[],"class_list":{"0":"post-36168","1":"product","2":"type-product","3":"status-publish","4":"has-post-thumbnail","6":"product_cat-belteri-falfestek","7":"product_cat-epitoipari-bevonatok","9":"first","10":"instock","11":"featured","12":"shipping-taxable","13":"product-type-simple"},"_links":{"self":[{"href":"https:\/\/nevenacolor.co.rs\/hu\/wp-json\/wp\/v2\/product\/36168","targetHints":{"allow":["GET"]}}],"collection":[{"href":"https:\/\/nevenacolor.co.rs\/hu\/wp-json\/wp\/v2\/product"}],"about":[{"href":"https:\/\/nevenacolor.co.rs\/hu\/wp-json\/wp\/v2\/types\/product"}],"version-history":[{"count":1,"href":"https:\/\/nevenacolor.co.rs\/hu\/wp-json\/wp\/v2\/product\/36168\/revisions"}],"predecessor-version":[{"id":36241,"href":"https:\/\/nevenacolor.co.rs\/hu\/wp-json\/wp\/v2\/product\/36168\/revisions\/36241"}],"wp:featuredmedia":[{"embeddable":true,"href":"https:\/\/nevenacolor.co.rs\/hu\/wp-json\/wp\/v2\/media\/35819"}],"wp:attachment":[{"href":"https:\/\/nevenacolor.co.rs\/hu\/wp-json\/wp\/v2\/media?parent=36168"}],"wp:term":[{"taxonomy":"product_brand","embeddable":true,"href":"https:\/\/nevenacolor.co.rs\/hu\/wp-json\/wp\/v2\/product_brand?post=36168"},{"taxonomy":"product_cat","embeddable":true,"href":"https:\/\/nevenacolor.co.rs\/hu\/wp-json\/wp\/v2\/product_cat?post=36168"},{"taxonomy":"product_tag","embeddable":true,"href":"https:\/\/nevenacolor.co.rs\/hu\/wp-json\/wp\/v2\/product_tag?post=36168"}],"curies":[{"name":"wp","href":"https:\/\/api.w.org\/{rel}","templated":true}]}}