{"id":36169,"date":"2024-05-21T14:39:25","date_gmt":"2024-05-21T14:39:25","guid":{"rendered":"https:\/\/nevenacolor.co.rs\/proizvod\/cool-pool-szin\/"},"modified":"2025-05-02T13:02:42","modified_gmt":"2025-05-02T13:02:42","slug":"cool-pool-szin","status":"publish","type":"product","link":"https:\/\/nevenacolor.co.rs\/hu\/term\u00e9k\/cool-pool-szin\/","title":{"rendered":"COOL POOL SZ\u00cdN"},"content":{"rendered":"<h3><strong>\u00c1LTAL\u00c1NOS ADATOK \u00c9S RENDELTET\u00c9S<\/strong><\/h3>\n<p>COOL POOL SZ\u00cdN je akrilna boja namenjena za dekoraciju i za\u0161titu bazena. Izra\u0111ena je na bazi specijalnog akrilnog veziva,organskih rastvara\u010da, kvalitetnih aditiva i UV stabilnih pigmenata. Boja se brzo su\u0161i, ima dobru tvrdo\u0107u, otporna je na habanje i postojana na atmosferske uticaje.<\/p>\n<h3><strong>ALKALMAZ\u00c1SI \u00daTMUTAT\u00d3<\/strong><\/h3>\n<p>A COOL POOL SZ\u00cdN-et felhord\u00f3 fel\u00fcletnek sz\u00e1raznak, tiszt\u00e1nak, por- \u00e9s zs\u00edrmentesnek kell lennie. Haszn\u00e1lat el\u0151tt keverje \u00f6ssze a fest\u00e9ket \u00e9s h\u00edg\u00edtsa 5-10% Nitro Thinnerrel. Hengerrel, ecsettel vagy pisztollyal hordjuk fel 2-3 r\u00e9tegben. 12 \u00f3ra eltelt\u00e9vel vigye fel a m\u00e1sodik r\u00e9teget. A betonfel\u00fcleteknek legal\u00e1bb 28 naposnak kell lenni\u00fck. Az optim\u00e1lis m\u0171k\u00f6d\u00e9si h\u0151m\u00e9rs\u00e9klet +5\u00b0C \u00e9s +30\u00b0C k\u00f6z\u00f6tt van. Haszn\u00e1lat ut\u00e1n a szersz\u00e1mot Nitro h\u00edg\u00edt\u00f3val alaposan le kell mosni.<\/p>\n<h3><strong>FELHASZN\u00c1L\u00c1S<\/strong><\/h3>\n<p>4-6 m<span class=\"s1\"><sup>2<\/sup><\/span>\/kg egy r\u00e9tegben a fel\u00fclet porozit\u00e1s\u00e1t\u00f3l f\u00fcgg\u0151en.<\/p>\n<h3><strong>CSOMAGOL\u00c1S<\/strong><\/h3>\n<p>1kg, 3kg, 25kg<\/p>\n<h3><strong>FELHASZN\u00c1LHAT\u00d3S\u00c1GI ID\u0150 \u00c9S T\u00c1ROL\u00c1S<\/strong><\/h3>\n<p>36 h\u00f3nap a csomagol\u00e1son felt\u00fcntetett d\u00e1tumt\u00f3l. T\u00e1rolni kell az eredeti, Eredeti, j\u00f3l lez\u00e1rt \u00e9s s\u00e9r\u00fcl\u00e9smentes gy\u00e1ri csomagol\u00e1sban, +5\u00baC \u00e9s +25\u00baC k\u00f6z\u00f6tti h\u0151m\u00e9rs\u00e9kleten, k\u00f6zvetlen napf\u00e9nyt\u0151l v\u00e9dve t\u00e1roland\u00f3.<\/p>\n<h3><strong>DOKUMENT\u00c1CI\u00d3<\/strong><\/h3>\n<div class=\"dokumentacija\">\n<p><a class=\"dugmeproizvod\" href=\"https:\/\/nevenacolor.co.rs\/wp-content\/uploads\/2024\/10\/Tehnicka-dokumentacija-bazen.pdf\" target=\"_blank\" rel=\"noopener\">M\u0170SZAKI ADATLAP<\/a><\/p>\n<p><a class=\"dugmeproizvod\" href=\"https:\/\/nevenacolor.co.rs\/wp-content\/uploads\/2024\/10\/Beybedonosni-list-bazen.pdf\" target=\"_blank\" rel=\"noopener\">BIZTONS\u00c1GI ADATLAP<\/a><\/p>\n<\/div>\n<p>&nbsp;<\/p>\n<p><iframe loading=\"lazy\" title=\"COOL BOJA ZA BAZEN\" width=\"500\" height=\"281\" src=\"https:\/\/www.youtube.com\/embed\/l1tlZ9VOVt0?feature=oembed\" frameborder=\"0\" allow=\"accelerometer; autoplay; clipboard-write; encrypted-media; gyroscope; picture-in-picture; web-share\" referrerpolicy=\"strict-origin-when-cross-origin\" allowfullscreen><\/iframe><\/p>\n","protected":false},"excerpt":{"rendered":"<p>\u00c1LTAL\u00c1NOS ADATOK \u00c9S RENDELTET\u00c9S COOL POOL SZ\u00cdN je akrilna boja namenjena za dekoraciju i za\u0161titu bazena. Izra\u0111ena je na bazi<\/p>\n","protected":false},"featured_media":35875,"template":"","meta":{"_monsterinsights_skip_tracking":false,"_monsterinsights_sitenote_active":false,"_monsterinsights_sitenote_note":"","_monsterinsights_sitenote_category":0},"product_brand":[],"product_cat":[334,331,335],"product_tag":[],"class_list":{"0":"post-36169","1":"product","2":"type-product","3":"status-publish","4":"has-post-thumbnail","6":"product_cat-betonfestek","7":"product_cat-epitoipari-bevonatok","8":"product_cat-oldoszer-alapu-akrilfestek","10":"first","11":"instock","12":"shipping-taxable","13":"product-type-simple"},"_links":{"self":[{"href":"https:\/\/nevenacolor.co.rs\/hu\/wp-json\/wp\/v2\/product\/36169","targetHints":{"allow":["GET"]}}],"collection":[{"href":"https:\/\/nevenacolor.co.rs\/hu\/wp-json\/wp\/v2\/product"}],"about":[{"href":"https:\/\/nevenacolor.co.rs\/hu\/wp-json\/wp\/v2\/types\/product"}],"version-history":[{"count":1,"href":"https:\/\/nevenacolor.co.rs\/hu\/wp-json\/wp\/v2\/product\/36169\/revisions"}],"predecessor-version":[{"id":36259,"href":"https:\/\/nevenacolor.co.rs\/hu\/wp-json\/wp\/v2\/product\/36169\/revisions\/36259"}],"wp:featuredmedia":[{"embeddable":true,"href":"https:\/\/nevenacolor.co.rs\/hu\/wp-json\/wp\/v2\/media\/35875"}],"wp:attachment":[{"href":"https:\/\/nevenacolor.co.rs\/hu\/wp-json\/wp\/v2\/media?parent=36169"}],"wp:term":[{"taxonomy":"product_brand","embeddable":true,"href":"https:\/\/nevenacolor.co.rs\/hu\/wp-json\/wp\/v2\/product_brand?post=36169"},{"taxonomy":"product_cat","embeddable":true,"href":"https:\/\/nevenacolor.co.rs\/hu\/wp-json\/wp\/v2\/product_cat?post=36169"},{"taxonomy":"product_tag","embeddable":true,"href":"https:\/\/nevenacolor.co.rs\/hu\/wp-json\/wp\/v2\/product_tag?post=36169"}],"curies":[{"name":"wp","href":"https:\/\/api.w.org\/{rel}","templated":true}]}}