{"id":36172,"date":"2024-05-21T14:37:45","date_gmt":"2024-05-21T14:37:45","guid":{"rendered":"https:\/\/nevenacolor.co.rs\/proizvod\/cool-toner\/"},"modified":"2025-05-02T12:56:19","modified_gmt":"2025-05-02T12:56:19","slug":"cool-toner","status":"publish","type":"product","link":"https:\/\/nevenacolor.co.rs\/hu\/term\u00e9k\/cool-toner\/","title":{"rendered":"Cool toner"},"content":{"rendered":"<h3><strong>\u00c1LTAL\u00c1NOS ADATOK \u00c9S RENDELTET\u00c9S<\/strong><\/h3>\n<p class=\"p1\">A COOL TONER egy pasztaszer\u0171 anyag a bels\u0151 diszperzi\u00f3s falfest\u00e9kek pasztell \u00e1rnyalatokra val\u00f3 sz\u00ednez\u00e9s\u00e9re. Min\u0151s\u00e9gi szerves \u00e9s szervetlen pigmentekb\u0151l \u00e9s speci\u00e1lis adal\u00e9kanyagokb\u00f3l k\u00e9sz\u00fcl.<\/p>\n<h3><strong>ALKALMAZ\u00c1SI \u00daTMUTAT\u00d3<\/strong><\/h3>\n<p class=\"p1\">Haszn\u00e1lat el\u0151tt j\u00f3l r\u00e1zza fel az \u00fcveget. Ezut\u00e1n k\u00e9zzel vagy elektromos kever\u0151vel keverje be a k\u00edv\u00e1nt mennyis\u00e9g\u0171 COOL TONER-t a diszperzi\u00f3s fest\u00e9kbe. Haszn\u00e1lat ut\u00e1n azonnal mossa le v\u00edzzel a szersz\u00e1mot.<\/p>\n<h3><strong>CSOMAGOL\u00c1S<\/strong><\/h3>\n<p class=\"p1\">100 ml<\/p>\n<h3><strong>FELHASZN\u00c1LHAT\u00d3S\u00c1GI ID\u0150 \u00c9S T\u00c1ROL\u00c1S<\/strong><\/h3>\n<p class=\"p1\"><span class=\"s1\">18 h\u00f3nap a csomagol\u00e1son felt\u00fcntetett d\u00e1tumt\u00f3l sz\u00e1m\u00edtva. Eredeti, j\u00f3l z\u00e1r\u00f3d\u00f3, s\u00e9r\u00fcl\u00e9smentes gy\u00e1ri csomagol\u00e1sban, +5\u00baC \u00e9s +25\u00baC k\u00f6z\u00f6tti h\u0151m\u00e9rs\u00e9kleten t\u00e1roland\u00f3.<\/span>.<\/p>\n<p class=\"p1\"><span class=\"s1\">MEGJEGYZ\u00c9S: <\/span><span class=\"s2\">Nem fagyhat le!<\/span><\/p>\n<h3><strong>\u00c1RNY\u00c9KOK<\/strong><\/h3>\n<p class=\"p1\">S\u00e1rga, s\u00e1rgabarack, barack, okker, piros, ibolya, barna, k\u00e9k, z\u00f6ld \u00e9s fekete<\/p>\n<h3><strong>DOKUMENT\u00c1CI\u00d3<\/strong><\/h3>\n<div class=\"dokumentacija\">\n<p><a class=\"dugmeproizvod\" href=\"https:\/\/nevenacolor.co.rs\/wp-content\/uploads\/2024\/12\/Tehnicka-dokumentacija-toner.pdf\" target=\"_blank\" rel=\"noopener\">M\u0170SZAKI ADATLAP<\/a><\/p>\n<p><a class=\"dugmeproizvod\" href=\"https:\/\/nevenacolor.co.rs\/wp-content\/uploads\/2024\/12\/Bezedonosni-list-toner.pdf\" target=\"_blank\" rel=\"noopener\">BIZTONS\u00c1GI ADATLAP<\/a><\/p>\n<\/div>\n<p>&nbsp;<\/p>\n","protected":false},"excerpt":{"rendered":"<p>\u00c1LTAL\u00c1NOS ADATOK \u00c9S RENDELTET\u00c9S A COOL TONER egy pasztaszer\u0171 anyag a bels\u0151 diszperzi\u00f3s falfest\u00e9kek pasztell \u00e1rnyalatokra val\u00f3 sz\u00ednez\u00e9s\u00e9re. Min\u0151s\u00e9gi szerves<\/p>\n","protected":false},"featured_media":35852,"template":"","meta":{"_monsterinsights_skip_tracking":false,"_monsterinsights_sitenote_active":false,"_monsterinsights_sitenote_note":"","_monsterinsights_sitenote_category":0},"product_brand":[],"product_cat":[345],"product_tag":[],"class_list":{"0":"post-36172","1":"product","2":"type-product","3":"status-publish","4":"has-post-thumbnail","6":"product_cat-szinezoszer","8":"first","9":"instock","10":"shipping-taxable","11":"product-type-simple"},"_links":{"self":[{"href":"https:\/\/nevenacolor.co.rs\/hu\/wp-json\/wp\/v2\/product\/36172","targetHints":{"allow":["GET"]}}],"collection":[{"href":"https:\/\/nevenacolor.co.rs\/hu\/wp-json\/wp\/v2\/product"}],"about":[{"href":"https:\/\/nevenacolor.co.rs\/hu\/wp-json\/wp\/v2\/types\/product"}],"version-history":[{"count":1,"href":"https:\/\/nevenacolor.co.rs\/hu\/wp-json\/wp\/v2\/product\/36172\/revisions"}],"predecessor-version":[{"id":36244,"href":"https:\/\/nevenacolor.co.rs\/hu\/wp-json\/wp\/v2\/product\/36172\/revisions\/36244"}],"wp:featuredmedia":[{"embeddable":true,"href":"https:\/\/nevenacolor.co.rs\/hu\/wp-json\/wp\/v2\/media\/35852"}],"wp:attachment":[{"href":"https:\/\/nevenacolor.co.rs\/hu\/wp-json\/wp\/v2\/media?parent=36172"}],"wp:term":[{"taxonomy":"product_brand","embeddable":true,"href":"https:\/\/nevenacolor.co.rs\/hu\/wp-json\/wp\/v2\/product_brand?post=36172"},{"taxonomy":"product_cat","embeddable":true,"href":"https:\/\/nevenacolor.co.rs\/hu\/wp-json\/wp\/v2\/product_cat?post=36172"},{"taxonomy":"product_tag","embeddable":true,"href":"https:\/\/nevenacolor.co.rs\/hu\/wp-json\/wp\/v2\/product_tag?post=36172"}],"curies":[{"name":"wp","href":"https:\/\/api.w.org\/{rel}","templated":true}]}}