{"id":36175,"date":"2024-05-21T14:36:09","date_gmt":"2024-05-21T14:36:09","guid":{"rendered":"https:\/\/nevenacolor.co.rs\/proizvod\/cool-alapok-homlokzati-vakolatokhoz\/"},"modified":"2025-05-02T12:46:09","modified_gmt":"2025-05-02T12:46:09","slug":"cool-alapok-homlokzati-vakolatokhoz","status":"publish","type":"product","link":"https:\/\/nevenacolor.co.rs\/hu\/term\u00e9k\/cool-alapok-homlokzati-vakolatokhoz\/","title":{"rendered":"COOL ALAPOK HOMLOKZATI VAKOLATOKHOZ"},"content":{"rendered":"<h3><strong>\u00c1LTAL\u00c1NOS ADATOK \u00c9S RENDELTET\u00c9S<\/strong><\/h3>\n<p class=\"p1\">COOL ALJZAT HOMLOKZATI VAKOLATHOZ az aljzat kiegyenl\u00edt\u00e9s\u00e9re \u00e9s semleges\u00edt\u00e9s\u00e9re szolg\u00e1l a COOL HOMLOKZAT VAKOLAT felhord\u00e1sa el\u0151tt.<\/p>\n<p class=\"p1\">Speci\u00e1lis emulzi\u00f3k, pigmentek, adal\u00e9kok \u00e9s t\u00f6lt\u0151anyagok alapj\u00e1n k\u00e9sz\u00fclt.<\/p>\n<h3><strong>ALKALMAZ\u00c1SI \u00daTMUTAT\u00d3<\/strong><\/h3>\n<p>A falfel\u00fcleteknek, amelyekre felhordj\u00e1k, tiszt\u00e1nak, sz\u00e1raznak, szil\u00e1rdnak kell lenni\u00fck, laza r\u00e9szek \u00e9s zs\u00edros foltok n\u00e9lk\u00fcl. Hossz\u00fa sz\u0151r\u0171 hengerrel vagy ecsettel hordjuk fel egy r\u00e9tegben. Javasoljuk, hogy a COOL SUBSTRATE FOR HOMLOKZATI VAKOLAT \u00e1rnyalata megegyezzen a v\u00e9gs\u0151 diszperzi\u00f3s fest\u00e9k vagy vakolat \u00e1rnyalat\u00e1val. Haszn\u00e1lat ut\u00e1n mossa le a szersz\u00e1mot v\u00edzzel.<\/p>\n<h3><strong>FELHASZN\u00c1L\u00c1S<\/strong><\/h3>\n<p>4-6 m<span class=\"s1\"><sup> 2<\/sup><\/span> \/ kg egy r\u00e9tegben<b> <\/b><\/p>\n<h3><strong>CSOMAGOL\u00c1S<\/strong><\/h3>\n<p>25 kg<\/p>\n<h3><strong>FELHASZN\u00c1LHAT\u00d3S\u00c1GI ID\u0150 \u00c9S T\u00c1ROL\u00c1S<\/strong><\/h3>\n<p>Eredeti, j\u00f3l lez\u00e1rt \u00e9s s\u00e9r\u00fcl\u00e9smentes csomagol\u00e1sban 18 h\u00f3napig, +5\u00baC \u00e9s +25\u00baC k\u00f6z\u00f6tti h\u0151m\u00e9rs\u00e9kleten, k\u00f6zvetlen napf\u00e9nyt\u0151l \u00e9s fagy\u00e1st\u00f3l v\u00e9dve t\u00e1roland\u00f3.<\/p>\n<h3><strong>DOKUMENT\u00c1CI\u00d3<\/strong><\/h3>\n<div class=\"dokumentacija\">\n<p><a class=\"dugmeproizvod\" href=\"https:\/\/nevenacolor.co.rs\/wp-content\/uploads\/2024\/12\/Tehnicka-dokumentacija-COOL-PODLOGE-ZA-FASADNE-MALTERE.pdf\" target=\"_blank\" rel=\"noopener\">M\u0170SZAKI ADATLAP<\/a><\/p>\n<p><a class=\"dugmeproizvod\" href=\"https:\/\/nevenacolor.co.rs\/wp-content\/uploads\/2024\/12\/Bezbedonosni-list-COOL-PODLOGE-ZA-FASADNE-MALTERE.pdf\" target=\"_blank\" rel=\"noopener\">BIZTONS\u00c1GI ADATLAP<\/a><\/p>\n<\/div>\n<p>&nbsp;<\/p>\n<p>&nbsp;<\/p>\n","protected":false},"excerpt":{"rendered":"<p>\u00c1LTAL\u00c1NOS ADATOK \u00c9S RENDELTET\u00c9S COOL ALJZAT HOMLOKZATI VAKOLATHOZ az aljzat kiegyenl\u00edt\u00e9s\u00e9re \u00e9s semleges\u00edt\u00e9s\u00e9re szolg\u00e1l a COOL HOMLOKZAT VAKOLAT felhord\u00e1sa el\u0151tt.<\/p>\n","protected":false},"featured_media":35747,"template":"","meta":{"_monsterinsights_skip_tracking":false,"_monsterinsights_sitenote_active":false,"_monsterinsights_sitenote_note":"","_monsterinsights_sitenote_category":0},"product_brand":[],"product_cat":[331,342],"product_tag":[],"class_list":{"0":"post-36175","1":"product","2":"type-product","3":"status-publish","4":"has-post-thumbnail","6":"product_cat-epitoipari-bevonatok","7":"product_cat-impregnalas","9":"first","10":"instock","11":"shipping-taxable","12":"product-type-simple"},"_links":{"self":[{"href":"https:\/\/nevenacolor.co.rs\/hu\/wp-json\/wp\/v2\/product\/36175","targetHints":{"allow":["GET"]}}],"collection":[{"href":"https:\/\/nevenacolor.co.rs\/hu\/wp-json\/wp\/v2\/product"}],"about":[{"href":"https:\/\/nevenacolor.co.rs\/hu\/wp-json\/wp\/v2\/types\/product"}],"version-history":[{"count":1,"href":"https:\/\/nevenacolor.co.rs\/hu\/wp-json\/wp\/v2\/product\/36175\/revisions"}],"predecessor-version":[{"id":36214,"href":"https:\/\/nevenacolor.co.rs\/hu\/wp-json\/wp\/v2\/product\/36175\/revisions\/36214"}],"wp:featuredmedia":[{"embeddable":true,"href":"https:\/\/nevenacolor.co.rs\/hu\/wp-json\/wp\/v2\/media\/35747"}],"wp:attachment":[{"href":"https:\/\/nevenacolor.co.rs\/hu\/wp-json\/wp\/v2\/media?parent=36175"}],"wp:term":[{"taxonomy":"product_brand","embeddable":true,"href":"https:\/\/nevenacolor.co.rs\/hu\/wp-json\/wp\/v2\/product_brand?post=36175"},{"taxonomy":"product_cat","embeddable":true,"href":"https:\/\/nevenacolor.co.rs\/hu\/wp-json\/wp\/v2\/product_cat?post=36175"},{"taxonomy":"product_tag","embeddable":true,"href":"https:\/\/nevenacolor.co.rs\/hu\/wp-json\/wp\/v2\/product_tag?post=36175"}],"curies":[{"name":"wp","href":"https:\/\/api.w.org\/{rel}","templated":true}]}}