{"id":36176,"date":"2024-05-21T14:34:57","date_gmt":"2024-05-21T14:34:57","guid":{"rendered":"https:\/\/nevenacolor.co.rs\/proizvod\/cool-nova-art-primer\/"},"modified":"2025-05-02T12:54:51","modified_gmt":"2025-05-02T12:54:51","slug":"cool-nova-art-primer","status":"publish","type":"product","link":"https:\/\/nevenacolor.co.rs\/hu\/term\u00e9k\/cool-nova-art-primer\/","title":{"rendered":"COOL NOVA ART PRIMER"},"content":{"rendered":"<h3><strong>\u00c1LTAL\u00c1NOS ADATOK \u00c9S RENDELTET\u00c9S<\/strong><\/h3>\n<p><b>A COOL NOVA ART PRIMER<\/b> kiv\u00e1l\u00f3 min\u0151s\u00e9g\u0171 akril emulzi\u00f3 alap\u00fa alapoz\u00f3, amely belt\u00e9ri dekor\u00e1ci\u00f3s fest\u00e9kek kiegyenl\u00edt\u00e9s\u00e9re, semleges\u00edt\u00e9s\u00e9re \u00e9s tapad\u00e1suk jav\u00edt\u00e1s\u00e1ra szolg\u00e1l. A r\u00e9szecsk\u00e9k finom eloszl\u00e1s\u00e1nak k\u00f6sz\u00f6nhet\u0151en enyh\u00e9n dombornyomott fel\u00fcletet kapunk, amelyre a dekorat\u00edv bevonatok k\u00f6nnyen felvihet\u0151k. Feh\u00e9r sz\u00ednben, sz\u00fcks\u00e9g eset\u00e9n a COOL NOVA hozz\u00e1vet\u0151leges \u00e1rnyalat\u00e1ra sz\u00ednezve sz\u00e1ll\u00edtjuk ART DINE \u00e9s egy\u00e9b dekor\u00e1ci\u00f3s bevonatok.<\/p>\n<h3><strong>ALKALMAZ\u00c1SI \u00daTMUTAT\u00d3<\/strong><\/h3>\n<p class=\"p1\">A fel\u00fcletnek sz\u00e1raznak, szil\u00e1rdnak, tiszt\u00e1nak \u00e9s laz\u00e1n megk\u00f6t\u00f6tt porr\u00e9szekt\u0151l, v\u00edzben old\u00f3d\u00f3 s\u00f3kt\u00f3l \u00e9s egy\u00e9b szennyez\u0151d\u00e9sekt\u0151l mentesnek kell lennie. T\u00e1vol\u00edtsa el a r\u00e9gi fest\u00e9ket, amely mechanikailag nem j\u00f3l tapad. Az egyenetlen fel\u00fcleteket COOL GLET MASS-szal egyenl\u00edtse ki. Fest\u00e9s el\u0151tt impregn\u00e1lja a falakat a megfelel\u0151 COOL ACRYL ALAPJ\u00c1ZAL. A COOL NOVA ART PRIMER-t ecsettel, r\u00f6vidsz\u0151r\u0171 hengerrel vagy sz\u00f3r\u00e1ssal vigye fel k\u00e9t r\u00e9tegben (a COOL NOVA ART PRIMER-t v\u00edzzel h\u00edg\u00edtsa 10%-ig).<\/p>\n<p class=\"p1\">A m\u00e1sodik r\u00e9teget 6 \u00f3ra eltelt\u00e9vel vigye fel az el\u0151z\u0151leg megsz\u00e1radt bevonatra.<\/p>\n<p class=\"p1\">Haszn\u00e1lat ut\u00e1n azonnal mossa le v\u00edzzel a szersz\u00e1mot.<\/p>\n<p class=\"p1\">Az optim\u00e1lis munkah\u0151m\u00e9rs\u00e9klet +10\u00b0C \u00e9s +30\u00b0C k\u00f6z\u00f6tt van.<\/p>\n<h3><strong>FELHASZN\u00c1L\u00c1S<\/strong><\/h3>\n<p>4-6 m<span class=\"s1\"><sup>2<\/sup><\/span>\/l k\u00e9t r\u00e9tegben fel\u00fclet-el\u0151k\u00e9sz\u00edt\u00e9st\u0151l, technik\u00e1t\u00f3l \u00e9s felhord\u00e1si m\u00f3dt\u00f3l f\u00fcgg\u0151en.<\/p>\n<h3><strong>CSOMAGOL\u00c1S<\/strong><\/h3>\n<p>1 l<\/p>\n<h3><strong>FELHASZN\u00c1LHAT\u00d3S\u00c1GI ID\u0150 \u00c9S T\u00c1ROL\u00c1S<\/strong><\/h3>\n<p>18 h\u00f3nap a csomagol\u00e1son felt\u00fcntetett d\u00e1tumt\u00f3l sz\u00e1m\u00edtva. Eredeti, j\u00f3l lez\u00e1rt \u00e9s s\u00e9r\u00fcl\u00e9smentes gy\u00e1ri csomagol\u00e1sban, +5\u00baC \u00e9s +25\u00baC k\u00f6z\u00f6tti h\u0151m\u00e9rs\u00e9kleten, k\u00f6zvetlen napf\u00e9nyt\u0151l v\u00e9dve t\u00e1roland\u00f3.<\/p>\n<h3><strong>DOKUMENT\u00c1CI\u00d3<\/strong><\/h3>\n<div class=\"dokumentacija\">\n<p><a class=\"dugmeproizvod\" href=\"https:\/\/nevenacolor.co.rs\/wp-content\/uploads\/2024\/10\/Tehnicka-dokumentacija-nova-art-primer.pdf\" target=\"_blank\" rel=\"noopener\">M\u0170SZAKI ADATLAP<\/a><\/p>\n<p><a class=\"dugmeproizvod\" href=\"https:\/\/nevenacolor.co.rs\/wp-content\/uploads\/2024\/10\/Bezbedonosni-list-nova-art-primer.pdf\" target=\"_blank\" rel=\"noopener\">BIZTONS\u00c1GI ADATLAP<\/a><\/p>\n<\/div>\n<p>&nbsp;<\/p>\n<p><iframe loading=\"lazy\" title=\"YouTube video player\" src=\"https:\/\/www.youtube.com\/embed\/NqyJb1SzCXs?si=C7mVb80akTGQSU8W\" width=\"560\" height=\"415\" frameborder=\"0\" allowfullscreen=\"allowfullscreen\"><\/iframe><\/p>\n","protected":false},"excerpt":{"rendered":"<h3><strong>TONE K\u00c1RTYA<\/strong><\/h3>\n[elementor-template id=\"29120\"]\n<div><a class=\"tonkarta\" href=\"#link-popup\" rel=\"noopener\"><img decoding=\"async\" src=\"https:\/\/nevenacolor.co.rs\/wp-content\/uploads\/2024\/06\/pantone-color-scheme.png\" width=\"40px\" \/> TONE K\u00c1RTYA<\/a><\/div>\n","protected":false},"featured_media":35326,"template":"","meta":{"_monsterinsights_skip_tracking":false,"_monsterinsights_sitenote_active":false,"_monsterinsights_sitenote_note":"","_monsterinsights_sitenote_category":0},"product_brand":[],"product_cat":[331,342],"product_tag":[],"class_list":{"0":"post-36176","1":"product","2":"type-product","3":"status-publish","4":"has-post-thumbnail","6":"product_cat-epitoipari-bevonatok","7":"product_cat-impregnalas","9":"first","10":"instock","11":"shipping-taxable","12":"product-type-simple"},"_links":{"self":[{"href":"https:\/\/nevenacolor.co.rs\/hu\/wp-json\/wp\/v2\/product\/36176","targetHints":{"allow":["GET"]}}],"collection":[{"href":"https:\/\/nevenacolor.co.rs\/hu\/wp-json\/wp\/v2\/product"}],"about":[{"href":"https:\/\/nevenacolor.co.rs\/hu\/wp-json\/wp\/v2\/types\/product"}],"version-history":[{"count":1,"href":"https:\/\/nevenacolor.co.rs\/hu\/wp-json\/wp\/v2\/product\/36176\/revisions"}],"predecessor-version":[{"id":36240,"href":"https:\/\/nevenacolor.co.rs\/hu\/wp-json\/wp\/v2\/product\/36176\/revisions\/36240"}],"wp:featuredmedia":[{"embeddable":true,"href":"https:\/\/nevenacolor.co.rs\/hu\/wp-json\/wp\/v2\/media\/35326"}],"wp:attachment":[{"href":"https:\/\/nevenacolor.co.rs\/hu\/wp-json\/wp\/v2\/media?parent=36176"}],"wp:term":[{"taxonomy":"product_brand","embeddable":true,"href":"https:\/\/nevenacolor.co.rs\/hu\/wp-json\/wp\/v2\/product_brand?post=36176"},{"taxonomy":"product_cat","embeddable":true,"href":"https:\/\/nevenacolor.co.rs\/hu\/wp-json\/wp\/v2\/product_cat?post=36176"},{"taxonomy":"product_tag","embeddable":true,"href":"https:\/\/nevenacolor.co.rs\/hu\/wp-json\/wp\/v2\/product_tag?post=36176"}],"curies":[{"name":"wp","href":"https:\/\/api.w.org\/{rel}","templated":true}]}}