{"id":36177,"date":"2024-05-21T14:34:03","date_gmt":"2024-05-21T14:34:03","guid":{"rendered":"https:\/\/nevenacolor.co.rs\/proizvod\/cool-nc-016\/"},"modified":"2025-05-02T12:53:24","modified_gmt":"2025-05-02T12:53:24","slug":"cool-nc-016","status":"publish","type":"product","link":"https:\/\/nevenacolor.co.rs\/hu\/term\u00e9k\/cool-nc-016\/","title":{"rendered":"Cool NC 016"},"content":{"rendered":"<h3><strong>\u00c1LTAL\u00c1NOS ADATOK \u00c9S RENDELTET\u00c9S<\/strong><\/h3>\n<p>Speci\u00e1lis alapbevonat a COOL 016 ragaszt\u00f3 biztons\u00e1gos ragaszt\u00e1s\u00e1hoz ker\u00e1mia burkol\u00f3lapokhoz a csempe csempe ragaszt\u00e1s\u00e1n\u00e1l. Nedvsz\u00edv\u00f3 aljzatokhoz \u00e9s gyorsan sz\u00e1rad\u00f3, probl\u00e9m\u00e1s fel\u00fcletekhez haszn\u00e1lhat\u00f3. Cement \u00e9s sz\u00e1raz fel\u00fcletekre, p\u00e9ld\u00e1ul gipszkarton lapokra, betonra, csemp\u00e9re stb.<\/p>\n<h3><strong>ALKALMAZ\u00c1SI \u00daTMUTAT\u00d3<\/strong><\/h3>\n<p>Felhord\u00e1s el\u0151tt h\u00edg\u00edtsa fel a COOL NC 016-ot v\u00edzzel 1:3 ar\u00e1nyban (1 r\u00e9sz NC COOL 016 \u00e9s 3 r\u00e9sz v\u00edz). H\u00edg\u00edtatlanul alkalmazz\u00e1k fa fel\u00fcletekre. V\u00e9kony \u00e9s egyenletes r\u00e9tegben ecsettel hordjuk fel an\u00e9lk\u00fcl, hogy \u00fct\u00e9seket \u00e9s domborzati strukt\u00far\u00e1kat hozna l\u00e9tre. A bevonat felhord\u00e1s\u00e1nak k\u00f6r\u00fclm\u00e9nyeit\u0151l f\u00fcgg\u0151en a bevonat sz\u00e1rad\u00e1sa elh\u00faz\u00f3dhat. Az optim\u00e1lis munkah\u0151m\u00e9rs\u00e9klet +5\u00b0C \u00e9s +30\u00b0C k\u00f6z\u00f6tt van. +5\u00b0C alatt nem haszn\u00e1lhat\u00f3. Haszn\u00e1lat ut\u00e1n azonnal mossa le a szersz\u00e1mot v\u00edzzel.<\/p>\n<h3><strong>FELHASZN\u00c1L\u00c1S<\/strong><\/h3>\n<p>40-130 ml\/m\u00b2 k\u00e9t r\u00e9tegben, az aljzat porozit\u00e1s\u00e1t\u00f3l \u00e9s nedvsz\u00edv\u00f3 k\u00e9pess\u00e9g\u00e9t\u0151l f\u00fcgg\u0151en.<\/p>\n<h3><strong>CSOMAGOL\u00c1S<\/strong><\/h3>\n<p>1 l<\/p>\n<h3><strong>FELHASZN\u00c1LHAT\u00d3S\u00c1GI ID\u0150 \u00c9S T\u00c1ROL\u00c1S<\/strong><\/h3>\n<p>Eredeti, j\u00f3l lez\u00e1rt \u00e9s s\u00e9r\u00fcl\u00e9smentes csomagol\u00e1sban 18 h\u00f3napig, +5\u00baC \u00e9s +25\u00baC k\u00f6z\u00f6tti h\u0151m\u00e9rs\u00e9kleten, k\u00f6zvetlen napf\u00e9nyt\u0151l \u00e9s fagy\u00e1st\u00f3l v\u00e9dve t\u00e1roland\u00f3.<\/p>\n<h3><strong>DOKUMENT\u00c1CI\u00d3<\/strong><\/h3>\n<div class=\"dokumentacija\">\n<p><a class=\"dugmeproizvod\" href=\"https:\/\/nevenacolor.co.rs\/wp-content\/uploads\/2024\/10\/Tehnicka-dokumtacija-nc016.pdf\" target=\"_blank\" rel=\"noopener\">M\u0170SZAKI ADATLAP<\/a><\/p>\n<p><a class=\"dugmeproizvod\" href=\"https:\/\/nevenacolor.co.rs\/wp-content\/uploads\/2024\/10\/Bezbedonosni-list-nc016.pdf\" target=\"_blank\" rel=\"noopener\">BIZTONS\u00c1GI ADATLAP<\/a><\/p>\n<\/div>\n<p>&nbsp;<\/p>\n","protected":false},"excerpt":{"rendered":"<p>\u00c1LTAL\u00c1NOS ADATOK \u00c9S RENDELTET\u00c9S Speci\u00e1lis alapbevonat a COOL 016 ragaszt\u00f3 biztons\u00e1gos ragaszt\u00e1s\u00e1hoz ker\u00e1mia burkol\u00f3lapokhoz a csempe csempe ragaszt\u00e1s\u00e1n\u00e1l. Nedvsz\u00edv\u00f3 aljzatokhoz<\/p>\n","protected":false},"featured_media":35873,"template":"","meta":{"_monsterinsights_skip_tracking":false,"_monsterinsights_sitenote_active":false,"_monsterinsights_sitenote_note":"","_monsterinsights_sitenote_category":0},"product_brand":[],"product_cat":[331,342],"product_tag":[],"class_list":{"0":"post-36177","1":"product","2":"type-product","3":"status-publish","4":"has-post-thumbnail","6":"product_cat-epitoipari-bevonatok","7":"product_cat-impregnalas","9":"first","10":"instock","11":"shipping-taxable","12":"product-type-simple"},"_links":{"self":[{"href":"https:\/\/nevenacolor.co.rs\/hu\/wp-json\/wp\/v2\/product\/36177","targetHints":{"allow":["GET"]}}],"collection":[{"href":"https:\/\/nevenacolor.co.rs\/hu\/wp-json\/wp\/v2\/product"}],"about":[{"href":"https:\/\/nevenacolor.co.rs\/hu\/wp-json\/wp\/v2\/types\/product"}],"version-history":[{"count":2,"href":"https:\/\/nevenacolor.co.rs\/hu\/wp-json\/wp\/v2\/product\/36177\/revisions"}],"predecessor-version":[{"id":36236,"href":"https:\/\/nevenacolor.co.rs\/hu\/wp-json\/wp\/v2\/product\/36177\/revisions\/36236"}],"wp:featuredmedia":[{"embeddable":true,"href":"https:\/\/nevenacolor.co.rs\/hu\/wp-json\/wp\/v2\/media\/35873"}],"wp:attachment":[{"href":"https:\/\/nevenacolor.co.rs\/hu\/wp-json\/wp\/v2\/media?parent=36177"}],"wp:term":[{"taxonomy":"product_brand","embeddable":true,"href":"https:\/\/nevenacolor.co.rs\/hu\/wp-json\/wp\/v2\/product_brand?post=36177"},{"taxonomy":"product_cat","embeddable":true,"href":"https:\/\/nevenacolor.co.rs\/hu\/wp-json\/wp\/v2\/product_cat?post=36177"},{"taxonomy":"product_tag","embeddable":true,"href":"https:\/\/nevenacolor.co.rs\/hu\/wp-json\/wp\/v2\/product_tag?post=36177"}],"curies":[{"name":"wp","href":"https:\/\/api.w.org\/{rel}","templated":true}]}}