{"id":36178,"date":"2024-05-21T14:15:38","date_gmt":"2024-05-21T14:15:38","guid":{"rendered":"https:\/\/nevenacolor.co.rs\/proizvod\/cool-016-keramia-csereragaszto-c2tes1\/"},"modified":"2025-05-02T12:52:59","modified_gmt":"2025-05-02T12:52:59","slug":"cool-016-keramia-csereragaszto-c2tes1","status":"publish","type":"product","link":"https:\/\/nevenacolor.co.rs\/hu\/term\u00e9k\/cool-016-keramia-csereragaszto-c2tes1\/","title":{"rendered":"COOL 016 KER\u00c1MIA CSERERAGASZT\u00d3 C2TES1"},"content":{"rendered":"<h3><strong>\u00c1LTAL\u00c1NOS ADATOK \u00c9S RENDELTET\u00c9S<\/strong><\/h3>\n<p>A COOL 016 ragaszt\u00f3 ker\u00e1miacsemp\u00e9khez egy elasztikus ragaszt\u00f3, amely hidraulikus k\u00f6t\u0151anyagokon, szintetikus polimereken, speci\u00e1lis adal\u00e9kokon \u00e9s speci\u00e1lisan kiv\u00e1lasztott t\u00f6lt\u0151anyagokon alapul. K\u00fcls\u0151 \u00e9s bels\u0151 haszn\u00e1latra, csempe csemp\u00e9re ragaszt\u00e1s\u00e1ra, ker\u00e1mi\u00e1k ragaszt\u00e1s\u00e1ra t\u00f6m\u00f6r, fal-, padl\u00f3- \u00e9s homlokzati fel\u00fcletekre (cement, m\u00e9sz \u00e9s beton alap\u00fa habarcsb\u00f3l k\u00e9sz\u00fclt).<\/p>\n<h3><strong>ALKALMAZ\u00c1SI \u00daTMUTAT\u00d3<\/strong><\/h3>\n<p>A ker\u00e1mia burkol\u00f3lap fel\u00fclet\u00e9nek szil\u00e1rdnak, sz\u00e1raznak, tiszt\u00e1nak, fagymentesnek, teherb\u00edr\u00f3nak, zs\u00edr- \u00e9s s\u00f3mentesnek kell lennie. Az egyenetlen fel\u00fcleteket jav\u00edtani kell. Nedvsz\u00edv\u00f3 aljzatok eset\u00e9n a ragaszt\u00f3 felhord\u00e1sa el\u0151tt a fel\u00fcleteket le kell alapozni COOL akril aljzattal. A COOL NC 016 impregn\u00e1l\u00e1st r\u00e9gi f\u00fcrd\u0151szob\u00e1k vagy csemp\u00e9k fel\u00faj\u00edt\u00e1s\u00e1ra haszn\u00e1lj\u00e1k.<\/p>\n<p>Massza elk\u00e9sz\u00edt\u00e9se: Egy 25 kg-os zacsk\u00f3 tartalm\u00e1t keverj\u00fck \u00f6ssze kb. 7 liter. v\u00edzzel, k\u00e9zzel vagy elektromos kever\u0151vel, am\u00edg a massza homog\u00e9n, csom\u00f3mentes lesz. Folyamatos kever\u00e9s mellett lassan hozz\u00e1adjuk a port. Hagyja \u00e1llni a kever\u00e9ket kb. 10 percig, majd ism\u00e9t intenz\u00edven keverj\u00fck \u00f6ssze, \u00e9s ha sz\u00fcks\u00e9ges, adjunk hozz\u00e1 vizet a ragaszt\u00f3 megfelel\u0151 \u00e1llag\u00e1hoz. Az elk\u00e9sz\u00edtett ragaszt\u00f3kever\u00e9ket 2-3 \u00f3r\u00e1n bel\u00fcl fel kell haszn\u00e1lni.<\/p>\n<p class=\"p1\"><b>ALKALMAZ\u00c1SI M\u00d3D:<\/b><\/p>\n<p class=\"p1\">A COOL 016 A ker\u00e1miacsemp\u00e9k ragaszt\u00f3j\u00e1t fogazott sim\u00edt\u00f3val kell felhordani. El\u0151sz\u00f6r a sim\u00edt\u00f3 lapos oldal\u00e1val ragaszt\u00f3t hordunk fel, majd a felvitt massz\u00e1t a sim\u00edt\u00f3 fogazott oldal\u00e1val 4-6 mm fogm\u00e9lys\u00e9ggel kenj\u00fck fel norm\u00e1l m\u00e9ret\u0171 10-20 cm-es csemp\u00e9k ragaszt\u00e1s\u00e1n\u00e1l. Nagyobb m\u00e9ret\u0171 burkol\u00f3lapok ragaszt\u00e1s\u00e1hoz nagyobb fogm\u00e9lys\u00e9g\u0171 szersz\u00e1mot haszn\u00e1lnak. A ragaszt\u00f3val bevont csempe fel\u00fclet\u00e9nek legal\u00e1bb 65%-nak kell lennie. A falcsemp\u00e9k k\u00f6z\u00f6tti h\u00e9zagokat 24 \u00f3ra, a padl\u00f3lapok k\u00f6z\u00f6tti h\u00e9zagokat 48 \u00f3ra eltelt\u00e9vel t\u00f6ltse ki COOL fug\u00e1z\u00f3anyaggal. A felvitt ragaszt\u00f3 nyit\u00e1si ideje norm\u00e1l 23\u00b0C-os \u00e9s 60%-os relat\u00edv p\u00e1ratartalom mellett 30 perc. A nedvsz\u00edv\u00f3 ker\u00e1mia csemp\u00e9ket \u00e9s a szabv\u00e1nyos csemp\u00e9ket ragaszt\u00e1s el\u0151tt \u00e1ztassa v\u00edzbe. A csempe be\u00e9p\u00edt\u00e9se sor\u00e1n a munkah\u0151m\u00e9rs\u00e9kletnek +5 \u00e9s +30\u00b0C k\u00f6z\u00f6tt kell lennie. A magas p\u00e1ratartalom \u00e9s az alacsony h\u0151m\u00e9rs\u00e9klet n\u00f6veli a ragaszt\u00f3 sz\u00e1rad\u00e1si \u00e9s k\u00f6t\u00e9si idej\u00e9t. A t\u00e1gul\u00e1si h\u00e9zagokat tart\u00f3san t\u00f6ltse ki rugalmas gitttel. A sz\u00e1rad\u00e1si id\u0151 k\u00f6nny\u0171t\u0151l a teljes t\u00f6ltetig 24 \u00f3ra \u00e9s 8 nap k\u00f6z\u00f6tt van.<\/p>\n<p class=\"p1\">A csempe felhelyez\u00e9se ut\u00e1n azonnal \u00f6bl\u00edtse le a szersz\u00e1mot v\u00edzzel.<\/p>\n<h3><strong>FELHASZN\u00c1L\u00c1S<\/strong><\/h3>\n<p>2,5-4,0 kg\/m<span class=\"s1\"><sup>2 <\/sup><\/span>(az aljzat min\u0151s\u00e9g\u00e9t\u0151l, a burkol\u00f3lapokt\u00f3l, a technik\u00e1t\u00f3l \u00e9s a bevonat vastags\u00e1g\u00e1t\u00f3l f\u00fcgg\u0151en).<\/p>\n<h3><strong>CSOMAGOL\u00c1S<\/strong><\/h3>\n<p>25 kg<\/p>\n<h3><strong>FELHASZN\u00c1LHAT\u00d3S\u00c1GI ID\u0150 \u00c9S T\u00c1ROL\u00c1S<\/strong><\/h3>\n<p>12 h\u00f3napig kell t\u00e1rolni az eredeti, j\u00f3l lez\u00e1rt \u00e9s s\u00e9rtetlen csomagol\u00e1sban, +5\u00baC \u00e9s +25\u00baC k\u00f6z\u00f6tti h\u0151m\u00e9rs\u00e9kleten.<\/p>\n<h3><strong>DOKUMENT\u00c1CI\u00d3<\/strong><\/h3>\n<div class=\"dokumentacija\">\n<p><a class=\"dugmeproizvod\" href=\"https:\/\/nevenacolor.co.rs\/wp-content\/uploads\/2024\/10\/Tehnicka-dokumentacija.pdf\" target=\"_blank\" rel=\"noopener\">M\u0170SZAKI ADATLAP<\/a><\/p>\n<p><a class=\"dugmeproizvod\" href=\"https:\/\/nevenacolor.co.rs\/wp-content\/uploads\/2024\/10\/Bezbedonosni-list.pdf\" target=\"_blank\" rel=\"noopener\">BIZTONS\u00c1GI ADATLAP<\/a><\/p>\n<\/div>\n<p>&nbsp;<\/p>\n<p><iframe loading=\"lazy\" title=\"YouTube video player\" src=\"https:\/\/www.youtube.com\/embed\/rFXcVp5s2gc?si=oUTOltGkf311LsBG\" width=\"560\" height=\"415\" frameborder=\"0\" allowfullscreen=\"allowfullscreen\"><\/iframe><\/p>\n","protected":false},"excerpt":{"rendered":"<p>\u00c1LTAL\u00c1NOS ADATOK \u00c9S RENDELTET\u00c9S A COOL 016 ragaszt\u00f3 ker\u00e1miacsemp\u00e9khez egy elasztikus ragaszt\u00f3, amely hidraulikus k\u00f6t\u0151anyagokon, szintetikus polimereken, speci\u00e1lis adal\u00e9kokon \u00e9s<\/p>\n","protected":false},"featured_media":35292,"template":"","meta":{"_monsterinsights_skip_tracking":false,"_monsterinsights_sitenote_active":false,"_monsterinsights_sitenote_note":"","_monsterinsights_sitenote_category":0},"product_brand":[],"product_cat":[331,343],"product_tag":[],"class_list":{"0":"post-36178","1":"product","2":"type-product","3":"status-publish","4":"has-post-thumbnail","6":"product_cat-epitoipari-bevonatok","7":"product_cat-ragasztok-keramia-csemke-fektesehez","9":"first","10":"instock","11":"shipping-taxable","12":"product-type-simple"},"_links":{"self":[{"href":"https:\/\/nevenacolor.co.rs\/hu\/wp-json\/wp\/v2\/product\/36178","targetHints":{"allow":["GET"]}}],"collection":[{"href":"https:\/\/nevenacolor.co.rs\/hu\/wp-json\/wp\/v2\/product"}],"about":[{"href":"https:\/\/nevenacolor.co.rs\/hu\/wp-json\/wp\/v2\/types\/product"}],"version-history":[{"count":1,"href":"https:\/\/nevenacolor.co.rs\/hu\/wp-json\/wp\/v2\/product\/36178\/revisions"}],"predecessor-version":[{"id":36234,"href":"https:\/\/nevenacolor.co.rs\/hu\/wp-json\/wp\/v2\/product\/36178\/revisions\/36234"}],"wp:featuredmedia":[{"embeddable":true,"href":"https:\/\/nevenacolor.co.rs\/hu\/wp-json\/wp\/v2\/media\/35292"}],"wp:attachment":[{"href":"https:\/\/nevenacolor.co.rs\/hu\/wp-json\/wp\/v2\/media?parent=36178"}],"wp:term":[{"taxonomy":"product_brand","embeddable":true,"href":"https:\/\/nevenacolor.co.rs\/hu\/wp-json\/wp\/v2\/product_brand?post=36178"},{"taxonomy":"product_cat","embeddable":true,"href":"https:\/\/nevenacolor.co.rs\/hu\/wp-json\/wp\/v2\/product_cat?post=36178"},{"taxonomy":"product_tag","embeddable":true,"href":"https:\/\/nevenacolor.co.rs\/hu\/wp-json\/wp\/v2\/product_tag?post=36178"}],"curies":[{"name":"wp","href":"https:\/\/api.w.org\/{rel}","templated":true}]}}