{"id":36179,"date":"2024-05-21T14:32:41","date_gmt":"2024-05-21T14:32:41","guid":{"rendered":"https:\/\/nevenacolor.co.rs\/proizvod\/cool-akril-alapuj\/"},"modified":"2025-05-02T12:55:57","modified_gmt":"2025-05-02T12:55:57","slug":"cool-akril-alapuj","status":"publish","type":"product","link":"https:\/\/nevenacolor.co.rs\/hu\/term\u00e9k\/cool-akril-alapuj\/","title":{"rendered":"COOL AKRIL ALAP\u00daJ"},"content":{"rendered":"<h3><strong>\u00c1LTAL\u00c1NOS ADATOK \u00c9S RENDELTET\u00c9S<\/strong><\/h3>\n<p>A COOL ACRYLIC SUBSTRATE egy koncentr\u00e1lt emulzi\u00f3 m\u00e9sz, m\u00e9sz-cement \u00e9s egy\u00e9b por\u00f3zus fel\u00fcletek impregn\u00e1l\u00e1s\u00e1ra. A COOL ACRYLIC SUBSTRATE a falak impregn\u00e1l\u00e1s\u00e1ra szolg\u00e1l a diszperzi\u00f3s fest\u00e9kek felhord\u00e1sa el\u0151tt. Jav\u00edtja az \u00faj bevonatok tapad\u00e1s\u00e1t, cs\u00f6kkenti az aljzat \u00e1tereszt\u0151k\u00e9pess\u00e9g\u00e9t \u00e9s cs\u00f6kkenti a fed\u0151bevonatok fogyaszt\u00e1s\u00e1t<\/p>\n<h3><strong>ALKALMAZ\u00c1SI \u00daTMUTAT\u00d3<\/strong><\/h3>\n<p>A fel\u00fcletnek sz\u00e1raznak, port\u00f3l, laza r\u00e9szecsk\u00e9kt\u0151l \u00e9s egy\u00e9b szennyez\u0151d\u00e9sekt\u0151l, zs\u00edrt\u00f3l, r\u00e9gi vakolat- \u00e9s betonr\u00e9szekt\u0151l mentesnek kell lennie. Az alkalmaz\u00e1shoz v\u00edzzel 1:4, 1:5 \u00e9s 1:9 ar\u00e1nyban kell h\u00edg\u00edtani. A COOL ACRYL ALAPJ\u00c1T\u00c9K felhord\u00e1sa ecsettel vagy hengerrel t\u00f6rt\u00e9nik. Haszn\u00e1lat ut\u00e1n azonnal mossa le a szersz\u00e1mot v\u00edzzel.<\/p>\n<h3><strong>FELHASZN\u00c1L\u00c1S<\/strong><\/h3>\n<p>3-5m<span class=\"s1\"><sup>2<\/sup><\/span>\/l, h\u00edg\u00edtott emulzi\u00f3k.<\/p>\n<h3><strong>CSOMAGOL\u00c1S<\/strong><\/h3>\n<p>1 l<\/p>\n<h3><strong>FELHASZN\u00c1LHAT\u00d3S\u00c1GI ID\u0150 \u00c9S T\u00c1ROL\u00c1S<\/strong><\/h3>\n<p>Eredeti, j\u00f3l lez\u00e1rt \u00e9s s\u00e9r\u00fcl\u00e9smentes csomagol\u00e1sban 18 h\u00f3napig, +5\u00baC \u00e9s +25\u00baC k\u00f6z\u00f6tti h\u0151m\u00e9rs\u00e9kleten, k\u00f6zvetlen napf\u00e9nyt\u0151l \u00e9s fagy\u00e1st\u00f3l v\u00e9dve t\u00e1roland\u00f3.<\/p>\n<h3><strong>DOKUMENT\u00c1CI\u00d3<\/strong><\/h3>\n<div class=\"dokumentacija\">\n<p><a class=\"dugmeproizvod\" href=\"https:\/\/nevenacolor.co.rs\/wp-content\/uploads\/2024\/12\/Tehicka-dokumentacija-akril-podloga.pdf\" target=\"_blank\" rel=\"noopener\">M\u0170SZAKI ADATLAP<\/a><\/p>\n<p><a class=\"dugmeproizvod\" href=\"https:\/\/nevenacolor.co.rs\/wp-content\/uploads\/2024\/12\/Bezbedonosni-list-akril-podloga.pdf\" target=\"_blank\" rel=\"noopener\">BIZTONS\u00c1GI ADATLAP<\/a><\/p>\n<\/div>\n<p>&nbsp;<\/p>\n","protected":false},"excerpt":{"rendered":"<p>\u00c1LTAL\u00c1NOS ADATOK \u00c9S RENDELTET\u00c9S A COOL ACRYLIC SUBSTRATE egy koncentr\u00e1lt emulzi\u00f3 m\u00e9sz, m\u00e9sz-cement \u00e9s egy\u00e9b por\u00f3zus fel\u00fcletek impregn\u00e1l\u00e1s\u00e1ra. A COOL<\/p>\n","protected":false},"featured_media":35872,"template":"","meta":{"_monsterinsights_skip_tracking":false,"_monsterinsights_sitenote_active":false,"_monsterinsights_sitenote_note":"","_monsterinsights_sitenote_category":0},"product_brand":[],"product_cat":[331,342],"product_tag":[],"class_list":{"0":"post-36179","1":"product","2":"type-product","3":"status-publish","4":"has-post-thumbnail","6":"product_cat-epitoipari-bevonatok","7":"product_cat-impregnalas","9":"first","10":"instock","11":"shipping-taxable","12":"product-type-simple"},"_links":{"self":[{"href":"https:\/\/nevenacolor.co.rs\/hu\/wp-json\/wp\/v2\/product\/36179","targetHints":{"allow":["GET"]}}],"collection":[{"href":"https:\/\/nevenacolor.co.rs\/hu\/wp-json\/wp\/v2\/product"}],"about":[{"href":"https:\/\/nevenacolor.co.rs\/hu\/wp-json\/wp\/v2\/types\/product"}],"version-history":[{"count":1,"href":"https:\/\/nevenacolor.co.rs\/hu\/wp-json\/wp\/v2\/product\/36179\/revisions"}],"predecessor-version":[{"id":36243,"href":"https:\/\/nevenacolor.co.rs\/hu\/wp-json\/wp\/v2\/product\/36179\/revisions\/36243"}],"wp:featuredmedia":[{"embeddable":true,"href":"https:\/\/nevenacolor.co.rs\/hu\/wp-json\/wp\/v2\/media\/35872"}],"wp:attachment":[{"href":"https:\/\/nevenacolor.co.rs\/hu\/wp-json\/wp\/v2\/media?parent=36179"}],"wp:term":[{"taxonomy":"product_brand","embeddable":true,"href":"https:\/\/nevenacolor.co.rs\/hu\/wp-json\/wp\/v2\/product_brand?post=36179"},{"taxonomy":"product_cat","embeddable":true,"href":"https:\/\/nevenacolor.co.rs\/hu\/wp-json\/wp\/v2\/product_cat?post=36179"},{"taxonomy":"product_tag","embeddable":true,"href":"https:\/\/nevenacolor.co.rs\/hu\/wp-json\/wp\/v2\/product_tag?post=36179"}],"curies":[{"name":"wp","href":"https:\/\/api.w.org\/{rel}","templated":true}]}}