{"id":36180,"date":"2024-05-21T14:17:52","date_gmt":"2024-05-21T14:17:52","guid":{"rendered":"https:\/\/nevenacolor.co.rs\/proizvod\/cool-basic-ragaszto\/"},"modified":"2025-05-02T12:54:05","modified_gmt":"2025-05-02T12:54:05","slug":"cool-basic-ragaszto","status":"publish","type":"product","link":"https:\/\/nevenacolor.co.rs\/hu\/term\u00e9k\/cool-basic-ragaszto\/","title":{"rendered":"COOL BASIC RAGASZT\u00d3"},"content":{"rendered":"<h3><strong>\u00c1LTAL\u00c1NOS ADATOK \u00c9S RENDELTET\u00c9S<\/strong><\/h3>\n<p class=\"p1\">Polimer \u00e9s cement alap\u00fa COOL BASIC ragaszt\u00f3, \u00e9p\u00edt\u0151ipari ragaszt\u00f3, hungarocell h\u0151szigetel\u0151 panelek \u00e1sv\u00e1nyi aljzatra t\u00f6rt\u00e9n\u0151 ragaszt\u00e1s\u00e1ra szolg\u00e1l.<\/p>\n<p class=\"p2\">Nem h\u00e1l\u00f3 ragaszt\u00e1s\u00e1ra (meger\u0151s\u00edt\u00e9s\u00e9re) vagy v\u00e9gs\u0151 r\u00e9tegnek val\u00f3.<\/p>\n<h3><strong>ALKALMAZ\u00c1SI \u00daTMUTAT\u00d3<\/strong><\/h3>\n<p class=\"p1\">A legal\u00e1bb 2 h\u00f3napos betonb\u00f3l, t\u00e9gl\u00e1b\u00f3l, b\u0151v\u00edt\u0151habarcsb\u00f3l, p\u00f3rusbetonb\u00f3l, szalonitb\u00f3l stb. k\u00e9sz\u00fclt aljzatnak s\u00edknak, szil\u00e1rdnak, sz\u00e1raznak, tiszt\u00e1nak, gyeng\u00e9n k\u00f6t\u00f6tt r\u00e9szekt\u0151l \u00e9s zs\u00edros foltokt\u00f3l mentesnek kell lennie.<\/p>\n<p class=\"p1\">Keverje \u00f6ssze a 25 kg-os zacsk\u00f3 tartalm\u00e1t kb. 6 liter vizet elektromos kever\u0151vel, am\u00edg a massza homog\u00e9n, csom\u00f3mentes lesz. Hagyja \u00e1llni a kever\u00e9ket k\u00f6r\u00fclbel\u00fcl 10 percig, majd keverje \u00fajra. Az \u00edgy elk\u00e9sz\u00edtett massza be\u00e9p\u00edt\u00e9sre k\u00e9sz, \u00e9s 2 \u00f3r\u00e1n bel\u00fcl fel kell haszn\u00e1lni.<\/p>\n<p class=\"p1\">A COOL BASIC GLUE-t cs\u00edkokban vigye fel a panel sz\u00e9lei ment\u00e9n \u00e9s k\u00f6z\u00e9pen pontozottan, majd nyomja r\u00e1 a panelt az el\u0151k\u00e9sz\u00edtett fel\u00fcletre. A t\u00e1bla ker\u00fclete ment\u00e9n 3-5 cm sz\u00e9less\u00e9gben \u00e9s 1-2 cm vastags\u00e1g\u00fa cs\u00edkokat kell felhordani. A hungarocell lapok javasolt d\u00fcbelez\u00e9se, \u00e1ltal\u00e1ban legal\u00e1bb 6 tip\/m<span class=\"s1\"><sup>2<\/sup><\/span>. A ragaszt\u00f3val bevont t\u00e1bla fel\u00fclet\u00e9nek 40%-n\u00e1l nagyobbnak kell lennie.<\/p>\n<p class=\"p1\">H\u0151szigetel\u0151 EPS t\u00e1bl\u00e1k feldolgoz\u00e1sa: 2 nap eltelt\u00e9vel f\u00e9msim\u00edt\u00f3val COOL UNI ADHESIVE-ot kell felhordani 2-3 mm vastags\u00e1gban a COOL BASIC ragaszt\u00f3val ragasztott lapokra, \u00e9s a h\u00e1l\u00f3t a teljes homlokzati fel\u00fcletre r\u00e1nyomni. Hagyja a r\u00e9teget sz\u00e1radni 48 \u00f3r\u00e1n kereszt\u00fcl (norm\u00e1l k\u00f6r\u00fclm\u00e9nyek k\u00f6z\u00f6tt), majd fejezze be COOL dekorvakolattal.<\/p>\n<p class=\"p2\">Haszn\u00e1lat ut\u00e1n mossa le a szersz\u00e1mot v\u00edzzel.<\/p>\n<h3><strong>FELHASZN\u00c1L\u00c1S<\/strong><\/h3>\n<p>3.0-4.0 kg\/m<span class=\"s1\"><sup>2<\/sup><\/span><\/p>\n<h3><strong>CSOMAGOL\u00c1S<\/strong><\/h3>\n<p>25 kg<\/p>\n<h3><strong>FELHASZN\u00c1LHAT\u00d3S\u00c1GI ID\u0150 \u00c9S T\u00c1ROL\u00c1S<\/strong><\/h3>\n<p>12 h\u00f3napig kell t\u00e1rolni az eredeti, j\u00f3l lez\u00e1rt \u00e9s s\u00e9rtetlen csomagol\u00e1sban, +5\u00baC \u00e9s +25\u00baC k\u00f6z\u00f6tti h\u0151m\u00e9rs\u00e9kleten.<\/p>\n<h3><strong>M\u0170K\u00d6D\u00c9SI H\u0150M\u00c9RS\u00c9KLET<\/strong><\/h3>\n<p>Az optim\u00e1lis munkah\u0151m\u00e9rs\u00e9klet +10\u00b0C \u00e9s +30\u00b0C k\u00f6z\u00f6tt van. Nem haszn\u00e1lhat\u00f3 +5\u00b0C alatt, valamint er\u0151s napf\u00e9nyben, sz\u00e9lben, k\u00f6dben \u00e9s es\u0151ben. Optim\u00e1lis k\u00f6r\u00fclm\u00e9nyek k\u00f6z\u00f6tt a frissen felhordott fel\u00fcleteket legal\u00e1bb 24 \u00f3r\u00e1n kereszt\u00fcl v\u00e9deni kell a l\u00e9gk\u00f6ri hat\u00e1sokt\u00f3l.<\/p>\n<h3><strong>DOKUMENT\u00c1CI\u00d3<\/strong><\/h3>\n<div class=\"dokumentacija\">\n<p><a class=\"dugmeproizvod\" href=\"https:\/\/nevenacolor.co.rs\/wp-content\/uploads\/2024\/12\/Tehnicka-dokumentacija-basic-lepak.pdf\" target=\"_blank\" rel=\"noopener\">M\u0170SZAKI ADATLAP<\/a><\/p>\n<p><a class=\"dugmeproizvod\" href=\"https:\/\/nevenacolor.co.rs\/wp-content\/uploads\/2024\/12\/Bezbedonosni-list-basic-lepak.pdf\" target=\"_blank\" rel=\"noopener\">BIZTONS\u00c1GI ADATLAP<\/a><\/p>\n<\/div>\n<p>&nbsp;<\/p>\n","protected":false},"excerpt":{"rendered":"<p>\u00c1LTAL\u00c1NOS ADATOK \u00c9S RENDELTET\u00c9S Polimer \u00e9s cement alap\u00fa COOL BASIC ragaszt\u00f3, \u00e9p\u00edt\u0151ipari ragaszt\u00f3, hungarocell h\u0151szigetel\u0151 panelek \u00e1sv\u00e1nyi aljzatra t\u00f6rt\u00e9n\u0151 ragaszt\u00e1s\u00e1ra<\/p>\n","protected":false},"featured_media":35334,"template":"","meta":{"_monsterinsights_skip_tracking":false,"_monsterinsights_sitenote_active":false,"_monsterinsights_sitenote_note":"","_monsterinsights_sitenote_category":0},"product_brand":[],"product_cat":[331,339],"product_tag":[],"class_list":{"0":"post-36180","1":"product","2":"type-product","3":"status-publish","4":"has-post-thumbnail","6":"product_cat-epitoipari-bevonatok","7":"product_cat-homlokzati-ragasztok","9":"first","10":"instock","11":"shipping-taxable","12":"product-type-simple"},"_links":{"self":[{"href":"https:\/\/nevenacolor.co.rs\/hu\/wp-json\/wp\/v2\/product\/36180","targetHints":{"allow":["GET"]}}],"collection":[{"href":"https:\/\/nevenacolor.co.rs\/hu\/wp-json\/wp\/v2\/product"}],"about":[{"href":"https:\/\/nevenacolor.co.rs\/hu\/wp-json\/wp\/v2\/types\/product"}],"version-history":[{"count":1,"href":"https:\/\/nevenacolor.co.rs\/hu\/wp-json\/wp\/v2\/product\/36180\/revisions"}],"predecessor-version":[{"id":36238,"href":"https:\/\/nevenacolor.co.rs\/hu\/wp-json\/wp\/v2\/product\/36180\/revisions\/36238"}],"wp:featuredmedia":[{"embeddable":true,"href":"https:\/\/nevenacolor.co.rs\/hu\/wp-json\/wp\/v2\/media\/35334"}],"wp:attachment":[{"href":"https:\/\/nevenacolor.co.rs\/hu\/wp-json\/wp\/v2\/media?parent=36180"}],"wp:term":[{"taxonomy":"product_brand","embeddable":true,"href":"https:\/\/nevenacolor.co.rs\/hu\/wp-json\/wp\/v2\/product_brand?post=36180"},{"taxonomy":"product_cat","embeddable":true,"href":"https:\/\/nevenacolor.co.rs\/hu\/wp-json\/wp\/v2\/product_cat?post=36180"},{"taxonomy":"product_tag","embeddable":true,"href":"https:\/\/nevenacolor.co.rs\/hu\/wp-json\/wp\/v2\/product_tag?post=36180"}],"curies":[{"name":"wp","href":"https:\/\/api.w.org\/{rel}","templated":true}]}}