{"id":36181,"date":"2024-05-21T14:29:41","date_gmt":"2024-05-21T14:29:41","guid":{"rendered":"https:\/\/nevenacolor.co.rs\/proizvod\/cool-homlokzati-vakolat-simitott-szerkezete-w-megfogadott-szerkezete-r\/"},"modified":"2026-03-05T14:14:49","modified_gmt":"2026-03-05T14:14:49","slug":"cool-homlokzati-vakolat-simitott-szerkezete-w-megfogadott-szerkezete-r","status":"publish","type":"product","link":"https:\/\/nevenacolor.co.rs\/hu\/term\u00e9k\/cool-homlokzati-vakolat-simitott-szerkezete-w-megfogadott-szerkezete-r\/","title":{"rendered":"COOL HOMLOKZATI VAKOLAT &#8211; sim\u00edtott SZERKEZETE W \/ MEGFOGADOTT SZERKEZETE R"},"content":{"rendered":"<h3><strong>\u00c1LTAL\u00c1NOS ADATOK \u00c9S RENDELTET\u00c9S<\/strong><\/h3>\n<p class=\"p1\"><b>COOL HOMLOKZAT VAKOLAT &#8211; SIMA SZERKEZETE Z \/ GRABBED STRUCTURE R<\/b> egy pasztaszer\u0171 \u00e1llapot\u00fa dekorvakolat, amely kiv\u00e1l\u00f3 min\u0151s\u00e9g\u0171 akril emulzi\u00f3, speci\u00e1lis adal\u00e9kok, pigmentek \u00e9s \u00e1sv\u00e1nyi t\u00f6lt\u0151anyagok alapj\u00e1n k\u00e9sz\u00fcl. Homlokzati falfel\u00fcletek v\u00e9delm\u00e9re \u00e9s d\u00edsz\u00edt\u00e9s\u00e9re szolg\u00e1l. J\u00f3 fel\u00fcleti tapad\u00e1s, kiv\u00e9teles megmunk\u00e1lhat\u00f3s\u00e1g, nagy szil\u00e1rds\u00e1g \u00e9s v\u00edztasz\u00edt\u00f3 k\u00e9pess\u00e9g jellemzi. Ellen\u00e1ll a l\u00e9gk\u00f6ri hat\u00e1soknak \u00e9s az UV sug\u00e1rz\u00e1snak.<\/p>\n<p class=\"p1\"><b>COOL HOMLOKZATI VAKOLAT &#8211; ELsim\u00edtott SZERKEZET A Z<\/b> h\u00e1rom k\u00fcl\u00f6nb\u00f6z\u0151 granul\u00e1tumban k\u00e9sz\u00fcl 1; 1,5 \u00e9s 2 mm.<\/p>\n<p class=\"p1\"><b>A COOL HOMLOKZAT VAKOLAT &#8211; MEGFOGADOTT SZERKEZET R<\/b> k\u00e9t k\u00fcl\u00f6nb\u00f6z\u0151 granul\u00e1tumban k\u00e9sz\u00fcl, 1,5 \u00e9s 2 mm-es<\/p>\n<h3><strong>ALKALMAZ\u00c1SI \u00daTMUTAT\u00d3<\/strong><\/h3>\n<p class=\"p1\"><b>FEL\u00dcLET EL\u0150K\u00c9SZ\u00cdT\u00c9S: <\/b><\/p>\n<p class=\"p1\">Az aljzatnak, amelyre a COOL homlokzati vakolatot felhordj\u00e1k, szil\u00e1rdnak, sz\u00e1raznak kell lennie, gyeng\u00e9n k\u00f6t\u00f6tt r\u00e9szek, zs\u00edros foltok, v\u00edzben old\u00f3d\u00f3 s\u00f3k \u00e9s egy\u00e9b szennyez\u0151d\u00e9sek n\u00e9lk\u00fcl, amelyek h\u00e1tr\u00e1nyosan befoly\u00e1solhatj\u00e1k a vakolat tapad\u00e1s\u00e1t az aljzathoz. Aljzatk\u00e9nt alkalmazhat\u00f3 minden m\u00e9szb\u0151l, cementb\u0151l \u00e9s cement-m\u00e9sz habarcsb\u00f3l k\u00e9sz\u00fclt fel\u00fclet (legal\u00e1bb 28 napos), h\u0151szigetel\u0151 rendszerek v\u00e9gs\u0151 r\u00e9tege (legal\u00e1bb 7 napos), betonfel\u00fclet (legal\u00e1bb 28 napos). A homlokzati vakolatot +20\u00b0C h\u0151m\u00e9rs\u00e9kleten \u00e9s 60%-os relat\u00edv p\u00e1ratartalom mellett hordj\u00e1k fel. Az alacsonyabb h\u0151m\u00e9rs\u00e9klet \u00e9s a magasabb relat\u00edv p\u00e1ratartalom meghosszabb\u00edtja a vakolat sz\u00e1rad\u00e1si idej\u00e9t.<\/p>\n<p class=\"p1\">A dekorat\u00edv COOL homlokzati vakolat felhord\u00e1sa el\u0151tt a sim\u00edtott szerkezet\u0171 Z fel\u00fcletet COOL akril alappal kell alapozni a vakolat hozz\u00e1vet\u0151leges \u00e1rnyalat\u00e1ban.<\/p>\n<p class=\"p1\">Ha az \u00e1sv\u00e1nyi aljzatot R kiegyenl\u00edtett szerkezet\u0171 COOL homlokzati vakolat felhord\u00e1s\u00e1hoz kell el\u0151k\u00e9sz\u00edteni, akkor az aljzatot el\u0151alapozzuk COOL homlokzati aljzattal. Maga az aljzat az R kiegyenl\u00edtett habarcs hozz\u00e1vet\u0151leges \u00e1rnyalat\u00e1ban sz\u00ednezhet\u0151.<\/p>\n<p class=\"p1\">Az aljzat sz\u00e1rad\u00e1si ideje a homlokzati vakolat felhord\u00e1sa el\u0151tt 6-8 \u00f3ra.<\/p>\n<p class=\"p1\"><b>MUNKAUTAS\u00cdT\u00c1SOK: <\/b><\/p>\n<p class=\"p1\">A COOL homlokzati vakolat haszn\u00e1lata el\u0151tt k\u00e9zi elektromos kever\u0151vel alaposan \u00f6ssze kell keverni, majd sz\u00fcks\u00e9g eset\u00e9n kis mennyis\u00e9g\u0171 v\u00edzzel (kb. 1%) h\u00edg\u00edtani. A COOL homlokzati vakolat ut\u00f3lagos be\u00e1ll\u00edt\u00e1sa nem megengedett.<\/p>\n<p class=\"p1\">Haszn\u00e1lat el\u0151tt k\u00f6telez\u0151 az \u00e1rny\u00e9kol\u00e1s ellen\u0151rz\u00e9se, majd a megmunk\u00e1land\u00f3 homlokzat fel\u00fclet\u00e9nek megfelel\u0151 mennyis\u00e9g\u0171 habarcs elk\u00e9sz\u00edt\u00e9se.<\/p>\n<p class=\"p1\">A COOL homlokzati vakolatot ac\u00e9l, rozsdamentes sim\u00edt\u00f3val hordjuk fel a legdurv\u00e1bb szemcs\u00e9s vastags\u00e1gban. N\u00e9h\u00e1ny perccel a felhord\u00e1s ut\u00e1n kezdje meg a homlokzati vakolat feldolgoz\u00e1s\u00e1t m\u0171anyag sim\u00edt\u00f3val.<\/p>\n<p class=\"p1\">A COOL homlokzati vakolat Z szerkezettel a megmunk\u00e1l\u00e1s k\u00f6rk\u00f6r\u00f6s mozdulatokkal t\u00f6rt\u00e9nik.<\/p>\n<p class=\"p1\">A COOL homlokzati vakolat R szerkezettel a gerebly\u00e9z\u00e9s k\u00f6rk\u00f6r\u00f6s, f\u00fcgg\u0151leges vagy v\u00edzszintes mozdulatokkal t\u00f6rt\u00e9nik, a fel\u00fclet egys\u00e9ges dekorat\u00edv megjelen\u00e9s\u00e9ig.<\/p>\n<p class=\"p1\">Folyamatos falfel\u00fcleteken egyenletesen \u00e9s megszak\u00edt\u00e1s n\u00e9lk\u00fcl kell dolgozni, az egyenetlens\u00e9gek \u00e9s egyenetlens\u00e9gek elker\u00fcl\u00e9se \u00e9rdek\u00e9ben.<\/p>\n<p class=\"p1\">A COOL homlokzati vakolat 6 \u00f3ra eltelt\u00e9vel tapint\u00e1sra sz\u00e1raz. 24 \u00f3ra eltelt\u00e9vel a homlokzati vakolat teljesen megsz\u00e1rad, \u00e9s csapad\u00e9k\u00e1ll\u00f3s\u00e1g \u00e9rhet\u0151 el.<\/p>\n<p class=\"p1\">Haszn\u00e1lat ut\u00e1n azonnal mossa le v\u00edzzel a szersz\u00e1mot.<\/p>\n<p class=\"p1\"><b>KARBANTART\u00c1S: <\/b><\/p>\n<p class=\"p1\">A COOL homlokzati vakolat nem ig\u00e9nyel k\u00fcl\u00f6n\u00f6sebb karbantart\u00e1st. Javasoljuk, hogy rendszeresen t\u00f6r\u00f6lje \u00e1t a fel\u00fcletet a por elt\u00e1vol\u00edt\u00e1s\u00e1ra. A szennyez\u0151d\u00e9seket meleg v\u00edzzel \u00e9s mos\u00f3szerrel lehet elt\u00e1vol\u00edtani. Ezt k\u00f6vet\u0151en \u00f6bl\u00edtse le a fel\u00fcletet v\u00edzsug\u00e1rral. Abban az esetben, ha a foltokat nem lehet elt\u00e1vol\u00edtani puha kef\u00e9vel, aj\u00e1nlatos tiszta v\u00edzzel le\u00f6bl\u00edteni. Ha a folt tov\u00e1bbra is jelen van, vonja be a foltos fel\u00fcletet a k\u00fcls\u0151 homlokzati fel\u00fcletekhez megfelel\u0151 fest\u00e9kkel. Ne haszn\u00e1ljon s\u00farol\u00f3 hat\u00e1s\u00fa tiszt\u00edt\u00f3szereket.<\/p>\n<h3><strong>FELHASZN\u00c1L\u00c1S<\/strong><\/h3>\n<table class=\"t1\" cellspacing=\"0\" cellpadding=\"0\">\n<tbody>\n<tr>\n<td class=\"td1\" valign=\"top\">\n<p class=\"p2\"><b>FELHASZN\u00c1L\u00c1S<\/b><\/p>\n<\/td>\n<td class=\"td2\" valign=\"top\">\n<p class=\"p2\">1 mm<\/p>\n<\/td>\n<td class=\"td3\" valign=\"top\">\n<p class=\"p2\">1,5 mm<\/p>\n<\/td>\n<td class=\"td4\" valign=\"top\">\n<p class=\"p2\">2 mm<\/p>\n<\/td>\n<\/tr>\n<tr>\n<td class=\"td1\" valign=\"top\">\n<p class=\"p2\">COOL homlokzati vakolat <b>Z<\/b>, kg\/m<span class=\"s1\"><sup>2<\/sup><\/span><\/p>\n<\/td>\n<td class=\"td2\" valign=\"top\">\n<p class=\"p2\">2.5-3<\/p>\n<\/td>\n<td class=\"td3\" valign=\"top\">\n<p class=\"p2\">3-4<\/p>\n<\/td>\n<td class=\"td4\" valign=\"top\">\n<p class=\"p2\">3-4<\/p>\n<\/td>\n<\/tr>\n<tr>\n<td class=\"td5\" valign=\"top\">\n<p class=\"p2\">COOL homlokzati vakolat <b>R<\/b>, kg\/m\u00b2<\/p>\n<\/td>\n<td class=\"td6\" valign=\"top\"><\/td>\n<td class=\"td7\" valign=\"top\">\n<p class=\"p2\">3-4<\/p>\n<\/td>\n<td class=\"td8\" valign=\"top\">\n<p class=\"p2\">3-4<\/p>\n<\/td>\n<\/tr>\n<\/tbody>\n<\/table>\n<h3><strong>CSOMAGOL\u00c1S<\/strong><\/h3>\n<p>25kg<\/p>\n<h3><strong>FELHASZN\u00c1LHAT\u00d3S\u00c1GI ID\u0150 \u00c9S T\u00c1ROL\u00c1S<\/strong><\/h3>\n<p>Eredeti, j\u00f3l lez\u00e1rt \u00e9s s\u00e9r\u00fcl\u00e9smentes csomagol\u00e1sban 18 h\u00f3napig t\u00e1roland\u00f3 +5\u00baC \u00e9s +25\u00baC k\u00f6z\u00f6tti h\u0151m\u00e9rs\u00e9kleten.<\/p>\n<h3><strong>M\u0170K\u00d6D\u00c9SI H\u0150M\u00c9RS\u00c9KLET<\/strong><\/h3>\n<p>Az optim\u00e1lis m\u0171k\u00f6d\u00e9si h\u0151m\u00e9rs\u00e9klet +10 \u00e9s +30\u00b0C k\u00f6z\u00f6tt van. Ne dolgozzon k\u00f6zvetlen napf\u00e9nyben, k\u00f6dben, sz\u00e9lben \u00e9s es\u0151ben<\/p>\n<h3><strong>DOKUMENT\u00c1CI\u00d3<\/strong><\/h3>\n<div class=\"dokumentacija\">\n<p><a class=\"dugmeproizvod\" href=\"https:\/\/nevenacolor.co.rs\/wp-content\/uploads\/2024\/10\/Tehnicka-dokumentacija-fasadni-malterpdf.pdf\" target=\"_blank\" rel=\"noopener\">M\u0170SZAKI ADATLAP<\/a><\/p>\n<p><a class=\"dugmeproizvod\" href=\"https:\/\/nevenacolor.co.rs\/wp-content\/uploads\/2024\/10\/Bezbedonosni-list-fasadni-malter.pdf\" target=\"_blank\" rel=\"noopener\">BIZTONS\u00c1GI ADATLAP<\/a><\/p>\n<\/div>\n<p>&nbsp;<\/p>\n","protected":false},"excerpt":{"rendered":"<p>\u00c1LTAL\u00c1NOS ADATOK \u00c9S RENDELTET\u00c9S COOL HOMLOKZAT VAKOLAT &#8211; SIMA SZERKEZETE Z \/ GRABBED STRUCTURE R egy pasztaszer\u0171 \u00e1llapot\u00fa dekorvakolat, amely<\/p>\n","protected":false},"featured_media":35750,"template":"","meta":{"_monsterinsights_skip_tracking":false,"_monsterinsights_sitenote_active":false,"_monsterinsights_sitenote_note":"","_monsterinsights_sitenote_category":0},"product_brand":[],"product_cat":[338,331],"product_tag":[],"class_list":{"0":"post-36181","1":"product","2":"type-product","3":"status-publish","4":"has-post-thumbnail","6":"product_cat-diszvakolatok","7":"product_cat-epitoipari-bevonatok","9":"first","10":"instock","11":"shipping-taxable","12":"product-type-simple"},"_links":{"self":[{"href":"https:\/\/nevenacolor.co.rs\/hu\/wp-json\/wp\/v2\/product\/36181","targetHints":{"allow":["GET"]}}],"collection":[{"href":"https:\/\/nevenacolor.co.rs\/hu\/wp-json\/wp\/v2\/product"}],"about":[{"href":"https:\/\/nevenacolor.co.rs\/hu\/wp-json\/wp\/v2\/types\/product"}],"version-history":[{"count":1,"href":"https:\/\/nevenacolor.co.rs\/hu\/wp-json\/wp\/v2\/product\/36181\/revisions"}],"predecessor-version":[{"id":36215,"href":"https:\/\/nevenacolor.co.rs\/hu\/wp-json\/wp\/v2\/product\/36181\/revisions\/36215"}],"wp:featuredmedia":[{"embeddable":true,"href":"https:\/\/nevenacolor.co.rs\/hu\/wp-json\/wp\/v2\/media\/35750"}],"wp:attachment":[{"href":"https:\/\/nevenacolor.co.rs\/hu\/wp-json\/wp\/v2\/media?parent=36181"}],"wp:term":[{"taxonomy":"product_brand","embeddable":true,"href":"https:\/\/nevenacolor.co.rs\/hu\/wp-json\/wp\/v2\/product_brand?post=36181"},{"taxonomy":"product_cat","embeddable":true,"href":"https:\/\/nevenacolor.co.rs\/hu\/wp-json\/wp\/v2\/product_cat?post=36181"},{"taxonomy":"product_tag","embeddable":true,"href":"https:\/\/nevenacolor.co.rs\/hu\/wp-json\/wp\/v2\/product_tag?post=36181"}],"curies":[{"name":"wp","href":"https:\/\/api.w.org\/{rel}","templated":true}]}}