{"id":36182,"date":"2024-05-21T14:25:51","date_gmt":"2024-05-21T14:25:51","guid":{"rendered":"https:\/\/nevenacolor.co.rs\/proizvod\/cool-nova-art-dina\/"},"modified":"2025-05-02T12:54:28","modified_gmt":"2025-05-02T12:54:28","slug":"cool-nova-art-dina","status":"publish","type":"product","link":"https:\/\/nevenacolor.co.rs\/hu\/term\u00e9k\/cool-nova-art-dina\/","title":{"rendered":"COOL NOVA ART DINA"},"content":{"rendered":"<h3><strong>\u00c1LTAL\u00c1NOS ADATOK \u00c9S RENDELTET\u00c9S<\/strong><\/h3>\n<p>A COOL NOVA ART DINA egy kiv\u00e1l\u00f3 min\u0151s\u00e9g\u0171 \u00f6kol\u00f3giai, v\u00edzzel moshat\u00f3 akrilfest\u00e9k, amely speci\u00e1lis vizes diszperzi\u00f3k, min\u0151s\u00e9gi t\u00f6lt\u0151anyagok \u00e9s speci\u00e1lis hat\u00e1sos pigmentek alapj\u00e1n k\u00e9sz\u00fcl. Bels\u0151 falfel\u00fcletek d\u00edsz\u00edt\u00e9s\u00e9re \u00e9s v\u00e9delm\u00e9re, l\u00e1tv\u00e1nyosan sz\u00e9p domborm\u0171 fel\u00fcletek \u00e9s speci\u00e1lis effektusok k\u00e9sz\u00edt\u00e9s\u00e9re szolg\u00e1l. J\u00f3 p\u00e1ra\u00e1tereszt\u0151 k\u00e9pess\u00e9ggel rendelkezik, k\u00f6nnyen felvihet\u0151. H\u00e1rom \u00e1rnyalatban kaphat\u00f3: ez\u00fcst, arany \u00e9s bronz.<\/p>\n<h3><strong>ALKALMAZ\u00c1SI \u00daTMUTAT\u00d3<\/strong><\/h3>\n<p>A COOL NOVA ART DINA egy felhord\u00e1sra k\u00e9sz fest\u00e9k, amelyet nem kell v\u00edzzel be\u00e1ll\u00edtani. Az aljzatnak, amelyre felhordja, szil\u00e1rdnak, sz\u00e1raznak, tiszt\u00e1nak kell lennie, gyeng\u00e9n tapad\u00f3 r\u00e9szek, zs\u00edros foltok, stb. n\u00e9lk\u00fcl. Az egyenetlen fel\u00fcleteket COOL GLET MASSZ\u00c1VAL egyenl\u00edtse ki. A dekor\u00e1ci\u00f3s technika felhord\u00e1sa el\u0151tt a fel\u00fcletet COOL NOVA ART PRIMER-rel kell bevonni, az alapoz\u00f3 sz\u00e1rad\u00e1si ideje legal\u00e1bb 6 \u00f3ra.<\/p>\n<p>A COOL NOVA ART DINA-t sz\u00e9les ecsettel hordjuk fel, \u00e1ltal\u00e1ban egy r\u00e9tegben, \u00e9s a k\u00edv\u00e1nt hat\u00e1st\u00f3l f\u00fcgg\u0151en k\u00e9t r\u00e9tegben is felvihet\u0151. A fel\u00fclet v\u00e9gs\u0151 megjelen\u00e9s\u00e9t k\u00fcl\u00f6nb\u00f6z\u0151 felhord\u00e1si technik\u00e1kkal \u00e9rik el. Az applik\u00e1tor k\u00fcl\u00f6nb\u00f6z\u0151 mozdulatait\u00f3l \u00e9s technik\u00e1it\u00f3l f\u00fcgg\u0151en k\u00fcl\u00f6nb\u00f6z\u0151 mint\u00e1kat kapunk a falon. Felhord\u00e1si technika: 1. A COOL NOVA ART DINU-t egy r\u00e9tegben vigye fel enyhe ecsetmozdulatokkal minden ir\u00e1nyban 1-2m<sup>2<\/sup> fel\u00fcletre. 5-10 perc eltelt\u00e9vel ism\u00e9t enyh\u00e9n ecsetelje \u00e1t a felvitt anyagot sz\u00e1raz ecsettel, hogy megteremtse a v\u00e9gs\u0151 megjelen\u00e9st \u00e9s elt\u00e1vol\u00edtsa az ecsetnyomokat. 2. Vigye fel az anyagot kisebb mennyis\u00e9gben, fokozatosan egy r\u00e9tegben ferde, f\u00fcgg\u0151leges vagy v\u00edzszintes ecsetmozdulatokkal 1-2 m<sup>2<\/sup> fel\u00fcletre. 5-10 perc eltelt\u00e9vel sz\u00e1raz ecsettel, az el\u0151z\u0151 mozdulatokkal ellent\u00e9tes mozdulatokkal ism\u00e9t \u00f3vatosan h\u00fazza \u00e1t a felvitt anyagot, hogy megkapja a v\u00e9gs\u0151 megjelen\u00e9st. Az els\u0151 r\u00e9teg norm\u00e1l sz\u00e1rad\u00e1si k\u00f6r\u00fclm\u00e9nyek k\u00f6z\u00f6tt 4-6 \u00f3ra k\u00f6z\u00f6tt sz\u00e1rad, \u00e9s a bevonat vastags\u00e1g\u00e1t\u00f3l f\u00fcgg. Az optim\u00e1lis m\u0171k\u00f6d\u00e9si h\u0151m\u00e9rs\u00e9klet +10\u00b0C \u00e9s +30\u00b0C k\u00f6z\u00f6tt van. +5\u00b0C alatt nem haszn\u00e1lhat\u00f3. Azonnal mossa le a szersz\u00e1mot v\u00edzzel.<\/p>\n<h3><strong>FELHASZN\u00c1L\u00c1S<\/strong><\/h3>\n<p>7-9 m <sup>2<\/sup>\/l<\/p>\n<h3><strong>CSOMAGOL\u00c1S<\/strong><\/h3>\n<p>1 liter<\/p>\n<h3><strong>FELHASZN\u00c1LHAT\u00d3S\u00c1GI ID\u0150 \u00c9S T\u00c1ROL\u00c1S<\/strong><\/h3>\n<p>Eredeti, j\u00f3l lez\u00e1rt \u00e9s s\u00e9r\u00fcl\u00e9smentes csomagol\u00e1sban 18 h\u00f3napig, +5\u00baC \u00e9s +25\u00baC k\u00f6z\u00f6tti h\u0151m\u00e9rs\u00e9kleten, k\u00f6zvetlen napf\u00e9nyt\u0151l \u00e9s fagy\u00e1st\u00f3l v\u00e9dve t\u00e1roland\u00f3.<\/p>\n<h3><strong>DOKUMENT\u00c1CI\u00d3<\/strong><\/h3>\n<div class=\"dokumentacija\">\n<p><a class=\"dugmeproizvod\" href=\"https:\/\/nevenacolor.co.rs\/wp-content\/uploads\/2024\/10\/Tehnicka-dokumentacija-dina-art.pdf\" target=\"_blank\" rel=\"noopener\">M\u0170SZAKI ADATLAP<\/a><\/p>\n<p><a class=\"dugmeproizvod\" href=\"https:\/\/nevenacolor.co.rs\/wp-content\/uploads\/2024\/10\/Bezbedonosni-list-dina-art.pdf\" target=\"_blank\" rel=\"noopener\">BIZTONS\u00c1GI ADATLAP<\/a><\/p>\n<\/div>\n<p>&nbsp;<\/p>\n<p><iframe loading=\"lazy\" title=\"YouTube video player\" src=\"https:\/\/www.youtube.com\/embed\/NqyJb1SzCXs?si=EUUqcWoJ3pb9COYQ\" width=\"560\" height=\"415\" frameborder=\"0\" allowfullscreen=\"allowfullscreen\"><\/iframe><\/p>\n","protected":false},"excerpt":{"rendered":"<h3><strong>TONE K\u00c1RTYA<\/strong><\/h3>\n[elementor-template id=\"29894\"]\n<div><a class=\"tonkarta\" href=\"#dina-tonkarta\" rel=\"noopener\"><img decoding=\"async\" src=\"https:\/\/nevenacolor.co.rs\/wp-content\/uploads\/2024\/06\/pantone-color-scheme.png\" width=\"40px\" \/> TONE K\u00c1RTYA<\/a><\/div>\n","protected":false},"featured_media":42515,"template":"","meta":{"_monsterinsights_skip_tracking":false,"_monsterinsights_sitenote_active":false,"_monsterinsights_sitenote_note":"","_monsterinsights_sitenote_category":0},"product_brand":[],"product_cat":[340,331],"product_tag":[],"class_list":{"0":"post-36182","1":"product","2":"type-product","3":"status-publish","4":"has-post-thumbnail","6":"product_cat-dekorativ-bevonatok","7":"product_cat-epitoipari-bevonatok","9":"first","10":"instock","11":"shipping-taxable","12":"product-type-simple"},"_links":{"self":[{"href":"https:\/\/nevenacolor.co.rs\/hu\/wp-json\/wp\/v2\/product\/36182","targetHints":{"allow":["GET"]}}],"collection":[{"href":"https:\/\/nevenacolor.co.rs\/hu\/wp-json\/wp\/v2\/product"}],"about":[{"href":"https:\/\/nevenacolor.co.rs\/hu\/wp-json\/wp\/v2\/types\/product"}],"version-history":[{"count":1,"href":"https:\/\/nevenacolor.co.rs\/hu\/wp-json\/wp\/v2\/product\/36182\/revisions"}],"predecessor-version":[{"id":36239,"href":"https:\/\/nevenacolor.co.rs\/hu\/wp-json\/wp\/v2\/product\/36182\/revisions\/36239"}],"wp:featuredmedia":[{"embeddable":true,"href":"https:\/\/nevenacolor.co.rs\/hu\/wp-json\/wp\/v2\/media\/42515"}],"wp:attachment":[{"href":"https:\/\/nevenacolor.co.rs\/hu\/wp-json\/wp\/v2\/media?parent=36182"}],"wp:term":[{"taxonomy":"product_brand","embeddable":true,"href":"https:\/\/nevenacolor.co.rs\/hu\/wp-json\/wp\/v2\/product_brand?post=36182"},{"taxonomy":"product_cat","embeddable":true,"href":"https:\/\/nevenacolor.co.rs\/hu\/wp-json\/wp\/v2\/product_cat?post=36182"},{"taxonomy":"product_tag","embeddable":true,"href":"https:\/\/nevenacolor.co.rs\/hu\/wp-json\/wp\/v2\/product_tag?post=36182"}],"curies":[{"name":"wp","href":"https:\/\/api.w.org\/{rel}","templated":true}]}}