{"id":36183,"date":"2024-05-21T14:19:14","date_gmt":"2024-05-21T14:19:14","guid":{"rendered":"https:\/\/nevenacolor.co.rs\/proizvod\/cool-super-elastic-ragaszto-hungarocellhez-hungarocellhez-kogyapothoz-es-megerositeshez\/"},"modified":"2025-05-02T12:45:50","modified_gmt":"2025-05-02T12:45:50","slug":"cool-super-elastic-ragaszto-hungarocellhez-hungarocellhez-kogyapothoz-es-megerositeshez","status":"publish","type":"product","link":"https:\/\/nevenacolor.co.rs\/hu\/term\u00e9k\/cool-super-elastic-ragaszto-hungarocellhez-hungarocellhez-kogyapothoz-es-megerositeshez\/","title":{"rendered":"COOL SUPER ELASTIC ragaszt\u00f3 hungarocellhez, hungarocellhez, k\u0151gyapothoz \u00e9s meger\u0151s\u00edt\u00e9shez"},"content":{"rendered":"<h3><strong>\u00c1LTAL\u00c1NOS ADATOK \u00c9S RENDELTET\u00c9S<\/strong><\/h3>\n<p>A COOL SUPER ELASTIC ragaszt\u00f3 polimerek, cement \u00e9s speci\u00e1lis adal\u00e9kok b\u00e1zis\u00e1n k\u00e9sz\u00fcl h\u0151szigetel\u0151 panelek ragaszt\u00e1s\u00e1ra \u00e9s meger\u0151s\u00edt\u00e9s\u00e9re, amelyek a k\u00f6vetkez\u0151kb\u0151l \u00e1llnak: hungarocell, hungarocell, k\u0151gyapot \u00e1sv\u00e1nyi alapokra. Az aljzat el\u0151k\u00e9sz\u00edt\u00e9se: A legal\u00e1bb 2 h\u00f3napos betonb\u00f3l, t\u00e9gl\u00e1b\u00f3l, b\u0151v\u00edt\u0151habarcsb\u00f3l, p\u00f3rusbetonb\u00f3l, szalonitb\u00f3l stb. k\u00e9sz\u00fclt alapfel\u00fcletnek s\u00edknak, szil\u00e1rdnak, sz\u00e1raznak, tiszt\u00e1nak \u00e9s fagy\u00e1smentesnek kell lennie. A massza elk\u00e9sz\u00edt\u00e9se: Keverj\u00fck \u00f6ssze a 25 kg-os zacsk\u00f3 tartalm\u00e1t kb. 6-6,5 liter vizet k\u00e9zzel vagy elektromos kever\u0151vel, am\u00edg a massza homog\u00e9nn\u00e9 v\u00e1lik. Hagyja \u00e1llni a kever\u00e9ket k\u00f6r\u00fclbel\u00fcl 10 percig, majd keverje \u00fajra.<\/p>\n<h3><strong>ALKALMAZ\u00c1SI \u00daTMUTAT\u00d3<\/strong><\/h3>\n<p>A COOL SUPER ELASTIC ragaszt\u00f3t a t\u00e1bla sz\u00e9lei ment\u00e9n cs\u00edkokban, k\u00f6z\u00e9pen pontokban (3-5) hordjuk fel, majd 10 mm-es \u00e1tfed\u00e9ssel nyomjuk r\u00e1 a t\u00e1bl\u00e1t az el\u0151k\u00e9sz\u00edtett fel\u00fcletre. A hungarocell lapok javasolt d\u00fcbelez\u00e9se, \u00e1ltal\u00e1ban legal\u00e1bb 6 tip\/m2. A ragaszt\u00f3val bevont t\u00e1bla fel\u00fclet\u00e9nek 40%-n\u00e1l nagyobbnak kell lennie. Feldolgoz\u00e1s: COOL SUPER ELASTIK ragaszt\u00f3t hord fel a felragasztott t\u00e1bl\u00e1kra (2 nap m\u00falva) f\u00e9m sim\u00edt\u00f3val 2-3 mm vastags\u00e1gban, 10 mm \u00e1tlapol\u00e1ssal. Hagyja a r\u00e9teget sz\u00e1radni 48 \u00f3r\u00e1n kereszt\u00fcl (norm\u00e1l k\u00f6r\u00fclm\u00e9nyek k\u00f6z\u00f6tt), majd d\u00edsz\u00edtse dekorvakolattal. A felvitt ragaszt\u00f3f\u00f3lia teljes vastags\u00e1ga legfeljebb 4 mm. Az optim\u00e1lis m\u0171k\u00f6d\u00e9si h\u0151m\u00e9rs\u00e9klet +5 \u00e9s +30\u00b0C k\u00f6z\u00f6tt van.<\/p>\n<h3><strong>FELHASZN\u00c1L\u00c1S<\/strong><\/h3>\n<p>Ragaszt\u00e1s: hungarocell 3,0-4,0 kg\/m\u00b2; 4-5 kg\/m\u00b2 EPS; 6-7 kg\/m\u00b2 MV-hez \u00e9s meger\u0151s\u00edt\u00e9shez.<\/p>\n<h3><strong>CSOMAGOL\u00c1S<\/strong><\/h3>\n<p>25 kg<\/p>\n<h3><strong>FELHASZN\u00c1LHAT\u00d3S\u00c1GI ID\u0150 \u00c9S T\u00c1ROL\u00c1S<\/strong><\/h3>\n<p>A term\u00e9kben az oldhat\u00f3 Cr (VI) tartalma kevesebb, mint 0,0002% a gy\u00e1rt\u00f3 \u00e1ltal el\u0151\u00edrt hat\u00e1rid\u0151n \u00e9s t\u00e1rol\u00e1si felt\u00e9telek mellett. Legal\u00e1bb 12 h\u00f3napig gy\u00e1rilag z\u00e1rt csomagol\u00e1sban, sz\u00e1raz \u00e9s szell\u0151z\u0151 helyis\u00e9gben +5 \u00e9s +30\u00b0C k\u00f6z\u00f6tti h\u0151m\u00e9rs\u00e9kleten.<\/p>\n<h3><strong>DOKUMENT\u00c1CI\u00d3<\/strong><\/h3>\n<div class=\"dokumentacija\">\n<p><a class=\"dugmeproizvod\" href=\"https:\/\/nevenacolor.co.rs\/wp-content\/uploads\/2024\/10\/Tehnicka-dokumentacija-super-elastik.pdf\" target=\"_blank\" rel=\"noopener\">M\u0170SZAKI ADATLAP<\/a><\/p>\n<p><a class=\"dugmeproizvod\" href=\"https:\/\/nevenacolor.co.rs\/wp-content\/uploads\/2024\/10\/Bezbednosni-list-super-elastik.pdf\" target=\"_blank\" rel=\"noopener\">BIZTONS\u00c1GI ADATLAP<\/a><\/p>\n<\/div>\n<p>&nbsp;<\/p>\n<p>&nbsp;<\/p>\n","protected":false},"excerpt":{"rendered":"<p>\u00c1LTAL\u00c1NOS ADATOK \u00c9S RENDELTET\u00c9S A COOL SUPER ELASTIC ragaszt\u00f3 polimerek, cement \u00e9s speci\u00e1lis adal\u00e9kok b\u00e1zis\u00e1n k\u00e9sz\u00fcl h\u0151szigetel\u0151 panelek ragaszt\u00e1s\u00e1ra \u00e9s<\/p>\n","protected":false},"featured_media":35377,"template":"","meta":{"_monsterinsights_skip_tracking":false,"_monsterinsights_sitenote_active":false,"_monsterinsights_sitenote_note":"","_monsterinsights_sitenote_category":0},"product_brand":[],"product_cat":[331,339],"product_tag":[],"class_list":{"0":"post-36183","1":"product","2":"type-product","3":"status-publish","4":"has-post-thumbnail","6":"product_cat-epitoipari-bevonatok","7":"product_cat-homlokzati-ragasztok","9":"first","10":"instock","11":"shipping-taxable","12":"product-type-simple"},"_links":{"self":[{"href":"https:\/\/nevenacolor.co.rs\/hu\/wp-json\/wp\/v2\/product\/36183","targetHints":{"allow":["GET"]}}],"collection":[{"href":"https:\/\/nevenacolor.co.rs\/hu\/wp-json\/wp\/v2\/product"}],"about":[{"href":"https:\/\/nevenacolor.co.rs\/hu\/wp-json\/wp\/v2\/types\/product"}],"version-history":[{"count":1,"href":"https:\/\/nevenacolor.co.rs\/hu\/wp-json\/wp\/v2\/product\/36183\/revisions"}],"predecessor-version":[{"id":36213,"href":"https:\/\/nevenacolor.co.rs\/hu\/wp-json\/wp\/v2\/product\/36183\/revisions\/36213"}],"wp:featuredmedia":[{"embeddable":true,"href":"https:\/\/nevenacolor.co.rs\/hu\/wp-json\/wp\/v2\/media\/35377"}],"wp:attachment":[{"href":"https:\/\/nevenacolor.co.rs\/hu\/wp-json\/wp\/v2\/media?parent=36183"}],"wp:term":[{"taxonomy":"product_brand","embeddable":true,"href":"https:\/\/nevenacolor.co.rs\/hu\/wp-json\/wp\/v2\/product_brand?post=36183"},{"taxonomy":"product_cat","embeddable":true,"href":"https:\/\/nevenacolor.co.rs\/hu\/wp-json\/wp\/v2\/product_cat?post=36183"},{"taxonomy":"product_tag","embeddable":true,"href":"https:\/\/nevenacolor.co.rs\/hu\/wp-json\/wp\/v2\/product_tag?post=36183"}],"curies":[{"name":"wp","href":"https:\/\/api.w.org\/{rel}","templated":true}]}}