{"id":36184,"date":"2024-05-21T14:24:01","date_gmt":"2024-05-21T14:24:01","guid":{"rendered":"https:\/\/nevenacolor.co.rs\/proizvod\/cool-homlokzat-olajbevonas\/"},"modified":"2025-05-02T13:02:17","modified_gmt":"2025-05-02T13:02:17","slug":"cool-homlokzat-olajbevonas","status":"publish","type":"product","link":"https:\/\/nevenacolor.co.rs\/hu\/term\u00e9k\/cool-homlokzat-olajbevonas\/","title":{"rendered":"COOL HOMLOKZAT OLAJBEVON\u00c1S"},"content":{"rendered":"<h3><strong>\u00c1LTAL\u00c1NOS ADATOK \u00c9S RENDELTET\u00c9S<\/strong><\/h3>\n<p class=\"p1\">A HOMLOKZAT OLAJBEVONAT egy akril k\u00f6t\u0151anyag, tart\u00f3s pigmentek, t\u00f6lt\u0151anyagok, adal\u00e9kanyagok \u00e9s szerves old\u00f3szerek alapj\u00e1n k\u00e9sz\u00fclt v\u00e9gs\u0151 bevonat. K\u00fcls\u0151 falfel\u00fcletek \u00e9s vakolatb\u00f3l, betonb\u00f3l, p\u00f3rusbetonb\u00f3l \u00e9s t\u00e9gl\u00e1b\u00f3l k\u00e9sz\u00fclt bels\u0151 falak d\u00edsz\u00edt\u00e9s\u00e9re \u00e9s v\u00e9delm\u00e9re szolg\u00e1l. Haszn\u00e1lhat\u00f3 homlokzati fel\u00fcleteken l\u00e9v\u0151 r\u00e9gi diszperzi\u00f3s bevonatok jav\u00edt\u00e1s\u00e1ra, fest\u00e9s\u00e9re \u00e9s burkol\u00e1s\u00e1ra.<\/p>\n<p class=\"p1\">J\u00f3l tapad az \u00e1sv\u00e1nyi aljzathoz, nagy fed\u0151k\u00e9pess\u00e9ggel \u00e9s feh\u00e9rs\u00e9ggel rendelkezik, p\u00e1ra\u00e1tereszt\u0151 \u00e9s v\u00edzleperget\u0151. Ellen\u00e1ll a l\u00e9gk\u00f6ri hat\u00e1soknak, UV sug\u00e1rz\u00e1snak, l\u00fagoknak, s\u00f3knak \u00e9s ipari g\u00e1zoknak. Friss, m\u00e9g nem elszenesedett m\u00e9sz \u00e9s m\u00e9sz-cement fel\u00fcletek haszn\u00e1lata \u00e9s fest\u00e9se nem javasolt<\/p>\n<h3><strong>ALKALMAZ\u00c1SI \u00daTMUTAT\u00d3<\/strong><\/h3>\n<p class=\"p1\">A HOMLOKZAT OLAJBEVONAT felhord\u00e1sa el\u0151tt a fel\u00fcleteknek sz\u00e1raznak, tiszt\u00e1nak \u00e9s szil\u00e1rdnak kell lenni\u00fck. A r\u00e9gi, s\u00e9r\u00fclt fel\u00fcletekr\u0151l t\u00e1vol\u00edtsa el a port, a laz\u00e1n r\u00f6gz\u00edtett r\u00e9szeket \u00e9s az egy\u00e9b koron\u00e1z\u00f3d\u00f3 \u00e9s lees\u0151 elemeket (mechanikusan sz\u00e1razon vagy mos\u00e1ssal). Jav\u00edtson ki minden egyenetlens\u00e9get \u00e9s reped\u00e9st COOL UNI ragaszt\u00f3val. Fest\u00e9s el\u0151tt impregn\u00e1lja a falakat COOL homlokzati impregn\u00e1l\u00e1ssal. Felhord\u00e1sa ecsettel, hengerrel vagy sz\u00f3r\u00e1ssal k\u00e9t r\u00e9tegben t\u00f6rt\u00e9nik. Haszn\u00e1lat el\u0151tt h\u00edg\u00edtsa fel a fest\u00e9ket 5-10%-os olajh\u00edg\u00edt\u00f3val. 24 \u00f3ra eltelt\u00e9vel vigye fel a m\u00e1sodik r\u00e9teget a megsz\u00e1radt els\u0151 r\u00e9tegre.<\/p>\n<p class=\"p1\">Sz\u00e9les h\u0151m\u00e9rs\u00e9kleti tartom\u00e1nyban, k\u00fcl\u00f6nb\u00f6z\u0151 \u00e9ghajlati viszonyok k\u00f6z\u00f6tt alkalmazhat\u00f3.<\/p>\n<p class=\"p1\">Haszn\u00e1lat ut\u00e1n mossa le a szersz\u00e1mot olajh\u00edg\u00edt\u00f3val.<\/p>\n<h3><strong>FELHASZN\u00c1L\u00c1S<\/strong><\/h3>\n<p>170-310 ml\/m\u00b2 k\u00e9t r\u00e9tegben, az aljzat porozit\u00e1s\u00e1t\u00f3l \u00e9s nedvsz\u00edv\u00f3 k\u00e9pess\u00e9g\u00e9t\u0151l f\u00fcgg\u0151en.<\/p>\n<h3><strong>CSOMAGOL\u00c1S<\/strong><\/h3>\n<p>25 kg<\/p>\n<h3><strong>FELHASZN\u00c1LHAT\u00d3S\u00c1GI ID\u0150 \u00c9S T\u00c1ROL\u00c1S<\/strong><\/h3>\n<p>18 h\u00f3nap a csomagol\u00e1son felt\u00fcntetett d\u00e1tumt\u00f3l sz\u00e1m\u00edtva. Eredeti, j\u00f3l lez\u00e1rt \u00e9s s\u00e9r\u00fcl\u00e9smentes gy\u00e1ri csomagol\u00e1sban, +5\u00baC \u00e9s +25\u00baC k\u00f6z\u00f6tti h\u0151m\u00e9rs\u00e9kleten t\u00e1roland\u00f3.<\/p>\n<h3><strong>M\u0170K\u00d6D\u00c9SI H\u0150M\u00c9RS\u00c9KLET<\/strong><\/h3>\n<p>Az optim\u00e1lis munkah\u0151m\u00e9rs\u00e9klet +10\u00baC \u00e9s +30\u00baC k\u00f6z\u00f6tt van. +5\u00b0C alatt nem haszn\u00e1lhat\u00f3. Ker\u00fclje a homlokzatfest\u00e9k haszn\u00e1lat\u00e1t es\u0151ben, k\u00f6dben, sz\u00e9lben \u00e9s er\u0151s napf\u00e9nyben. A frissen festett fel\u00fcleteket legal\u00e1bb 24 \u00f3r\u00e1n kereszt\u00fcl v\u00e9dje f\u00fcgg\u00f6ny\u00f6kkel a l\u00e9gk\u00f6ri hat\u00e1sokt\u00f3l.<\/p>\n<h3><strong>DOKUMENT\u00c1CI\u00d3<\/strong><\/h3>\n<div class=\"dokumentacija\">\n<p><a class=\"dugmeproizvod\" href=\"https:\/\/nevenacolor.co.rs\/wp-content\/uploads\/2024\/10\/Tehnicka-dokumentacija-uljani-premaz.pdf\" target=\"_blank\" rel=\"noopener\">M\u0170SZAKI ADATLAP<\/a><\/p>\n<p><a class=\"dugmeproizvod\" href=\"https:\/\/nevenacolor.co.rs\/wp-content\/uploads\/2024\/10\/Bezbedonosni-list-uljani-premaz.pdf\" target=\"_blank\" rel=\"noopener\">BIZTONS\u00c1GI ADATLAP<\/a><\/p>\n<\/div>\n<p>&nbsp;<\/p>\n","protected":false},"excerpt":{"rendered":"<p>\u00c1LTAL\u00c1NOS ADATOK \u00c9S RENDELTET\u00c9S A HOMLOKZAT OLAJBEVONAT egy akril k\u00f6t\u0151anyag, tart\u00f3s pigmentek, t\u00f6lt\u0151anyagok, adal\u00e9kanyagok \u00e9s szerves old\u00f3szerek alapj\u00e1n k\u00e9sz\u00fclt v\u00e9gs\u0151<\/p>\n","protected":false},"featured_media":35877,"template":"","meta":{"_monsterinsights_skip_tracking":false,"_monsterinsights_sitenote_active":false,"_monsterinsights_sitenote_note":"","_monsterinsights_sitenote_category":0},"product_brand":[],"product_cat":[331,341],"product_tag":[],"class_list":{"0":"post-36184","1":"product","2":"type-product","3":"status-publish","4":"has-post-thumbnail","6":"product_cat-epitoipari-bevonatok","7":"product_cat-homlokzati-szinek","9":"first","10":"instock","11":"shipping-taxable","12":"product-type-simple"},"_links":{"self":[{"href":"https:\/\/nevenacolor.co.rs\/hu\/wp-json\/wp\/v2\/product\/36184","targetHints":{"allow":["GET"]}}],"collection":[{"href":"https:\/\/nevenacolor.co.rs\/hu\/wp-json\/wp\/v2\/product"}],"about":[{"href":"https:\/\/nevenacolor.co.rs\/hu\/wp-json\/wp\/v2\/types\/product"}],"version-history":[{"count":1,"href":"https:\/\/nevenacolor.co.rs\/hu\/wp-json\/wp\/v2\/product\/36184\/revisions"}],"predecessor-version":[{"id":36258,"href":"https:\/\/nevenacolor.co.rs\/hu\/wp-json\/wp\/v2\/product\/36184\/revisions\/36258"}],"wp:featuredmedia":[{"embeddable":true,"href":"https:\/\/nevenacolor.co.rs\/hu\/wp-json\/wp\/v2\/media\/35877"}],"wp:attachment":[{"href":"https:\/\/nevenacolor.co.rs\/hu\/wp-json\/wp\/v2\/media?parent=36184"}],"wp:term":[{"taxonomy":"product_brand","embeddable":true,"href":"https:\/\/nevenacolor.co.rs\/hu\/wp-json\/wp\/v2\/product_brand?post=36184"},{"taxonomy":"product_cat","embeddable":true,"href":"https:\/\/nevenacolor.co.rs\/hu\/wp-json\/wp\/v2\/product_cat?post=36184"},{"taxonomy":"product_tag","embeddable":true,"href":"https:\/\/nevenacolor.co.rs\/hu\/wp-json\/wp\/v2\/product_tag?post=36184"}],"curies":[{"name":"wp","href":"https:\/\/api.w.org\/{rel}","templated":true}]}}