{"id":36185,"date":"2024-05-21T14:21:48","date_gmt":"2024-05-21T14:21:48","guid":{"rendered":"https:\/\/nevenacolor.co.rs\/proizvod\/cool-acrilfas\/"},"modified":"2025-05-02T12:51:09","modified_gmt":"2025-05-02T12:51:09","slug":"cool-acrilfas","status":"publish","type":"product","link":"https:\/\/nevenacolor.co.rs\/hu\/term\u00e9k\/cool-acrilfas\/","title":{"rendered":"COOL ACRILFAS"},"content":{"rendered":"<h3><strong>\u00c1LTAL\u00c1NOS ADATOK \u00c9S RENDELTET\u00c9S<\/strong><\/h3>\n<p>A COOL AKRILFAS min\u0151s\u00e9gi akril\u00e1t alap\u00fa homlokzatfest\u00e9k. J\u00f3l tapad az \u00e1sv\u00e1nyi aljzathoz, nagy fed\u0151k\u00e9pess\u00e9ggel \u00e9s feh\u00e9rs\u00e9ggel rendelkezik, p\u00e1ra\u00e1tereszt\u0151, v\u00edzleperget\u0151, ellen\u00e1ll a l\u00e9gk\u00f6ri hat\u00e1soknak \u00e9s az UV sug\u00e1rz\u00e1snak. K\u00fcls\u0151 falfel\u00fcletek v\u00e9delm\u00e9re, d\u00edsz\u00edt\u00e9s\u00e9re, bels\u0151 falak v\u00e9delm\u00e9re: k\u00fcl\u00f6nb\u00f6z\u0151 t\u00edpus\u00fa vakolat, beton, p\u00f3rusbeton, t\u00e9gla, r\u00e9gi homlokzati fel\u00fcletek jav\u00edt\u00e1sa, fest\u00e9se stb. Haszn\u00e1lata \u00e9s fest\u00e9se nem javasolt friss, m\u00e9g el nem szenesedett m\u00e9sz- \u00e9s m\u00e9szcement fel\u00fcletekre (legal\u00e1bb 28 napos).<\/p>\n<h3><strong>ALKALMAZ\u00c1SI \u00daTMUTAT\u00d3<\/strong><\/h3>\n<p>A COOL AKRILFAS fest\u00e9k felhord\u00e1sa el\u0151tt a fel\u00fcletnek sz\u00e1raznak, r\u00e9ginek, s\u00e9r\u00fcltnek kell lennie t\u00e1vol\u00edtsa el a fel\u00fcletr\u0151l a port, zs\u00edrt, v\u00edzben old\u00f3d\u00f3 s\u00f3kat, a laz\u00e1n \u00f6sszetapadt r\u00e9szeket \u00e9s egy\u00e9b elemek, amelyek megkoron\u00e1z\u00f3dnak \u00e9s leesnek (mechanikusan sz\u00e1r\u00edtva vagy mos\u00e1ssal). Jav\u00edtson ki minden egyenetlens\u00e9get \u00e9s reped\u00e9st megfelel\u0151 COOL anyaggal. Fest\u00e9s el\u0151tt impregn\u00e1lja a falakat COOL alapoz\u00f3val, a fel\u00fclet \u00e1llapot\u00e1t\u00f3l f\u00fcgg\u0151en (a gy\u00e1rt\u00f3 aj\u00e1nl\u00e1sa szerint). Felhord\u00e1sa ecsettel, hengerrel vagy sz\u00f3r\u00e1ssal k\u00e9t r\u00e9tegben t\u00f6rt\u00e9nik. Ha sz\u00fcks\u00e9ges, h\u00edg\u00edtsa fel a fest\u00e9ket 10-15%-os v\u00edzzel. H\u00edg\u00edt\u00e1s el\u0151tt alaposan keverje \u00f6ssze a v\u00f6d\u00f6r tartalm\u00e1t. Vigye fel a m\u00e1sodik r\u00e9teget a megsz\u00e1radt els\u0151 r\u00e9tegre 4-6 \u00f3ra m\u00falva. A k\u00edv\u00e1nt \u00e1rnyalatot a COOL AKRILFAS \u00e9s a COOL fest\u00e9kkoncentr\u00e1tum (pasztell t\u00f3nusok) \u00f6sszekever\u00e9s\u00e9vel kapjuk. Haszn\u00e1lat ut\u00e1n azonnal mossa le a szersz\u00e1mot v\u00edzzel.<\/p>\n<h3><strong>FELHASZN\u00c1L\u00c1S<\/strong><\/h3>\n<p>170-310 ml\/m\u00b2 k\u00e9t r\u00e9tegben, az aljzat porozit\u00e1s\u00e1t\u00f3l \u00e9s nedvsz\u00edv\u00f3 k\u00e9pess\u00e9g\u00e9t\u0151l f\u00fcgg\u0151en.<\/p>\n<h3><strong>CSOMAGOL\u00c1S<\/strong><\/h3>\n<p>25 kg<\/p>\n<h3><strong>FELHASZN\u00c1LHAT\u00d3S\u00c1GI ID\u0150 \u00c9S T\u00c1ROL\u00c1S<\/strong><\/h3>\n<p>18 h\u00f3nap a csomagol\u00e1son felt\u00fcntetett d\u00e1tumt\u00f3l sz\u00e1m\u00edtva. Eredeti, j\u00f3l lez\u00e1rt \u00e9s s\u00e9r\u00fcl\u00e9smentes gy\u00e1ri csomagol\u00e1sban, +5\u00baC \u00e9s +25\u00baC k\u00f6z\u00f6tti h\u0151m\u00e9rs\u00e9kleten t\u00e1roland\u00f3.<\/p>\n<h3><strong>M\u0170K\u00d6D\u00c9SI H\u0150M\u00c9RS\u00c9KLET<\/strong><\/h3>\n<p>Az optim\u00e1lis munkah\u0151m\u00e9rs\u00e9klet +10\u00baC \u00e9s +30\u00baC k\u00f6z\u00f6tt van. +5\u00b0C alatt nem haszn\u00e1lhat\u00f3. Ker\u00fclje a homlokzatfest\u00e9k haszn\u00e1lat\u00e1t es\u0151ben, k\u00f6dben, sz\u00e9lben \u00e9s er\u0151s napf\u00e9nyben. A frissen festett fel\u00fcleteket legal\u00e1bb 24 \u00f3r\u00e1n kereszt\u00fcl v\u00e9dje f\u00fcgg\u00f6ny\u00f6kkel a l\u00e9gk\u00f6ri hat\u00e1sokt\u00f3l.<\/p>\n<h3><strong>DOKUMENT\u00c1CI\u00d3<\/strong><\/h3>\n<div class=\"dokumentacija\">\n<p><a class=\"dugmeproizvod\" href=\"https:\/\/nevenacolor.co.rs\/wp-content\/uploads\/2024\/10\/Tehnicka-dokumentacija-3.pdf\" target=\"_blank\" rel=\"noopener\">M\u0170SZAKI ADATLAP<\/a><\/p>\n<p><a class=\"dugmeproizvod\" href=\"https:\/\/nevenacolor.co.rs\/wp-content\/uploads\/2024\/10\/Bezbedonosni-list-2.pdf\" target=\"_blank\" rel=\"noopener\">BIZTONS\u00c1GI ADATLAP<\/a><\/p>\n<\/div>\n<p>&nbsp;<\/p>\n","protected":false},"excerpt":{"rendered":"<p>\u00c1LTAL\u00c1NOS ADATOK \u00c9S RENDELTET\u00c9S A COOL AKRILFAS min\u0151s\u00e9gi akril\u00e1t alap\u00fa homlokzatfest\u00e9k. J\u00f3l tapad az \u00e1sv\u00e1nyi aljzathoz, nagy fed\u0151k\u00e9pess\u00e9ggel \u00e9s feh\u00e9rs\u00e9ggel<\/p>\n","protected":false},"featured_media":35337,"template":"","meta":{"_monsterinsights_skip_tracking":false,"_monsterinsights_sitenote_active":false,"_monsterinsights_sitenote_note":"","_monsterinsights_sitenote_category":0},"product_brand":[],"product_cat":[331,341],"product_tag":[],"class_list":{"0":"post-36185","1":"product","2":"type-product","3":"status-publish","4":"has-post-thumbnail","6":"product_cat-epitoipari-bevonatok","7":"product_cat-homlokzati-szinek","9":"first","10":"instock","11":"shipping-taxable","12":"product-type-simple"},"_links":{"self":[{"href":"https:\/\/nevenacolor.co.rs\/hu\/wp-json\/wp\/v2\/product\/36185","targetHints":{"allow":["GET"]}}],"collection":[{"href":"https:\/\/nevenacolor.co.rs\/hu\/wp-json\/wp\/v2\/product"}],"about":[{"href":"https:\/\/nevenacolor.co.rs\/hu\/wp-json\/wp\/v2\/types\/product"}],"version-history":[{"count":1,"href":"https:\/\/nevenacolor.co.rs\/hu\/wp-json\/wp\/v2\/product\/36185\/revisions"}],"predecessor-version":[{"id":36228,"href":"https:\/\/nevenacolor.co.rs\/hu\/wp-json\/wp\/v2\/product\/36185\/revisions\/36228"}],"wp:featuredmedia":[{"embeddable":true,"href":"https:\/\/nevenacolor.co.rs\/hu\/wp-json\/wp\/v2\/media\/35337"}],"wp:attachment":[{"href":"https:\/\/nevenacolor.co.rs\/hu\/wp-json\/wp\/v2\/media?parent=36185"}],"wp:term":[{"taxonomy":"product_brand","embeddable":true,"href":"https:\/\/nevenacolor.co.rs\/hu\/wp-json\/wp\/v2\/product_brand?post=36185"},{"taxonomy":"product_cat","embeddable":true,"href":"https:\/\/nevenacolor.co.rs\/hu\/wp-json\/wp\/v2\/product_cat?post=36185"},{"taxonomy":"product_tag","embeddable":true,"href":"https:\/\/nevenacolor.co.rs\/hu\/wp-json\/wp\/v2\/product_tag?post=36185"}],"curies":[{"name":"wp","href":"https:\/\/api.w.org\/{rel}","templated":true}]}}