{"id":36186,"date":"2024-05-21T14:20:37","date_gmt":"2024-05-21T14:20:37","guid":{"rendered":"https:\/\/nevenacolor.co.rs\/proizvod\/cool-uni-epitesi-ragaszto-sztyropapirra-es-halohoz\/"},"modified":"2025-05-02T12:53:49","modified_gmt":"2025-05-02T12:53:49","slug":"cool-uni-epitesi-ragaszto-sztyropapirra-es-halohoz","status":"publish","type":"product","link":"https:\/\/nevenacolor.co.rs\/hu\/term\u00e9k\/cool-uni-epitesi-ragaszto-sztyropapirra-es-halohoz\/","title":{"rendered":"COOL UNI \u00c9P\u00cdT\u00c9SI RAGASZT\u00d3 SZTYROPAP\u00cdRRA \u00c9S H\u00c1L\u00d3HOZ"},"content":{"rendered":"<h3><strong>\u00c1LTAL\u00c1NOS ADATOK \u00c9S RENDELTET\u00c9S<\/strong><\/h3>\n<p>A COOL Uni hungarocell \u00e9s h\u00e1l\u00f3 \u00e9p\u00edt\u00e9si ragaszt\u00f3ja polimer \u00e9s cement alap\u00fa, hungarocell h\u0151szigetel\u0151 panelek ragaszt\u00e1s\u00e1hoz \u00e9s a h\u00e1l\u00f3 meger\u0151s\u00edt\u00e9s\u00e9hez.<\/p>\n<h3><strong>ALKALMAZ\u00c1SI \u00daTMUTAT\u00d3<\/strong><\/h3>\n<p class=\"p1\">A legal\u00e1bb 2 h\u00f3napos betonb\u00f3l, t\u00e9gl\u00e1b\u00f3l, b\u0151v\u00edt\u0151habarcsb\u00f3l, p\u00f3rusbetonb\u00f3l, szalonitb\u00f3l stb. k\u00e9sz\u00fclt aljzatnak s\u00edknak, szil\u00e1rdnak, sz\u00e1raznak, tiszt\u00e1nak \u00e9s fagy\u00e1smentesnek kell lennie.<\/p>\n<p class=\"p1\">Keverje \u00f6ssze a 25 kg-os zacsk\u00f3 tartalm\u00e1t kb. 6 liter v\u00edzzel, k\u00e9zzel vagy elektromos mixerrel, am\u00edg a massza homog\u00e9nn\u00e9 v\u00e1lik. Hagyja \u00e1llni a kever\u00e9ket k\u00f6r\u00fclbel\u00fcl 10 percig, majd keverje \u00fajra.<\/p>\n<p class=\"p1\">Szigetel\u0151lapok ragaszt\u00e1sa: a t\u00e1bla sz\u00e9lei ment\u00e9n cs\u00edkokban, k\u00f6z\u00e9pen pontozottan vigyen fel COOL ragaszt\u00f3t, majd nyomja r\u00e1 a lapot az el\u0151k\u00e9sz\u00edtett fel\u00fcletre. A hungarocell lapok javasolt d\u00fcbelez\u00e9se, \u00e1ltal\u00e1ban legal\u00e1bb 6 tip\/m\u00b2. A ragaszt\u00f3val bevont t\u00e1bla fel\u00fclet\u00e9nek 40%-n\u00e1l nagyobbnak kell lennie. Az optim\u00e1lis munkah\u0151m\u00e9rs\u00e9klet +5\u00b0C \u00e9s +30\u00b0C k\u00f6z\u00f6tt van. Szigetel\u0151lapok feldolgoz\u00e1sa: A felragasztott t\u00e1bl\u00e1kra (2 nap m\u00falva) f\u00e9msim\u00edt\u00f3val COOL ragaszt\u00f3t kell felvinni 2-3 mm vastags\u00e1gban. Hagyja a r\u00e9teget sz\u00e1radni 48 \u00f3r\u00e1n kereszt\u00fcl (norm\u00e1l k\u00f6r\u00fclm\u00e9nyek k\u00f6z\u00f6tt), majd d\u00edsz\u00edtse dekorvakolattal. Az optim\u00e1lis m\u0171k\u00f6d\u00e9si h\u0151m\u00e9rs\u00e9klet +5 \u00e9s +30\u00b0C k\u00f6z\u00f6tt van.<\/p>\n<h3><strong>FELHASZN\u00c1L\u00c1S<\/strong><\/h3>\n<p>Ragaszt\u00e1s: 3,0 &#8211; 4,0 kg\/m\u00b2<\/p>\n<h3><strong>CSOMAGOL\u00c1S<\/strong><\/h3>\n<p>25 kg<\/p>\n<h3><strong>FELHASZN\u00c1LHAT\u00d3S\u00c1GI ID\u0150 \u00c9S T\u00c1ROL\u00c1S<\/strong><\/h3>\n<p>A term\u00e9kben az oldhat\u00f3 Cr (VI) tartalma kevesebb, mint 0,0002% a gy\u00e1rt\u00f3 \u00e1ltal el\u0151\u00edrt hat\u00e1rid\u0151n \u00e9s t\u00e1rol\u00e1si felt\u00e9telek mellett. Legal\u00e1bb 12 h\u00f3napig gy\u00e1rilag z\u00e1rt csomagol\u00e1sban, sz\u00e1raz \u00e9s szell\u0151z\u0151 helyis\u00e9gben +5\u00b0C \u00e9s +30\u00b0C k\u00f6z\u00f6tti h\u0151m\u00e9rs\u00e9kleten.<\/p>\n<h3><strong>DOKUMENT\u00c1CI\u00d3<\/strong><\/h3>\n<div class=\"dokumentacija\">\n<p><a class=\"dugmeproizvod\" href=\"https:\/\/nevenacolor.co.rs\/wp-content\/uploads\/2024\/10\/Tehnicka-dokumentacija-cool-uni.pdf\" target=\"_blank\" rel=\"noopener\">M\u0170SZAKI ADATLAP<\/a><\/p>\n<p><a class=\"dugmeproizvod\" href=\"https:\/\/nevenacolor.co.rs\/wp-content\/uploads\/2024\/10\/Bezbedonosni-list-cool-uni.pdf\" target=\"_blank\" rel=\"noopener\">BIZTONS\u00c1GI ADATLAP<\/a><\/p>\n<\/div>\n<p>&nbsp;<\/p>\n<p><iframe loading=\"lazy\" title=\"YouTube video player\" src=\"https:\/\/www.youtube.com\/embed\/pIVzZkUNDRs?si=Q7orIVdOo1X0wtbw\" width=\"560\" height=\"415\" frameborder=\"0\" allowfullscreen=\"allowfullscreen\"><span data-mce-type=\"bookmark\" style=\"display: inline-block; width: 0px; overflow: hidden; line-height: 0;\" class=\"mce_SELRES_start\"><\/span><\/iframe><\/p>\n","protected":false},"excerpt":{"rendered":"<p>\u00c1LTAL\u00c1NOS ADATOK \u00c9S RENDELTET\u00c9S A COOL Uni hungarocell \u00e9s h\u00e1l\u00f3 \u00e9p\u00edt\u00e9si ragaszt\u00f3ja polimer \u00e9s cement alap\u00fa, hungarocell h\u0151szigetel\u0151 panelek ragaszt\u00e1s\u00e1hoz<\/p>\n","protected":false},"featured_media":35381,"template":"","meta":{"_monsterinsights_skip_tracking":false,"_monsterinsights_sitenote_active":false,"_monsterinsights_sitenote_note":"","_monsterinsights_sitenote_category":0},"product_brand":[],"product_cat":[331,339],"product_tag":[],"class_list":{"0":"post-36186","1":"product","2":"type-product","3":"status-publish","4":"has-post-thumbnail","6":"product_cat-epitoipari-bevonatok","7":"product_cat-homlokzati-ragasztok","9":"first","10":"instock","11":"featured","12":"shipping-taxable","13":"product-type-simple"},"_links":{"self":[{"href":"https:\/\/nevenacolor.co.rs\/hu\/wp-json\/wp\/v2\/product\/36186","targetHints":{"allow":["GET"]}}],"collection":[{"href":"https:\/\/nevenacolor.co.rs\/hu\/wp-json\/wp\/v2\/product"}],"about":[{"href":"https:\/\/nevenacolor.co.rs\/hu\/wp-json\/wp\/v2\/types\/product"}],"version-history":[{"count":1,"href":"https:\/\/nevenacolor.co.rs\/hu\/wp-json\/wp\/v2\/product\/36186\/revisions"}],"predecessor-version":[{"id":36237,"href":"https:\/\/nevenacolor.co.rs\/hu\/wp-json\/wp\/v2\/product\/36186\/revisions\/36237"}],"wp:featuredmedia":[{"embeddable":true,"href":"https:\/\/nevenacolor.co.rs\/hu\/wp-json\/wp\/v2\/media\/35381"}],"wp:attachment":[{"href":"https:\/\/nevenacolor.co.rs\/hu\/wp-json\/wp\/v2\/media?parent=36186"}],"wp:term":[{"taxonomy":"product_brand","embeddable":true,"href":"https:\/\/nevenacolor.co.rs\/hu\/wp-json\/wp\/v2\/product_brand?post=36186"},{"taxonomy":"product_cat","embeddable":true,"href":"https:\/\/nevenacolor.co.rs\/hu\/wp-json\/wp\/v2\/product_cat?post=36186"},{"taxonomy":"product_tag","embeddable":true,"href":"https:\/\/nevenacolor.co.rs\/hu\/wp-json\/wp\/v2\/product_tag?post=36186"}],"curies":[{"name":"wp","href":"https:\/\/api.w.org\/{rel}","templated":true}]}}