{"id":42253,"date":"2025-08-01T10:55:49","date_gmt":"2025-08-01T10:55:49","guid":{"rendered":"https:\/\/nevenacolor.co.rs\/?post_type=product&#038;p=42253"},"modified":"2025-08-01T11:57:41","modified_gmt":"2025-08-01T11:57:41","slug":"cool-gips","status":"publish","type":"product","link":"https:\/\/nevenacolor.co.rs\/hu\/term\u00e9k\/cool-gips\/","title":{"rendered":"COOL GIPS"},"content":{"rendered":"<h3><strong>\u00c1LTAL\u00c1NOS ADATOK \u00c9S RENDELTET\u00c9S<\/strong><\/h3>\n<p class=\"p1\"><span class=\"s1\"><strong>A COOL GIPS<\/strong> egy nagy fed\u0151k\u00e9pess\u00e9g\u0171, k\u00f6rnyezetbar\u00e1t belt\u00e9ri diszperzi\u00f3s fest\u00e9k, amelyet kifejezetten gipszkartonlapokra t\u00f6rt\u00e9n\u0151 k\u00f6zvetlen felvitelre fejlesztettek ki. Magas min\u0151s\u00e9g\u0171 polimer <\/span>emulzi\u00f3kb\u00f3l, pigmentekb\u0151l \u00e9s speci\u00e1lis t\u00f6lt\u0151anyagokb\u00f3l k\u00e9sz\u00fcl. Kiemelkedik rendk\u00edv\u00fcli feh\u00e9rs\u00e9g\u00e9vel, magas fed\u0151k\u00e9pess\u00e9g\u00e9vel, p\u00e1ra\u00e1tereszt\u0151 k\u00e9pess\u00e9g\u00e9vel \u00e9s nedves t\u00f6rl\u00e9ssel szembeni ellen\u00e1ll\u00f3s\u00e1g\u00e1val. Lak\u00f3-, \u00fczleti \u00e9s k\u00f6z\u00e9p\u00fcletek bels\u0151 fal- \u00e9s mennyezeti fel\u00fcleteinek d\u00edsz\u00edt\u00e9s\u00e9re \u00e9s v\u00e9delm\u00e9re haszn\u00e1lj\u00e1k, k\u00fcl\u00f6n\u00f6sen nagy nedvsz\u00edv\u00f3 k\u00e9pess\u00e9g\u0171 fel\u00fcleteken, mint p\u00e9ld\u00e1ul gipszkartonlapok, finoman vakolt fel\u00fcletek \u00e9s egy\u00e9b nedvsz\u00edv\u00f3 \u00e1sv\u00e1nyi alapok.<\/p>\n<h3><strong>ALKALMAZ\u00c1SI \u00daTMUTAT\u00d3<\/strong><\/h3>\n<p class=\"p1\">A festend\u0151 fel\u00fcletnek szil\u00e1rdnak, tiszt\u00e1nak, sz\u00e1raznak kell lennie, laza r\u00e9szek, zs\u00edr \u00e9s egy\u00e9b szennyez\u0151d\u00e9sek n\u00e9lk\u00fcl, amelyek h\u00e1tr\u00e1nyosan befoly\u00e1solhatj\u00e1k a bevonat tapad\u00e1s\u00e1t az alapfel\u00fclethez.<\/p>\n<p class=\"p1\">Gipszkarton lapok fest\u00e9sekor a COOL GIPS k\u00f6zvetlen\u00fcl felvihet\u0151 alapoz\u00f3 haszn\u00e1lata n\u00e9lk\u00fcl.<\/p>\n<p class=\"p1\">Haszn\u00e1lat el\u0151tt a fest\u00e9ket alaposan fel kell keverni, \u00e9s legfeljebb 20%-kal v\u00edzzel h\u00edg\u00edtani. Ecsettel, hengerrel vagy sz\u00f3r\u00e1ssal k\u00e9t r\u00e9tegben kell felvinni. A m\u00e1sodik r\u00e9teget a megsz\u00e1radt els\u0151 r\u00e9tegre kell felvinni. A fest\u00e9k sz\u00e1rad\u00e1si ideje 4-6 \u00f3ra. A fest\u00e9k felvihet\u0151 megfelel\u0151 sz\u00f3r\u00f3g\u00e9pekkel is.<br \/>\nA teljes fel\u00fclet fest\u00e9se el\u0151tt el\u0151sz\u00f6r a nehezen hozz\u00e1f\u00e9rhet\u0151 r\u00e9szeket (sarkok, ablakp\u00e1rk\u00e1nyok, kapcsol\u00f3k \u00e9s konnektorok k\u00f6r\u00fcli ter\u00fcletek) kell lefesteni, majd egyenletesen, megszak\u00edt\u00e1s n\u00e9lk\u00fcl hozz\u00e1kezdeni a teljes fal fel\u00fclet\u00e9nek fest\u00e9s\u00e9hez, hogy elker\u00fclj\u00fck a fel\u00fcletek \u00f6sszeilleszt\u00e9s\u00e9n\u00e9l keletkez\u0151 egyenetlens\u00e9geket.<br \/>\nFest\u00e9s ut\u00e1n a fel\u00fcleteket \u00f3vatosan kell kezelni, mert a bevonat norm\u00e1l k\u00f6r\u00fclm\u00e9nyek k\u00f6z\u00f6tt (20\u00b0C h\u0151m\u00e9rs\u00e9klet \u00e9s 60% relat\u00edv p\u00e1ratartalom) n\u00e9gy h\u00e9t ut\u00e1n \u00e9ri el maxim\u00e1lis kem\u00e9nys\u00e9g\u00e9t \u00e9s nedves t\u00f6rl\u00e9ssel szembeni ellen\u00e1ll\u00e1s\u00e1t.<\/p>\n<p class=\"p1\">A COOL GIPS t\u00f3nusozhat\u00f3 COOL koncentr\u00e1tumokkal pasztell \u00e1rnyalatokig.<\/p>\n<p class=\"p1\">Az optim\u00e1lis munkah\u0151m\u00e9rs\u00e9klet +10\u00b0C \u00e9s +30\u00b0C k\u00f6z\u00f6tt van. Nem szabad +5\u00b0C alatti vagy +35\u00b0C feletti h\u0151m\u00e9rs\u00e9kleten haszn\u00e1lni.<\/p>\n<p class=\"p1\">Haszn\u00e1lat ut\u00e1n azonnal mossa le a szersz\u00e1mot v\u00edzzel.<\/p>\n<h3><strong>FELHASZN\u00c1L\u00c1S<\/strong><\/h3>\n<p class=\"p1\">6-8 m<span class=\"s1\"><sup>\u00b2<\/sup><\/span>\/l a fel\u00fclet el\u0151k\u00e9sz\u00edt\u00e9s\u00e9t\u0151l \u00e9s a felviteli m\u00f3dj\u00e1t\u00f3l f\u00fcgg\u0151en.<\/p>\n<h3><strong>CSOMAGOL\u00c1S<\/strong><\/h3>\n<p class=\"p1\">5 l 15 l<\/p>\n<h3><strong>FELHASZN\u00c1LHAT\u00d3S\u00c1GI ID\u0150 \u00c9S T\u00c1ROL\u00c1S<\/strong><\/h3>\n<p class=\"p1\">18 h\u00f3napig t\u00e1roland\u00f3 eredeti, j\u00f3l z\u00e1rt \u00e9s s\u00e9rtetlen csomagol\u00e1sban, +5\u00baC \u00e9s +25\u00baC k\u00f6z\u00f6tti h\u0151m\u00e9rs\u00e9kleten.<\/p>\n<h3><strong>DOKUMENT\u00c1CI\u00d3<\/strong><\/h3>\n<div class=\"dokumentacija\">\n<p><a class=\"dugmeproizvod\" href=\"https:\/\/nevenacolor.co.rs\/wp-content\/uploads\/2025\/08\/Tehnicka-dokumentacija.pdf\" target=\"_blank\" rel=\"noopener\">M\u0170SZAKI ADATLAP<\/a><\/p>\n<p><a class=\"dugmeproizvod\" href=\"https:\/\/nevenacolor.co.rs\/wp-content\/uploads\/2025\/08\/Bezbedonosi-list.pdf\" target=\"_blank\" rel=\"noopener\">BIZTONS\u00c1GI ADATLAP<\/a><\/p>\n<\/div>\n<p>&nbsp;<\/p>\n","protected":false},"excerpt":{"rendered":"<p>\u00c1LTAL\u00c1NOS ADATOK \u00c9S RENDELTET\u00c9S A COOL GIPS egy nagy fed\u0151k\u00e9pess\u00e9g\u0171, k\u00f6rnyezetbar\u00e1t belt\u00e9ri diszperzi\u00f3s fest\u00e9k, amelyet kifejezetten gipszkartonlapokra t\u00f6rt\u00e9n\u0151 k\u00f6zvetlen felvitelre<\/p>\n","protected":false},"featured_media":42285,"template":"","meta":{"_monsterinsights_skip_tracking":false,"_monsterinsights_sitenote_active":false,"_monsterinsights_sitenote_note":"","_monsterinsights_sitenote_category":0},"product_brand":[],"product_cat":[337,331],"product_tag":[],"class_list":{"0":"post-42253","1":"product","2":"type-product","3":"status-publish","4":"has-post-thumbnail","6":"product_cat-belteri-falfestek","7":"product_cat-epitoipari-bevonatok","9":"first","10":"instock","11":"shipping-taxable","12":"product-type-simple"},"_links":{"self":[{"href":"https:\/\/nevenacolor.co.rs\/hu\/wp-json\/wp\/v2\/product\/42253","targetHints":{"allow":["GET"]}}],"collection":[{"href":"https:\/\/nevenacolor.co.rs\/hu\/wp-json\/wp\/v2\/product"}],"about":[{"href":"https:\/\/nevenacolor.co.rs\/hu\/wp-json\/wp\/v2\/types\/product"}],"version-history":[{"count":5,"href":"https:\/\/nevenacolor.co.rs\/hu\/wp-json\/wp\/v2\/product\/42253\/revisions"}],"predecessor-version":[{"id":42306,"href":"https:\/\/nevenacolor.co.rs\/hu\/wp-json\/wp\/v2\/product\/42253\/revisions\/42306"}],"wp:featuredmedia":[{"embeddable":true,"href":"https:\/\/nevenacolor.co.rs\/hu\/wp-json\/wp\/v2\/media\/42285"}],"wp:attachment":[{"href":"https:\/\/nevenacolor.co.rs\/hu\/wp-json\/wp\/v2\/media?parent=42253"}],"wp:term":[{"taxonomy":"product_brand","embeddable":true,"href":"https:\/\/nevenacolor.co.rs\/hu\/wp-json\/wp\/v2\/product_brand?post=42253"},{"taxonomy":"product_cat","embeddable":true,"href":"https:\/\/nevenacolor.co.rs\/hu\/wp-json\/wp\/v2\/product_cat?post=42253"},{"taxonomy":"product_tag","embeddable":true,"href":"https:\/\/nevenacolor.co.rs\/hu\/wp-json\/wp\/v2\/product_tag?post=42253"}],"curies":[{"name":"wp","href":"https:\/\/api.w.org\/{rel}","templated":true}]}}