{"id":42882,"date":"2026-03-05T14:20:54","date_gmt":"2026-03-05T14:20:54","guid":{"rendered":"https:\/\/nevenacolor.co.rs\/?post_type=product&#038;p=42882"},"modified":"2026-03-05T15:02:16","modified_gmt":"2026-03-05T15:02:16","slug":"cool-vakolat-szilikon-homlokzati-vakolat","status":"publish","type":"product","link":"https:\/\/nevenacolor.co.rs\/hu\/term\u00e9k\/cool-vakolat-szilikon-homlokzati-vakolat\/","title":{"rendered":"COOL VAKOLAT Szilikon homlokzati vakolat"},"content":{"rendered":"<h3><strong>\u00c1LTAL\u00c1NOS ADATOK \u00c9S RENDELTET\u00c9S<\/strong><\/h3>\n<p data-start=\"94\" data-end=\"461\">A COOL szilikon homlokzati vakolat pasztaszer\u0171 \u00e1llapot\u00fa dekorat\u00edv vakolat, amely kiv\u00e1l\u00f3 min\u0151s\u00e9g\u0171 akril emulzi\u00f3, speci\u00e1lis szilikongyant\u00e1k, adal\u00e9kanyagok, pigmentek \u00e9s \u00e1sv\u00e1nyi t\u00f6lt\u0151anyagok felhaszn\u00e1l\u00e1s\u00e1val k\u00e9sz\u00fcl. J\u00f3 tapad\u00e1ssal, nagy szil\u00e1rds\u00e1ggal, v\u00edztasz\u00edt\u00f3 k\u00e9pess\u00e9ggel \u00e9s p\u00e1ra\u00e1tereszt\u0151 k\u00e9pess\u00e9ggel rendelkezik. Ellen\u00e1ll az id\u0151j\u00e1r\u00e1si hat\u00e1soknak \u00e9s az UV-sug\u00e1rz\u00e1snak.<\/p>\n<p data-start=\"463\" data-end=\"528\">K\u00fcls\u0151 homlokzati falfel\u00fcletek v\u00e9delm\u00e9re \u00e9s dekor\u00e1ci\u00f3j\u00e1ra szolg\u00e1l.<\/p>\n<h3><strong>ALKALMAZ\u00c1SI \u00daTMUTAT\u00d3<\/strong><\/h3>\n<p data-start=\"562\" data-end=\"756\">A fel\u00fcletnek, amelyre a vakolatot felhordj\u00e1k, szil\u00e1rdnak, sz\u00e1raznak \u00e9s tiszt\u00e1nak kell lennie, laza r\u00e9szek, zs\u00edr \u00e9s egy\u00e9b szennyez\u0151d\u00e9sek n\u00e9lk\u00fcl, amelyek kedvez\u0151tlen\u00fcl befoly\u00e1solhatj\u00e1k a tapad\u00e1st.<\/p>\n<p data-start=\"758\" data-end=\"971\">A vakolat alkalmazhat\u00f3 minden m\u00e9sz-, cement- \u00e9s m\u00e9sz-cement vakolat fel\u00fcletre (legal\u00e1bb egy h\u00f3napos), h\u0151szigetel\u0151 rendszerek befejez\u0151 r\u00e9tegeire (legal\u00e1bb 7 napos), valamint betonfel\u00fcletekre (legal\u00e1bb egy h\u00f3napos).<\/p>\n<p data-start=\"973\" data-end=\"1167\">A vakolat felhord\u00e1sa el\u0151tt az alapfel\u00fcletet <strong data-start=\"1017\" data-end=\"1060\">COOL alapoz\u00f3val homlokzati vakolatokhoz<\/strong> kell bevonni, amely a v\u00e9gs\u0151 vakolat \u00e1rnyalat\u00e1hoz k\u00f6zel \u00e1ll\u00f3 sz\u00edn\u0171. Az alapoz\u00f3 sz\u00e1rad\u00e1si ideje <strong data-start=\"1155\" data-end=\"1166\">4\u20136 \u00f3ra<\/strong>.<\/p>\n<p data-start=\"1169\" data-end=\"1362\">Haszn\u00e1lat el\u0151tt a vakolatot elektromos k\u00e9zi kever\u0151vel alaposan keverje fel, \u00e9s sz\u00fcks\u00e9g eset\u00e9n kis mennyis\u00e9g\u0171 v\u00edzzel h\u00edg\u00edthat\u00f3 (legfeljebb <strong data-start=\"1307\" data-end=\"1313\">1%<\/strong>). A vakolat ut\u00f3lagos be\u00e1ll\u00edt\u00e1sa nem megengedett.<\/p>\n<p data-start=\"1364\" data-end=\"1535\">Haszn\u00e1lat el\u0151tt k\u00f6telez\u0151 az \u00e1rnyalat ellen\u0151rz\u00e9se (legal\u00e1bb <strong data-start=\"1423\" data-end=\"1436\">4\u20135 v\u00f6d\u00f6r<\/strong> \u00f6sszekever\u00e9s\u00e9vel), majd el\u0151 kell k\u00e9sz\u00edteni a homlokzat fel\u00fclet\u00e9hez megfelel\u0151 mennyis\u00e9g\u0171 vakolatot.<\/p>\n<p data-start=\"1537\" data-end=\"1799\">A COOL szilikon homlokzati vakolatot <strong data-start=\"1574\" data-end=\"1605\">rozsdamentes ac\u00e9l sim\u00edt\u00f3val<\/strong> kell felhordani a legnagyobb szemcsem\u00e9ret vastags\u00e1g\u00e1ban. N\u00e9h\u00e1ny perccel a felhord\u00e1s ut\u00e1n (az aktu\u00e1lis klimatikus viszonyokt\u00f3l f\u00fcgg\u0151en) a fel\u00fcletet <strong data-start=\"1753\" data-end=\"1774\">m\u0171anyag sim\u00edt\u00f3val<\/strong> kell tov\u00e1bb feldolgozni.<\/p>\n<p data-start=\"1801\" data-end=\"2071\">A sim\u00edt\u00f3 egyenletes mozgat\u00e1s\u00e1val a fel\u00fcletet addig kell d\u00f6rzs\u00f6lni, am\u00edg a vakolat egyenletes v\u00e9gs\u0151 strukt\u00far\u00e1ja ki nem alakul. A munk\u00e1t folyamatos falfel\u00fcleteken egyenletesen \u00e9s megszak\u00edt\u00e1s n\u00e9lk\u00fcl kell v\u00e9gezni, hogy elker\u00fclj\u00fck az egyenetlens\u00e9geket \u00e9s a sz\u00ednk\u00fcl\u00f6nbs\u00e9geket.<\/p>\n<p data-start=\"2073\" data-end=\"2200\">A COOL szilikon homlokzati vakolat <strong data-start=\"2108\" data-end=\"2136\">6 \u00f3ra ut\u00e1n \u00e9rint\u00e9ssz\u00e1raz<\/strong>. <strong data-start=\"2138\" data-end=\"2172\">24 \u00f3ra ut\u00e1n teljesen megsz\u00e1rad<\/strong>, \u00e9s ellen\u00e1ll a csapad\u00e9knak.<\/p>\n<p data-start=\"2202\" data-end=\"2411\">Az optim\u00e1lis munkah\u0151m\u00e9rs\u00e9klet <strong data-start=\"2232\" data-end=\"2257\">+10\u00b0C \u00e9s +30\u00b0C k\u00f6z\u00f6tt<\/strong> van. Nem alkalmazhat\u00f3 <strong data-start=\"2280\" data-end=\"2309\">+5\u00b0C alatti h\u0151m\u00e9rs\u00e9kleten<\/strong>, <strong data-start=\"2311\" data-end=\"2354\">80% feletti relat\u00edv p\u00e1ratartalom eset\u00e9n<\/strong>, valamint er\u0151s naps\u00fct\u00e9sben, sz\u00e9lben, k\u00f6dben vagy es\u0151ben.<\/p>\n<p data-start=\"2413\" data-end=\"2510\">Az alacsonyabb h\u0151m\u00e9rs\u00e9klet \u00e9s a magasabb p\u00e1ratartalom meghosszabb\u00edtja a vakolat sz\u00e1rad\u00e1si idej\u00e9t.<\/p>\n<p data-start=\"2512\" data-end=\"2577\">Haszn\u00e1lat ut\u00e1n a szersz\u00e1mokat azonnal v\u00edzzel meg kell tiszt\u00edtani.<\/p>\n<h3><strong>FELHASZN\u00c1L\u00c1S<\/strong><\/h3>\n<table class=\"t1\" cellspacing=\"0\" cellpadding=\"0\">\n<tbody>\n<tr>\n<td class=\"td1\" valign=\"top\"><\/td>\n<td class=\"td1\" valign=\"top\">\n<p class=\"p3\">1 mm<\/p>\n<\/td>\n<td class=\"td2\" valign=\"top\">\n<p class=\"p3\">1,5 mm<\/p>\n<\/td>\n<td class=\"td1\" valign=\"top\">\n<p class=\"p3\">2 mm<\/p>\n<\/td>\n<\/tr>\n<tr>\n<td class=\"td3\" valign=\"top\">\n<p class=\"p4\">COOL VAKOLAT Szilikon homlokzati vakolat<\/p>\n<\/td>\n<td class=\"td3\" valign=\"top\">\n<p class=\"p3\">2.5-3.5<\/p>\n<\/td>\n<td class=\"td4\" valign=\"top\">\n<p class=\"p3\">3-4<\/p>\n<\/td>\n<td class=\"td3\" valign=\"top\">\n<p class=\"p3\">3-4<\/p>\n<\/td>\n<\/tr>\n<\/tbody>\n<\/table>\n<h3><strong>CSOMAGOL\u00c1S<\/strong><\/h3>\n<p>25kg<\/p>\n<h3><strong>FELHASZN\u00c1LHAT\u00d3S\u00c1GI ID\u0150 \u00c9S T\u00c1ROL\u00c1S<\/strong><\/h3>\n<p data-start=\"2677\" data-end=\"2839\">Legal\u00e1bb <strong data-start=\"2686\" data-end=\"2700\">18 h\u00f3napig<\/strong> eltarthat\u00f3 j\u00f3l lez\u00e1rt \u00e9s s\u00e9rtetlen eredeti csomagol\u00e1sban, sz\u00e1raz \u00e9s szell\u0151z\u0151 helyis\u00e9gben, <strong data-start=\"2791\" data-end=\"2808\">+5\u00b0C \u00e9s +30\u00b0C<\/strong> k\u00f6z\u00f6tti h\u0151m\u00e9rs\u00e9kleten t\u00e1rolva.<\/p>\n<h3><strong>DOKUMENT\u00c1CI\u00d3<\/strong><\/h3>\n<div class=\"dokumentacija\">\n<p><a class=\"dugmeproizvod\" href=\"https:\/\/nevenacolor.co.rs\/wp-content\/uploads\/2026\/03\/Tehnicka-dokumentacija.pdf\" target=\"_blank\" rel=\"noopener\">M\u0170SZAKI ADATLAP<\/a><\/p>\n<p><a class=\"dugmeproizvod\" href=\"https:\/\/nevenacolor.co.rs\/wp-content\/uploads\/2026\/03\/Bezbedonosni-list.pdf\" target=\"_blank\" rel=\"noopener\">BIZTONS\u00c1GI ADATLAP<\/a><\/p>\n<\/div>\n<p>&nbsp;<\/p>\n","protected":false},"excerpt":{"rendered":"<p>\u00c1LTAL\u00c1NOS ADATOK \u00c9S RENDELTET\u00c9S A COOL szilikon homlokzati vakolat pasztaszer\u0171 \u00e1llapot\u00fa dekorat\u00edv vakolat, amely kiv\u00e1l\u00f3 min\u0151s\u00e9g\u0171 akril emulzi\u00f3, speci\u00e1lis szilikongyant\u00e1k,<\/p>\n","protected":false},"featured_media":42914,"template":"","meta":{"_monsterinsights_skip_tracking":false,"_monsterinsights_sitenote_active":false,"_monsterinsights_sitenote_note":"","_monsterinsights_sitenote_category":0},"product_brand":[],"product_cat":[338,331],"product_tag":[],"class_list":{"0":"post-42882","1":"product","2":"type-product","3":"status-publish","4":"has-post-thumbnail","6":"product_cat-diszvakolatok","7":"product_cat-epitoipari-bevonatok","9":"first","10":"instock","11":"shipping-taxable","12":"product-type-simple"},"_links":{"self":[{"href":"https:\/\/nevenacolor.co.rs\/hu\/wp-json\/wp\/v2\/product\/42882","targetHints":{"allow":["GET"]}}],"collection":[{"href":"https:\/\/nevenacolor.co.rs\/hu\/wp-json\/wp\/v2\/product"}],"about":[{"href":"https:\/\/nevenacolor.co.rs\/hu\/wp-json\/wp\/v2\/types\/product"}],"version-history":[{"count":3,"href":"https:\/\/nevenacolor.co.rs\/hu\/wp-json\/wp\/v2\/product\/42882\/revisions"}],"predecessor-version":[{"id":42927,"href":"https:\/\/nevenacolor.co.rs\/hu\/wp-json\/wp\/v2\/product\/42882\/revisions\/42927"}],"wp:featuredmedia":[{"embeddable":true,"href":"https:\/\/nevenacolor.co.rs\/hu\/wp-json\/wp\/v2\/media\/42914"}],"wp:attachment":[{"href":"https:\/\/nevenacolor.co.rs\/hu\/wp-json\/wp\/v2\/media?parent=42882"}],"wp:term":[{"taxonomy":"product_brand","embeddable":true,"href":"https:\/\/nevenacolor.co.rs\/hu\/wp-json\/wp\/v2\/product_brand?post=42882"},{"taxonomy":"product_cat","embeddable":true,"href":"https:\/\/nevenacolor.co.rs\/hu\/wp-json\/wp\/v2\/product_cat?post=42882"},{"taxonomy":"product_tag","embeddable":true,"href":"https:\/\/nevenacolor.co.rs\/hu\/wp-json\/wp\/v2\/product_tag?post=42882"}],"curies":[{"name":"wp","href":"https:\/\/api.w.org\/{rel}","templated":true}]}}