{"id":41272,"date":"2025-04-09T12:15:57","date_gmt":"2025-04-09T12:15:57","guid":{"rendered":"https:\/\/nevenacolor.co.rs\/proizvod\/cool-acrylic-boja-per-tjegulla\/"},"modified":"2025-09-02T12:11:29","modified_gmt":"2025-09-02T12:11:29","slug":"cool-acrylic-boja-per-tjegulla","status":"publish","type":"product","link":"https:\/\/nevenacolor.co.rs\/sq\/proizvod\/cool-acrylic-boja-per-tjegulla\/","title":{"rendered":"Cool Acrylic Boja p\u00ebr Tjegulla"},"content":{"rendered":"<h3><strong>P\u00cbRSHKRIM DHE P\u00cbRDORIMI<\/strong><\/h3>\n<p class=\"p1\"><b>COOL BOJA P\u00cbR TJEGULLA <\/b> \u00ebsht\u00eb nj\u00eb shtres\u00eb nj\u00ebkomponente bazuar n\u00eb uj\u00eb, e destinuar p\u00ebr mbrojtjen dhe dekorimin e tjegullave. <span class=\"s1\">Me k\u00ebt\u00eb shtres\u00eb cil\u00ebsore, mund t\u00eb rinovoni \u00e7atin\u00eb tuaj dhe ta b\u00ebni at\u00eb si t\u00eb re n\u00eb nj\u00eb m\u00ebnyr\u00eb t\u00eb thjesht\u00eb.<\/span><\/p>\n<p class=\"p1\">Karakterizohet me ngjitje t\u00eb shk\u00eblqyer, mbulueshm\u00ebri t\u00eb lart\u00eb dhe rezistenc\u00eb ndaj rrezatimit UV. \u00cbsht\u00eb e q\u00ebndrueshme ndaj kushteve t\u00eb motit. E thjesht\u00eb p\u00ebr p\u00ebrdorim, \u00ebsht\u00eb e pap\u00ebrshkueshme nga uji dhe elastike p\u00ebrher\u00eb.<\/p>\n<h3><strong>UDH\u00cbZIME P\u00cbR P\u00cbRDORIM<\/strong><\/h3>\n<p class=\"p1\">P\u00ebrpara aplikimit t\u00eb COOL BOJ\u00cbS P\u00cbR TJEGULLA, sip\u00ebrfaqja e tjegull\u00ebs duhet t\u00eb jet\u00eb e that\u00eb, e past\u00ebr, e fort\u00eb, pa pluhur dhe yndyr\u00eb. Mbeturinat e forta t\u00eb ngjitura n\u00eb tjegulla duhet t\u00eb largohen me metoda mekanike.<\/p>\n<p class=\"p1\">N\u00ebse tjegulla ka shum\u00eb k\u00ebrpudha ose alga, rekomandohet p\u00ebrdorimi i nj\u00eb mjeti biocid para aplikimit t\u00eb COOL boj\u00ebs p\u00ebr tjegulla.<\/p>\n<p class=\"p1\">P\u00ebrziejeni boj\u00ebn para p\u00ebrdorimit. Para aplikimit t\u00eb shtres\u00ebs s\u00eb par\u00eb, holloni boj\u00ebn me 20% uj\u00eb.<\/p>\n<p class=\"p1\">P\u00ebr t\u00eb aplikuar shtres\u00ebn e dyt\u00eb, p\u00ebrdorni boj\u00ebn COOL p\u00ebr tjegulla pa e holluar, mbi shtres\u00ebn e par\u00eb t\u00eb thar\u00eb.<\/p>\n<p class=\"p1\">Aplikimi mund t\u00eb b\u00ebhet me penel, valixh\u00eb ose pistolete. Koha e tharjes midis shtresave \u00ebsht\u00eb 4-6 or\u00eb dhe varet nga poroziteti i tjegullave, trash\u00ebsia e shtres\u00ebs, temperatura, lag\u00ebshtia dhe qarkullimi i ajrit.<\/p>\n<p class=\"p1\">Kushtet optimale p\u00ebr pun\u00eb jan\u00eb temperatura prej 20\u00b0C dhe lag\u00ebshtia relative e ajrit prej 65%.<\/p>\n<p class=\"p1\">Pas p\u00ebrdorimit, pastroni menj\u00ebher\u00eb veglat me uj\u00eb.<\/p>\n<h3><strong>KONSUMI<\/strong><\/h3>\n<p class=\"p1\">3-5 m<sup>\u00b2<\/sup>\/kg (4-6 m<sup>\u00b2<\/sup>\/l) p\u00ebr shtres\u00eb<\/p>\n<h3><strong>PAKIMI<\/strong><\/h3>\n<p class=\"p1\">0.9 kg 5 kg<\/p>\n<h3><strong>AFATI I P\u00cbRDORIMIT DHE RUHATJA<\/strong><\/h3>\n<p class=\"p1\">18 muaj nga data e shtypur n\u00eb paketim. Ruajeni n\u00eb paketim origjinal, t\u00eb mbyllur mir\u00eb dhe t\u00eb paprekur n\u00eb temperatur\u00eb prej +5\u00baC deri n\u00eb +25\u00baC, t\u00eb mbrojtur nga drita e drejtp\u00ebrdrejt\u00eb e diellit.<\/p>\n<h3><strong>DOKUMENTACIONI<\/strong><\/h3>\n<div class=\"dokumentacija\">\n<p><a class=\"dugmeproizvod\" href=\"https:\/\/nevenacolor.co.rs\/wp-content\/uploads\/2025\/04\/Tehnicka-dokumentacija-COOL-BOJA-ZA-CREP.pdf\" target=\"_blank\" rel=\"noopener\">DOKUMENTACIONI TEKNIK<\/a><\/p>\n<p><a class=\"dugmeproizvod\" href=\"https:\/\/nevenacolor.co.rs\/wp-content\/uploads\/2025\/04\/Bezbedonosni-list-COOL-BOJA-ZA-CREP.pdf\" target=\"_blank\" rel=\"noopener\">FLET\u00cbPAJISJE P\u00cbR SIGURI<\/a><\/p>\n<\/div>\n<p>&nbsp;<\/p>\n","protected":false},"excerpt":{"rendered":"<h3><strong>KARTELA TONE<\/strong><\/h3>\n[elementor-template id=\"42456\"]\n","protected":false},"featured_media":41254,"template":"","meta":{"_monsterinsights_skip_tracking":false,"_monsterinsights_sitenote_active":false,"_monsterinsights_sitenote_note":"","_monsterinsights_sitenote_category":0},"product_brand":[],"product_cat":[537,532],"product_tag":[],"class_list":{"0":"post-41272","1":"product","2":"type-product","3":"status-publish","4":"has-post-thumbnail","6":"product_cat-bjerja-e-kulit","7":"product_cat-veshje-ndertimi","9":"first","10":"instock","11":"shipping-taxable","12":"product-type-simple"},"_links":{"self":[{"href":"https:\/\/nevenacolor.co.rs\/sq\/wp-json\/wp\/v2\/product\/41272","targetHints":{"allow":["GET"]}}],"collection":[{"href":"https:\/\/nevenacolor.co.rs\/sq\/wp-json\/wp\/v2\/product"}],"about":[{"href":"https:\/\/nevenacolor.co.rs\/sq\/wp-json\/wp\/v2\/types\/product"}],"version-history":[{"count":2,"href":"https:\/\/nevenacolor.co.rs\/sq\/wp-json\/wp\/v2\/product\/41272\/revisions"}],"predecessor-version":[{"id":42498,"href":"https:\/\/nevenacolor.co.rs\/sq\/wp-json\/wp\/v2\/product\/41272\/revisions\/42498"}],"wp:featuredmedia":[{"embeddable":true,"href":"https:\/\/nevenacolor.co.rs\/sq\/wp-json\/wp\/v2\/media\/41254"}],"wp:attachment":[{"href":"https:\/\/nevenacolor.co.rs\/sq\/wp-json\/wp\/v2\/media?parent=41272"}],"wp:term":[{"taxonomy":"product_brand","embeddable":true,"href":"https:\/\/nevenacolor.co.rs\/sq\/wp-json\/wp\/v2\/product_brand?post=41272"},{"taxonomy":"product_cat","embeddable":true,"href":"https:\/\/nevenacolor.co.rs\/sq\/wp-json\/wp\/v2\/product_cat?post=41272"},{"taxonomy":"product_tag","embeddable":true,"href":"https:\/\/nevenacolor.co.rs\/sq\/wp-json\/wp\/v2\/product_tag?post=41272"}],"curies":[{"name":"wp","href":"https:\/\/api.w.org\/{rel}","templated":true}]}}