{"id":41273,"date":"2025-04-09T12:05:03","date_gmt":"2025-04-09T12:05:03","guid":{"rendered":"https:\/\/nevenacolor.co.rs\/proizvod\/cool-boja-per-ploqa-keramike\/"},"modified":"2025-11-13T08:38:41","modified_gmt":"2025-11-13T08:38:41","slug":"cool-boja-per-ploqa-keramike","status":"publish","type":"product","link":"https:\/\/nevenacolor.co.rs\/sq\/proizvod\/cool-boja-per-ploqa-keramike\/","title":{"rendered":"Cool Boja p\u00ebr Ploqa Keramik\u00eb"},"content":{"rendered":"<h3><strong>P\u00cbRSHKRIM DHE P\u00cbRDORIMI<\/strong><\/h3>\n<p class=\"p1\"><b>COOL BOJA P\u00cbR PLOKA KERAMIKE<\/b> \u00ebsht\u00eb<span class=\"Apple-converted-space\">  <\/span>nj\u00eb shtres\u00eb me nj\u00eb p\u00ebrb\u00ebr\u00ebs, me baz\u00eb uji, e destinuar p\u00ebr mbrojtjen dhe dekorimin e pllakave qeramike t\u00eb murit n\u00eb kuzhina, banjo dhe tualete brenda. Ngjitet mir\u00eb n\u00eb qeramik\u00eb dhe \u00ebsht\u00eb rezistente ndaj kimikateve t\u00eb zakonshme sht\u00ebpiake. Shtresa \u00ebsht\u00eb pa er\u00eb, thahet shpejt, ka veti t\u00eb mira mekanike dhe jep nj\u00eb p\u00ebrfundim sateni. \u00cbsht\u00eb e p\u00ebrshtatshme p\u00ebr kontakt afatshkurt\u00ebr me ujin n\u00eb sip\u00ebrfaqe vertikale. Nuk rekomandohet p\u00ebr lyerjen e pllakave qeramike t\u00eb dyshemes\u00eb, pllakave n\u00eb sauna, etj.    <\/p>\n<h3><strong>UDH\u00cbZIME P\u00cbR P\u00cbRDORIM<\/strong><\/h3>\n<p class=\"p1\">P\u00ebrpara aplikimit t\u00eb <b>COOL BOJ\u00cbS P\u00cbR PLOKA KERAMIKE<\/b>, sip\u00ebrfaqja e pllakave duhet t\u00eb jet\u00eb e that\u00eb, e past\u00ebr, e fort\u00eb, pa pluhur dhe yndyr\u00eb. Mbeturinat e gurit t\u00eb kalkarit duhet t\u00eb largohen me nj\u00eb pastrues p\u00ebr gurin e kalkarit dhe t\u00eb fshihen leht\u00eb. Mbeturinat e silikonit duhet t\u00eb hiqen mekanikisht me nj\u00eb thik\u00eb t\u00eb mpreht\u00eb, dhe silikonet e thata duhet t\u00eb pastrohen me nj\u00eb pastrues p\u00ebr silikon. Pas pastrimit, pastruesi i silikonit duhet t\u00eb shp\u00eblahet me nj\u00eb sasi t\u00eb madhe uji dhe t\u00eb lihet t\u00eb thahen. Bashkimet e pllaka-fugnat duhet t\u00eb jen\u00eb t\u00eb thata para ngjyrosjes. Pjesa e p\u00ebrgatitjes s\u00eb sip\u00ebrfaqes \u00ebsht\u00eb themeli p\u00ebr nj\u00eb ngjitje t\u00eb mir\u00eb t\u00eb shtres\u00ebs dhe q\u00ebndrueshm\u00ebrin\u00eb afatgjat\u00eb.     <\/p>\n<p class=\"p2\">Aplikimi b\u00ebhet drejtp\u00ebrdrejt mbi pllakat, pa nevoj\u00ebn p\u00ebr nj\u00eb primer, mbi sip\u00ebrfaqet e p\u00ebrgatitura m\u00eb par\u00eb. Aplikimi mund t\u00eb b\u00ebhet n\u00eb 2-3 shtresa me penel (fibra sintetike), valixh\u00eb (mikrofib\u00ebr ose filc) dhe me sp\u00ebrkatje (me pistolete, ku shtresa hollueset deri n\u00eb 5% me uj\u00eb, hap\u00ebsira e shp\u00ebrndar\u00ebsit 1.2-1.5 mm dhe presioni 2-3 bar). Kur shtresa aplikohet me penel ose valixh\u00eb, boja nuk duhet t\u00eb holluar. Rekomandohet t\u00eb l\u00ebshohet me let\u00ebr r\u00ebr\u00eb t\u00eb im\u00ebt midis shtresave p\u00ebr t\u00eb arritur nj\u00eb ngjitje m\u00eb t\u00eb mir\u00eb t\u00eb shtres\u00ebs.   <\/p>\n<p class=\"p2\">P\u00ebr pllakat n\u00eb zon\u00ebn e kabin\u00ebs s\u00eb dushit, \u00ebsht\u00eb e detyrueshme t\u00eb aplikohet 3 shtresa shtrese.<\/p>\n<p class=\"p2\">E that\u00eb p\u00ebr prekje pas 2 or\u00ebsh, shtresa tjet\u00ebr aplikohet pas 6-8 or\u00ebsh. Sip\u00ebrfaqet e ngjyrosura jan\u00eb t\u00eb p\u00ebrshtatshme p\u00ebr p\u00ebrdorim pas 5 dit\u00ebsh. <\/p>\n<p class=\"p2\">Temperatura e boj\u00ebs, ajrit dhe sip\u00ebrfaqes duhet t\u00eb jet\u00eb minimum +8\u00b0C, nd\u00ebrsa lag\u00ebshtia relative e ajrit duhet t\u00eb jet\u00eb n\u00ebn 70%.<\/p>\n<p class=\"p2\">SH\u00cbNIM: Pas aplikimit t\u00eb boj\u00ebs, banda mbrojt\u00ebse duhet t\u00eb hiqet menj\u00ebher\u00eb (deri sa boja t\u00eb jet\u00eb ende e lagur). P\u00ebr fshirjen dhe pastrimin e pllaka t\u00eb ngjyrosura, p\u00ebrdorni nj\u00eb sfungjer t\u00eb but\u00eb. Mos p\u00ebrdorni mjete abrazive t\u00eb forta dhe sfungjer t\u00eb ashpra, pasi ato d\u00ebmtojn\u00eb shtres\u00ebn. Shmangni d\u00ebmtimet mekanike t\u00eb sip\u00ebrfaqeve t\u00eb sapo ngjyrosura.   <\/p>\n<h3><strong>KONSUMI<\/strong><\/h3>\n<p class=\"p1\">8-10 m<sup>\u00b2<\/sup>\/l<span class=\"Apple-converted-space\"> <\/span>p\u00ebr nj\u00eb shtres\u00eb<\/p>\n<h3><strong>PAKIMI<\/strong><\/h3>\n<p class=\"p1\">0.65 l<\/p>\n<h3><strong>AFATI I P\u00cbRDORIMIT DHE RUHATJA<\/strong><\/h3>\n<p class=\"p1\">18 muaj nga data e shtypur n\u00eb paketim. Ruajeni n\u00eb paketim origjinal, <span class=\"Apple-converted-space\">  <\/span>t\u00eb mbyllur mir\u00eb dhe t\u00eb paprekur n\u00eb temperatur\u00eb prej +5\u00baC deri n\u00eb +25\u00baC, t\u00eb mbrojtur nga drita e drejtp\u00ebrdrejt\u00eb e diellit.<\/p>\n<h3><strong>DOKUMENTACIONI<\/strong><\/h3>\n<div class=\"dokumentacija\">\n<p><a class=\"dugmeproizvod\" href=\"https:\/\/nevenacolor.co.rs\/wp-content\/uploads\/2025\/04\/Tehnicka-dokumentacija-COOL-BOJA-ZA-KERAMICKE-PLOCICE.pdf\" target=\"_blank\" rel=\"noopener\">DOKUMENTACIONI TEKNIK<\/a><\/p>\n<p><a class=\"dugmeproizvod\" href=\"https:\/\/nevenacolor.co.rs\/wp-content\/uploads\/2025\/04\/Bezbedonosni-list-COOL-BOJA-ZA-KERAMICKE-PLOCICE.pdf\" target=\"_blank\" rel=\"noopener\">FLET\u00cbPAJISJE P\u00cbR SIGURI<\/a><\/p>\n<\/div>\n<p>&nbsp;<\/p>\n","protected":false},"excerpt":{"rendered":"<h3><strong>KARTELA TONE<\/strong><\/h3>\n[elementor-template id=\"42366\"]\n<div><a class=\"tonkarta\" href=\"#keramicke-tonkarta\" rel=\"noopener\"><img decoding=\"async\" src=\"https:\/\/nevenacolor.co.rs\/wp-content\/uploads\/2024\/06\/pantone-color-scheme.png\" width=\"40px\"> KARTELA TONE<\/a><\/div>\n","protected":false},"featured_media":41258,"template":"","meta":{"_monsterinsights_skip_tracking":false,"_monsterinsights_sitenote_active":false,"_monsterinsights_sitenote_note":"","_monsterinsights_sitenote_category":0},"product_brand":[],"product_cat":[559,557],"product_tag":[],"class_list":{"0":"post-41273","1":"product","2":"type-product","3":"status-publish","4":"has-post-thumbnail","6":"product_cat-veshje-finish-per-qeramike","7":"product_cat-veshje-per-sipas-plastike-dhe-te-galvanizuara","9":"first","10":"instock","11":"shipping-taxable","12":"product-type-simple"},"_links":{"self":[{"href":"https:\/\/nevenacolor.co.rs\/sq\/wp-json\/wp\/v2\/product\/41273","targetHints":{"allow":["GET"]}}],"collection":[{"href":"https:\/\/nevenacolor.co.rs\/sq\/wp-json\/wp\/v2\/product"}],"about":[{"href":"https:\/\/nevenacolor.co.rs\/sq\/wp-json\/wp\/v2\/types\/product"}],"version-history":[{"count":2,"href":"https:\/\/nevenacolor.co.rs\/sq\/wp-json\/wp\/v2\/product\/41273\/revisions"}],"predecessor-version":[{"id":42771,"href":"https:\/\/nevenacolor.co.rs\/sq\/wp-json\/wp\/v2\/product\/41273\/revisions\/42771"}],"wp:featuredmedia":[{"embeddable":true,"href":"https:\/\/nevenacolor.co.rs\/sq\/wp-json\/wp\/v2\/media\/41258"}],"wp:attachment":[{"href":"https:\/\/nevenacolor.co.rs\/sq\/wp-json\/wp\/v2\/media?parent=41273"}],"wp:term":[{"taxonomy":"product_brand","embeddable":true,"href":"https:\/\/nevenacolor.co.rs\/sq\/wp-json\/wp\/v2\/product_brand?post=41273"},{"taxonomy":"product_cat","embeddable":true,"href":"https:\/\/nevenacolor.co.rs\/sq\/wp-json\/wp\/v2\/product_cat?post=41273"},{"taxonomy":"product_tag","embeddable":true,"href":"https:\/\/nevenacolor.co.rs\/sq\/wp-json\/wp\/v2\/product_tag?post=41273"}],"curies":[{"name":"wp","href":"https:\/\/api.w.org\/{rel}","templated":true}]}}