{"id":41274,"date":"2024-12-18T09:52:50","date_gmt":"2024-12-18T09:52:50","guid":{"rendered":"https:\/\/nevenacolor.co.rs\/proizvod\/cool-akrilni-emajl-lak-per-drurin-dhe-metalin\/"},"modified":"2024-12-18T09:52:50","modified_gmt":"2024-12-18T09:52:50","slug":"cool-akrilni-emajl-lak-per-drurin-dhe-metalin","status":"publish","type":"product","link":"https:\/\/nevenacolor.co.rs\/sq\/proizvod\/cool-akrilni-emajl-lak-per-drurin-dhe-metalin\/","title":{"rendered":"Cool Akrilni Emajl Lak p\u00ebr Drurin dhe Metalin"},"content":{"rendered":"<h3><strong>P\u00cbRSHKRIM DHE P\u00cbRDORIMI<\/strong><\/h3>\n<p class=\"p1\">COOL AKRILNI EMAJL LAK \u00ebsht\u00eb nj\u00eb shtres\u00eb p\u00ebrfundimtare dhe dekorative p\u00ebr drurin dhe metalin. P\u00ebrdoret p\u00ebr mbrojtjen dhe dekorimin e sip\u00ebrfaqeve t\u00eb drurit dhe metalit, si brenda ashtu edhe jasht\u00eb ambienteve. Ky produkt \u00ebsht\u00eb ekologjik, pa er\u00eb, thahen shpejt dhe nuk b\u00ebhet i verdh\u00eb. Ai \u00ebsht\u00eb i q\u00ebndruesh\u00ebm ndaj kushteve atmosferike dhe rrezatimit UV.   <\/p>\n<h3><strong>UDH\u00cbZIME P\u00cbR P\u00cbRDORIM<\/strong><\/h3>\n<p class=\"p1\">Aplikohet me penel, valixh\u00eb ose me sp\u00ebrkatje n\u00eb dy shtresa mbi nj\u00eb shtres\u00eb baz\u00eb akrilike p\u00ebr drurin ose metalin, mbi nj\u00eb sip\u00ebrfaqe t\u00eb past\u00ebr, t\u00eb that\u00eb dhe t\u00eb \u00e7montuar. Para p\u00ebrdorimit, boja duhet t\u00eb holluar me 5-10% uj\u00eb.  Shtres\u00ebn e dyt\u00eb t\u00eb boj\u00ebs aplikoje pas 4-6 or\u00ebsh. Pas p\u00ebrdorimit, pastroni menj\u00ebher\u00eb mjetet me uj\u00eb. <\/p>\n<h3><strong>KONSUMI<\/strong><\/h3>\n<p class=\"p1\">8-10 m<sup>\u00b2<\/sup>\/l p\u00ebr nj\u00eb shtres\u00eb.<\/p>\n<h3><strong>PAKIMI<\/strong><\/h3>\n<p class=\"p1\">0,75 l<\/p>\n<h3><strong>AFATI I P\u00cbRDORIMIT DHE RUHATJA<\/strong><\/h3>\n<p class=\"p1\">18 muaj nga data e shtypur n\u00eb ambalazh. Ruani n\u00eb ambalazhin origjinal, t\u00eb mbyllur mir\u00eb dhe t\u00eb paprekur, n\u00eb temperatur\u00eb nga +5\u00baC deri n\u00eb +25\u00baC. <\/p>\n<h3><strong>DOKUMENTACIONI<\/strong><\/h3>\n<div class=\"dokumentacija\">\n<p><a class=\"dugmeproizvod\" href=\"https:\/\/nevenacolor.co.rs\/wp-content\/uploads\/2024\/11\/Tehnicka-dokumentacija-akrilni-emajl-lak.pdf\" target=\"_blank\" rel=\"noopener\">DOKUMENTACIONI TEKNIK<\/a><\/p>\n<p><a class=\"dugmeproizvod\" href=\"https:\/\/nevenacolor.co.rs\/wp-content\/uploads\/2024\/11\/Bezbedonosni-list-akrilni-emajl-lak.pdf\" target=\"_blank\" rel=\"noopener\">FLET\u00cbPAJISJE P\u00cbR SIGURI<\/a><\/p>\n<p>&nbsp;<\/p>\n<\/div>\n<p><iframe loading=\"lazy\" title=\"YouTube video player\" src=\"https:\/\/www.youtube.com\/embed\/xDNitckwFk0?si=ppimvzkpztBswotk\" width=\"560\" height=\"415\" frameborder=\"0\" allowfullscreen=\"allowfullscreen\"><\/iframe><\/p>\n","protected":false},"excerpt":{"rendered":"<h3><strong>KARTELA TONE<\/strong><\/h3>\n[elementor-template id=\"30371\"]\n<div><a class=\"tonkarta\" href=\"#emajldrvometal-popup\" rel=\"noopener\"><img decoding=\"async\" src=\"https:\/\/nevenacolor.co.rs\/wp-content\/uploads\/2024\/06\/pantone-color-scheme.png\" width=\"40px\"> KARTELA TONE<\/a><\/div>\n","protected":false},"featured_media":30364,"template":"","meta":{"_monsterinsights_skip_tracking":false,"_monsterinsights_sitenote_active":false,"_monsterinsights_sitenote_note":"","_monsterinsights_sitenote_category":0},"product_brand":[],"product_cat":[569,548,562,567,577,588],"product_tag":[],"class_list":{"0":"post-41274","1":"product","2":"type-product","3":"status-publish","4":"has-post-thumbnail","6":"product_cat-boje-mbarimi-per-metal","7":"product_cat-shtrese-per-drure","8":"product_cat-shtrese-per-metal","9":"product_cat-veshje-akrilike-e-balancur-me-ujin","10":"product_cat-veshje-akrilike-e-balancur-me-ujin-sq-3","11":"product_cat-veshje-finish","13":"first","14":"instock","15":"featured","16":"shipping-taxable","17":"product-type-simple"},"_links":{"self":[{"href":"https:\/\/nevenacolor.co.rs\/sq\/wp-json\/wp\/v2\/product\/41274","targetHints":{"allow":["GET"]}}],"collection":[{"href":"https:\/\/nevenacolor.co.rs\/sq\/wp-json\/wp\/v2\/product"}],"about":[{"href":"https:\/\/nevenacolor.co.rs\/sq\/wp-json\/wp\/v2\/types\/product"}],"version-history":[{"count":0,"href":"https:\/\/nevenacolor.co.rs\/sq\/wp-json\/wp\/v2\/product\/41274\/revisions"}],"wp:featuredmedia":[{"embeddable":true,"href":"https:\/\/nevenacolor.co.rs\/sq\/wp-json\/wp\/v2\/media\/30364"}],"wp:attachment":[{"href":"https:\/\/nevenacolor.co.rs\/sq\/wp-json\/wp\/v2\/media?parent=41274"}],"wp:term":[{"taxonomy":"product_brand","embeddable":true,"href":"https:\/\/nevenacolor.co.rs\/sq\/wp-json\/wp\/v2\/product_brand?post=41274"},{"taxonomy":"product_cat","embeddable":true,"href":"https:\/\/nevenacolor.co.rs\/sq\/wp-json\/wp\/v2\/product_cat?post=41274"},{"taxonomy":"product_tag","embeddable":true,"href":"https:\/\/nevenacolor.co.rs\/sq\/wp-json\/wp\/v2\/product_tag?post=41274"}],"curies":[{"name":"wp","href":"https:\/\/api.w.org\/{rel}","templated":true}]}}