{"id":41275,"date":"2024-12-17T10:44:12","date_gmt":"2024-12-17T10:44:12","guid":{"rendered":"https:\/\/nevenacolor.co.rs\/proizvod\/cool-akrilni-lak-per-drurin\/"},"modified":"2024-12-17T10:44:12","modified_gmt":"2024-12-17T10:44:12","slug":"cool-akrilni-lak-per-drurin","status":"publish","type":"product","link":"https:\/\/nevenacolor.co.rs\/sq\/proizvod\/cool-akrilni-lak-per-drurin\/","title":{"rendered":"Cool Akrilni Lak p\u00ebr Drurin"},"content":{"rendered":"<h3><strong>P\u00cbRSHKRIM DHE P\u00cbRDORIMI<\/strong><\/h3>\n<p class=\"p1\">COOL akrilni lak p\u00ebr drurin na baz\u00eb uji \u00ebsht\u00eb nj\u00eb shtres\u00eb mbrojt\u00ebse dhe dekorative p\u00ebr mbrojtjen e sip\u00ebrfaqeve prej druri, si brenda ashtu edhe jasht\u00eb ambienteve. Ky produkt ekologjik, pa er\u00eb, thekson tekstur\u00ebn natyrore t\u00eb drurit dhe \u00ebsht\u00eb i q\u00ebndruesh\u00ebm ndaj rrezatimit UV dhe lag\u00ebshtir\u00ebs. <\/p>\n<h3><strong>UDH\u00cbZIME P\u00cbR P\u00cbRDORIM<\/strong><\/h3>\n<p class=\"p1\">Aplikohet me penel, valixh\u00eb ose me sp\u00ebrkatje n\u00eb 2-3 shtresa mbi nj\u00eb sip\u00ebrfaqe t\u00eb past\u00ebr, t\u00eb that\u00eb dhe t\u00eb pastruar mir\u00eb n\u00eb temperatur\u00eb nga +10\u00b0C deri n\u00eb +25\u00b0C. P\u00ebrdorni let\u00ebr r\u00ebr\u00eb p\u00ebr t\u00eb pastruar midis shtresave. P\u00ebr hollimin (\\~10%) dhe pastrimin e mjeteve p\u00ebrdoret uji. Aplikimi i shtres\u00ebs s\u00eb ardhshme b\u00ebhet pas 4-6 or\u00ebsh.   <\/p>\n<h3><strong>KONSUMI<\/strong><\/h3>\n<p class=\"p1\">10-12 m\u00b2\/l p\u00ebr nj\u00eb shtres\u00eb.<\/p>\n<h3><strong>PAKIMI<\/strong><\/h3>\n<p class=\"p1\">0.65 l dhe 2.5 l.<\/p>\n<h3><strong>AFATI I P\u00cbRDORIMIT DHE RUHATJA<\/strong><\/h3>\n<p class=\"p1\">18 muaj nga data e shtypur n\u00eb ambalazh. Ruani n\u00eb ambalazhin origjinal, t\u00eb mbyllur mir\u00eb dhe t\u00eb paprekur, n\u00eb temperatur\u00eb nga +5\u00baC deri n\u00eb +25\u00baC. <\/p>\n<h3><strong>DOKUMENTACIONI<\/strong><\/h3>\n<div class=\"dokumentacija\">\n<p><a class=\"dugmeproizvod\" href=\"https:\/\/nevenacolor.co.rs\/wp-content\/uploads\/2024\/11\/Tehnicka-dokumentacija-akrilni-lak-drvo.pdf\" target=\"_blank\" rel=\"noopener\">DOKUMENTACIONI TEKNIK<\/a><\/p>\n<p><a class=\"dugmeproizvod\" href=\"https:\/\/nevenacolor.co.rs\/wp-content\/uploads\/2024\/11\/Bezbedonosni-list-akrilni-lak-drvo.pdf\" target=\"_blank\" rel=\"noopener\">FLET\u00cbPAJISJE P\u00cbR SIGURI<\/a><\/p>\n<p>&nbsp;<\/p>\n<\/div>\n","protected":false},"excerpt":{"rendered":"<p>P\u00cbRSHKRIM DHE P\u00cbRDORIMI COOL akrilni lak p\u00ebr drurin na baz\u00eb uji \u00ebsht\u00eb nj\u00eb shtres\u00eb mbrojt\u00ebse dhe dekorative p\u00ebr mbrojtjen e<\/p>\n","protected":false},"featured_media":30405,"template":"","meta":{"_monsterinsights_skip_tracking":false,"_monsterinsights_sitenote_active":false,"_monsterinsights_sitenote_note":"","_monsterinsights_sitenote_category":0},"product_brand":[],"product_cat":[552,548,576],"product_tag":[],"class_list":{"0":"post-41275","1":"product","2":"type-product","3":"status-publish","4":"has-post-thumbnail","6":"product_cat-lakeret","7":"product_cat-shtrese-per-drure","8":"product_cat-veshje-akrilike-e-balancur-me-ujin-sq-2","10":"first","11":"instock","12":"featured","13":"shipping-taxable","14":"product-type-simple"},"_links":{"self":[{"href":"https:\/\/nevenacolor.co.rs\/sq\/wp-json\/wp\/v2\/product\/41275","targetHints":{"allow":["GET"]}}],"collection":[{"href":"https:\/\/nevenacolor.co.rs\/sq\/wp-json\/wp\/v2\/product"}],"about":[{"href":"https:\/\/nevenacolor.co.rs\/sq\/wp-json\/wp\/v2\/types\/product"}],"version-history":[{"count":0,"href":"https:\/\/nevenacolor.co.rs\/sq\/wp-json\/wp\/v2\/product\/41275\/revisions"}],"wp:featuredmedia":[{"embeddable":true,"href":"https:\/\/nevenacolor.co.rs\/sq\/wp-json\/wp\/v2\/media\/30405"}],"wp:attachment":[{"href":"https:\/\/nevenacolor.co.rs\/sq\/wp-json\/wp\/v2\/media?parent=41275"}],"wp:term":[{"taxonomy":"product_brand","embeddable":true,"href":"https:\/\/nevenacolor.co.rs\/sq\/wp-json\/wp\/v2\/product_brand?post=41275"},{"taxonomy":"product_cat","embeddable":true,"href":"https:\/\/nevenacolor.co.rs\/sq\/wp-json\/wp\/v2\/product_cat?post=41275"},{"taxonomy":"product_tag","embeddable":true,"href":"https:\/\/nevenacolor.co.rs\/sq\/wp-json\/wp\/v2\/product_tag?post=41275"}],"curies":[{"name":"wp","href":"https:\/\/api.w.org\/{rel}","templated":true}]}}