{"id":41276,"date":"2024-10-23T10:09:16","date_gmt":"2024-10-23T10:09:16","guid":{"rendered":"https:\/\/nevenacolor.co.rs\/proizvod\/cool-nova-art-perla-2\/"},"modified":"2024-10-23T10:09:16","modified_gmt":"2024-10-23T10:09:16","slug":"cool-nova-art-perla-2","status":"publish","type":"product","link":"https:\/\/nevenacolor.co.rs\/sq\/proizvod\/cool-nova-art-perla-2\/","title":{"rendered":"Cool Nova art Perla"},"content":{"rendered":"<h3><strong>P\u00cbRSHKRIM DHE P\u00cbRDORIMI<\/strong><\/h3>\n<p class=\"p1\">COOL NOVA ART PERLA \u00ebsht\u00eb nj\u00eb boje akrilike e lart\u00eb-kualiteti, ekologjike dhe e pastrueshme me uj\u00eb. Ajo \u00ebsht\u00eb krijuar <span class=\"Apple-converted-space\">  <\/span>mbi nj\u00eb baz\u00eb t\u00eb dispersimit t\u00eb kopolimerit akrilik, shtesa cil\u00ebsore dhe pigmentet speciale q\u00eb i japin boj\u00ebs nj\u00eb struktur\u00eb t\u00eb im\u00ebt t\u00eb ngjashme me perlat. Kjo boje \u00ebsht\u00eb e destinuar p\u00ebr dekorimin dhe mbrojtjen e sip\u00ebrfaqeve t\u00eb mureve brenda ambienteve (nd\u00ebrtesa luksoze publike, hotele, apartamente, kopshta f\u00ebmij\u00ebsh). I jep nj\u00eb pamje specifike  <span class=\"Apple-converted-space\">  <\/span>me shk\u00eblqim dhe ndri\u00e7im t\u00eb but\u00eb sip\u00ebrfaqes, dhe efekti b\u00ebhet edhe m\u00eb i duksh\u00ebm me ndri\u00e7im t\u00eb shtuar. Larmia e teknikave dhe efekteve mund\u00ebson dekorimin n\u00eb stile t\u00eb ndryshme. <\/p>\n<h3><strong>UDH\u00cbZIME P\u00cbR P\u00cbRDORIM<\/strong><\/h3>\n<p class=\"p1\">COOL NOVA ART PERLA \u00ebsht\u00eb nj\u00eb ngjyr\u00eb e p\u00ebrgatitur p\u00ebr aplikim dhe nuk k\u00ebrkon hollim me uj\u00eb. Sip\u00ebrfaqja ku do t\u00eb aplikohet duhet t\u00eb jet\u00eb e fort\u00eb, e that\u00eb, e past\u00ebr, pa pjes\u00eb t\u00eb dob\u00ebta, njolla yndyre etj. Sip\u00ebrfaqet e pasqaruara duhet t\u00eb nivelizohen me COOL GLET MASA ose COOL WET GLET. COOL NOVA ART PERLA aplikohet mbi sip\u00ebrfaqet ku \u00ebsht\u00eb aplikuar m\u00eb par\u00eb COOL NOVA ART PRIMER. Efekti dekorativ i COOL NOVA ART PERLA varet nga m\u00ebnyra e trajtimit t\u00eb shtres\u00ebs ende t\u00eb lagur me mjete t\u00eb ndryshme (penel, spatul, shpungj, valixh\u00eb&#8230;). Pamja p\u00ebrfundimtare e sip\u00ebrfaqes varet nga numri i shtresave t\u00eb aplikuara (1-3) dhe nga aft\u00ebsia dhe teknika e pun\u00ebtorit. Shtresa e par\u00eb \u00ebsht\u00eb e that\u00eb pas 6 deri n\u00eb 8 or\u00ebsh, n\u00eb var\u00ebsi t\u00eb trash\u00ebsis\u00eb s\u00eb shtres\u00ebs, nd\u00ebrsa q\u00ebndrueshm\u00ebria e plot\u00eb e film\u00ebs arrihet pas dy jav\u00ebsh. Temperatura optimale p\u00ebr pun\u00eb \u00ebsht\u00eb nga +10\u00b0C deri n\u00eb +30\u00b0C. Nuk duhet t\u00eb p\u00ebrdoret n\u00ebn +5\u00b0C. Pas p\u00ebrdorimit, mjetet duhet t\u00eb pastrohen holl\u00ebsisht me uj\u00eb.         <\/p>\n<h3><strong>KONSUMI<\/strong><\/h3>\n<p class=\"p1\">5-7 m<span class=\"s1\"><sup>2<\/sup><\/span>\/l<\/p>\n<h3><strong>PAKIMI<\/strong><\/h3>\n<p class=\"p1\">1l<\/p>\n<h3><strong>AFATI I P\u00cbRDORIMIT DHE RUHATJA<\/strong><\/h3>\n<p class=\"p1\">18 muaj nga data e shtypur n\u00eb paketim. Ruajeni n\u00eb paketim origjinal, <span class=\"Apple-converted-space\">  <\/span>t\u00eb mbyllur mir\u00eb dhe t\u00eb paprekur n\u00eb temperatur\u00eb prej +5\u00baC deri n\u00eb +25\u00baC, t\u00eb mbrojtur nga drita e drejtp\u00ebrdrejt\u00eb e diellit.<\/p>\n<h3><strong>DOKUMENTACIONI<\/strong><\/h3>\n<div class=\"dokumentacija\">\n<p><a class=\"dugmeproizvod\" href=\"https:\/\/nevenacolor.co.rs\/wp-content\/uploads\/2024\/10\/Tehnicka-dokumentacija-perla.pdf\" target=\"_blank\" rel=\"noopener\">DOKUMENTACIONI TEKNIK<\/a><\/p>\n<p><a class=\"dugmeproizvod\" href=\"https:\/\/nevenacolor.co.rs\/wp-content\/uploads\/2024\/10\/Bezbedonisni-list-perla.pdf\" target=\"_blank\" rel=\"noopener\">FLET\u00cbPAJISJE P\u00cbR SIGURI<\/a><\/p>\n<\/div>\n<p>&nbsp;<\/p>\n<p><iframe loading=\"lazy\" title=\"COOL NOVA ART PERLA\" width=\"500\" height=\"281\" src=\"https:\/\/www.youtube.com\/embed\/hN8-8-1E604?feature=oembed\" frameborder=\"0\" allow=\"accelerometer; autoplay; clipboard-write; encrypted-media; gyroscope; picture-in-picture; web-share\" referrerpolicy=\"strict-origin-when-cross-origin\" allowfullscreen><\/iframe><\/p>\n","protected":false},"excerpt":{"rendered":"<h3><strong>KARTELA TONE<\/strong><\/h3>\n[elementor-template id=\"29842\"]\n<div><a class=\"tonkarta\" href=\"#perla-tonkarta\" rel=\"noopener\"><img decoding=\"async\" src=\"https:\/\/nevenacolor.co.rs\/wp-content\/uploads\/2024\/06\/pantone-color-scheme.png\" width=\"40px\"> KARTELA TONE<\/a><\/div>\n","protected":false},"featured_media":29807,"template":"","meta":{"_monsterinsights_skip_tracking":false,"_monsterinsights_sitenote_active":false,"_monsterinsights_sitenote_note":"","_monsterinsights_sitenote_category":0},"product_brand":[],"product_cat":[540,532],"product_tag":[],"class_list":{"0":"post-41276","1":"product","2":"type-product","3":"status-publish","4":"has-post-thumbnail","6":"product_cat-shtresa-dekorative","7":"product_cat-veshje-ndertimi","9":"first","10":"instock","11":"shipping-taxable","12":"product-type-simple"},"_links":{"self":[{"href":"https:\/\/nevenacolor.co.rs\/sq\/wp-json\/wp\/v2\/product\/41276","targetHints":{"allow":["GET"]}}],"collection":[{"href":"https:\/\/nevenacolor.co.rs\/sq\/wp-json\/wp\/v2\/product"}],"about":[{"href":"https:\/\/nevenacolor.co.rs\/sq\/wp-json\/wp\/v2\/types\/product"}],"version-history":[{"count":0,"href":"https:\/\/nevenacolor.co.rs\/sq\/wp-json\/wp\/v2\/product\/41276\/revisions"}],"wp:featuredmedia":[{"embeddable":true,"href":"https:\/\/nevenacolor.co.rs\/sq\/wp-json\/wp\/v2\/media\/29807"}],"wp:attachment":[{"href":"https:\/\/nevenacolor.co.rs\/sq\/wp-json\/wp\/v2\/media?parent=41276"}],"wp:term":[{"taxonomy":"product_brand","embeddable":true,"href":"https:\/\/nevenacolor.co.rs\/sq\/wp-json\/wp\/v2\/product_brand?post=41276"},{"taxonomy":"product_cat","embeddable":true,"href":"https:\/\/nevenacolor.co.rs\/sq\/wp-json\/wp\/v2\/product_cat?post=41276"},{"taxonomy":"product_tag","embeddable":true,"href":"https:\/\/nevenacolor.co.rs\/sq\/wp-json\/wp\/v2\/product_tag?post=41276"}],"curies":[{"name":"wp","href":"https:\/\/api.w.org\/{rel}","templated":true}]}}