{"id":41277,"date":"2024-05-28T12:56:06","date_gmt":"2024-05-28T12:56:06","guid":{"rendered":"https:\/\/nevenacolor.co.rs\/proizvod\/cool-radijator-lak-2\/"},"modified":"2024-05-28T12:56:06","modified_gmt":"2024-05-28T12:56:06","slug":"cool-radijator-lak-2","status":"publish","type":"product","link":"https:\/\/nevenacolor.co.rs\/sq\/proizvod\/cool-radijator-lak-2\/","title":{"rendered":"Cool radijator lak"},"content":{"rendered":"<h3><strong>P\u00cbRSHKRIM DHE P\u00cbRDORIMI<\/strong><\/h3>\n<p class=\"p1\">Cool Radijator Lak \u00ebsht\u00eb nj\u00eb shtres\u00eb premtuese nj\u00ebkomponenti, e bazuar n\u00eb lidh\u00ebs alkidik t\u00eb cil\u00ebsis\u00eb s\u00eb lart\u00eb, pigmente organike dhe inorganike, hollues dhe aditiv\u00eb t\u00eb duhur. P\u00ebrdoret p\u00ebr mbrojtjen dekorative t\u00eb radijator\u00ebve. Ky lak \u00ebsht\u00eb i q\u00ebndruesh\u00ebm ndaj temperaturave q\u00eb arrihen nga radijatori (80\u00b0C &#8211; 120\u00b0C).  <\/p>\n<h3><strong>UDH\u00cbZIME P\u00cbR P\u00cbRDORIM<\/strong><\/h3>\n<p class=\"p1\">Cool Radijator Lak aplikohet n\u00eb nj\u00eb ose dy shtresa me penel, valixh\u00eb, sp\u00ebrkatje ose duke e zhytur. Shtresa e dyt\u00eb aplikohet pas 12 or\u00ebsh. P\u00ebr hollimin e boj\u00ebs dhe pastrimin e mjeteve, p\u00ebrdoret Uljani Razre\u0111iva\u010d.  <\/p>\n<h3><strong>KONSUMI<\/strong><\/h3>\n<p class=\"p1\">8-10 m<span class=\"s1\"><sup>\u00b2<\/sup><\/span>\/l p\u00ebr nj\u00eb shtres\u00eb.<\/p>\n<h3><strong>PAKIMI<\/strong><\/h3>\n<p class=\"p1\">0.75 l, 20 l<\/p>\n<h3><strong>AFATI I P\u00cbRDORIMIT DHE RUHATJA<\/strong><\/h3>\n<p class=\"p1\">Cool Radijator Lak ka nj\u00eb afat p\u00ebrdorimi prej 36 muajsh nga data e shtypur n\u00eb ambalazh. Duhet t\u00eb ruhet n\u00eb ambalazh origjinal, t\u00eb mbyllur mir\u00eb dhe t\u00eb paprekur, n\u00eb nj\u00eb temperatur\u00eb prej +5\u00baC deri n\u00eb +25\u00baC. <\/p>\n<h3><strong>DOKUMENTACIONI<\/strong><\/h3>\n<div class=\"dokumentacija\">\n<p><a class=\"dugmeproizvod\" href=\"https:\/\/nevenacolor.co.rs\/wp-content\/uploads\/2024\/11\/Tehnicka-dokumentacija-radijator-lak.pdf\" target=\"_blank\" rel=\"noopener\">DOKUMENTACIONI TEKNIK<\/a><\/p>\n<p><a class=\"dugmeproizvod\" href=\"https:\/\/nevenacolor.co.rs\/wp-content\/uploads\/2024\/11\/Bezbedonosni-list-radijator-lak.pdf\" target=\"_blank\" rel=\"noopener\">FLET\u00cbPAJISJE P\u00cbR SIGURI<\/a><\/p>\n<\/div>\n<p>&nbsp;<\/p>\n","protected":false},"excerpt":{"rendered":"<p>P\u00cbRSHKRIM DHE P\u00cbRDORIMI Cool Radijator Lak \u00ebsht\u00eb nj\u00eb shtres\u00eb premtuese nj\u00ebkomponenti, e bazuar n\u00eb lidh\u00ebs alkidik t\u00eb cil\u00ebsis\u00eb s\u00eb lart\u00eb,<\/p>\n","protected":false},"featured_media":30181,"template":"","meta":{"_monsterinsights_skip_tracking":false,"_monsterinsights_sitenote_active":false,"_monsterinsights_sitenote_note":"","_monsterinsights_sitenote_category":0},"product_brand":[],"product_cat":[569,562,573],"product_tag":[],"class_list":{"0":"post-41277","1":"product","2":"type-product","3":"status-publish","4":"has-post-thumbnail","6":"product_cat-boje-mbarimi-per-metal","7":"product_cat-shtrese-per-metal","8":"product_cat-veshje-alkidi-me-baze-vaj-sq","10":"first","11":"instock","12":"shipping-taxable","13":"product-type-simple"},"_links":{"self":[{"href":"https:\/\/nevenacolor.co.rs\/sq\/wp-json\/wp\/v2\/product\/41277","targetHints":{"allow":["GET"]}}],"collection":[{"href":"https:\/\/nevenacolor.co.rs\/sq\/wp-json\/wp\/v2\/product"}],"about":[{"href":"https:\/\/nevenacolor.co.rs\/sq\/wp-json\/wp\/v2\/types\/product"}],"version-history":[{"count":0,"href":"https:\/\/nevenacolor.co.rs\/sq\/wp-json\/wp\/v2\/product\/41277\/revisions"}],"wp:featuredmedia":[{"embeddable":true,"href":"https:\/\/nevenacolor.co.rs\/sq\/wp-json\/wp\/v2\/media\/30181"}],"wp:attachment":[{"href":"https:\/\/nevenacolor.co.rs\/sq\/wp-json\/wp\/v2\/media?parent=41277"}],"wp:term":[{"taxonomy":"product_brand","embeddable":true,"href":"https:\/\/nevenacolor.co.rs\/sq\/wp-json\/wp\/v2\/product_brand?post=41277"},{"taxonomy":"product_cat","embeddable":true,"href":"https:\/\/nevenacolor.co.rs\/sq\/wp-json\/wp\/v2\/product_cat?post=41277"},{"taxonomy":"product_tag","embeddable":true,"href":"https:\/\/nevenacolor.co.rs\/sq\/wp-json\/wp\/v2\/product_tag?post=41277"}],"curies":[{"name":"wp","href":"https:\/\/api.w.org\/{rel}","templated":true}]}}