{"id":41279,"date":"2024-05-28T12:55:36","date_gmt":"2024-05-28T12:55:36","guid":{"rendered":"https:\/\/nevenacolor.co.rs\/proizvod\/cool-industriale-e-ftohte\/"},"modified":"2024-05-28T12:55:36","modified_gmt":"2024-05-28T12:55:36","slug":"cool-industriale-e-ftohte","status":"publish","type":"product","link":"https:\/\/nevenacolor.co.rs\/sq\/proizvod\/cool-industriale-e-ftohte\/","title":{"rendered":"Cool industriale e ftoht\u00eb"},"content":{"rendered":"<h3><strong>P\u00cbRSHKRIM DHE P\u00cbRDORIMI<\/strong><\/h3>\n<p class=\"p1\"><b>COOL INDUSTRIJSKA BOJA ZA MEHANIZACIJU<\/b> \u00ebsht\u00eb nj\u00eb shtres\u00eb p\u00ebrfundimtare q\u00eb thahet shpejt, e destinuar p\u00ebr mbrojtjen dhe dekorimin e mekanizmave bujq\u00ebsor\u00eb (traktor\u00ebve, kombajn\u00ebve dhe pajisjeve t\u00eb tjera bujq\u00ebsore). Ajo \u00ebsht\u00eb e prodhuar nga lidh\u00ebs alkidik t\u00eb modifikuar, pigmente speciale dhe aditiv\u00eb. Karakterizohet nga q\u00ebndrueshm\u00ebri e lart\u00eb dhe rezistenc\u00eb ndaj kushteve atmosferike, vajrave dhe kimikateve t\u00eb dob\u00ebta, forc\u00eb mekanike dhe tharje t\u00eb shpejt\u00eb.  <\/p>\n<h3><strong>UDH\u00cbZIME P\u00cbR P\u00cbRDORIM<\/strong><\/h3>\n<p class=\"p1\">Ajo aplikohet me penel, valixh\u00eb ose pistolet\u00eb n\u00eb dy shtresa mbi COOL bojen e shpejt\u00eb antikorozive p\u00ebr metal. Shtresa tjet\u00ebr mund t\u00eb aplikohet pas 1-2 or\u00ebsh. Para p\u00ebrdorimit, COOL industrijska boja za mehanizaciju duhet t\u00eb hollohet me 5-10% COOL razre\u0111iva\u010dem za brzosu\u0161ive boje. Pas p\u00ebrdorimit, mjetet duhet t\u00eb pastrohen menj\u00ebher\u00eb me COOL razre\u0111iva\u010dem za brzosu\u0161ive boje.   <\/p>\n<h3><strong>KONSUMI<\/strong><\/h3>\n<p class=\"p1\">4-6 m<span class=\"s1\"><sup>2<\/sup><\/span>\/l n\u00eb dy shtresa<\/p>\n<h3><strong>PAKIMI<\/strong><\/h3>\n<p class=\"p1\">0.75 l<\/p>\n<h3><strong>AFATI I P\u00cbRDORIMIT DHE RUHATJA<\/strong><\/h3>\n<p class=\"p1\">Cool Radijator Lak ka nj\u00eb afat p\u00ebrdorimi prej 36 muajsh nga data e shtypur n\u00eb ambalazh. Duhet t\u00eb ruhet n\u00eb ambalazh origjinal, t\u00eb mbyllur mir\u00eb dhe t\u00eb paprekur, n\u00eb nj\u00eb temperatur\u00eb prej +5\u00baC deri n\u00eb +25\u00baC. <\/p>\n<h3><strong>NUDI<\/strong><\/h3>\n<p class=\"p1\">RAL 3020<\/p>\n<h3><strong>DOKUMENTACIONI<\/strong><\/h3>\n<div class=\"dokumentacija\">\n<p><a class=\"dugmeproizvod\" href=\"https:\/\/nevenacolor.co.rs\/wp-content\/uploads\/2024\/05\/Tehnicka-dokumentacija-industrijska-boja.pdf\" target=\"_blank\" rel=\"noopener\">DOKUMENTACION TEKNIK<\/a><\/p>\n<\/div>\n<p>&nbsp;<\/p>\n","protected":false},"excerpt":{"rendered":"<p>P\u00cbRSHKRIM DHE P\u00cbRDORIMI COOL INDUSTRIJSKA BOJA ZA MEHANIZACIJU \u00ebsht\u00eb nj\u00eb shtres\u00eb p\u00ebrfundimtare q\u00eb thahet shpejt, e destinuar p\u00ebr mbrojtjen dhe<\/p>\n","protected":false},"featured_media":30169,"template":"","meta":{"_monsterinsights_skip_tracking":false,"_monsterinsights_sitenote_active":false,"_monsterinsights_sitenote_note":"","_monsterinsights_sitenote_category":0},"product_brand":[],"product_cat":[569,571,562],"product_tag":[],"class_list":{"0":"post-41279","1":"product","2":"type-product","3":"status-publish","4":"has-post-thumbnail","6":"product_cat-boje-mbarimi-per-metal","7":"product_cat-shtrese-e-tharjes-se-shpejte-sq","8":"product_cat-shtrese-per-metal","10":"first","11":"instock","12":"shipping-taxable","13":"product-type-simple"},"_links":{"self":[{"href":"https:\/\/nevenacolor.co.rs\/sq\/wp-json\/wp\/v2\/product\/41279","targetHints":{"allow":["GET"]}}],"collection":[{"href":"https:\/\/nevenacolor.co.rs\/sq\/wp-json\/wp\/v2\/product"}],"about":[{"href":"https:\/\/nevenacolor.co.rs\/sq\/wp-json\/wp\/v2\/types\/product"}],"version-history":[{"count":0,"href":"https:\/\/nevenacolor.co.rs\/sq\/wp-json\/wp\/v2\/product\/41279\/revisions"}],"wp:featuredmedia":[{"embeddable":true,"href":"https:\/\/nevenacolor.co.rs\/sq\/wp-json\/wp\/v2\/media\/30169"}],"wp:attachment":[{"href":"https:\/\/nevenacolor.co.rs\/sq\/wp-json\/wp\/v2\/media?parent=41279"}],"wp:term":[{"taxonomy":"product_brand","embeddable":true,"href":"https:\/\/nevenacolor.co.rs\/sq\/wp-json\/wp\/v2\/product_brand?post=41279"},{"taxonomy":"product_cat","embeddable":true,"href":"https:\/\/nevenacolor.co.rs\/sq\/wp-json\/wp\/v2\/product_cat?post=41279"},{"taxonomy":"product_tag","embeddable":true,"href":"https:\/\/nevenacolor.co.rs\/sq\/wp-json\/wp\/v2\/product_tag?post=41279"}],"curies":[{"name":"wp","href":"https:\/\/api.w.org\/{rel}","templated":true}]}}