{"id":41280,"date":"2024-05-28T12:55:20","date_gmt":"2024-05-28T12:55:20","guid":{"rendered":"https:\/\/nevenacolor.co.rs\/proizvod\/cool-efekt-3x1-2\/"},"modified":"2024-05-28T12:55:20","modified_gmt":"2024-05-28T12:55:20","slug":"cool-efekt-3x1-2","status":"publish","type":"product","link":"https:\/\/nevenacolor.co.rs\/sq\/proizvod\/cool-efekt-3x1-2\/","title":{"rendered":"Cool efekt 3&#215;1"},"content":{"rendered":"<h3><strong>P\u00cbRSHKRIM DHE P\u00cbRDORIMI<\/strong><\/h3>\n<p class=\"docx_normalweb\"><strong>COOL EFEKT LAK 3X1<\/strong> \u00ebsht\u00eb nj\u00eb shtres\u00eb themelore dhe p\u00ebrfundimtare me tharje t\u00eb shpejt\u00eb, e destinuar p\u00ebr dekorimin dhe mbrojtjen e sip\u00ebrfaqeve metalike n\u00eb brend\u00ebsi dhe jasht\u00eb. Karakterizohet nga veti t\u00eb jasht\u00ebzakonshme antikorozive, ngjitje t\u00eb mir\u00eb dhe rezistenc\u00eb t\u00eb lart\u00eb ndaj kushteve atmosferike. Ajo \u00ebsht\u00eb e prodhuar nga lidh\u00ebs alkidik t\u00eb modifikuar, pigmente speciale antikorozive dhe aditiv\u00eb.  <\/p>\n<h3><strong>UDH\u00cbZIME P\u00cbR P\u00cbRDORIM<\/strong><\/h3>\n<p class=\"p1\">Ajo aplikohet me penel, valixh\u00eb ose pistolet\u00eb n\u00eb nj\u00eb shtres\u00eb mbi sip\u00ebrfaqe t\u00eb pastruar dhe t\u00eb pastruar nga yndyra. COOL efekt lak 3&#215;1, para p\u00ebrdorimit, duhet t\u00eb hollohet me COOL razre\u0111iva\u010dem 3&#215;1 deri n\u00eb 5%.  P\u00ebrdorni holluesin Nitro p\u00ebr t\u00eb lar\u00eb veglat.<\/p>\n<h3><strong>KONSUMI<\/strong><\/h3>\n<p class=\"p1\">8-10 m<sup>2<\/sup>\/kg n\u00eb nj\u00eb shtres\u00eb.<\/p>\n<h3><strong>PAKIMI<\/strong><\/h3>\n<p class=\"p1\">0.75 l<span id=\"_Hlk161744014\"><\/span>, 2.5 l, 20 l<\/p>\n<h3><strong>AFATI I P\u00cbRDORIMIT DHE RUHATJA<\/strong><\/h3>\n<p class=\"p1\">Cool Radijator Lak ka nj\u00eb afat p\u00ebrdorimi prej 36 muajsh nga data e shtypur n\u00eb ambalazh. Duhet t\u00eb ruhet n\u00eb ambalazh origjinal, t\u00eb mbyllur mir\u00eb dhe t\u00eb paprekur, n\u00eb nj\u00eb temperatur\u00eb prej +5\u00baC deri n\u00eb +25\u00baC. <\/p>\n<h3><strong>DOKUMENTACIONI<\/strong><\/h3>\n<div class=\"dokumentacija\">\n<p><a class=\"dugmeproizvod\" href=\"https:\/\/nevenacolor.co.rs\/wp-content\/uploads\/2024\/11\/Tehnicka-dokumentacija-efekt-lak-3x1-1.pdf\" target=\"_blank\" rel=\"noopener\">DOKUMENTACIONI TEKNIK<\/a><\/p>\n<p><a class=\"dugmeproizvod\" href=\"https:\/\/nevenacolor.co.rs\/wp-content\/uploads\/2024\/11\/Bezbedonosni-list-efekt-lak-3x1-1.pdf\" target=\"_blank\" rel=\"noopener\">FLET\u00cbPAJISJE P\u00cbR SIGURI<\/a><\/p>\n<\/div>\n<p>&nbsp;<\/p>\n","protected":false},"excerpt":{"rendered":"<h3><strong>KARTELA TONE<\/strong><\/h3>\n[elementor-template id=\"31856\"]\n<div><a class=\"tonkarta\" href=\"#efekt3x1\" rel=\"noopener\"><img decoding=\"async\" src=\"https:\/\/nevenacolor.co.rs\/wp-content\/uploads\/2024\/06\/pantone-color-scheme.png\" width=\"40px\"> KARTELA TONE<\/a><\/div>\n","protected":false},"featured_media":30354,"template":"","meta":{"_monsterinsights_skip_tracking":false,"_monsterinsights_sitenote_active":false,"_monsterinsights_sitenote_note":"","_monsterinsights_sitenote_category":0},"product_brand":[],"product_cat":[569,570,562],"product_tag":[],"class_list":{"0":"post-41280","1":"product","2":"type-product","3":"status-publish","4":"has-post-thumbnail","6":"product_cat-boje-mbarimi-per-metal","7":"product_cat-shtrese-3x1-e-tharjes-se-shpejte","8":"product_cat-shtrese-per-metal","10":"first","11":"instock","12":"shipping-taxable","13":"product-type-simple"},"_links":{"self":[{"href":"https:\/\/nevenacolor.co.rs\/sq\/wp-json\/wp\/v2\/product\/41280","targetHints":{"allow":["GET"]}}],"collection":[{"href":"https:\/\/nevenacolor.co.rs\/sq\/wp-json\/wp\/v2\/product"}],"about":[{"href":"https:\/\/nevenacolor.co.rs\/sq\/wp-json\/wp\/v2\/types\/product"}],"version-history":[{"count":0,"href":"https:\/\/nevenacolor.co.rs\/sq\/wp-json\/wp\/v2\/product\/41280\/revisions"}],"wp:featuredmedia":[{"embeddable":true,"href":"https:\/\/nevenacolor.co.rs\/sq\/wp-json\/wp\/v2\/media\/30354"}],"wp:attachment":[{"href":"https:\/\/nevenacolor.co.rs\/sq\/wp-json\/wp\/v2\/media?parent=41280"}],"wp:term":[{"taxonomy":"product_brand","embeddable":true,"href":"https:\/\/nevenacolor.co.rs\/sq\/wp-json\/wp\/v2\/product_brand?post=41280"},{"taxonomy":"product_cat","embeddable":true,"href":"https:\/\/nevenacolor.co.rs\/sq\/wp-json\/wp\/v2\/product_cat?post=41280"},{"taxonomy":"product_tag","embeddable":true,"href":"https:\/\/nevenacolor.co.rs\/sq\/wp-json\/wp\/v2\/product_tag?post=41280"}],"curies":[{"name":"wp","href":"https:\/\/api.w.org\/{rel}","templated":true}]}}