{"id":41284,"date":"2024-05-28T12:54:17","date_gmt":"2024-05-28T12:54:17","guid":{"rendered":"https:\/\/nevenacolor.co.rs\/proizvod\/cool-emajl-lak-me-tharje-te-shpejte\/"},"modified":"2025-05-10T21:50:11","modified_gmt":"2025-05-10T21:50:11","slug":"cool-emajl-lak-me-tharje-te-shpejte","status":"publish","type":"product","link":"https:\/\/nevenacolor.co.rs\/sq\/proizvod\/cool-emajl-lak-me-tharje-te-shpejte\/","title":{"rendered":"Cool emajl lak me tharje t\u00eb shpejt\u00eb"},"content":{"rendered":"<h3><strong>P\u00cbRSHKRIM DHE P\u00cbRDORIMI<\/strong><\/h3>\n<p class=\"p1\"><b>COOL BRZOSU\u0160IVI EMAJL<\/b> \u00ebsht\u00eb shtres\u00eb p\u00ebrfundimtare me tharje t\u00eb shpejt\u00eb, e destinuar p\u00ebr mbrojtje dhe dekorim t\u00eb sip\u00ebrfaqeve metalike. \u00cbsht\u00eb i prodhuar nga lidh\u00ebs alkidik t\u00eb modifikuar, pigmente dhe aditiv\u00eb. Karakterizohet nga q\u00ebndrueshm\u00ebri e lart\u00eb, rezistenc\u00eb ndaj kushteve atmosferike, forc\u00eb mekanike dhe tharje e shpejt\u00eb.  <\/p>\n<h3><strong>UDH\u00cbZIME P\u00cbR P\u00cbRDORIM<\/strong><\/h3>\n<p class=\"p1\">Aplikohet me penel, rrotull ose me sp\u00ebrkatje n\u00eb dy shtresa mbi boj\u00ebn baz\u00eb antikorozive me tharje t\u00eb shpejt\u00eb p\u00ebr metal. Shtresa e radh\u00ebs mund t\u00eb aplikohet pas 1-2 or\u00ebsh. Para p\u00ebrdorimit, boja Brzosu\u0161ivi emajl hollohet me 5-10% hollues p\u00ebr boj\u00ebra me tharje t\u00eb shpejt\u00eb. Pas p\u00ebrdorimit, veglat duhet t\u00eb lahen menj\u00ebher\u00eb me hollues Nitro.   <\/p>\n<h3><strong>KONSUMI<\/strong><\/h3>\n<p class=\"p1\">4-6 m<span class=\"s1\"><sup>2<\/sup><\/span>\/l n\u00eb dy shtresa<b> <\/b><\/p>\n<h3><strong>PAKIMI<\/strong><\/h3>\n<p class=\"p1\">0,75 l<\/p>\n<h3><strong>AFATI I P\u00cbRDORIMIT DHE RUHATJA<\/strong><\/h3>\n<p class=\"p1\">Cool Radijator Lak ka nj\u00eb afat p\u00ebrdorimi prej 36 muajsh nga data e shtypur n\u00eb ambalazh. Duhet t\u00eb ruhet n\u00eb ambalazh origjinal, t\u00eb mbyllur mir\u00eb dhe t\u00eb paprekur, n\u00eb nj\u00eb temperatur\u00eb prej +5\u00baC deri n\u00eb +25\u00baC. <\/p>\n<h3><strong>DOKUMENTACIONI<\/strong><\/h3>\n<div class=\"dokumentacija\">\n<p><a class=\"dugmeproizvod\" href=\"https:\/\/nevenacolor.co.rs\/wp-content\/uploads\/2024\/11\/Tehnicka-dokumetacija-brzosusivi-emajl.pdf\" target=\"_blank\" rel=\"noopener\">DOKUMENTACIONI TEKNIK<\/a><\/p>\n<p><a class=\"dugmeproizvod\" href=\"https:\/\/nevenacolor.co.rs\/wp-content\/uploads\/2024\/11\/Bezbedonosni-list-brzosusivi-emajl.pdf\" target=\"_blank\" rel=\"noopener\">FLET\u00cbPAJISJE P\u00cbR SIGURI<\/a><\/p>\n<\/div>\n<p>&nbsp;<\/p>\n","protected":false},"excerpt":{"rendered":"<h3><strong>KARTELA TONE<\/strong><\/h3>\n[elementor-template id=\"30244\"]\n<div><a class=\"tonkarta\" href=\"#brzosusiviemajl\" rel=\"noopener\"><img decoding=\"async\" src=\"https:\/\/nevenacolor.co.rs\/wp-content\/uploads\/2024\/06\/pantone-color-scheme.png\" width=\"40px\"> KARTELA TONE<\/a><\/div>\n","protected":false},"featured_media":30228,"template":"","meta":{"_monsterinsights_skip_tracking":false,"_monsterinsights_sitenote_active":false,"_monsterinsights_sitenote_note":"","_monsterinsights_sitenote_category":0},"product_brand":[],"product_cat":[569,571,562],"product_tag":[],"class_list":{"0":"post-41284","1":"product","2":"type-product","3":"status-publish","4":"has-post-thumbnail","6":"product_cat-boje-mbarimi-per-metal","7":"product_cat-shtrese-e-tharjes-se-shpejte-sq","8":"product_cat-shtrese-per-metal","10":"first","11":"instock","12":"shipping-taxable","13":"product-type-simple"},"_links":{"self":[{"href":"https:\/\/nevenacolor.co.rs\/sq\/wp-json\/wp\/v2\/product\/41284","targetHints":{"allow":["GET"]}}],"collection":[{"href":"https:\/\/nevenacolor.co.rs\/sq\/wp-json\/wp\/v2\/product"}],"about":[{"href":"https:\/\/nevenacolor.co.rs\/sq\/wp-json\/wp\/v2\/types\/product"}],"version-history":[{"count":1,"href":"https:\/\/nevenacolor.co.rs\/sq\/wp-json\/wp\/v2\/product\/41284\/revisions"}],"predecessor-version":[{"id":41359,"href":"https:\/\/nevenacolor.co.rs\/sq\/wp-json\/wp\/v2\/product\/41284\/revisions\/41359"}],"wp:featuredmedia":[{"embeddable":true,"href":"https:\/\/nevenacolor.co.rs\/sq\/wp-json\/wp\/v2\/media\/30228"}],"wp:attachment":[{"href":"https:\/\/nevenacolor.co.rs\/sq\/wp-json\/wp\/v2\/media?parent=41284"}],"wp:term":[{"taxonomy":"product_brand","embeddable":true,"href":"https:\/\/nevenacolor.co.rs\/sq\/wp-json\/wp\/v2\/product_brand?post=41284"},{"taxonomy":"product_cat","embeddable":true,"href":"https:\/\/nevenacolor.co.rs\/sq\/wp-json\/wp\/v2\/product_cat?post=41284"},{"taxonomy":"product_tag","embeddable":true,"href":"https:\/\/nevenacolor.co.rs\/sq\/wp-json\/wp\/v2\/product_tag?post=41284"}],"curies":[{"name":"wp","href":"https:\/\/api.w.org\/{rel}","templated":true}]}}