{"id":41286,"date":"2021-08-27T12:02:01","date_gmt":"2021-08-27T12:02:01","guid":{"rendered":"https:\/\/nevenacolor.co.rs\/proizvod\/glet-mass\/"},"modified":"2021-08-27T12:02:01","modified_gmt":"2021-08-27T12:02:01","slug":"glet-mass","status":"publish","type":"product","link":"https:\/\/nevenacolor.co.rs\/sq\/proizvod\/glet-mass\/","title":{"rendered":"GLET MASS"},"content":{"rendered":"<h3><strong>P\u00cbRSHKRIM DHE P\u00cbRDORIMI<\/strong><\/h3>\n<p><b>Cool masa mbush\u00ebse pluhur n\u00eb baz\u00eb t\u00eb g\u00eblqeres \u00ebsht\u00eb<\/b> nj\u00eb mas\u00eb nj\u00ebkomponent\u00ebshe<span class=\"Apple-converted-space\">  <\/span>q\u00eb p\u00ebrdoret p\u00ebr nivelimin e im\u00ebt t\u00eb mureve dhe tavaneve n\u00eb ambiente t\u00eb brendshme. \u00cbsht\u00eb e p\u00ebrb\u00ebr\u00eb nga lidh\u00ebs polimerik\u00eb, mbush\u00ebs, trash\u00ebsues dhe aditiv\u00eb p\u00ebrkat\u00ebs. Aplikohet me makin\u00eb ose me dor\u00eb. Aplikimi manual b\u00ebhet me shpatull metalike inox n\u00eb dy shtresa, me trash\u00ebsi deri n\u00eb 4 mm, mbi t\u00eb gjitha llojet e lla\u00e7it, betonit dhe pllakave t\u00eb gipsit, si dhe mbi mure q\u00eb jan\u00eb lyer m\u00eb par\u00eb. Karakterizohet nga bardh\u00ebsia, aplikimi i leht\u00eb, \u00ebsht\u00eb avullkalueshme, leht\u00eb p\u00ebr t\u2019u bluar dhe \u00ebsht\u00eb nj\u00eb baz\u00eb ideale p\u00ebr t\u00eb gjitha llojet e boj\u00ebrave p\u00ebrfundimtare me baz\u00eb uji.    <\/p>\n<h3><strong>UDH\u00cbZIME P\u00cbR P\u00cbRDORIM<\/strong><\/h3>\n<p class=\"p1\"><b>P\u00ebrgatitja e sip\u00ebrfaqes<\/b><\/p>\n<p class=\"p1\">Sip\u00ebrfaqja duhet t\u00eb jet\u00eb e that\u00eb, e past\u00ebr, e fort\u00eb, e pastruar nga pluhuri dhe elementet e tjera q\u00eb shk\u00ebputen apo bien. Shtresat e vjetra duhet t\u00eb g\u00ebrryhen (l\u00ebmuar) para aplikimit. <\/p>\n<p class=\"p2\"><b>Cool masa p\u00ebr glet p\u00ebr pluhur p\u00ebrgatitet<\/b> duke<span class=\"Apple-converted-space\">  <\/span>p\u00ebrzier\u00eb <span class=\"Apple-converted-space\">  <\/span>nj\u00eb pjes\u00eb uji<span class=\"Apple-converted-space\">  <\/span>me rreth 2,5 pjes\u00eb peshore t\u00eb mas\u00ebs p\u00ebr glet (rreth 8,75 l uj\u00eb dhe 25 kg mas\u00eb pluhuri) me dor\u00eb ose me mikser elektrik. Masa e p\u00ebrgatitur p\u00ebrdoret pas 10 minutash. Para p\u00ebrdorimit, sigurohuni q\u00eb t\u00eb p\u00ebrzieni mir\u00eb mas\u00ebn e p\u00ebrgatitur.  <\/p>\n<p class=\"p1\">Masa e p\u00ebrgatitur aplikohet me nj\u00eb gletar t\u00eb pap\u00ebrshkuesh\u00ebm nga rusti n\u00eb nj\u00eb shtres\u00eb t\u00eb holl\u00eb prej 1-2 mm. N\u00ebse \u00ebsht\u00eb e nevojshme, mund t\u00eb aplikohet n\u00eb dy shtresa. Thahet n\u00eb kontakt pas 4-6 or\u00ebsh, dhe \u00ebsht\u00eb e gatshme p\u00ebr lustrim pas 12 or\u00ebsh.  <\/p>\n<p class=\"p1\">Pasi t\u00eb thahet, masa duhet t\u00eb f\u00ebrkohet me let\u00ebr t\u00eb im\u00ebt sandpaper.<\/p>\n<p class=\"p1\">Pas p\u00ebrdorimit, pastroni menj\u00ebher\u00eb veglat me uj\u00eb. Temperatura optimale e pun\u00ebs \u00ebsht\u00eb nga +5<span class=\"s1\"><sup>\u00b0<\/sup><\/span>C deri n\u00eb +30<span class=\"s1\"><sup>\u00b0<\/sup><\/span>C. Nuk duhet p\u00ebrdorur n\u00ebn +5<span class=\"s1\"><sup>\u00b0<\/sup><\/span>C.<\/p>\n<h3><strong>KONSUMI<\/strong><\/h3>\n<p>1.0-1.5 kg\/m\u00b2 n\u00eb nj\u00eb shtres\u00eb.<\/p>\n<h3><strong>PAKIMI<\/strong><\/h3>\n<p>25kg<\/p>\n<h3><strong>AFATI I P\u00cbRDORIMIT DHE RUHATJA<\/strong><\/h3>\n<p>12 muaj t\u00eb ruhet n\u00eb ambalazh origjinal, mir\u00eb t\u00eb mbyllur dhe t\u00eb pad\u00ebmtuar, n\u00eb temperatur\u00eb nga +5\u00baC deri n\u00eb +25\u00baC.<\/p>\n<h3><strong>DOKUMENTACIONI<\/strong><\/h3>\n<div class=\"dokumentacija\">\n<p><a class=\"dugmeproizvod\" href=\"https:\/\/nevenacolor.co.rs\/wp-content\/uploads\/2024\/10\/Tehnicka-dokumentacija-glet-masa.pdf\" target=\"_blank\" rel=\"noopener\">DOKUMENTACIONI TEKNIK<\/a><\/p>\n<p><a class=\"dugmeproizvod\" href=\"https:\/\/nevenacolor.co.rs\/wp-content\/uploads\/2024\/10\/Bezbedonosni-list-glet-masa.pdf\" target=\"_blank\" rel=\"noopener\">FLET\u00cbPAJISJE P\u00cbR SIGURI<\/a><\/p>\n<\/div>\n<p>&nbsp;<\/p>\n<p><iframe loading=\"lazy\" title=\"YouTube video player\" src=\"https:\/\/www.youtube.com\/embed\/b7pcZufUdHM?si=0eRYtltqKjDkFJnD\" width=\"560\" height=\"315\" frameborder=\"0\" allowfullscreen=\"allowfullscreen\"><\/iframe><\/p>\n","protected":false},"excerpt":{"rendered":"<p>P\u00cbRSHKRIM DHE P\u00cbRDORIMI Cool masa mbush\u00ebse pluhur n\u00eb baz\u00eb t\u00eb g\u00eblqeres \u00ebsht\u00eb nj\u00eb mas\u00eb nj\u00ebkomponent\u00ebshe q\u00eb p\u00ebrdoret p\u00ebr nivelimin e<\/p>\n","protected":false},"featured_media":29697,"template":"","meta":{"_monsterinsights_skip_tracking":false,"_monsterinsights_sitenote_active":false,"_monsterinsights_sitenote_note":"","_monsterinsights_sitenote_category":0},"product_brand":[],"product_cat":[545,532],"product_tag":[],"class_list":{"0":"post-41286","1":"product","2":"type-product","3":"status-publish","4":"has-post-thumbnail","6":"product_cat-mase-per-nivelim","7":"product_cat-veshje-ndertimi","9":"first","10":"instock","11":"featured","12":"shipping-taxable","13":"product-type-simple"},"_links":{"self":[{"href":"https:\/\/nevenacolor.co.rs\/sq\/wp-json\/wp\/v2\/product\/41286","targetHints":{"allow":["GET"]}}],"collection":[{"href":"https:\/\/nevenacolor.co.rs\/sq\/wp-json\/wp\/v2\/product"}],"about":[{"href":"https:\/\/nevenacolor.co.rs\/sq\/wp-json\/wp\/v2\/types\/product"}],"version-history":[{"count":0,"href":"https:\/\/nevenacolor.co.rs\/sq\/wp-json\/wp\/v2\/product\/41286\/revisions"}],"wp:featuredmedia":[{"embeddable":true,"href":"https:\/\/nevenacolor.co.rs\/sq\/wp-json\/wp\/v2\/media\/29697"}],"wp:attachment":[{"href":"https:\/\/nevenacolor.co.rs\/sq\/wp-json\/wp\/v2\/media?parent=41286"}],"wp:term":[{"taxonomy":"product_brand","embeddable":true,"href":"https:\/\/nevenacolor.co.rs\/sq\/wp-json\/wp\/v2\/product_brand?post=41286"},{"taxonomy":"product_cat","embeddable":true,"href":"https:\/\/nevenacolor.co.rs\/sq\/wp-json\/wp\/v2\/product_cat?post=41286"},{"taxonomy":"product_tag","embeddable":true,"href":"https:\/\/nevenacolor.co.rs\/sq\/wp-json\/wp\/v2\/product_tag?post=41286"}],"curies":[{"name":"wp","href":"https:\/\/api.w.org\/{rel}","templated":true}]}}