{"id":41287,"date":"2024-05-21T14:06:30","date_gmt":"2024-05-21T14:06:30","guid":{"rendered":"https:\/\/nevenacolor.co.rs\/proizvod\/preventox-2\/"},"modified":"2024-05-21T14:06:30","modified_gmt":"2024-05-21T14:06:30","slug":"preventox-2","status":"publish","type":"product","link":"https:\/\/nevenacolor.co.rs\/sq\/proizvod\/preventox-2\/","title":{"rendered":"Preventox"},"content":{"rendered":"<h3><strong>P\u00cbRSHKRIM DHE P\u00cbRDORIMI<\/strong><\/h3>\n<p>I b\u00ebr\u00eb me baz\u00eb lidh\u00ebs alkid sintetik\u00eb t\u00eb cil\u00ebsis\u00eb s\u00eb lart\u00eb, pigmente organike dhe inorganike, tret\u00ebs dhe aditiv\u00eb t\u00eb duhur. P\u00ebrdoret p\u00ebr mbrojtjen e sip\u00ebrfaqeve metalike. <\/p>\n<h3><strong>UDH\u00cbZIME P\u00cbR P\u00cbRDORIM<\/strong><\/h3>\n<p>P\u00ebrdorni Preventox p\u00ebr t\u00eb mbuluar sip\u00ebrfaqet e infektuara me nj\u00eb fur\u00e7\u00eb ose valj\u00eb n\u00eb nj\u00eb deri n\u00eb dy shtresa. Koha minimale p\u00ebr tharjen e sip\u00ebrfaqes s\u00eb trajtuar \u00ebsht\u00eb 3 or\u00eb. Pas trajtimit, pastroni sip\u00ebrfaqen me nj\u00eb shpatull ose fur\u00e7\u00eb. N\u00ebse \u00ebsht\u00eb e nevojshme, p\u00ebrs\u00ebriteni procesin. Pasi t\u00eb trajtohen muret me Preventox, l\u00ebreni sip\u00ebrfaqen t\u00eb veproj\u00eb p\u00ebr 24 or\u00eb. Pas k\u00ebtij periudhe, mbuloni muret me boja p\u00ebrfundimtare me baz\u00eb dispersioni. Preventox p\u00ebrdoret pa e holluar. P\u00ebrdorni uj\u00eb p\u00ebr pastrimin e mjeteve.       <\/p>\n<h3><strong>KONSUMI<\/strong><\/h3>\n<p>Doza e rekomanduar p\u00ebr p\u00ebrdorim \u00ebsht\u00eb 100-200 g\/m\u00b2 e produktit t\u00eb pap\u00ebrzier.<\/p>\n<h3><strong>PAKIMI<\/strong><\/h3>\n<p>0.5 l<\/p>\n<h3><strong>AFATI I P\u00cbRDORIMIT DHE RUHATJA<\/strong><\/h3>\n<p>I pakufizuar n\u00ebse ruhet n\u00eb temperatur\u00eb nga 5\u00b0C deri n\u00eb 25\u00b0C.<\/p>\n<h3><strong>DOKUMENTACIONI<\/strong><\/h3>\n<div class=\"dokumentacija\">\n<p><a class=\"dugmeproizvod\" href=\"https:\/\/nevenacolor.co.rs\/wp-content\/uploads\/2024\/10\/Tehnicka-dokumentacija-preventox.pdf\" target=\"_blank\" rel=\"noopener\">DOKUMENTACIONI TEKNIK<\/a><\/p>\n<p><a class=\"dugmeproizvod\" href=\"https:\/\/nevenacolor.co.rs\/wp-content\/uploads\/2024\/10\/Bezbedonosni-list-preventox.pdf\" target=\"_blank\" rel=\"noopener\">FLET\u00cbPAJISJE P\u00cbR SIGURI<\/a><\/p>\n<\/div>\n<p>&nbsp;<\/p>\n<p><iframe loading=\"lazy\" title=\"COOL PREVENTOX #vlaga\" width=\"500\" height=\"281\" src=\"https:\/\/www.youtube.com\/embed\/gJ_W3wEOqYc?feature=oembed\" frameborder=\"0\" allow=\"accelerometer; autoplay; clipboard-write; encrypted-media; gyroscope; picture-in-picture; web-share\" referrerpolicy=\"strict-origin-when-cross-origin\" allowfullscreen><\/iframe><\/p>\n","protected":false},"excerpt":{"rendered":"<p>P\u00cbRSHKRIM DHE P\u00cbRDORIMI I b\u00ebr\u00eb me baz\u00eb lidh\u00ebs alkid sintetik\u00eb t\u00eb cil\u00ebsis\u00eb s\u00eb lart\u00eb, pigmente organike dhe inorganike, tret\u00ebs dhe<\/p>\n","protected":false},"featured_media":29911,"template":"","meta":{"_monsterinsights_skip_tracking":false,"_monsterinsights_sitenote_active":false,"_monsterinsights_sitenote_note":"","_monsterinsights_sitenote_category":0},"product_brand":[],"product_cat":[533,532],"product_tag":[],"class_list":{"0":"post-41287","1":"product","2":"type-product","3":"status-publish","4":"has-post-thumbnail","6":"product_cat-agjent-biocidal","7":"product_cat-veshje-ndertimi","9":"first","10":"instock","11":"shipping-taxable","12":"product-type-simple"},"_links":{"self":[{"href":"https:\/\/nevenacolor.co.rs\/sq\/wp-json\/wp\/v2\/product\/41287","targetHints":{"allow":["GET"]}}],"collection":[{"href":"https:\/\/nevenacolor.co.rs\/sq\/wp-json\/wp\/v2\/product"}],"about":[{"href":"https:\/\/nevenacolor.co.rs\/sq\/wp-json\/wp\/v2\/types\/product"}],"version-history":[{"count":0,"href":"https:\/\/nevenacolor.co.rs\/sq\/wp-json\/wp\/v2\/product\/41287\/revisions"}],"wp:featuredmedia":[{"embeddable":true,"href":"https:\/\/nevenacolor.co.rs\/sq\/wp-json\/wp\/v2\/media\/29911"}],"wp:attachment":[{"href":"https:\/\/nevenacolor.co.rs\/sq\/wp-json\/wp\/v2\/media?parent=41287"}],"wp:term":[{"taxonomy":"product_brand","embeddable":true,"href":"https:\/\/nevenacolor.co.rs\/sq\/wp-json\/wp\/v2\/product_brand?post=41287"},{"taxonomy":"product_cat","embeddable":true,"href":"https:\/\/nevenacolor.co.rs\/sq\/wp-json\/wp\/v2\/product_cat?post=41287"},{"taxonomy":"product_tag","embeddable":true,"href":"https:\/\/nevenacolor.co.rs\/sq\/wp-json\/wp\/v2\/product_tag?post=41287"}],"curies":[{"name":"wp","href":"https:\/\/api.w.org\/{rel}","templated":true}]}}