{"id":41288,"date":"2024-05-21T14:46:45","date_gmt":"2024-05-21T14:46:45","guid":{"rendered":"https:\/\/nevenacolor.co.rs\/proizvod\/cool-pol-2\/"},"modified":"2024-05-21T14:46:45","modified_gmt":"2024-05-21T14:46:45","slug":"cool-pol-2","status":"publish","type":"product","link":"https:\/\/nevenacolor.co.rs\/sq\/proizvod\/cool-pol-2\/","title":{"rendered":"COOL POL"},"content":{"rendered":"<h3><strong>P\u00cbRSHKRIM DHE P\u00cbRDORIMI<\/strong><\/h3>\n<p>COOL POL \u00ebsht\u00eb ngjyra ekolojike p\u00ebr sip\u00ebrfaqet e mureve t\u00eb brendshme. Ajo \u00ebsht\u00eb e destinuar p\u00ebr mbrojtje dekorative t\u00eb sip\u00ebrfaqeve t\u00eb brendshme t\u00eb mureve dhe tavan\u00ebve. Ka nj\u00eb bardh\u00ebsi t\u00eb jasht\u00ebzakonshme, mbulim t\u00eb lart\u00eb dhe \u00ebsht\u00eb paropropustive. \u00cbsht\u00eb rezistente ndaj fshirjes s\u00eb that\u00eb.    COOL POL \u00ebsht\u00eb e p\u00ebrshtatshme p\u00ebr t\u00eb gjitha llojet e sip\u00ebrfaqeve minerale, t\u00eb thata dhe t\u00eb forta, sip\u00ebrfaqeve t\u00eb modifikuara t\u00eb \u00e7imentos dhe pllaka gips-karton, p\u00ebr muret q\u00eb jan\u00eb pikturuar tashm\u00eb me ngjyra disperzionale. COOL POL mund t\u00eb nuancoj\u00eb me tonera koncentrat COOL p\u00ebr t\u00eb marr\u00eb nuanca pastel. <\/p>\n<h3><strong>UDH\u00cbZIME P\u00cbR P\u00cbRDORIM<\/strong><\/h3>\n<p>Para t\u00eb aplikoni COOL POL, hiqni pluhurin, yndyrnat, krip\u00ebrat e tretshme n\u00eb uj\u00eb, pjes\u00ebt e lidhura dob\u00ebt dhe element\u00ebt e tjer\u00eb q\u00eb prishen ose bien nga sip\u00ebrfaqet e vjetra dhe t\u00eb d\u00ebmtuara (p\u00ebrmes pastrimit mekanik t\u00eb that\u00eb ose larjes). \u00c7do papast\u00ebrti dhe \u00e7arje duhet t\u00eb rregullohen me materialin p\u00ebrkat\u00ebs. Para pikturimit, duhet t\u00eb impregnohen muret me COOL n\u00ebnp\u00ebrshkrimin, n\u00eb var\u00ebsi t\u00eb gjendjes s\u00eb sip\u00ebrfaqes. N\u00ebse \u00ebsht\u00eb e nevojshme, mund t\u00eb p\u00ebrdorni COOL glet mas\u00ebn pluhur n\u00eb dy shtresa p\u00ebr t\u00eb marr\u00eb nj\u00eb pamje m\u00eb t\u00eb bukur t\u00eb sip\u00ebrfaqes s\u00eb thar\u00eb t\u00eb ngjyrosur. Muret e rinj duhet t\u00eb jen\u00eb t\u00ebr\u00ebsisht t\u00eb thata dhe pa pluhur. COOL POL aplikohet me brush\u00eb, rull ose sp\u00ebrkatje, zakonisht n\u00eb dy shtresa. N\u00ebse \u00ebsht\u00eb e nevojshme, mund t\u00eb holloni me uj\u00eb deri n\u00eb 15-20%. Para hollimit, p\u00ebrziejini mir\u00eb p\u00ebrmbajtjen e kov\u00ebs. Shtresa e dyt\u00eb aplikohet mbi shtres\u00ebn e par\u00eb t\u00eb thar\u00eb pas 6 or\u00ebsh. Nuanca e k\u00ebrkuar arrihet duke p\u00ebrzier COOL POL dhe COOL koncentrat toner (tonet pastel).          Pasi p\u00ebrdorimit, mjetet duhet t\u00eb lahen menj\u00ebher\u00eb me uj\u00eb.<\/p>\n<h3><strong>KONSUMI<\/strong><\/h3>\n<p>5-6 m <span class=\"s1\"><sup>2<\/sup><\/span>\/kg<span class=\"Apple-converted-space\">  <\/span>n\u00eb nj\u00eb shtres\u00eb<\/p>\n<h3><strong>PAKIMI<\/strong><\/h3>\n<p>1kg i 5kg<\/p>\n<h3><strong>AFATI I P\u00cbRDORIMIT DHE RUHATJA<\/strong><\/h3>\n<p>18 muaj duhet t\u00eb ruhet n\u00eb ambalazh\u00ebn origjinale, t\u00eb mbyllur mir\u00eb dhe t\u00eb pa d\u00ebmtuar, n\u00eb nj\u00eb temperatur\u00eb nga +5\u00baC deri n\u00eb +25\u00baC, t\u00eb mbrojtur nga ndikimi i drejtp\u00ebrdrejt\u00eb i drit\u00ebs s\u00eb diellit dhe ngrirjes.<\/p>\n<h3><strong>DOKUMENTACIONI<\/strong><\/h3>\n<div class=\"dokumentacija\">\n<p><a class=\"dugmeproizvod\" href=\"https:\/\/nevenacolor.co.rs\/wp-content\/uploads\/2024\/10\/Tehnicka-dokumentacija-pol.pdf\" target=\"_blank\" rel=\"noopener\">DOKUMENTACIONI TEKNIK<\/a><\/p>\n<p><a class=\"dugmeproizvod\" href=\"https:\/\/nevenacolor.co.rs\/wp-content\/uploads\/2024\/10\/Bezbedonosni-list-pol.pdf\" target=\"_blank\" rel=\"noopener\">FLET\u00cbPAJISJE P\u00cbR SIGURI<\/a><\/p>\n<p>&nbsp;<\/p>\n<\/div>\n<p><iframe loading=\"lazy\" title=\"YouTube video player\" src=\"https:\/\/www.youtube.com\/embed\/aLGHvxoN0UA?si=csgSzVOysUjow3Bb\" width=\"560\" height=\"415\" frameborder=\"0\" allowfullscreen=\"allowfullscreen\"><\/iframe><\/p>\n","protected":false},"excerpt":{"rendered":"<p>P\u00cbRSHKRIM DHE P\u00cbRDORIMI COOL POL \u00ebsht\u00eb ngjyra ekolojike p\u00ebr sip\u00ebrfaqet e mureve t\u00eb brendshme. Ajo \u00ebsht\u00eb e destinuar p\u00ebr mbrojtje<\/p>\n","protected":false},"featured_media":31644,"template":"","meta":{"_monsterinsights_skip_tracking":false,"_monsterinsights_sitenote_active":false,"_monsterinsights_sitenote_note":"","_monsterinsights_sitenote_category":0},"product_brand":[],"product_cat":[538,532],"product_tag":[],"class_list":{"0":"post-41288","1":"product","2":"type-product","3":"status-publish","4":"has-post-thumbnail","6":"product_cat-bjere-muri-te-brendshem","7":"product_cat-veshje-ndertimi","9":"first","10":"instock","11":"shipping-taxable","12":"product-type-simple"},"_links":{"self":[{"href":"https:\/\/nevenacolor.co.rs\/sq\/wp-json\/wp\/v2\/product\/41288","targetHints":{"allow":["GET"]}}],"collection":[{"href":"https:\/\/nevenacolor.co.rs\/sq\/wp-json\/wp\/v2\/product"}],"about":[{"href":"https:\/\/nevenacolor.co.rs\/sq\/wp-json\/wp\/v2\/types\/product"}],"version-history":[{"count":0,"href":"https:\/\/nevenacolor.co.rs\/sq\/wp-json\/wp\/v2\/product\/41288\/revisions"}],"wp:featuredmedia":[{"embeddable":true,"href":"https:\/\/nevenacolor.co.rs\/sq\/wp-json\/wp\/v2\/media\/31644"}],"wp:attachment":[{"href":"https:\/\/nevenacolor.co.rs\/sq\/wp-json\/wp\/v2\/media?parent=41288"}],"wp:term":[{"taxonomy":"product_brand","embeddable":true,"href":"https:\/\/nevenacolor.co.rs\/sq\/wp-json\/wp\/v2\/product_brand?post=41288"},{"taxonomy":"product_cat","embeddable":true,"href":"https:\/\/nevenacolor.co.rs\/sq\/wp-json\/wp\/v2\/product_cat?post=41288"},{"taxonomy":"product_tag","embeddable":true,"href":"https:\/\/nevenacolor.co.rs\/sq\/wp-json\/wp\/v2\/product_tag?post=41288"}],"curies":[{"name":"wp","href":"https:\/\/api.w.org\/{rel}","templated":true}]}}