{"id":41289,"date":"2024-05-21T14:45:32","date_gmt":"2024-05-21T14:45:32","guid":{"rendered":"https:\/\/nevenacolor.co.rs\/proizvod\/cool-pastel\/"},"modified":"2024-05-21T14:45:32","modified_gmt":"2024-05-21T14:45:32","slug":"cool-pastel","status":"publish","type":"product","link":"https:\/\/nevenacolor.co.rs\/sq\/proizvod\/cool-pastel\/","title":{"rendered":"COOL PASTEL"},"content":{"rendered":"<h3><strong>P\u00cbRSHKRIM DHE P\u00cbRDORIMI<\/strong><\/h3>\n<p>COOL PASTEL \u00ebsht\u00eb nj\u00eb ngjyr\u00eb ekologjike p\u00ebr mure t\u00eb brendshme, e b\u00ebr\u00eb me nj\u00eb emulsjon polimerik t\u00eb cil\u00ebsis\u00eb s\u00eb lart\u00eb, pigmente dhe mbush\u00ebs. P\u00ebrdoret p\u00ebr mbrojtje dekorative t\u00eb mureve t\u00eb brendshme n\u00eb nd\u00ebrtesa rezidenciale, komerciale dhe publike. Ka fuqin\u00eb e shk\u00eblqyer t\u00eb mbulimit, ka p\u00ebrthithshm\u00ebri t\u00eb mir\u00eb t\u00eb avujve dhe \u00ebsht\u00eb e rezistueshme ndaj pastrimit me lag\u00ebshti.  <\/p>\n<h3><strong>UDH\u00cbZIME P\u00cbR P\u00cbRDORIM<\/strong><\/h3>\n<p class=\"p1\">COOL PASTEL<span class=\"Apple-converted-space\"> <\/span>aplikohet n\u00eb sip\u00ebrfaqe q\u00eb jan\u00eb t\u00eb thata, t\u00eb pastra, t\u00eb forta, pa pluhur, vajra, njolla yndyre, krip\u00ebra t\u00eb tretshme n\u00eb uj\u00eb dhe papast\u00ebrtit\u00eb e tjera q\u00eb mund t\u00eb ndikojn\u00eb negativisht n\u00eb kapjen n\u00eb baz\u00eb.<\/p>\n<p class=\"p1\">Para pikturimit, baz\u00ebn duhet ta trajtoni me COOL akrilik<span class=\"Apple-converted-space\">  <\/span>p\u00ebrplasje n\u00eb var\u00ebsi t\u00eb gjendjes s\u00eb sip\u00ebrfaqes. Koha e tharjes s\u00eb baz\u00ebs \u00ebsht\u00eb minimalisht 4-6 or\u00eb. Para p\u00ebrdorimit, duhet t\u00eb p\u00ebrzieni ngjyr\u00ebn, t\u00eb b\u00ebni homogenizimin dhe, n\u00ebse \u00ebsht\u00eb e nevojshme, ta holloni me 5% uj\u00eb. Ngjyra aplikohet me valj\u00eb, brush\u00eb ose me sp\u00ebrkatje n\u00eb dy shtresa. Shtresa e dyt\u00eb aplikohet mbi shtres\u00ebn e par\u00eb t\u00eb thar\u00eb pas 4-6 or\u00ebsh.     Temperatura optimale e pun\u00ebs \u00ebsht\u00eb nga +10\u00b0C deri n\u00eb +30\u00b0C.<\/p>\n<p class=\"p2\">Pasi p\u00ebrdorimit, mjetet duhet t\u00eb lahen menj\u00ebher\u00eb me uj\u00eb.<\/p>\n<h3><strong>KONSUMI<\/strong><\/h3>\n<p>5-6 m <span class=\"s1\"><sup>2<\/sup><\/span>\/kg<span class=\"Apple-converted-space\">  <\/span>n\u00eb nj\u00eb shtres\u00eb<\/p>\n<h3><strong>PAKIMI<\/strong><\/h3>\n<p>1kg i 5kg<\/p>\n<h3><strong>AFATI I P\u00cbRDORIMIT DHE RUHATJA<\/strong><\/h3>\n<p>18 muaj duhet t\u00eb ruhet n\u00eb ambalazh\u00ebn origjinale, t\u00eb mbyllur mir\u00eb dhe t\u00eb pa d\u00ebmtuar, n\u00eb nj\u00eb temperatur\u00eb nga +5\u00baC deri n\u00eb +25\u00baC, t\u00eb mbrojtur nga ndikimi i drejtp\u00ebrdrejt\u00eb i drit\u00ebs s\u00eb diellit dhe ngrirjes.<\/p>\n<h3><strong>DOKUMENTACIONI<\/strong><\/h3>\n<div class=\"dokumentacija\">\n<p><a class=\"dugmeproizvod\" href=\"https:\/\/nevenacolor.co.rs\/wp-content\/uploads\/2024\/12\/Tehnicka-dokumentacija-cool-pastel.pdf\" target=\"_blank\" rel=\"noopener\">DOKUMENTACIONI TEKNIK<\/a><\/p>\n<p><a class=\"dugmeproizvod\" href=\"https:\/\/nevenacolor.co.rs\/wp-content\/uploads\/2024\/12\/Bezbedonosni-list-cool-pastel.pdf\" target=\"_blank\" rel=\"noopener\">FLET\u00cbPAJISJE P\u00cbR SIGURI<\/a><\/p>\n<\/div>\n","protected":false},"excerpt":{"rendered":"<h3><strong>KARTELA TONE<\/strong><\/h3>\n[elementor-template id=\"31654\"]\n<div><a class=\"tonkarta\" href=\"#pastel-tonkarta\" rel=\"noopener\"><img decoding=\"async\" src=\"https:\/\/nevenacolor.co.rs\/wp-content\/uploads\/2024\/06\/pantone-color-scheme.png\" width=\"40px\"> KARTELA TONE<\/a><\/div>\n","protected":false},"featured_media":29701,"template":"","meta":{"_monsterinsights_skip_tracking":false,"_monsterinsights_sitenote_active":false,"_monsterinsights_sitenote_note":"","_monsterinsights_sitenote_category":0},"product_brand":[],"product_cat":[538,532],"product_tag":[],"class_list":{"0":"post-41289","1":"product","2":"type-product","3":"status-publish","4":"has-post-thumbnail","6":"product_cat-bjere-muri-te-brendshem","7":"product_cat-veshje-ndertimi","9":"first","10":"instock","11":"featured","12":"shipping-taxable","13":"product-type-simple"},"_links":{"self":[{"href":"https:\/\/nevenacolor.co.rs\/sq\/wp-json\/wp\/v2\/product\/41289","targetHints":{"allow":["GET"]}}],"collection":[{"href":"https:\/\/nevenacolor.co.rs\/sq\/wp-json\/wp\/v2\/product"}],"about":[{"href":"https:\/\/nevenacolor.co.rs\/sq\/wp-json\/wp\/v2\/types\/product"}],"version-history":[{"count":0,"href":"https:\/\/nevenacolor.co.rs\/sq\/wp-json\/wp\/v2\/product\/41289\/revisions"}],"wp:featuredmedia":[{"embeddable":true,"href":"https:\/\/nevenacolor.co.rs\/sq\/wp-json\/wp\/v2\/media\/29701"}],"wp:attachment":[{"href":"https:\/\/nevenacolor.co.rs\/sq\/wp-json\/wp\/v2\/media?parent=41289"}],"wp:term":[{"taxonomy":"product_brand","embeddable":true,"href":"https:\/\/nevenacolor.co.rs\/sq\/wp-json\/wp\/v2\/product_brand?post=41289"},{"taxonomy":"product_cat","embeddable":true,"href":"https:\/\/nevenacolor.co.rs\/sq\/wp-json\/wp\/v2\/product_cat?post=41289"},{"taxonomy":"product_tag","embeddable":true,"href":"https:\/\/nevenacolor.co.rs\/sq\/wp-json\/wp\/v2\/product_tag?post=41289"}],"curies":[{"name":"wp","href":"https:\/\/api.w.org\/{rel}","templated":true}]}}