{"id":41290,"date":"2024-05-28T11:49:04","date_gmt":"2024-05-28T11:49:04","guid":{"rendered":"https:\/\/nevenacolor.co.rs\/proizvod\/cool-antirost-2\/"},"modified":"2024-05-28T11:49:04","modified_gmt":"2024-05-28T11:49:04","slug":"cool-antirost-2","status":"publish","type":"product","link":"https:\/\/nevenacolor.co.rs\/sq\/proizvod\/cool-antirost-2\/","title":{"rendered":"Cool Antirost"},"content":{"rendered":"<h3><strong>VETIT\u00cb DHE P\u00cbRDORIMI<\/strong><\/h3>\n<p class=\"p2\"><b>COOL ANTIROST<\/b> \u00ebsht\u00eb nj\u00eb produkt p\u00ebr heqjen e rustit. Ai \u00ebsht\u00eb i b\u00ebr\u00eb mbi baz\u00ebn e acidit fosforik dhe aditiv\u00ebve dhe tret\u00ebsve t\u00eb duhur. COOL ANTIROST p\u00ebrdoret p\u00ebr pastrimin, pastrimin nga yndyra dhe, m\u00eb e r\u00ebnd\u00ebsishmja, p\u00ebr heqjen e rustit nga sip\u00ebrfaqet ku ka filluar procesi i oksidimit. Aplikoni me brush\u00eb ose duke e zhytur p\u00ebr 30 minuta &#8211; 1 or\u00eb, n\u00eb var\u00ebsi t\u00eb trash\u00ebsis\u00eb s\u00eb rustit. Pas k\u00ebsaj, pastroni sip\u00ebrfaqen e trajtuar me COOL ANTIROST me uj\u00eb, fshijeni me nj\u00eb p\u00eblhur\u00eb t\u00eb that\u00eb dhe pastaj aplikoni boj\u00ebn.     <\/p>\n<h3><strong>PAKIMI<\/strong><\/h3>\n<p class=\"p1\">0.75 l<\/p>\n<h3><strong>AFATI I P\u00cbRDORIMIT DHE RUHATJA<\/strong><\/h3>\n<p class=\"p1\">Ruajeni n\u00eb ambalazh\u00ebn origjinale, t\u00eb mbyllur mir\u00eb dhe t\u00eb paprekur, n\u00eb nj\u00eb temperatur\u00eb prej +5\u00baC deri +25\u00baC.<\/p>\n<h3><strong>DOKUMENTACIONI<\/strong><\/h3>\n<div class=\"dokumentacija\">\n<p><a class=\"dugmeproizvod\" href=\"https:\/\/nevenacolor.co.rs\/wp-content\/uploads\/2024\/10\/Tehnicka-dokumentacija-antirost.pdf\" target=\"_blank\" rel=\"noopener\">DOKUMENTACIONI TEKNIK<\/a><\/p>\n<p><a class=\"dugmeproizvod\" href=\"https:\/\/nevenacolor.co.rs\/wp-content\/uploads\/2024\/10\/Bezbedonosni-list-antirost.pdf\" target=\"_blank\" rel=\"noopener\">FLET\u00cbPAJISJE P\u00cbR SIGURI<\/a><\/p>\n<\/div>\n<p>&nbsp;<\/p>\n<p>&nbsp;<\/p>\n","protected":false},"excerpt":{"rendered":"<p>VETIT\u00cb DHE P\u00cbRDORIMI COOL ANTIROST \u00ebsht\u00eb nj\u00eb produkt p\u00ebr heqjen e rustit. Ai \u00ebsht\u00eb i b\u00ebr\u00eb mbi baz\u00ebn e acidit<\/p>\n","protected":false},"featured_media":30036,"template":"","meta":{"_monsterinsights_skip_tracking":false,"_monsterinsights_sitenote_active":false,"_monsterinsights_sitenote_note":"","_monsterinsights_sitenote_category":0},"product_brand":[],"product_cat":[556,555],"product_tag":[],"class_list":{"0":"post-41290","1":"product","2":"type-product","3":"status-publish","4":"has-post-thumbnail","6":"product_cat-holluesit-dhe-mjete-pomese","7":"product_cat-mjete-pomese","9":"first","10":"instock","11":"shipping-taxable","12":"product-type-simple"},"_links":{"self":[{"href":"https:\/\/nevenacolor.co.rs\/sq\/wp-json\/wp\/v2\/product\/41290","targetHints":{"allow":["GET"]}}],"collection":[{"href":"https:\/\/nevenacolor.co.rs\/sq\/wp-json\/wp\/v2\/product"}],"about":[{"href":"https:\/\/nevenacolor.co.rs\/sq\/wp-json\/wp\/v2\/types\/product"}],"version-history":[{"count":0,"href":"https:\/\/nevenacolor.co.rs\/sq\/wp-json\/wp\/v2\/product\/41290\/revisions"}],"wp:featuredmedia":[{"embeddable":true,"href":"https:\/\/nevenacolor.co.rs\/sq\/wp-json\/wp\/v2\/media\/30036"}],"wp:attachment":[{"href":"https:\/\/nevenacolor.co.rs\/sq\/wp-json\/wp\/v2\/media?parent=41290"}],"wp:term":[{"taxonomy":"product_brand","embeddable":true,"href":"https:\/\/nevenacolor.co.rs\/sq\/wp-json\/wp\/v2\/product_brand?post=41290"},{"taxonomy":"product_cat","embeddable":true,"href":"https:\/\/nevenacolor.co.rs\/sq\/wp-json\/wp\/v2\/product_cat?post=41290"},{"taxonomy":"product_tag","embeddable":true,"href":"https:\/\/nevenacolor.co.rs\/sq\/wp-json\/wp\/v2\/product_tag?post=41290"}],"curies":[{"name":"wp","href":"https:\/\/api.w.org\/{rel}","templated":true}]}}