{"id":41291,"date":"2024-05-28T11:49:31","date_gmt":"2024-05-28T11:49:31","guid":{"rendered":"https:\/\/nevenacolor.co.rs\/proizvod\/cool-paint-remover-ecco-2\/"},"modified":"2024-05-28T11:49:31","modified_gmt":"2024-05-28T11:49:31","slug":"cool-paint-remover-ecco-2","status":"publish","type":"product","link":"https:\/\/nevenacolor.co.rs\/sq\/proizvod\/cool-paint-remover-ecco-2\/","title":{"rendered":"Cool paint remover ecco"},"content":{"rendered":"<h3><strong>P\u00cbRSHKRIM DHE P\u00cbRDORIMI<\/strong><\/h3>\n<p class=\"p1\">COOL PAINT REMOVER ECO<span class=\"Apple-converted-space\">  <\/span>\u00ebsht\u00eb nj\u00eb agjent pastrues nj\u00ebkomponent, i pa ngjyrosur, i bazuar n\u00eb tret\u00ebs, aditiv\u00eb t\u00eb specializuar dhe vajra bimore. P\u00ebrdoret p\u00ebr t\u00eb hequr t\u00eb gjitha llojet e ngjyrave t\u00eb bazuara n\u00eb vaj dhe alkide nga sip\u00ebrfaqet metalike dhe druri. Nuk d\u00ebmton sip\u00ebrfaqet ku aplikohet gjat\u00eb procesit t\u00eb heqjes s\u00eb ngjyr\u00ebs.  <\/p>\n<h3><strong>UDH\u00cbZIMET E PUN\u00cbS<\/strong><\/h3>\n<p class=\"p1\">COOL PAINT REMOVER ECO duhet t\u00eb p\u00ebrzihet mir\u00eb para p\u00ebrdorimit. M\u00eb pas, aplikoni nj\u00eb <span class=\"Apple-converted-space\">  <\/span>shtres\u00eb t\u00eb barabart\u00eb dhe t\u00eb trash\u00eb me fur\u00e7\u00eb. L\u00ebreni t\u00eb q\u00ebndroj\u00eb p\u00ebr 10 deri n\u00eb 15 minuta dhe m\u00eb pas hiqni shtres\u00ebn e vjet\u00ebr me spatul\u00eb ose strugat\u00ebs. P\u00ebr t\u00eb hequr shtresat m\u00eb t\u00eb trasha t\u00eb boj\u00ebs, p\u00ebrs\u00ebritni trajtimin. Para se t\u00eb aplikoni boj\u00ebn e d\u00ebshiruar, fshijeni mir\u00eb sip\u00ebrfaqen e trajtuar me COOL PAINT REMOVER ECO me nj\u00eb leck\u00eb ose fur\u00e7\u00eb metalike.   <\/p>\n<h3><strong>KONSUMI<\/strong><\/h3>\n<p class=\"p1\">2-4 m<span class=\"s1\"><sup>2<\/sup><\/span>\/l n\u00eb nj\u00eb shtres\u00eb.<\/p>\n<h3><strong>PAKIMI<\/strong><\/h3>\n<p class=\"p1\">0.75 l<\/p>\n<h3><strong>AFATI I P\u00cbRDORIMIT DHE RUHATJA<\/strong><\/h3>\n<p class=\"p1\">36 muaj nga data e shtypur n\u00eb ambalazh. Ruajeni n\u00eb ambalazhin origjinal, <span class=\"Apple-converted-space\">  <\/span>t\u00eb mbyllur mir\u00eb dhe t\u00eb pa d\u00ebmtuar n\u00eb temperatur\u00eb nga +5\u00baC deri n\u00eb +25\u00baC.<\/p>\n<h3><strong>DOKUMENTACIONI<\/strong><\/h3>\n<div class=\"dokumentacija\">\n<p><a class=\"dugmeproizvod\" href=\"https:\/\/nevenacolor.co.rs\/wp-content\/uploads\/2024\/10\/Tehnicka-dokumentacija-remover-eco.pdf\" target=\"_blank\" rel=\"noopener\">DOKUMENTACIONI TEKNIK<\/a><\/p>\n<p><a class=\"dugmeproizvod\" href=\"https:\/\/nevenacolor.co.rs\/wp-content\/uploads\/2024\/10\/Bezbedonosni-list-remover-eco.pdf\" target=\"_blank\" rel=\"noopener\">FLET\u00cbPAJISJE P\u00cbR SIGURI<\/a><\/p>\n<\/div>\n<p>&nbsp;<\/p>\n<p><iframe loading=\"lazy\" title=\"YouTube video player\" src=\"https:\/\/www.youtube.com\/embed\/sqDENVaeaOc?si=hSFX4Y9R1rOft7OJ\" width=\"560\" height=\"415\" frameborder=\"0\" allowfullscreen=\"allowfullscreen\"><span data-mce-type=\"bookmark\" style=\"display: inline-block; width: 0px; overflow: hidden; line-height: 0;\" class=\"mce_SELRES_start\"><\/span><\/iframe><\/p>\n","protected":false},"excerpt":{"rendered":"<p>P\u00cbRSHKRIM DHE P\u00cbRDORIMI COOL PAINT REMOVER ECO \u00ebsht\u00eb nj\u00eb agjent pastrues nj\u00ebkomponent, i pa ngjyrosur, i bazuar n\u00eb tret\u00ebs, aditiv\u00eb<\/p>\n","protected":false},"featured_media":31521,"template":"","meta":{"_monsterinsights_skip_tracking":false,"_monsterinsights_sitenote_active":false,"_monsterinsights_sitenote_note":"","_monsterinsights_sitenote_category":0},"product_brand":[],"product_cat":[556,555],"product_tag":[],"class_list":{"0":"post-41291","1":"product","2":"type-product","3":"status-publish","4":"has-post-thumbnail","6":"product_cat-holluesit-dhe-mjete-pomese","7":"product_cat-mjete-pomese","9":"first","10":"instock","11":"shipping-taxable","12":"product-type-simple"},"_links":{"self":[{"href":"https:\/\/nevenacolor.co.rs\/sq\/wp-json\/wp\/v2\/product\/41291","targetHints":{"allow":["GET"]}}],"collection":[{"href":"https:\/\/nevenacolor.co.rs\/sq\/wp-json\/wp\/v2\/product"}],"about":[{"href":"https:\/\/nevenacolor.co.rs\/sq\/wp-json\/wp\/v2\/types\/product"}],"version-history":[{"count":0,"href":"https:\/\/nevenacolor.co.rs\/sq\/wp-json\/wp\/v2\/product\/41291\/revisions"}],"wp:featuredmedia":[{"embeddable":true,"href":"https:\/\/nevenacolor.co.rs\/sq\/wp-json\/wp\/v2\/media\/31521"}],"wp:attachment":[{"href":"https:\/\/nevenacolor.co.rs\/sq\/wp-json\/wp\/v2\/media?parent=41291"}],"wp:term":[{"taxonomy":"product_brand","embeddable":true,"href":"https:\/\/nevenacolor.co.rs\/sq\/wp-json\/wp\/v2\/product_brand?post=41291"},{"taxonomy":"product_cat","embeddable":true,"href":"https:\/\/nevenacolor.co.rs\/sq\/wp-json\/wp\/v2\/product_cat?post=41291"},{"taxonomy":"product_tag","embeddable":true,"href":"https:\/\/nevenacolor.co.rs\/sq\/wp-json\/wp\/v2\/product_tag?post=41291"}],"curies":[{"name":"wp","href":"https:\/\/api.w.org\/{rel}","templated":true}]}}