{"id":41292,"date":"2024-05-28T11:50:55","date_gmt":"2024-05-28T11:50:55","guid":{"rendered":"https:\/\/nevenacolor.co.rs\/proizvod\/cool-wash-primer-2\/"},"modified":"2024-05-28T11:50:55","modified_gmt":"2024-05-28T11:50:55","slug":"cool-wash-primer-2","status":"publish","type":"product","link":"https:\/\/nevenacolor.co.rs\/sq\/proizvod\/cool-wash-primer-2\/","title":{"rendered":"Cool wash primer"},"content":{"rendered":"<h3><strong>P\u00cbRSHKRIM DHE P\u00cbRDORIMI<\/strong><\/h3>\n<p class=\"p1\"><b>COOL WASH PRIMER<\/b> \u00ebsht\u00eb nj\u00eb shtres\u00eb reaktive nj\u00ebkomponuese q\u00eb aplikohet drejtp\u00ebrdrejt mbi sip\u00ebrfaqen e f\u00ebrkuar dhe t\u00eb pastruar t\u00eb metalit (alumini, hekuri, \u00e7eliku t\u00eb galvanizuar). Ky primer rrit ngjitshm\u00ebrin\u00eb e shtres\u00ebs baz\u00eb ose t\u00eb sip\u00ebrfaqes p\u00ebrfundimtare dhe mbron metalin nga korrozioni. <\/p>\n<h3><strong>UDH\u00cbZIME P\u00cbR P\u00cbRDORIM<\/strong><\/h3>\n<p class=\"p1\">P\u00ebrmbajtja duhet t\u00eb p\u00ebrzihet mir\u00eb dhe t\u00eb aplikohet me penel ose me sp\u00ebrkatje n\u00eb nj\u00eb shtres\u00eb t\u00eb holl\u00eb prej 10-20\u00b5. N\u00ebse \u00ebsht\u00eb e nevojshme, mund t\u00eb hollohet me maksimum 5% Nitro hollues. Shtresa e dyt\u00eb aplikohet pas 24 or\u00ebsh. P\u00ebr pastrimin e mjeteve, p\u00ebrdorni Nitro hollues.   <\/p>\n<h3><strong>KONSUMI<\/strong><\/h3>\n<p class=\"p1\">Nj\u00eb lit\u00ebr mund t\u00eb mbuloj\u00eb 15 m<span class=\"s1\"><sup>\u00b2<\/sup><\/span> n\u00eb nj\u00eb shtres\u00eb.<\/p>\n<h3><strong>PAKIMI<\/strong><\/h3>\n<p class=\"p1\">1l<\/p>\n<h3><strong>AFATI I P\u00cbRDORIMIT DHE RUHATJA<\/strong><\/h3>\n<p class=\"p1\">18 muaj nga data e shtypur n\u00eb paketim. Ruajeni n\u00eb paketim origjinal, <span class=\"Apple-converted-space\">  <\/span>t\u00eb mbyllur mir\u00eb dhe t\u00eb pa d\u00ebmtuar n\u00eb temperatur\u00eb nga +5\u00baC deri n\u00eb +25\u00baC.<\/p>\n<h3><strong>DOKUMENTACIONI<\/strong><\/h3>\n<div class=\"dokumentacija\">\n<p><a class=\"dugmeproizvod\" href=\"https:\/\/nevenacolor.co.rs\/wp-content\/uploads\/2024\/10\/Tehnicka-dokumentacija-primer.pdf\" target=\"_blank\" rel=\"noopener\">DOKUMENTACIONI TEKNIK<\/a><\/p>\n<p><a class=\"dugmeproizvod\" href=\"https:\/\/nevenacolor.co.rs\/wp-content\/uploads\/2024\/10\/Bezbedonosni-list-primer.pdf\" target=\"_blank\" rel=\"noopener\">FLET\u00cbPAJISJE P\u00cbR SIGURI<\/a><\/p>\n<\/div>\n<p>&nbsp;<\/p>\n","protected":false},"excerpt":{"rendered":"<p>P\u00cbRSHKRIM DHE P\u00cbRDORIMI COOL WASH PRIMER \u00ebsht\u00eb nj\u00eb shtres\u00eb reaktive nj\u00ebkomponuese q\u00eb aplikohet drejtp\u00ebrdrejt mbi sip\u00ebrfaqen e f\u00ebrkuar dhe t\u00eb<\/p>\n","protected":false},"featured_media":29956,"template":"","meta":{"_monsterinsights_skip_tracking":false,"_monsterinsights_sitenote_active":false,"_monsterinsights_sitenote_note":"","_monsterinsights_sitenote_category":0},"product_brand":[],"product_cat":[558,557],"product_tag":[],"class_list":{"0":"post-41292","1":"product","2":"type-product","3":"status-publish","4":"has-post-thumbnail","6":"product_cat-impregnim-per-metal-te-zinkuar","7":"product_cat-veshje-per-sipas-plastike-dhe-te-galvanizuara","9":"first","10":"instock","11":"shipping-taxable","12":"product-type-simple"},"_links":{"self":[{"href":"https:\/\/nevenacolor.co.rs\/sq\/wp-json\/wp\/v2\/product\/41292","targetHints":{"allow":["GET"]}}],"collection":[{"href":"https:\/\/nevenacolor.co.rs\/sq\/wp-json\/wp\/v2\/product"}],"about":[{"href":"https:\/\/nevenacolor.co.rs\/sq\/wp-json\/wp\/v2\/types\/product"}],"version-history":[{"count":0,"href":"https:\/\/nevenacolor.co.rs\/sq\/wp-json\/wp\/v2\/product\/41292\/revisions"}],"wp:featuredmedia":[{"embeddable":true,"href":"https:\/\/nevenacolor.co.rs\/sq\/wp-json\/wp\/v2\/media\/29956"}],"wp:attachment":[{"href":"https:\/\/nevenacolor.co.rs\/sq\/wp-json\/wp\/v2\/media?parent=41292"}],"wp:term":[{"taxonomy":"product_brand","embeddable":true,"href":"https:\/\/nevenacolor.co.rs\/sq\/wp-json\/wp\/v2\/product_brand?post=41292"},{"taxonomy":"product_cat","embeddable":true,"href":"https:\/\/nevenacolor.co.rs\/sq\/wp-json\/wp\/v2\/product_cat?post=41292"},{"taxonomy":"product_tag","embeddable":true,"href":"https:\/\/nevenacolor.co.rs\/sq\/wp-json\/wp\/v2\/product_tag?post=41292"}],"curies":[{"name":"wp","href":"https:\/\/api.w.org\/{rel}","templated":true}]}}