{"id":41293,"date":"2024-05-28T11:49:46","date_gmt":"2024-05-28T11:49:46","guid":{"rendered":"https:\/\/nevenacolor.co.rs\/proizvod\/cool-paint-remover-professional-2\/"},"modified":"2024-05-28T11:49:46","modified_gmt":"2024-05-28T11:49:46","slug":"cool-paint-remover-professional-2","status":"publish","type":"product","link":"https:\/\/nevenacolor.co.rs\/sq\/proizvod\/cool-paint-remover-professional-2\/","title":{"rendered":"Cool paint remover professional"},"content":{"rendered":"<h3><strong>P\u00cbRSHKRIM DHE P\u00cbRDORIMI<\/strong><\/h3>\n<p class=\"p1\">COOL PAINT REMOVER PROFI \u00ebsht\u00eb nj\u00eb produkt i nj\u00ebkomponentit, pa ngjyr\u00eb, bazuar n\u00eb tret\u00ebs, aditiva t\u00eb ve\u00e7ant\u00eb dhe vajra bimore. P\u00ebrdoret p\u00ebr heqjen e t\u00eb gjitha llojeve t\u00eb ngjyrave t\u00eb bazuara n\u00eb vaj dhe alkide nga sip\u00ebrfaqet metalike dhe drusore. Nuk d\u00ebmton sip\u00ebrfaqet mbi t\u00eb cilat aplikohet gjat\u00eb procesit t\u00eb heqjes s\u00eb ngjyr\u00ebs.  <\/p>\n<h3><strong>UDH\u00cbZIMET E PUN\u00cbS<\/strong><\/h3>\n<p class=\"p1\">COOL PAINT REMOVER PROFI duhet t\u00eb p\u00ebrzihet mir\u00eb para p\u00ebrdorimit. Pas k\u00ebsaj, aplikohet <span class=\"Apple-converted-space\">  <\/span>nj\u00eb shtres\u00eb e trash\u00eb e barabart\u00eb me ndihm\u00ebn e nj\u00eb fur\u00e7eje. L\u00ebreni t\u00eb veproj\u00eb p\u00ebr 10 deri 15 minuta dhe m\u00eb pas hiqni shtres\u00ebn e vjet\u00ebr me nj\u00eb spatul ose grir\u00ebs. P\u00ebr heqjen e shtresave m\u00eb t\u00eb trasha t\u00eb ngjyr\u00ebs, p\u00ebrs\u00ebriteni trajtimin. Para aplikimit t\u00eb ngjyr\u00ebs s\u00eb d\u00ebshiruar, fshini sip\u00ebrfaqen e trajtuar me COOL PAINT REMOVER PROFI me nj\u00eb leck\u00eb ose me nj\u00eb fur\u00e7\u00eb metalike.   <\/p>\n<h3><strong>KONSUMI<\/strong><\/h3>\n<p class=\"p1\">2 &#8211; 4 m2\/l n\u00eb nj\u00eb shtres\u00eb.<\/p>\n<h3><strong>PAKIMI<\/strong><\/h3>\n<p class=\"p1\">0.75 l<\/p>\n<h3><strong>AFATI I P\u00cbRDORIMIT DHE RUHATJA<\/strong><\/h3>\n<p class=\"p1\">36 muaj nga data e shtypur n\u00eb ambalazh. Ruajeni n\u00eb ambalazhin origjinal, <span class=\"Apple-converted-space\">  <\/span>t\u00eb mbyllur mir\u00eb dhe t\u00eb pa d\u00ebmtuar n\u00eb temperatur\u00eb nga +5\u00baC deri n\u00eb +25\u00baC.<\/p>\n<p class=\"p1\">Vet\u00ebm p\u00ebr p\u00ebrdorim profesional n\u00eb impiante industriale, n\u00ebn kushte t\u00eb p\u00ebrcaktuara \u2013 p\u00ebrmban diklorometan.<\/p>\n<h3><strong>DOKUMENTACIONI<\/strong><\/h3>\n<div class=\"dokumentacija\">\n<p><a class=\"dugmeproizvod\" href=\"https:\/\/nevenacolor.co.rs\/wp-content\/uploads\/2024\/10\/Tehnicka-dokumentacija-remover-pro.pdf\" target=\"_blank\" rel=\"noopener\">DOKUMENTACIONI TEKNIK<\/a><\/p>\n<p><a class=\"dugmeproizvod\" href=\"https:\/\/nevenacolor.co.rs\/wp-content\/uploads\/2024\/10\/Bezbedonosni-list-remover-pro.pdf\" target=\"_blank\" rel=\"noopener\">FLET\u00cbPAJISJE P\u00cbR SIGURI<\/a><\/p>\n<\/div>\n<p>&nbsp;<\/p>\n<p><iframe loading=\"lazy\" title=\"YouTube video player\" src=\"https:\/\/www.youtube.com\/embed\/sqDENVaeaOc?si=mIyL7u9cocdHVMBI\" width=\"560\" height=\"415\" frameborder=\"0\" allowfullscreen=\"allowfullscreen\"><\/iframe><\/p>\n","protected":false},"excerpt":{"rendered":"<p>P\u00cbRSHKRIM DHE P\u00cbRDORIMI COOL PAINT REMOVER PROFI \u00ebsht\u00eb nj\u00eb produkt i nj\u00ebkomponentit, pa ngjyr\u00eb, bazuar n\u00eb tret\u00ebs, aditiva t\u00eb ve\u00e7ant\u00eb<\/p>\n","protected":false},"featured_media":31522,"template":"","meta":{"_monsterinsights_skip_tracking":false,"_monsterinsights_sitenote_active":false,"_monsterinsights_sitenote_note":"","_monsterinsights_sitenote_category":0},"product_brand":[],"product_cat":[556,555],"product_tag":[],"class_list":{"0":"post-41293","1":"product","2":"type-product","3":"status-publish","4":"has-post-thumbnail","6":"product_cat-holluesit-dhe-mjete-pomese","7":"product_cat-mjete-pomese","9":"first","10":"instock","11":"shipping-taxable","12":"product-type-simple"},"_links":{"self":[{"href":"https:\/\/nevenacolor.co.rs\/sq\/wp-json\/wp\/v2\/product\/41293","targetHints":{"allow":["GET"]}}],"collection":[{"href":"https:\/\/nevenacolor.co.rs\/sq\/wp-json\/wp\/v2\/product"}],"about":[{"href":"https:\/\/nevenacolor.co.rs\/sq\/wp-json\/wp\/v2\/types\/product"}],"version-history":[{"count":0,"href":"https:\/\/nevenacolor.co.rs\/sq\/wp-json\/wp\/v2\/product\/41293\/revisions"}],"wp:featuredmedia":[{"embeddable":true,"href":"https:\/\/nevenacolor.co.rs\/sq\/wp-json\/wp\/v2\/media\/31522"}],"wp:attachment":[{"href":"https:\/\/nevenacolor.co.rs\/sq\/wp-json\/wp\/v2\/media?parent=41293"}],"wp:term":[{"taxonomy":"product_brand","embeddable":true,"href":"https:\/\/nevenacolor.co.rs\/sq\/wp-json\/wp\/v2\/product_brand?post=41293"},{"taxonomy":"product_cat","embeddable":true,"href":"https:\/\/nevenacolor.co.rs\/sq\/wp-json\/wp\/v2\/product_cat?post=41293"},{"taxonomy":"product_tag","embeddable":true,"href":"https:\/\/nevenacolor.co.rs\/sq\/wp-json\/wp\/v2\/product_tag?post=41293"}],"curies":[{"name":"wp","href":"https:\/\/api.w.org\/{rel}","templated":true}]}}