{"id":41294,"date":"2024-05-28T11:50:07","date_gmt":"2024-05-28T11:50:07","guid":{"rendered":"https:\/\/nevenacolor.co.rs\/proizvod\/cool-flexi-paint-2\/"},"modified":"2024-05-28T11:50:07","modified_gmt":"2024-05-28T11:50:07","slug":"cool-flexi-paint-2","status":"publish","type":"product","link":"https:\/\/nevenacolor.co.rs\/sq\/proizvod\/cool-flexi-paint-2\/","title":{"rendered":"Cool flexi paint"},"content":{"rendered":"<h3><strong>P\u00cbRSHKRIM DHE P\u00cbRDORIMI<\/strong><\/h3>\n<p class=\"p1\">COOL FLEXI PAINT AKRILNA BOJA ZA PVC \u00ebsht\u00eb nj\u00eb p\u00ebrfundim-dekorativ i dizajnuar posa\u00e7\u00ebrisht p\u00ebr PVC dhe plastik\u00ebn n\u00eb brend\u00ebsi dhe jasht\u00eb nd\u00ebrtesave. Piktura q\u00eb tretet n\u00eb uj\u00eb pa er\u00eb t\u00eb pak\u00ebndshme, e q\u00ebndrushme ndaj ndikimeve atmosferike dhe rrezatimit UV, thahet shpejt dhe ka kapacitet t\u00eb shk\u00eblqyer ngjitjeje n\u00eb sip\u00ebrfaqet plastike. <\/p>\n<h3><strong>UDH\u00cbZIME P\u00cbR P\u00cbRDORIM<\/strong><\/h3>\n<p class=\"p1\">COOL FLEXI PAINT AKRILNA BOJA ZA PVC aplikohet me pinc\u00eb, rul ose sp\u00ebrkatje n\u00eb dy shtresa. Para p\u00ebrdorimit, mund t\u00eb holloni boj\u00ebn me uj\u00eb: p\u00ebr pinc\u00eb deri n\u00eb 5%, p\u00ebr rul deri n\u00eb 10%, dhe p\u00ebr sp\u00ebrkatje deri n\u00eb 15%. <\/p>\n<p class=\"p1\">P\u00ebrpara se t\u00eb aplikoni COOL FLEXI PAINT AKRILNU BOJ\u00cb P\u00cbR PVC, sigurohuni q\u00eb sip\u00ebrfaqet t\u00eb jen\u00eb t\u00eb pastra, t\u00eb thata, t\u00eb shkarkuara nga yndyrat dhe pa pluhur. Pastroni profilet me nj\u00eb pecet\u00eb t\u00eb leht\u00eb t\u00eb lagur me uj\u00eb. <\/p>\n<p class=\"p1\">Shtresa e dyt\u00eb e ngjit\u00ebsit aplikohet pas 4-6 or\u00ebsh. Temperatura optimale p\u00ebr pun\u00eb \u00ebsht\u00eb nga +15\u00b0C deri n\u00eb +30\u00b0C. Piktura \u00ebsht\u00eb e that\u00eb plot\u00ebsisht pas 24 or\u00ebsh.   Mjetet duhet t\u00eb lahen menj\u00ebher\u00eb me uj\u00eb.<\/p>\n<h3><strong>KONSUMI<\/strong><\/h3>\n<p class=\"p1\">8-10 m<span class=\"s1\"><sup>\u00b2<\/sup><\/span>\/l p\u00ebr nj\u00eb shtres\u00eb.<\/p>\n<h3><strong>PAKIMI<\/strong><\/h3>\n<p class=\"p1\">0.65 l<\/p>\n<h3><strong>AFATI I P\u00cbRDORIMIT DHE RUHATJA<\/strong><\/h3>\n<p class=\"p1\">18 muaj nga data e shtypur n\u00eb paketim. Ruajeni n\u00eb paketim origjinal, <span class=\"Apple-converted-space\">  <\/span>t\u00eb mbyllur mir\u00eb dhe t\u00eb pa d\u00ebmtuar n\u00eb temperatur\u00eb nga +5\u00baC deri n\u00eb +25\u00baC.<\/p>\n<h3><strong>DOKUMENTACIONI<\/strong><\/h3>\n<div class=\"dokumentacija\">\n<p><a class=\"dugmeproizvod\" href=\"https:\/\/nevenacolor.co.rs\/wp-content\/uploads\/2024\/10\/Tehnicka-dokumentacija-flexi.pdf\" target=\"_blank\" rel=\"noopener\">DOKUMENTACIONI TEKNIK<\/a><\/p>\n<p><a class=\"dugmeproizvod\" href=\"https:\/\/nevenacolor.co.rs\/wp-content\/uploads\/2024\/10\/Bezbedonosni-list-flexi.pdf\" target=\"_blank\" rel=\"noopener\">FLET\u00cbPAJISJE P\u00cbR SIGURI<\/a><\/p>\n<\/div>\n<p>&nbsp;<\/p>\n<p><iframe loading=\"lazy\" title=\"YouTube video player\" src=\"https:\/\/www.youtube.com\/embed\/7IMjG9GDMZk?si=rj2f6QR4TkAO4cDm\" width=\"560\" height=\"415\" frameborder=\"0\" allowfullscreen=\"allowfullscreen\"><span data-mce-type=\"bookmark\" style=\"display: inline-block; width: 0px; overflow: hidden; line-height: 0;\" class=\"mce_SELRES_start\"><\/span><\/iframe><\/p>\n","protected":false},"excerpt":{"rendered":"<h3><strong>KARTELA TONE<\/strong><\/h3>\n[elementor-template id=\"29984\"]\n<div><a class=\"tonkarta\" href=\"#flexi-tonkarta\" rel=\"noopener\"><img decoding=\"async\" src=\"https:\/\/nevenacolor.co.rs\/wp-content\/uploads\/2024\/06\/pantone-color-scheme.png\" width=\"40px\"> KARTELA TONE<\/a><\/div>\n","protected":false},"featured_media":41133,"template":"","meta":{"_monsterinsights_skip_tracking":false,"_monsterinsights_sitenote_active":false,"_monsterinsights_sitenote_note":"","_monsterinsights_sitenote_category":0},"product_brand":[],"product_cat":[560,557],"product_tag":[],"class_list":{"0":"post-41294","1":"product","2":"type-product","3":"status-publish","4":"has-post-thumbnail","6":"product_cat-veshje-finish-per-plastike","7":"product_cat-veshje-per-sipas-plastike-dhe-te-galvanizuara","9":"first","10":"instock","11":"shipping-taxable","12":"product-type-simple"},"_links":{"self":[{"href":"https:\/\/nevenacolor.co.rs\/sq\/wp-json\/wp\/v2\/product\/41294","targetHints":{"allow":["GET"]}}],"collection":[{"href":"https:\/\/nevenacolor.co.rs\/sq\/wp-json\/wp\/v2\/product"}],"about":[{"href":"https:\/\/nevenacolor.co.rs\/sq\/wp-json\/wp\/v2\/types\/product"}],"version-history":[{"count":0,"href":"https:\/\/nevenacolor.co.rs\/sq\/wp-json\/wp\/v2\/product\/41294\/revisions"}],"wp:featuredmedia":[{"embeddable":true,"href":"https:\/\/nevenacolor.co.rs\/sq\/wp-json\/wp\/v2\/media\/41133"}],"wp:attachment":[{"href":"https:\/\/nevenacolor.co.rs\/sq\/wp-json\/wp\/v2\/media?parent=41294"}],"wp:term":[{"taxonomy":"product_brand","embeddable":true,"href":"https:\/\/nevenacolor.co.rs\/sq\/wp-json\/wp\/v2\/product_brand?post=41294"},{"taxonomy":"product_cat","embeddable":true,"href":"https:\/\/nevenacolor.co.rs\/sq\/wp-json\/wp\/v2\/product_cat?post=41294"},{"taxonomy":"product_tag","embeddable":true,"href":"https:\/\/nevenacolor.co.rs\/sq\/wp-json\/wp\/v2\/product_tag?post=41294"}],"curies":[{"name":"wp","href":"https:\/\/api.w.org\/{rel}","templated":true}]}}