{"id":41295,"date":"2024-05-21T14:44:31","date_gmt":"2024-05-21T14:44:31","guid":{"rendered":"https:\/\/nevenacolor.co.rs\/proizvod\/cool-gold-2\/"},"modified":"2024-05-21T14:44:31","modified_gmt":"2024-05-21T14:44:31","slug":"cool-gold-2","status":"publish","type":"product","link":"https:\/\/nevenacolor.co.rs\/sq\/proizvod\/cool-gold-2\/","title":{"rendered":"COOL GOLD"},"content":{"rendered":"<h3><strong>P\u00cbRSHKRIM DHE P\u00cbRDORIMI<\/strong><\/h3>\n<p>COOL GOLD \u00ebsht\u00eb nj\u00eb ngjyr\u00eb ekolojike, e paropropustshme dhe me rezistenc\u00eb ndaj ujit, e cila ka nj\u00eb mbulim t\u00eb lart\u00eb. Ajo \u00ebsht\u00eb e <span class=\"Apple-converted-space\">  <\/span>q\u00ebndrueshme ndaj f\u00ebrkimit t\u00eb lagur (SRPS EN 13300 : 2009). P\u00ebrdoret p\u00ebr <span class=\"Apple-converted-space\">  <\/span>mbrojtjen dekorative t\u00eb mureve dhe tavan\u00ebve t\u00eb brendsh\u00ebm n\u00eb ambiente banimi dhe komerciale.<\/p>\n<h3><strong>UDH\u00cbZIME P\u00cbR P\u00cbRDORIM<\/strong><\/h3>\n<p>Para nanimit COOL GOLD ngjyr\u00ebn, sip\u00ebrfaqet duhet t\u00eb jen\u00eb t\u00eb forta, t\u00eb thata dhe t\u00eb pastra, pa pluhur, vaj, yndyr\u00eb dhe papast\u00ebrti t\u00eb tjera. Sipas rekomandimeve t\u00eb prodhuesit, para se t\u00eb aplikohet ngjyra COOL GOLD, muret duhet t\u00eb impregnohen me COOL akrilik. Ajo aplikohet me rrotull, brush\u00eb ose sp\u00ebrkatje n\u00eb dy shtresa. Para p\u00ebrdorimit, ngjyra duhet t\u00eb hollohen me maksimum 10% uj\u00eb. Shtresa e dyt\u00eb aplikohet mbi shtres\u00ebn e par\u00eb t\u00eb thar\u00eb pas 4-6 or\u00ebsh. Hija e k\u00ebrkuar mund t\u00eb merret duke p\u00ebrzier COOL GOLD me COOL koncentrat ose COOL tonera (tona pastel).      Pasi p\u00ebrdorimit, mjetet duhet t\u00eb lahen menj\u00ebher\u00eb me uj\u00eb.<\/p>\n<h3><strong>KONSUMI<\/strong><\/h3>\n<p>170-200 ml\/m<span class=\"s1\"><sup>\u00b2<\/sup><\/span> n\u00eb dy shtresa, n\u00eb var\u00ebsi t\u00eb porozitetit dhe thithjes s\u00eb sip\u00ebrfaqes.<\/p>\n<h3><strong>PAKIMI<\/strong><\/h3>\n<p>3kg, 8kg, 15kg dhe 25kg.<\/p>\n<h3><strong>AFATI I P\u00cbRDORIMIT DHE RUHATJA<\/strong><\/h3>\n<p>18 muaj nga data e shtypur n\u00eb paketim. Ruajeni n\u00eb paketim origjinal, <span class=\"Apple-converted-space\">  <\/span>n\u00eb ambalazhin origjinal, t\u00eb mbyllur mir\u00eb dhe t\u00eb paprekur, n\u00eb temperatur\u00eb nga +5\u00baC deri n\u00eb +25\u00baC.<\/p>\n<h3><strong>DOKUMENTACIONI<\/strong><\/h3>\n<div class=\"dokumentacija\">\n<p><a class=\"dugmeproizvod\" href=\"https:\/\/nevenacolor.co.rs\/wp-content\/uploads\/2024\/10\/Tehnicka-dokumentacija-gold.pdf\" target=\"_blank\" rel=\"noopener\">DOKUMENTACIONI TEKNIK<\/a><\/p>\n<p><a class=\"dugmeproizvod\" href=\"https:\/\/nevenacolor.co.rs\/wp-content\/uploads\/2024\/10\/Bezbedonosni-list-gold.pdf\" target=\"_blank\" rel=\"noopener\">FLET\u00cbPAJISJE P\u00cbR SIGURI<\/a><\/p>\n<p>&nbsp;<\/p>\n<\/div>\n<p><iframe loading=\"lazy\" title=\"YouTube video player\" src=\"https:\/\/www.youtube.com\/embed\/SoGLH8t4jFs?si=tgi9OIVuoGK_ay2i\" width=\"560\" height=\"415\" frameborder=\"0\" allowfullscreen=\"allowfullscreen\"><\/iframe><\/p>\n","protected":false},"excerpt":{"rendered":"<p>P\u00cbRSHKRIM DHE P\u00cbRDORIMI COOL GOLD \u00ebsht\u00eb nj\u00eb ngjyr\u00eb ekolojike, e paropropustshme dhe me rezistenc\u00eb ndaj ujit, e cila ka nj\u00eb<\/p>\n","protected":false},"featured_media":31643,"template":"","meta":{"_monsterinsights_skip_tracking":false,"_monsterinsights_sitenote_active":false,"_monsterinsights_sitenote_note":"","_monsterinsights_sitenote_category":0},"product_brand":[],"product_cat":[538,532],"product_tag":[],"class_list":{"0":"post-41295","1":"product","2":"type-product","3":"status-publish","4":"has-post-thumbnail","6":"product_cat-bjere-muri-te-brendshem","7":"product_cat-veshje-ndertimi","9":"first","10":"instock","11":"shipping-taxable","12":"product-type-simple"},"_links":{"self":[{"href":"https:\/\/nevenacolor.co.rs\/sq\/wp-json\/wp\/v2\/product\/41295","targetHints":{"allow":["GET"]}}],"collection":[{"href":"https:\/\/nevenacolor.co.rs\/sq\/wp-json\/wp\/v2\/product"}],"about":[{"href":"https:\/\/nevenacolor.co.rs\/sq\/wp-json\/wp\/v2\/types\/product"}],"version-history":[{"count":0,"href":"https:\/\/nevenacolor.co.rs\/sq\/wp-json\/wp\/v2\/product\/41295\/revisions"}],"wp:featuredmedia":[{"embeddable":true,"href":"https:\/\/nevenacolor.co.rs\/sq\/wp-json\/wp\/v2\/media\/31643"}],"wp:attachment":[{"href":"https:\/\/nevenacolor.co.rs\/sq\/wp-json\/wp\/v2\/media?parent=41295"}],"wp:term":[{"taxonomy":"product_brand","embeddable":true,"href":"https:\/\/nevenacolor.co.rs\/sq\/wp-json\/wp\/v2\/product_brand?post=41295"},{"taxonomy":"product_cat","embeddable":true,"href":"https:\/\/nevenacolor.co.rs\/sq\/wp-json\/wp\/v2\/product_cat?post=41295"},{"taxonomy":"product_tag","embeddable":true,"href":"https:\/\/nevenacolor.co.rs\/sq\/wp-json\/wp\/v2\/product_tag?post=41295"}],"curies":[{"name":"wp","href":"https:\/\/api.w.org\/{rel}","templated":true}]}}