{"id":41296,"date":"2024-05-21T14:43:14","date_gmt":"2024-05-21T14:43:14","guid":{"rendered":"https:\/\/nevenacolor.co.rs\/proizvod\/cool-eco-2\/"},"modified":"2024-05-21T14:43:14","modified_gmt":"2024-05-21T14:43:14","slug":"cool-eco-2","status":"publish","type":"product","link":"https:\/\/nevenacolor.co.rs\/sq\/proizvod\/cool-eco-2\/","title":{"rendered":"COOL ECO"},"content":{"rendered":"<h3><strong>P\u00cbRSHKRIM DHE P\u00cbRDORIMI<\/strong><\/h3>\n<p>COOL ECO &#8211; piktur\u00eb ekologjike p\u00ebr sip\u00ebrfaqet e brendshme t\u00eb mureve. P\u00ebrdoret p\u00ebr mbrojtjen dekorative t\u00eb sip\u00ebrfaqeve t\u00eb mureve dhe tavan\u00ebve t\u00eb brendsh\u00ebm. E q\u00ebndrueshme ndaj fshirjes s\u00eb that\u00eb, ka mbulim t\u00eb lart\u00eb dhe bardh\u00ebsi, \u00ebsht\u00eb e leht\u00eb p\u00ebr t&#8217;u fryr\u00eb dhe lejon kalimin e ajrit, dhe \u00ebsht\u00eb e bollshme, pa mbyllur sip\u00ebrfaqen. E p\u00ebrshtatshme p\u00ebr t\u00eb gjitha llojet e n\u00ebnkat\u00ebrkimit minerale, t\u00eb thata dhe t\u00eb forta, sip\u00ebrfaqeve t\u00eb modifikuara t\u00eb \u00e7imentos dhe pllaka gipsi, si dhe p\u00ebr muret q\u00eb jan\u00eb ngjyrosur tashm\u00eb me boj\u00ebra dispersive. COOL ECO mund t\u00eb ngjyroset me COOL koncentrat toner p\u00ebr t\u00eb arritur nuanca pastel.    <\/p>\n<h3><strong>UDH\u00cbZIME P\u00cbR P\u00cbRDORIM<\/strong><\/h3>\n<p>Para p\u00ebrdorimi i COOL ECO, nga sip\u00ebrfaqet e vjetra dhe t\u00eb d\u00ebmtuara, hiqni pluhurin, yndyrat, kriprat e tretshme n\u00eb uj\u00eb, pjes\u00ebt q\u00eb jan\u00eb dob\u00ebt t\u00eb lidhura dhe element\u00ebt e tjer\u00eb q\u00eb shk\u00ebrmoqen ose bien (mekanikisht n\u00eb that\u00ebsi ose duke i lar\u00eb). \u00c7do pap\u00ebrsosm\u00ebri dhe \u00e7arje duhet t\u00eb rregullohen me materialin p\u00ebrkat\u00ebs. Para ngjyrosjes, muret duhet t\u00eb trajtohen me COOL n\u00ebnkat\u00ebr, n\u00eb var\u00ebsi t\u00eb gjendjes s\u00eb sip\u00ebrfaqes. N\u00ebse \u00ebsht\u00eb e nevojshme, mund t\u00eb aplikohet COOL mas\u00eb glet p\u00ebr dy shtresa p\u00ebr t\u00eb arritur pamjen m\u00eb t\u00eb mir\u00eb t\u00eb filmit p\u00ebrfundimtar t\u00eb that\u00eb t\u00eb boj\u00ebs. Muret e reja duhet t\u00eb jen\u00eb plot\u00ebsisht t\u00eb thata dhe pa pluhur. COOL ECO aplikohet me f\u00ebrsh\u00eb, rrotull\u00eb ose me sp\u00ebrkatje, zakonisht n\u00eb dy shtresa. N\u00ebse \u00ebsht\u00eb e nevojshme, mund t\u00eb hollohet me uj\u00eb nga 15-20%. Para hollimit, p\u00ebrzihet mir\u00eb p\u00ebrmbajtja e kanistres. Shtresa e dyt\u00eb aplikohet pas tharjes s\u00eb shtres\u00ebs s\u00eb par\u00eb, pas 6 or\u00ebsh. Nuanca e k\u00ebrkuar mund t\u00eb arrihet duke p\u00ebrzier COOL ECO dhe COOL koncentrat tonera (nuanca pastel).          Pasi p\u00ebrdorimit, mjetet duhet t\u00eb lahen menj\u00ebher\u00eb me uj\u00eb.<\/p>\n<h3><strong>KONSUMI<\/strong><\/h3>\n<p>P\u00ebrdorimi i COOL ECO \u00ebsht\u00eb 125-180 ml\/m\u00b2 n\u00eb dy shtresa, n\u00eb var\u00ebsi t\u00eb porozitetit dhe aft\u00ebsis\u00eb s\u00eb thithjes s\u00eb sip\u00ebrfaqes.<\/p>\n<h3><strong>PAKIMI<\/strong><\/h3>\n<p><span class=\"s1\">5<\/span>kg, 8kg dhe<span class=\"Apple-converted-space\">  <\/span>25kg.<\/p>\n<h3><strong>AFATI I P\u00cbRDORIMIT DHE RUHATJA<\/strong><\/h3>\n<p>18 muaj ruajeni n\u00eb ambalazh origjinal, t\u00eb mbyllur mir\u00eb dhe t\u00eb paprekur, n\u00eb temperatur\u00eb nga +5\u00baC deri n\u00eb +25\u00baC.<\/p>\n<h3><strong>TEMPERATURA E PUN\u00cbS<\/strong><\/h3>\n<p>Temperatura optimale e pun\u00ebs \u00ebsht\u00eb nga +10\u00baC deri n\u00eb +30\u00baC. Nuk duhet p\u00ebrdorur n\u00ebn +5\u00baC. <\/p>\n<h3><strong>DOKUMENTACIONI<\/strong><\/h3>\n<div class=\"dokumentacija\">\n<p><a class=\"dugmeproizvod\" href=\"https:\/\/nevenacolor.co.rs\/wp-content\/uploads\/2024\/10\/Tehnicka-dokumentacija-cool-eco.pdf\" target=\"_blank\" rel=\"noopener\">DOKUMENTACIONI TEKNIK<\/a><\/p>\n<p><a class=\"dugmeproizvod\" href=\"https:\/\/nevenacolor.co.rs\/wp-content\/uploads\/2024\/10\/Bezbedonosi-list-cool-eco.pdf\" target=\"_blank\" rel=\"noopener\">FLET\u00cbPAJISJE P\u00cbR SIGURI<\/a><\/p>\n<\/div>\n","protected":false},"excerpt":{"rendered":"<p>P\u00cbRSHKRIM DHE P\u00cbRDORIMI COOL ECO &#8211; piktur\u00eb ekologjike p\u00ebr sip\u00ebrfaqet e brendshme t\u00eb mureve. P\u00ebrdoret p\u00ebr mbrojtjen dekorative t\u00eb sip\u00ebrfaqeve<\/p>\n","protected":false},"featured_media":31642,"template":"","meta":{"_monsterinsights_skip_tracking":false,"_monsterinsights_sitenote_active":false,"_monsterinsights_sitenote_note":"","_monsterinsights_sitenote_category":0},"product_brand":[],"product_cat":[538,532],"product_tag":[],"class_list":{"0":"post-41296","1":"product","2":"type-product","3":"status-publish","4":"has-post-thumbnail","6":"product_cat-bjere-muri-te-brendshem","7":"product_cat-veshje-ndertimi","9":"first","10":"instock","11":"featured","12":"shipping-taxable","13":"product-type-simple"},"_links":{"self":[{"href":"https:\/\/nevenacolor.co.rs\/sq\/wp-json\/wp\/v2\/product\/41296","targetHints":{"allow":["GET"]}}],"collection":[{"href":"https:\/\/nevenacolor.co.rs\/sq\/wp-json\/wp\/v2\/product"}],"about":[{"href":"https:\/\/nevenacolor.co.rs\/sq\/wp-json\/wp\/v2\/types\/product"}],"version-history":[{"count":0,"href":"https:\/\/nevenacolor.co.rs\/sq\/wp-json\/wp\/v2\/product\/41296\/revisions"}],"wp:featuredmedia":[{"embeddable":true,"href":"https:\/\/nevenacolor.co.rs\/sq\/wp-json\/wp\/v2\/media\/31642"}],"wp:attachment":[{"href":"https:\/\/nevenacolor.co.rs\/sq\/wp-json\/wp\/v2\/media?parent=41296"}],"wp:term":[{"taxonomy":"product_brand","embeddable":true,"href":"https:\/\/nevenacolor.co.rs\/sq\/wp-json\/wp\/v2\/product_brand?post=41296"},{"taxonomy":"product_cat","embeddable":true,"href":"https:\/\/nevenacolor.co.rs\/sq\/wp-json\/wp\/v2\/product_cat?post=41296"},{"taxonomy":"product_tag","embeddable":true,"href":"https:\/\/nevenacolor.co.rs\/sq\/wp-json\/wp\/v2\/product_tag?post=41296"}],"curies":[{"name":"wp","href":"https:\/\/api.w.org\/{rel}","templated":true}]}}