{"id":41297,"date":"2024-05-21T14:42:05","date_gmt":"2024-05-21T14:42:05","guid":{"rendered":"https:\/\/nevenacolor.co.rs\/proizvod\/cool-dis-2\/"},"modified":"2024-05-21T14:42:05","modified_gmt":"2024-05-21T14:42:05","slug":"cool-dis-2","status":"publish","type":"product","link":"https:\/\/nevenacolor.co.rs\/sq\/proizvod\/cool-dis-2\/","title":{"rendered":"COOL DIS"},"content":{"rendered":"<h3><strong>P\u00cbRSHKRIM DHE P\u00cbRDORIMI<\/strong><\/h3>\n<p>COOL DIS \u00ebsht\u00eb boj\u00eb ekologjike p\u00ebr brenda, e b\u00ebr\u00eb nga emulziona polimere me cil\u00ebsi t\u00eb lart\u00eb, pigmente dhe mbush\u00ebs. P\u00ebrdoret p\u00ebr mbrojtjen dekorative t\u00eb sip\u00ebrfaqeve t\u00eb mureve dhe tavaneve t\u00eb brendshme n\u00eb ambiente rezidenciale, biznesi dhe objekte publike. Ajo ka nj\u00eb kapacitet t\u00eb shk\u00eblqyer mbulues, bardh\u00ebsi t\u00eb jasht\u00ebzakonshme, kalueshm\u00ebri t\u00eb mir\u00eb t\u00eb avujve dhe \u00ebsht\u00eb rezistente ndaj fshirjes me lag\u00ebshti.  <\/p>\n<h3><strong>UDH\u00cbZIME P\u00cbR P\u00cbRDORIM<\/strong><\/h3>\n<p class=\"p1\">COOL DIS aplikohet n\u00eb sip\u00ebrfaqe q\u00eb jan\u00eb t\u00eb thata, t\u00eb pastra, pa pluhur, vajra, njolla yndyre, kripra q\u00eb tret\u00ebn n\u00eb uj\u00eb dhe papast\u00ebrtit\u00eb e tjera q\u00eb mund t\u00eb ndikojn\u00eb negativisht n\u00eb ngjitjen e p\u00ebrzierjes n\u00eb sip\u00ebrfaqe.<\/p>\n<p class=\"p1\">Para piktur\u00ebs, mbulimi i sip\u00ebrfaqes duhet t\u00eb b\u00ebhet me nj\u00eb n\u00ebnstrukturo akrilik COOL n\u00eb var\u00ebsi t\u00eb gjendjes s\u00eb sip\u00ebrfaqes. Koha e tharjes s\u00eb n\u00ebnstruktures \u00ebsht\u00eb minimalisht 12 or\u00eb. Para p\u00ebrdorimit, boja duhet t\u00eb p\u00ebrzihet dhe t\u00eb homogenizohet, dhe n\u00ebse \u00ebsht\u00eb e nevojshme, mund t\u00eb holloni me uj\u00eb deri n\u00eb 15-20% (p\u00ebr ngjyrat e bardha dhe ato pastel), nd\u00ebrsa nuancat intensive mund t\u00eb holla me uj\u00eb deri n\u00eb 5%. Piktura aplikohet me role, fur\u00e7\u00eb ose sp\u00ebrkatje n\u00eb dy shtresa. Shtresa e dyt\u00eb aplikohet mbi t\u00eb par\u00ebn, pas tharjes s\u00eb saj, pas 4-6 or\u00ebsh.     Temperatura optimale e pun\u00ebs \u00ebsht\u00eb nga +10\u00b0C deri n\u00eb +30\u00b0C. N\u00eb var\u00ebsi t\u00eb kushteve, rezistenca e plot\u00eb e filmit arrihet pas 3 jav\u00ebsh.<\/p>\n<p class=\"p2\">Pasi p\u00ebrdorimit, mjetet duhet t\u00eb lahen menj\u00ebher\u00eb me uj\u00eb.<\/p>\n<h3><strong>KONSUMI<\/strong><\/h3>\n<p>125-185 ml\/m<span class=\"s1\"><sup>\u00b2<\/sup><\/span> n\u00eb dy shtresa, n\u00eb var\u00ebsi t\u00eb porozitetit dhe thithshm\u00ebris\u00eb s\u00eb sip\u00ebrfaqes.<\/p>\n<h3><strong>PAKIMI<\/strong><\/h3>\n<p><span class=\"s1\">5<\/span>kg, 8kg dhe<span class=\"Apple-converted-space\">  <\/span>25kg.<\/p>\n<h3><strong>AFATI I P\u00cbRDORIMIT DHE RUHATJA<\/strong><\/h3>\n<p>18 muaj duhet t\u00eb ruhet n\u00eb ambalazhin origjinal, t\u00eb mbyllur mir\u00eb dhe t\u00eb paprekur, n\u00eb temperatur\u00eb nga +5\u00baC deri n\u00eb +25\u00baC, t\u00eb mbrojtur nga ndikimi direkt i drit\u00ebs s\u00eb diellit dhe ngrirjes.<\/p>\n<h3><strong>DOKUMENTACIONI<\/strong><\/h3>\n<div class=\"dokumentacija\">\n<p><a class=\"dugmeproizvod\" href=\"https:\/\/nevenacolor.co.rs\/wp-content\/uploads\/2024\/10\/Tehnicka-dokumentacija-cool-dis.pdf\" target=\"_blank\" rel=\"noopener\">DOKUMENTACIONI TEKNIK<\/a><\/p>\n<p><a class=\"dugmeproizvod\" href=\"https:\/\/nevenacolor.co.rs\/wp-content\/uploads\/2024\/10\/Bezbedonosni-list-cool-dis.pdf\" target=\"_blank\" rel=\"noopener\">FLET\u00cbPAJISJE P\u00cbR SIGURI<\/a><\/p>\n<\/div>\n<p>&nbsp;<\/p>\n","protected":false},"excerpt":{"rendered":"<p>P\u00cbRSHKRIM DHE P\u00cbRDORIMI COOL DIS \u00ebsht\u00eb boj\u00eb ekologjike p\u00ebr brenda, e b\u00ebr\u00eb nga emulziona polimere me cil\u00ebsi t\u00eb lart\u00eb, pigmente<\/p>\n","protected":false},"featured_media":29702,"template":"","meta":{"_monsterinsights_skip_tracking":false,"_monsterinsights_sitenote_active":false,"_monsterinsights_sitenote_note":"","_monsterinsights_sitenote_category":0},"product_brand":[],"product_cat":[538,532],"product_tag":[],"class_list":{"0":"post-41297","1":"product","2":"type-product","3":"status-publish","4":"has-post-thumbnail","6":"product_cat-bjere-muri-te-brendshem","7":"product_cat-veshje-ndertimi","9":"first","10":"instock","11":"shipping-taxable","12":"product-type-simple"},"_links":{"self":[{"href":"https:\/\/nevenacolor.co.rs\/sq\/wp-json\/wp\/v2\/product\/41297","targetHints":{"allow":["GET"]}}],"collection":[{"href":"https:\/\/nevenacolor.co.rs\/sq\/wp-json\/wp\/v2\/product"}],"about":[{"href":"https:\/\/nevenacolor.co.rs\/sq\/wp-json\/wp\/v2\/types\/product"}],"version-history":[{"count":0,"href":"https:\/\/nevenacolor.co.rs\/sq\/wp-json\/wp\/v2\/product\/41297\/revisions"}],"wp:featuredmedia":[{"embeddable":true,"href":"https:\/\/nevenacolor.co.rs\/sq\/wp-json\/wp\/v2\/media\/29702"}],"wp:attachment":[{"href":"https:\/\/nevenacolor.co.rs\/sq\/wp-json\/wp\/v2\/media?parent=41297"}],"wp:term":[{"taxonomy":"product_brand","embeddable":true,"href":"https:\/\/nevenacolor.co.rs\/sq\/wp-json\/wp\/v2\/product_brand?post=41297"},{"taxonomy":"product_cat","embeddable":true,"href":"https:\/\/nevenacolor.co.rs\/sq\/wp-json\/wp\/v2\/product_cat?post=41297"},{"taxonomy":"product_tag","embeddable":true,"href":"https:\/\/nevenacolor.co.rs\/sq\/wp-json\/wp\/v2\/product_tag?post=41297"}],"curies":[{"name":"wp","href":"https:\/\/api.w.org\/{rel}","templated":true}]}}