{"id":41298,"date":"2024-05-21T14:21:48","date_gmt":"2024-05-21T14:21:48","guid":{"rendered":"https:\/\/nevenacolor.co.rs\/proizvod\/cool-acrilfas-2\/"},"modified":"2024-05-21T14:21:48","modified_gmt":"2024-05-21T14:21:48","slug":"cool-acrilfas-2","status":"publish","type":"product","link":"https:\/\/nevenacolor.co.rs\/sq\/proizvod\/cool-acrilfas-2\/","title":{"rendered":"COOL ACRILFAS"},"content":{"rendered":"<h3><strong>P\u00cbRSHKRIM DHE P\u00cbRDORIMI<\/strong><\/h3>\n<p>COOL AKRILFAS \u00ebsht\u00eb boja e cil\u00ebsis\u00eb s\u00eb lart\u00eb p\u00ebr fasada, bazuar n\u00eb akrilate. Ka ngjitje t\u00eb shk\u00eblqyer n\u00eb n\u00ebnshtrimin mineral, ka fuqi t\u00eb lart\u00eb mbulimi dhe bardh\u00ebsi, \u00ebsht\u00eb paropropust\u00ebse, e q\u00ebndrueshme ndaj ndikimeve atmosferike dhe rrezatimit UV. P\u00ebrdoret p\u00ebr mbrojtjen dhe dekorimin e sip\u00ebrfaqeve t\u00eb jashtme t\u00eb mureve, p\u00ebr mbrojtjen e mureve t\u00eb brendsh\u00ebm nga: lloje t\u00eb ndryshme t\u00eb maltrave, betonit, gaz-betonit, tullave, riparimin dhe ngjyrosjen e sip\u00ebrfaqeve t\u00eb vjetra t\u00eb fasadave etj. Nuk rekomandohet p\u00ebrdorimi dhe ngjyrosja p\u00ebr sip\u00ebrfaqe t\u00eb fresk\u00ebta, ende t\u00eb pap\u00ebrpunuara t\u00eb lla\u00e7it dhe lla\u00e7it-ciment (t\u00eb pakt\u00ebn 28 dit\u00eb t\u00eb vjetra).   <\/p>\n<h3><strong>UDH\u00cbZIME P\u00cbR P\u00cbRDORIM<\/strong><\/h3>\n<p>Para se t\u00eb aplikohet boja COOL AKRILFAS, sip\u00ebrfaqet duhet t\u00eb jen\u00eb t\u00eb thata.Nga sip\u00ebrfaqet e vjetra<span class=\"Apple-converted-space\">  <\/span>dhe t\u00eb d\u00ebmtuara, hiqni pluhurin, yndyrat, krip\u00ebrat e tretshme n\u00eb uj\u00eb, pjes\u00ebt e lidhura dob\u00ebt<span class=\"Apple-converted-space\">  <\/span>dhe element\u00ebt e tjer\u00eb q\u00eb mund t\u00eb shk\u00ebputen dhe bien (p\u00ebrmes pastrimit mekanik t\u00eb that\u00eb ose larjes). \u00c7do pap\u00ebrsosm\u00ebri dhe \u00e7arje duhet t\u00eb rregullohen me materialin p\u00ebrkat\u00ebs COOL. Para ngjyrosjes, sip\u00ebrfaqet duhet t\u00eb p\u00ebrpunohen me n\u00ebnngjyrosje COOL, n\u00eb var\u00ebsi t\u00eb gjendjes s\u00eb sip\u00ebrfaqes (sipas rekomandimit t\u00eb prodhuesit). Aplikohet me brush\u00eb, rul ose sp\u00ebrkatje n\u00eb dy shtresa. Sipas nevoj\u00ebs, ngjyra mund t\u00eb hollitet me uj\u00eb nga 10-15%. Para hollimit, p\u00ebrziejeni mir\u00eb p\u00ebrmbajtjen e kovat\u00ebs. Shtresa e dyt\u00eb aplikohet mbi shtres\u00ebn e par\u00eb t\u00eb thar\u00eb pas 4-6 or\u00ebsh. Nuanca e k\u00ebrkuar merret duke p\u00ebrzier COOL AKRILFAS dhe COOL koncentrat tonera (tonet pastel). Pas p\u00ebrdorimit, pastroni menj\u00ebher\u00eb mjetet me uj\u00eb.        <\/p>\n<h3><strong>KONSUMI<\/strong><\/h3>\n<p>170-310 ml\/m\u00b2 n\u00eb dy shtresa, n\u00eb var\u00ebsi t\u00eb porozitetit dhe thithjes s\u00eb sip\u00ebrfaqes.<\/p>\n<h3><strong>PAKIMI<\/strong><\/h3>\n<p>25 kg<\/p>\n<h3><strong>AFATI I P\u00cbRDORIMIT DHE RUHATJA<\/strong><\/h3>\n<p>18 muaj nga data e shtypur n\u00eb ambalazh\u00eb. Ruajeni n\u00eb ambalazh\u00ebn origjinale, t\u00eb mbyllur mir\u00eb dhe t\u00eb paprekur, n\u00eb nj\u00eb temperatur\u00eb nga +5\u00baC deri n\u00eb +25\u00baC. <\/p>\n<h3><strong>TEMPERATURA E PUN\u00cbS<\/strong><\/h3>\n<p>Temperatura optimale e pun\u00ebs \u00ebsht\u00eb nga +10\u00baC deri n\u00eb +30\u00baC. Nuk duhet p\u00ebrdorur n\u00ebn +5\u00baC.  Shmangni p\u00ebrdorimin e bojr\u00ebs p\u00ebr fasad\u00eb n\u00eb kushte me shi, mjegull, er\u00eb t\u00eb fort\u00eb ose diell t\u00eb fort\u00eb. Mbrojeni sip\u00ebrfaqet e sapo pikturuara nga ndikimet atmosferike me mbulesa p\u00ebr t\u00eb pakt\u00ebn 24 or\u00eb. <\/p>\n<h3><strong>DOKUMENTACIONI<\/strong><\/h3>\n<div class=\"dokumentacija\">\n<p><a class=\"dugmeproizvod\" href=\"https:\/\/nevenacolor.co.rs\/wp-content\/uploads\/2024\/10\/Tehnicka-dokumentacija-3.pdf\" target=\"_blank\" rel=\"noopener\">DOKUMENTACIONI TEKNIK<\/a><\/p>\n<p><a class=\"dugmeproizvod\" href=\"https:\/\/nevenacolor.co.rs\/wp-content\/uploads\/2024\/10\/Bezbedonosni-list-2.pdf\" target=\"_blank\" rel=\"noopener\">FLET\u00cbPAJISJE P\u00cbR SIGURI<\/a><\/p>\n<\/div>\n<p>&nbsp;<\/p>\n","protected":false},"excerpt":{"rendered":"<p>P\u00cbRSHKRIM DHE P\u00cbRDORIMI COOL AKRILFAS \u00ebsht\u00eb boja e cil\u00ebsis\u00eb s\u00eb lart\u00eb p\u00ebr fasada, bazuar n\u00eb akrilate. Ka ngjitje t\u00eb shk\u00eblqyer<\/p>\n","protected":false},"featured_media":29711,"template":"","meta":{"_monsterinsights_skip_tracking":false,"_monsterinsights_sitenote_active":false,"_monsterinsights_sitenote_note":"","_monsterinsights_sitenote_category":0},"product_brand":[],"product_cat":[541,532],"product_tag":[],"class_list":{"0":"post-41298","1":"product","2":"type-product","3":"status-publish","4":"has-post-thumbnail","6":"product_cat-bojerat-fasada","7":"product_cat-veshje-ndertimi","9":"first","10":"instock","11":"shipping-taxable","12":"product-type-simple"},"_links":{"self":[{"href":"https:\/\/nevenacolor.co.rs\/sq\/wp-json\/wp\/v2\/product\/41298","targetHints":{"allow":["GET"]}}],"collection":[{"href":"https:\/\/nevenacolor.co.rs\/sq\/wp-json\/wp\/v2\/product"}],"about":[{"href":"https:\/\/nevenacolor.co.rs\/sq\/wp-json\/wp\/v2\/types\/product"}],"version-history":[{"count":0,"href":"https:\/\/nevenacolor.co.rs\/sq\/wp-json\/wp\/v2\/product\/41298\/revisions"}],"wp:featuredmedia":[{"embeddable":true,"href":"https:\/\/nevenacolor.co.rs\/sq\/wp-json\/wp\/v2\/media\/29711"}],"wp:attachment":[{"href":"https:\/\/nevenacolor.co.rs\/sq\/wp-json\/wp\/v2\/media?parent=41298"}],"wp:term":[{"taxonomy":"product_brand","embeddable":true,"href":"https:\/\/nevenacolor.co.rs\/sq\/wp-json\/wp\/v2\/product_brand?post=41298"},{"taxonomy":"product_cat","embeddable":true,"href":"https:\/\/nevenacolor.co.rs\/sq\/wp-json\/wp\/v2\/product_cat?post=41298"},{"taxonomy":"product_tag","embeddable":true,"href":"https:\/\/nevenacolor.co.rs\/sq\/wp-json\/wp\/v2\/product_tag?post=41298"}],"curies":[{"name":"wp","href":"https:\/\/api.w.org\/{rel}","templated":true}]}}