{"id":41299,"date":"2024-05-28T11:48:45","date_gmt":"2024-05-28T11:48:45","guid":{"rendered":"https:\/\/nevenacolor.co.rs\/proizvod\/cool-firnajz-2\/"},"modified":"2024-05-28T11:48:45","modified_gmt":"2024-05-28T11:48:45","slug":"cool-firnajz-2","status":"publish","type":"product","link":"https:\/\/nevenacolor.co.rs\/sq\/proizvod\/cool-firnajz-2\/","title":{"rendered":"Cool Firnajz"},"content":{"rendered":"<h3><strong>VETIT\u00cb DHE P\u00cbRDORIMI<\/strong><\/h3>\n<p class=\"p1\"><strong>COOL FIRNAJZ<\/strong> \u00ebsht\u00eb nj\u00eb agjent i nj\u00ebkomponent\u00ebsh, pa ngjyr\u00eb, bazuar n\u00eb smola, aditiva, tret\u00ebs dhe vajra bimore, i cili thahet n\u00eb aj\u00ebr. P\u00ebrdoret p\u00ebr impregnimin e sip\u00ebrfaqeve prej druri. Firnajz mund t\u00eb aplikohet drejtp\u00ebrdrejt n\u00eb sip\u00ebrfaqen e past\u00ebr t\u00eb drurit. Aplikohet me brush\u00eb, me sp\u00ebrkatje ose zhytje n\u00eb nj\u00eb shtres\u00eb. Druri i trajtuar me Firnajz redukton p\u00ebrthithjen e n\u00ebnstrat\u00ebs kur aplikohet shtresa e ardhshme e agjent\u00ebve t\u00eb mbulimit dhe siguron mbrojtje nga faktor\u00ebt atmosferik\u00eb, agjent\u00ebt kimik\u00eb dhe biologjik\u00eb. P\u00ebr hollimin dhe pastrimin e veglave, p\u00ebrdorni tret\u00ebs p\u00ebr boj\u00ebra me baz\u00eb vaji.     <\/p>\n<h3><strong>PAKIMI<\/strong><\/h3>\n<p class=\"p1\">0.75 l<\/p>\n<h3><strong>AFATI I P\u00cbRDORIMIT DHE RUHATJA<\/strong><\/h3>\n<p class=\"p1\">Ruajeni n\u00eb ambalazh\u00ebn origjinale, t\u00eb mbyllur mir\u00eb dhe t\u00eb paprekur, n\u00eb nj\u00eb temperatur\u00eb prej +5\u00baC deri +25\u00baC.<\/p>\n<h3><strong>DOKUMENTACIONI<\/strong><\/h3>\n<div class=\"dokumentacija\">\n<p><a class=\"dugmeproizvod\" href=\"https:\/\/nevenacolor.co.rs\/wp-content\/uploads\/2024\/10\/Tehnicka-dokumentacija-firnajz.pdf\" target=\"_blank\" rel=\"noopener\">DOKUMENTACIONI TEKNIK<\/a><\/p>\n<p><a class=\"dugmeproizvod\" href=\"https:\/\/nevenacolor.co.rs\/wp-content\/uploads\/2024\/10\/Bezbedonosni-list-firnajz.pdf\" target=\"_blank\" rel=\"noopener\">FLET\u00cbPAJISJE P\u00cbR SIGURI<\/a><\/p>\n<\/div>\n<p>&nbsp;<\/p>\n","protected":false},"excerpt":{"rendered":"<p>VETIT\u00cb DHE P\u00cbRDORIMI COOL FIRNAJZ \u00ebsht\u00eb nj\u00eb agjent i nj\u00ebkomponent\u00ebsh, pa ngjyr\u00eb, bazuar n\u00eb smola, aditiva, tret\u00ebs dhe vajra bimore,<\/p>\n","protected":false},"featured_media":30056,"template":"","meta":{"_monsterinsights_skip_tracking":false,"_monsterinsights_sitenote_active":false,"_monsterinsights_sitenote_note":"","_monsterinsights_sitenote_category":0},"product_brand":[],"product_cat":[556,555],"product_tag":[],"class_list":{"0":"post-41299","1":"product","2":"type-product","3":"status-publish","4":"has-post-thumbnail","6":"product_cat-holluesit-dhe-mjete-pomese","7":"product_cat-mjete-pomese","9":"first","10":"instock","11":"shipping-taxable","12":"product-type-simple"},"_links":{"self":[{"href":"https:\/\/nevenacolor.co.rs\/sq\/wp-json\/wp\/v2\/product\/41299","targetHints":{"allow":["GET"]}}],"collection":[{"href":"https:\/\/nevenacolor.co.rs\/sq\/wp-json\/wp\/v2\/product"}],"about":[{"href":"https:\/\/nevenacolor.co.rs\/sq\/wp-json\/wp\/v2\/types\/product"}],"version-history":[{"count":0,"href":"https:\/\/nevenacolor.co.rs\/sq\/wp-json\/wp\/v2\/product\/41299\/revisions"}],"wp:featuredmedia":[{"embeddable":true,"href":"https:\/\/nevenacolor.co.rs\/sq\/wp-json\/wp\/v2\/media\/30056"}],"wp:attachment":[{"href":"https:\/\/nevenacolor.co.rs\/sq\/wp-json\/wp\/v2\/media?parent=41299"}],"wp:term":[{"taxonomy":"product_brand","embeddable":true,"href":"https:\/\/nevenacolor.co.rs\/sq\/wp-json\/wp\/v2\/product_brand?post=41299"},{"taxonomy":"product_cat","embeddable":true,"href":"https:\/\/nevenacolor.co.rs\/sq\/wp-json\/wp\/v2\/product_cat?post=41299"},{"taxonomy":"product_tag","embeddable":true,"href":"https:\/\/nevenacolor.co.rs\/sq\/wp-json\/wp\/v2\/product_tag?post=41299"}],"curies":[{"name":"wp","href":"https:\/\/api.w.org\/{rel}","templated":true}]}}