{"id":41300,"date":"2024-05-21T14:03:00","date_gmt":"2024-05-21T14:03:00","guid":{"rendered":"https:\/\/nevenacolor.co.rs\/proizvod\/cool-ispuna-2\/"},"modified":"2025-07-31T11:23:41","modified_gmt":"2025-07-31T11:23:41","slug":"cool-ispuna-2","status":"publish","type":"product","link":"https:\/\/nevenacolor.co.rs\/sq\/proizvod\/cool-ispuna-2\/","title":{"rendered":"COOL ISPUNA"},"content":{"rendered":"<h3><strong>P\u00cbRSHKRIM DHE P\u00cbRDORIMI<\/strong><\/h3>\n<p class=\"p1\"><strong>COOL ISPUNA<\/strong> \u00ebsht\u00eb nj\u00eb material pluhur bazuar n\u00eb gips, me shtesa aditivash dhe mbush\u00ebsish natyror\u00eb. P\u00ebrdoret p\u00ebr mbushjen e bashkimeve t\u00eb pllakat\u00ebve t\u00eb gipskartonit, me krahe t\u00eb rrumbullakosura HRAK dhe cepa t\u00eb k\u00ebnduar AX, duke p\u00ebrdorur traka bandazh. P\u00ebrdoret p\u00ebr mbushjen dhe glatimin e bashkimeve, mbushjen e pap\u00ebrsosm\u00ebris\u00eb dhe d\u00ebmtimeve, si dhe p\u00ebr mbulimin e vijave t\u00eb vidave p\u00ebr ngjitjen e pllakat\u00ebve t\u00eb gipskartonit. \u00cbsht\u00eb e leht\u00eb p\u00ebr t&#8217;u p\u00ebrgatitur dhe aplikuar. Ka ngjitje t\u00eb mir\u00eb, koh\u00eb t\u00eb hapur punimi m\u00eb t\u00eb gjat\u00eb dhe q\u00ebndrueshm\u00ebri.    <\/p>\n<h3><strong>UDH\u00cbZIME P\u00cbR P\u00cbRDORIM<\/strong><\/h3>\n<p class=\"p1\">MBUSHJA E FTOHT\u00cb prej 5 kg hidhet n\u00eb rreth 2.4 kg uj\u00eb t\u00eb past\u00ebr dhe t\u00eb ftoht\u00eb, p\u00ebrzihet me dor\u00eb ose me nj\u00eb mikser elektrik derisa t\u00eb formohet nj\u00eb p\u00ebrzierje homogjene, pa kokrriza. N\u00ebse p\u00ebrzierja \u00ebsht\u00eb shum\u00eb e trash\u00eb, shtoni uj\u00eb m\u00eb pas. Pas p\u00ebrgatitjes, masa mund t\u00eb pleh\u00ebrohet p\u00ebr 60 minuta. Gjat\u00eb p\u00ebrpunimit t\u00eb nyjeve t\u00eb gipsit, pastroni nyjet nga pluhuri, papast\u00ebrtit\u00eb e huaja, pjes\u00ebt e lidhura dob\u00ebt, vet\u00eb substrati duhet t\u00eb jet\u00eb i fort\u00eb, i past\u00ebr dhe i that\u00eb. Mbushni vet\u00eb nyjet me materialin e p\u00ebrgatitur, pastaj vendosni shiritin fash\u00eb dhe shtypeni but\u00ebsisht at\u00eb n\u00eb material dhe rrafshojeni. Shtresa e dyt\u00eb aplikohet n\u00eb shtres\u00ebn e m\u00ebparshme t\u00eb that\u00eb. L\u00ebmoni \u00e7do pabarazi. N\u00ebse \u00ebsht\u00eb e nevojshme, shtresa e tret\u00eb p\u00ebr rrafshim t\u00eb im\u00ebt mund t\u00eb aplikohet n\u00eb shtres\u00ebn e dyt\u00eb t\u00eb ngurt\u00ebsuar. P\u00ebr t\u00eb marr\u00eb nj\u00eb sip\u00ebrfaqe jasht\u00ebzakonisht t\u00eb shesht\u00eb, b\u00ebni shtres\u00ebn p\u00ebrfundimtare rreth 30 cm t\u00eb gjer\u00eb. Temperatura optimale e pun\u00ebs \u00ebsht\u00eb nga +10\u00baC deri n\u00eb +30\u00baC. Nuk duhet t\u00eb p\u00ebrdoret n\u00ebn +5\u00baC. Pas p\u00ebrdorimit, lani mjetin menj\u00ebher\u00eb me uj\u00eb.           <\/p>\n<h3><strong>KONSUMI<\/strong><\/h3>\n<p class=\"p1\">0.2-0.5 kg\/m<span class=\"s1\"><sup>2<\/sup><\/span> p\u00ebr mbushjen e fug\u00ebs, var\u00ebsisht nga vendndodhja dhe lloji i fug\u00ebs.<\/p>\n<h3><strong>PAKIMI<\/strong><\/h3>\n<p>5kg , 25kg<\/p>\n<h3><strong>AFATI I P\u00cbRDORIMIT DHE RUHATJA<\/strong><\/h3>\n<p class=\"p1\">12 muaj t\u00eb ruhet n\u00eb ambalazh origjinal, mir\u00eb t\u00eb mbyllur dhe t\u00eb pad\u00ebmtuar, n\u00eb temperatur\u00eb nga +5\u00baC deri n\u00eb +25\u00baC.<\/p>\n<h3><strong>DOKUMENTACIONI<\/strong><\/h3>\n<div class=\"dokumentacija\">\n<p><a class=\"dugmeproizvod\" href=\"https:\/\/nevenacolor.co.rs\/wp-content\/uploads\/2024\/10\/Tehnicki-dokumentacija-ispuna.pdf\" target=\"_blank\" rel=\"noopener\">DOKUMENTACIONI TEKNIK<\/a><\/p>\n<p><a class=\"dugmeproizvod\" href=\"https:\/\/nevenacolor.co.rs\/wp-content\/uploads\/2024\/10\/Bezbedonosni-list-ispuna.pdf\" target=\"_blank\" rel=\"noopener\">FLET\u00cbPAJISJE P\u00cbR SIGURI<\/a><\/p>\n<\/div>\n","protected":false},"excerpt":{"rendered":"<p>P\u00cbRSHKRIM DHE P\u00cbRDORIMI COOL ISPUNA \u00ebsht\u00eb nj\u00eb material pluhur bazuar n\u00eb gips, me shtesa aditivash dhe mbush\u00ebsish natyror\u00eb. P\u00ebrdoret p\u00ebr<\/p>\n","protected":false},"featured_media":40586,"template":"","meta":{"_monsterinsights_skip_tracking":false,"_monsterinsights_sitenote_active":false,"_monsterinsights_sitenote_note":"","_monsterinsights_sitenote_category":0},"product_brand":[],"product_cat":[545,532],"product_tag":[],"class_list":{"0":"post-41300","1":"product","2":"type-product","3":"status-publish","4":"has-post-thumbnail","6":"product_cat-mase-per-nivelim","7":"product_cat-veshje-ndertimi","9":"first","10":"instock","11":"featured","12":"shipping-taxable","13":"product-type-simple"},"_links":{"self":[{"href":"https:\/\/nevenacolor.co.rs\/sq\/wp-json\/wp\/v2\/product\/41300","targetHints":{"allow":["GET"]}}],"collection":[{"href":"https:\/\/nevenacolor.co.rs\/sq\/wp-json\/wp\/v2\/product"}],"about":[{"href":"https:\/\/nevenacolor.co.rs\/sq\/wp-json\/wp\/v2\/types\/product"}],"version-history":[{"count":2,"href":"https:\/\/nevenacolor.co.rs\/sq\/wp-json\/wp\/v2\/product\/41300\/revisions"}],"predecessor-version":[{"id":42246,"href":"https:\/\/nevenacolor.co.rs\/sq\/wp-json\/wp\/v2\/product\/41300\/revisions\/42246"}],"wp:featuredmedia":[{"embeddable":true,"href":"https:\/\/nevenacolor.co.rs\/sq\/wp-json\/wp\/v2\/media\/40586"}],"wp:attachment":[{"href":"https:\/\/nevenacolor.co.rs\/sq\/wp-json\/wp\/v2\/media?parent=41300"}],"wp:term":[{"taxonomy":"product_brand","embeddable":true,"href":"https:\/\/nevenacolor.co.rs\/sq\/wp-json\/wp\/v2\/product_brand?post=41300"},{"taxonomy":"product_cat","embeddable":true,"href":"https:\/\/nevenacolor.co.rs\/sq\/wp-json\/wp\/v2\/product_cat?post=41300"},{"taxonomy":"product_tag","embeddable":true,"href":"https:\/\/nevenacolor.co.rs\/sq\/wp-json\/wp\/v2\/product_tag?post=41300"}],"curies":[{"name":"wp","href":"https:\/\/api.w.org\/{rel}","templated":true}]}}