{"id":41301,"date":"2024-05-28T11:50:38","date_gmt":"2024-05-28T11:50:38","guid":{"rendered":"https:\/\/nevenacolor.co.rs\/proizvod\/cool-kada-fresh-2\/"},"modified":"2024-05-28T11:50:38","modified_gmt":"2024-05-28T11:50:38","slug":"cool-kada-fresh-2","status":"publish","type":"product","link":"https:\/\/nevenacolor.co.rs\/sq\/proizvod\/cool-kada-fresh-2\/","title":{"rendered":"Cool kada fresh"},"content":{"rendered":"<h3><strong>P\u00cbRSHKRIM DHE P\u00cbRDORIMI<\/strong><\/h3>\n<p class=\"p1\"><b>COOL KADA FRE\u0160<\/b> <span class=\"Apple-converted-space\"> <\/span>p\u00ebrdoret p\u00ebr sanimin dhe riparimin e sip\u00ebrfaqeve t\u00eb d\u00ebmtuara t\u00eb kadeve.<\/p>\n<p class=\"p1\">Aplikohen me brush\u00eb, rul ose sp\u00ebrkatje n\u00eb dy shtresa. P\u00ebr banjot metalike, emaili akrilik p\u00ebr riparime aplikohet mbi baz\u00ebn e boj\u00ebs akrilike COOL p\u00ebr metal, nd\u00ebrsa p\u00ebr banjot plastike, riparimi b\u00ebhet vet\u00ebm me emailin akrilik COOL. <\/p>\n<h3><strong>UDH\u00cbZIME P\u00cbR P\u00cbRDORIM<\/strong><\/h3>\n<p class=\"p1\">P\u00ebr pastrimin e kadi, pas riparimit, nuk duhet p\u00ebrdorur mjete kimike t\u00eb forta dhe agjent\u00eb abraziv\u00eb.<\/p>\n<p class=\"p1\">Sip\u00ebrfaqja <span class=\"s1\">e kadi, para pikturimit, duhet t\u00eb pastrohet nga mund\u00ebsia e pastrimit t\u00eb pasur t\u00eb rustit, gur\u00ebve t\u00eb ngurt\u00eb, silikonit dhe \u00e7do mbetje sapuni ose yndyre, p\u00ebr t\u00eb siguruar q\u00eb pikturimi t\u00eb ket\u00eb efekt m\u00eb t\u00eb q\u00ebndruesh\u00ebm. Pas pastrimit dhe largimit t\u00eb yndyrave, sip\u00ebrfaqja duhet t\u00eb f\u00ebrkohet me let\u00ebr r\u00ebr\u00eb t\u00eb p\u00ebrshtatshme (180-220) dhe t\u00eb thahen mir\u00eb p\u00ebr t\u00eb siguruar q\u00eb boja akrilike t\u00eb mbaj\u00eb m\u00eb mir\u00eb. D\u00ebmtimet m\u00eb t\u00eb m\u00ebdha t\u00eb kadi (plasaritje, ndarje ose vrima deri n\u00eb 2-3 cm) duhet t\u00eb riparohen me nj\u00eb komplet t\u00eb p\u00ebrshtatsh\u00ebm t\u00eb poliest\u00ebr p\u00ebr kadi. Para p\u00ebrdorimit, COOL Kada Fre\u0161 duhet t\u00eb holluar deri n\u00eb 10% me uj\u00eb dhe t\u00eb p\u00ebrzihet mir\u00eb. Shtresa e dyt\u00eb aplikohet pasi shtresa e par\u00eb t\u00eb jet\u00eb thar\u00eb (6-8 or\u00eb).     <\/span>Pas p\u00ebrdorimit, pastroni menj\u00ebher\u00eb veglat me uj\u00eb. Temperatura optimale e pun\u00ebs p\u00ebr aplikim \u00ebsht\u00eb nga +10\u00baC deri n\u00eb +30\u00baC.<\/p>\n<h3><strong>KONSUMI<\/strong><\/h3>\n<p class=\"p1\">8-10 m<span class=\"s1\"><sup>\u00b2<\/sup><\/span>\/l p\u00ebr nj\u00eb shtres\u00eb.<\/p>\n<h3><strong>PAKIMI<\/strong><\/h3>\n<p class=\"p1\">0.45 l<\/p>\n<h3><strong>AFATI I P\u00cbRDORIMIT DHE RUHATJA<\/strong><\/h3>\n<p class=\"p1\">18 muaj nga data e shtypur n\u00eb paketim. Ruajeni n\u00eb paketim origjinal, <span class=\"Apple-converted-space\">  <\/span>t\u00eb mbyllur mir\u00eb dhe t\u00eb pa d\u00ebmtuar n\u00eb temperatur\u00eb nga +5\u00baC deri n\u00eb +25\u00baC.<\/p>\n<h3><strong>DOKUMENTACIONI<\/strong><\/h3>\n<div class=\"dokumentacija\">\n<p><a class=\"dugmeproizvod\" href=\"https:\/\/nevenacolor.co.rs\/wp-content\/uploads\/2024\/10\/Tehnicka-dokumentacija-kada.pdf\" target=\"_blank\" rel=\"noopener\">DOKUMENTACIONI TEKNIK<\/a><\/p>\n<p><a class=\"dugmeproizvod\" href=\"https:\/\/nevenacolor.co.rs\/wp-content\/uploads\/2024\/10\/Bezbedonosni-list-kada.pdf\" target=\"_blank\" rel=\"noopener\">FLET\u00cbPAJISJE P\u00cbR SIGURI<\/a><\/p>\n<p>&nbsp;<\/p>\n<\/div>\n","protected":false},"excerpt":{"rendered":"<p>P\u00cbRSHKRIM DHE P\u00cbRDORIMI COOL KADA FRE\u0160 p\u00ebrdoret p\u00ebr sanimin dhe riparimin e sip\u00ebrfaqeve t\u00eb d\u00ebmtuara t\u00eb kadeve. Aplikohen me brush\u00eb,<\/p>\n","protected":false},"featured_media":40658,"template":"","meta":{"_monsterinsights_skip_tracking":false,"_monsterinsights_sitenote_active":false,"_monsterinsights_sitenote_note":"","_monsterinsights_sitenote_category":0},"product_brand":[],"product_cat":[560,557],"product_tag":[],"class_list":{"0":"post-41301","1":"product","2":"type-product","3":"status-publish","4":"has-post-thumbnail","6":"product_cat-veshje-finish-per-plastike","7":"product_cat-veshje-per-sipas-plastike-dhe-te-galvanizuara","9":"first","10":"instock","11":"shipping-taxable","12":"product-type-simple"},"_links":{"self":[{"href":"https:\/\/nevenacolor.co.rs\/sq\/wp-json\/wp\/v2\/product\/41301","targetHints":{"allow":["GET"]}}],"collection":[{"href":"https:\/\/nevenacolor.co.rs\/sq\/wp-json\/wp\/v2\/product"}],"about":[{"href":"https:\/\/nevenacolor.co.rs\/sq\/wp-json\/wp\/v2\/types\/product"}],"version-history":[{"count":0,"href":"https:\/\/nevenacolor.co.rs\/sq\/wp-json\/wp\/v2\/product\/41301\/revisions"}],"wp:featuredmedia":[{"embeddable":true,"href":"https:\/\/nevenacolor.co.rs\/sq\/wp-json\/wp\/v2\/media\/40658"}],"wp:attachment":[{"href":"https:\/\/nevenacolor.co.rs\/sq\/wp-json\/wp\/v2\/media?parent=41301"}],"wp:term":[{"taxonomy":"product_brand","embeddable":true,"href":"https:\/\/nevenacolor.co.rs\/sq\/wp-json\/wp\/v2\/product_brand?post=41301"},{"taxonomy":"product_cat","embeddable":true,"href":"https:\/\/nevenacolor.co.rs\/sq\/wp-json\/wp\/v2\/product_cat?post=41301"},{"taxonomy":"product_tag","embeddable":true,"href":"https:\/\/nevenacolor.co.rs\/sq\/wp-json\/wp\/v2\/product_tag?post=41301"}],"curies":[{"name":"wp","href":"https:\/\/api.w.org\/{rel}","templated":true}]}}