{"id":41302,"date":"2024-05-28T11:53:13","date_gmt":"2024-05-28T11:53:13","guid":{"rendered":"https:\/\/nevenacolor.co.rs\/proizvod\/cool-3x1-dtz-antika-2\/"},"modified":"2024-05-28T11:53:13","modified_gmt":"2024-05-28T11:53:13","slug":"cool-3x1-dtz-antika-2","status":"publish","type":"product","link":"https:\/\/nevenacolor.co.rs\/sq\/proizvod\/cool-3x1-dtz-antika-2\/","title":{"rendered":"Cool 3&#215;1 DTZ antika"},"content":{"rendered":"<h3><strong>P\u00cbRSHKRIM DHE P\u00cbRDORIMI<\/strong><\/h3>\n<p class=\"p1\"><b>COOL 3&#215;1 DTZ ANTIKA<\/b> \u00ebsht\u00eb nj\u00eb ngjit\u00ebs antikoroziv themelor dhe p\u00ebrfundimtar, i bazuar n\u00eb lidh\u00ebs alkidik t\u00eb modifikuar, pigmente speciale dhe aditiv\u00eb. P\u00ebrdoret p\u00ebr mbrojtjen e objekteve nga \u00e7eliku i galvanizuar, alumini, bakri dhe \u00e7eliku n\u00eb brend\u00ebsi dhe jasht\u00eb. Karakterizohet nga ngjitja e mir\u00eb, q\u00ebndrueshm\u00ebria e lart\u00eb ndaj kushteve atmosferike dhe q\u00ebndrueshm\u00ebria ndaj rrezatimit UV.  <\/p>\n<h3><strong>P\u00cbRGATITJA E SIP\u00cbRFAQ\u00cbSIS\u00cb<\/strong><\/h3>\n<p class=\"p1\">Sip\u00ebrfaqja n\u00eb t\u00eb cil\u00ebn aplikohet COOL 3&#215;1 DTZ ANTIKA duhet t\u00eb jet\u00eb e fort\u00eb, e that\u00eb, pa njolla yndyrore dhe papast\u00ebrti. Hiqni \u00e7do mbetje t\u00eb boj\u00ebs s\u00eb vjet\u00ebr ose gjurm\u00eb oksidimi. L\u00ebmoni sip\u00ebrfaqen me let\u00ebr zmerile t\u00eb im\u00ebt N\u00b0220\/320. Degresojeni dhe pastroni me hollues. P\u00ebrziejeni mir\u00eb boj\u00ebn p\u00ebrpara p\u00ebrdorimit. N\u00ebse \u00ebsht\u00eb e nevojshme, hollohet me hollues maksimumi 5% COOL 3&#215;1. Mund t\u00eb aplikohet drejtp\u00ebrdrejt n\u00eb sip\u00ebrfaqet e pastruara m\u00eb par\u00eb nga korrozioni. Aplikohet me fur\u00e7\u00eb ose sp\u00ebrkatje n\u00eb nj\u00eb shtres\u00eb. Trash\u00ebsia optimale e filmit t\u00eb that\u00eb \u00ebsht\u00eb 60-80\u00b5. COOL 3&#215;1 DTZ ANTIKA thahet n\u00eb prekje deri n\u00eb 2 or\u00eb, thahet plot\u00ebsisht pas 24 or\u00ebsh.          Temperatura optimale e pun\u00ebs \u00ebsht\u00eb nga +10\u00b0C deri n\u00eb +30\u00b0C. Lajeni mjetin menj\u00ebher\u00eb pas p\u00ebrdorimit me hollues Nitro.<\/p>\n<h3><strong>KONSUMI<\/strong><\/h3>\n<p class=\"p1\">8-10 m<span class=\"s1\"><sup>2<\/sup><\/span>\/l<\/p>\n<h3><strong>PAKIMI<\/strong><\/h3>\n<p class=\"p1\">0.75 l<\/p>\n<h3><strong>AFATI I P\u00cbRDORIMIT DHE RUHATJA<\/strong><\/h3>\n<p class=\"p1\">36 muaj nga data e shtypur n\u00eb paketim. Ruajeni n\u00eb ambalazh\u00ebn origjinale, t\u00eb mbyllur mir\u00eb dhe t\u00eb paprekur, n\u00eb nj\u00eb temperatur\u00eb prej +5\u00baC deri +25\u00baC.<\/p>\n<h3><strong>DOKUMENTACIONI<\/strong><\/h3>\n<div class=\"dokumentacija\">\n<p><a class=\"dugmeproizvod\" href=\"https:\/\/nevenacolor.co.rs\/wp-content\/uploads\/2024\/10\/Tehnicka-dokumentacija-antika.pdf\" target=\"_blank\" rel=\"noopener\">DOKUMENTACIONI TEKNIK<\/a><\/p>\n<p><a class=\"dugmeproizvod\" href=\"https:\/\/nevenacolor.co.rs\/wp-content\/uploads\/2024\/10\/Bezbedonosni-list-antika.pdf\" target=\"_blank\" rel=\"noopener\">FLET\u00cbPAJISJE P\u00cbR SIGURI<\/a><\/p>\n<\/div>\n<p>&nbsp;<\/p>\n","protected":false},"excerpt":{"rendered":"<p>P\u00cbRSHKRIM DHE P\u00cbRDORIMI COOL 3&#215;1 DTZ ANTIKA \u00ebsht\u00eb nj\u00eb ngjit\u00ebs antikoroziv themelor dhe p\u00ebrfundimtar, i bazuar n\u00eb lidh\u00ebs alkidik t\u00eb<\/p>\n","protected":false},"featured_media":31714,"template":"","meta":{"_monsterinsights_skip_tracking":false,"_monsterinsights_sitenote_active":false,"_monsterinsights_sitenote_note":"","_monsterinsights_sitenote_category":0},"product_brand":[],"product_cat":[557,561],"product_tag":[],"class_list":{"0":"post-41302","1":"product","2":"type-product","3":"status-publish","4":"has-post-thumbnail","6":"product_cat-veshje-per-sipas-plastike-dhe-te-galvanizuara","7":"product_cat-veshje-perfundimtare-per-fleten-e-galvanizuar","9":"first","10":"instock","11":"shipping-taxable","12":"product-type-simple"},"_links":{"self":[{"href":"https:\/\/nevenacolor.co.rs\/sq\/wp-json\/wp\/v2\/product\/41302","targetHints":{"allow":["GET"]}}],"collection":[{"href":"https:\/\/nevenacolor.co.rs\/sq\/wp-json\/wp\/v2\/product"}],"about":[{"href":"https:\/\/nevenacolor.co.rs\/sq\/wp-json\/wp\/v2\/types\/product"}],"version-history":[{"count":0,"href":"https:\/\/nevenacolor.co.rs\/sq\/wp-json\/wp\/v2\/product\/41302\/revisions"}],"wp:featuredmedia":[{"embeddable":true,"href":"https:\/\/nevenacolor.co.rs\/sq\/wp-json\/wp\/v2\/media\/31714"}],"wp:attachment":[{"href":"https:\/\/nevenacolor.co.rs\/sq\/wp-json\/wp\/v2\/media?parent=41302"}],"wp:term":[{"taxonomy":"product_brand","embeddable":true,"href":"https:\/\/nevenacolor.co.rs\/sq\/wp-json\/wp\/v2\/product_brand?post=41302"},{"taxonomy":"product_cat","embeddable":true,"href":"https:\/\/nevenacolor.co.rs\/sq\/wp-json\/wp\/v2\/product_cat?post=41302"},{"taxonomy":"product_tag","embeddable":true,"href":"https:\/\/nevenacolor.co.rs\/sq\/wp-json\/wp\/v2\/product_tag?post=41302"}],"curies":[{"name":"wp","href":"https:\/\/api.w.org\/{rel}","templated":true}]}}