{"id":41305,"date":"2024-05-28T12:53:41","date_gmt":"2024-05-28T12:53:41","guid":{"rendered":"https:\/\/nevenacolor.co.rs\/proizvod\/cool-nitro-email-lak-per-dru-dhe-metal\/"},"modified":"2024-05-28T12:53:41","modified_gmt":"2024-05-28T12:53:41","slug":"cool-nitro-email-lak-per-dru-dhe-metal","status":"publish","type":"product","link":"https:\/\/nevenacolor.co.rs\/sq\/proizvod\/cool-nitro-email-lak-per-dru-dhe-metal\/","title":{"rendered":"Cool nitro email lak p\u00ebr dru dhe metal"},"content":{"rendered":"<h3><strong>P\u00cbRSHKRIM DHE P\u00cbRDORIMI<\/strong><\/h3>\n<p class=\"p1\">Cool nitro llak emajli \u00ebsht\u00eb nj\u00eb shtres\u00eb p\u00ebrfundimtare nj\u00ebkomponent\u00ebshe, e bazuar n\u00eb nj\u00eb kombinim t\u00eb p\u00ebrshtatsh\u00ebm t\u00eb nitroceluloz\u00ebs, rr\u00ebshirave sintetike, mbush\u00ebsve dhe pigmenteve. Karakterizohet nga tharja e shpejt\u00eb. P\u00ebrdoret si nj\u00eb shtres\u00eb mbrojt\u00ebse dekorative p\u00ebr mbrojtjen e sip\u00ebrfaqeve prej druri, mobilieve masive dhe t\u00eb furniruara, si dhe sip\u00ebrfaqeve metalike.  <\/p>\n<h3><strong>UDH\u00cbZIME P\u00cbR P\u00cbRDORIM<\/strong><\/h3>\n<p class=\"p1\">Sip\u00ebrfaqja mbi t\u00eb cil\u00ebn aplikohet duhet t\u00eb jet\u00eb e that\u00eb dhe e past\u00ebr. \u00cbsht\u00eb e nevojshme q\u00eb si baz\u00eb t\u00eb aplikohet Cool nitro boja baz\u00eb mbi t\u00eb cil\u00ebn aplikohet Cool nitro llaku. Shtresa aplikohet me pistolet\u00eb, me fur\u00e7\u00eb ose me zhytje. Thahet n\u00eb temperatur\u00eb prej 20\u00b0C p\u00ebr 30 minuta. Thahet plot\u00ebsisht p\u00ebr 2-3 or\u00eb. Aplikohet n\u00eb nj\u00eb ose dy shtresa.     <\/p>\n<h3><strong>KONSUMI<\/strong><\/h3>\n<p class=\"p1\">10-12 m<span class=\"s1\"><sup>2<\/sup><\/span>\/kg n\u00eb nj\u00eb shtres\u00eb.<\/p>\n<h3><strong>PAKIMI<\/strong><\/h3>\n<p class=\"p1\">0.75 l, 2.5 l, 20 l<\/p>\n<h3><strong>AFATI I P\u00cbRDORIMIT DHE RUHATJA<\/strong><\/h3>\n<p class=\"p1\">36 muaj nga data e shtypur n\u00eb paketim. T\u00eb ruhet n\u00eb ambalazhin origjinal, mir\u00eb t\u00eb mbyllur dhe t\u00eb pad\u00ebmtuar t\u00eb fabrik\u00ebs, n\u00eb temperatur\u00eb nga +5\u00baC deri n\u00eb +25\u00baC.<\/p>\n<h3><strong>DOKUMENTACIONI<\/strong><\/h3>\n<div class=\"dokumentacija\">\n<p><a class=\"dugmeproizvod\" href=\"https:\/\/nevenacolor.co.rs\/wp-content\/uploads\/2024\/11\/Tehnicka-dokumentacija-nitro-emajl.pdf\" target=\"_blank\" rel=\"noopener\">DOKUMENTACIONI TEKNIK<\/a><\/p>\n<p><a class=\"dugmeproizvod\" href=\"https:\/\/nevenacolor.co.rs\/wp-content\/uploads\/2024\/11\/Bezbedonosni-list-nitro-emajl.pdf\" target=\"_blank\" rel=\"noopener\">FLET\u00cbPAJISJE P\u00cbR SIGURI<\/a><\/p>\n<\/div>\n<p>&nbsp;<\/p>\n<p><iframe loading=\"lazy\" title=\"YouTube video player\" src=\"https:\/\/www.youtube.com\/embed\/pMJUKnWVNP8?si=yZiemsr1yfUkDESz\" width=\"560\" height=\"415\" frameborder=\"0\" allowfullscreen=\"allowfullscreen\"><\/iframe><\/p>\n","protected":false},"excerpt":{"rendered":"<h3><strong>KARTELA TONE<\/strong><\/h3>\n[elementor-template id=\"29120\"]\n<div><a class=\"tonkarta\" href=\"#link-popup\" rel=\"noopener\"><img decoding=\"async\" src=\"https:\/\/nevenacolor.co.rs\/wp-content\/uploads\/2024\/06\/pantone-color-scheme.png\" width=\"40px\"> KARTELA TONE<\/a><\/div>\n","protected":false},"featured_media":30224,"template":"","meta":{"_monsterinsights_skip_tracking":false,"_monsterinsights_sitenote_active":false,"_monsterinsights_sitenote_note":"","_monsterinsights_sitenote_category":0},"product_brand":[],"product_cat":[569,548,562,588,572,589],"product_tag":[],"class_list":{"0":"post-41305","1":"product","2":"type-product","3":"status-publish","4":"has-post-thumbnail","6":"product_cat-boje-mbarimi-per-metal","7":"product_cat-shtrese-per-drure","8":"product_cat-shtrese-per-metal","9":"product_cat-veshje-finish","10":"product_cat-veshje-nitro-sq","11":"product_cat-veshje-nitro-sq-3","13":"first","14":"instock","15":"shipping-taxable","16":"product-type-simple"},"_links":{"self":[{"href":"https:\/\/nevenacolor.co.rs\/sq\/wp-json\/wp\/v2\/product\/41305","targetHints":{"allow":["GET"]}}],"collection":[{"href":"https:\/\/nevenacolor.co.rs\/sq\/wp-json\/wp\/v2\/product"}],"about":[{"href":"https:\/\/nevenacolor.co.rs\/sq\/wp-json\/wp\/v2\/types\/product"}],"version-history":[{"count":0,"href":"https:\/\/nevenacolor.co.rs\/sq\/wp-json\/wp\/v2\/product\/41305\/revisions"}],"wp:featuredmedia":[{"embeddable":true,"href":"https:\/\/nevenacolor.co.rs\/sq\/wp-json\/wp\/v2\/media\/30224"}],"wp:attachment":[{"href":"https:\/\/nevenacolor.co.rs\/sq\/wp-json\/wp\/v2\/media?parent=41305"}],"wp:term":[{"taxonomy":"product_brand","embeddable":true,"href":"https:\/\/nevenacolor.co.rs\/sq\/wp-json\/wp\/v2\/product_brand?post=41305"},{"taxonomy":"product_cat","embeddable":true,"href":"https:\/\/nevenacolor.co.rs\/sq\/wp-json\/wp\/v2\/product_cat?post=41305"},{"taxonomy":"product_tag","embeddable":true,"href":"https:\/\/nevenacolor.co.rs\/sq\/wp-json\/wp\/v2\/product_tag?post=41305"}],"curies":[{"name":"wp","href":"https:\/\/api.w.org\/{rel}","templated":true}]}}